{"id":389,"date":"2026-02-02T12:59:40","date_gmt":"2026-02-02T11:59:40","guid":{"rendered":"https:\/\/o-seznam.cz\/napoveda\/sdovolena\/?page_id=389"},"modified":"2026-02-02T13:20:25","modified_gmt":"2026-02-02T12:20:25","slug":"vyhodnoceni-systemu-stiznosti","status":"publish","type":"page","link":"https:\/\/o-seznam.cz\/napoveda\/sdovolena\/mohlo-by-se-hodit\/vyhodnoceni-systemu-stiznosti\/","title":{"rendered":"Vyhodnocen\u00ed syst\u00e9mu st\u00ed\u017enost\u00ed"},"content":{"rendered":"\n<h2 class=\"wp-block-heading\">Informace o fungov\u00e1n\u00ed a efektivnosti intern\u00edho syst\u00e9mu pro vy\u0159izov\u00e1n\u00ed st\u00ed\u017enost\u00ed podle na\u0159\u00edzen\u00ed (EU) \u010d. 2019\/1150<\/h2>\n\n\n\n<p>Obdob\u00ed: 01.01.2025 \u2013 31.12.2025<\/p>\n\n\n\n<p>Po\u010det st\u00ed\u017enost\u00ed podan\u00fdch prost\u0159ednictv\u00edm formul\u00e1\u0159e st\u00ed\u017enost\u00ed: 8<\/p>\n\n\n\n<figure class=\"wp-block-table\"><table class=\"has-fixed-layout\"><thead><tr><th class=\"has-text-align-left\" data-align=\"left\">Hlavn\u00ed druhy st\u00ed\u017enost\u00ed za stanoven\u00e9 obdob\u00ed<\/th><th class=\"has-text-align-left\" data-align=\"left\">Pr\u016fm\u011brn\u00e1 doba pot\u0159ebn\u00e1 na jejich vy\u0159\u00edzen\u00ed<\/th><th class=\"has-text-align-left\" data-align=\"left\">Souhrnn\u00e9 informace o&nbsp;v\u00fdsledku st\u00ed\u017enost\u00ed<\/th><\/tr><\/thead><tbody><tr><td class=\"has-text-align-left\" data-align=\"left\">Technick\u00e9 probl\u00e9my (v\u010detn\u011b nahl\u00e1\u0161en\u00ed vady d\u00edl\u010d\u00ed funkce slu\u017eby)<\/td><td class=\"has-text-align-left\" data-align=\"left\">Do 1 pracovn\u00edho dne<\/td><td class=\"has-text-align-left\" data-align=\"left\">Ve 2% st\u00ed\u017enost vyhodnocena jako d\u016fvodn\u00e1 a p\u0159ijata opat\u0159en\u00ed, v 98% jako ned\u016fvodn\u00e1<\/td><\/tr><tr><td class=\"has-text-align-left\" data-align=\"left\">Opat\u0159en\u00ed poskytovatele (v\u010detn\u011b podn\u011bt\u016f na zlep\u0161en\u00ed funkce slu\u017eby)<\/td><td class=\"has-text-align-left\" data-align=\"left\">Do 1 pracovn\u00edho dne<\/td><td class=\"has-text-align-left\" data-align=\"left\">Ve 100% st\u00ed\u017enost vyhodnocena jako ned\u016fvodn\u00e1<\/td><\/tr><\/tbody><\/table><\/figure>\n","protected":false},"excerpt":{"rendered":"<p>Informace o fungov\u00e1n\u00ed a efektivnosti intern\u00edho syst\u00e9mu pro vy\u0159izov\u00e1n\u00ed st\u00ed\u017enost\u00ed podle na\u0159\u00edzen\u00ed (EU) \u010d. 2019\/1150 Obdob\u00ed: 01.01.2025 \u2013 31.12.2025 Po\u010det st\u00ed\u017enost\u00ed podan\u00fdch prost\u0159ednictv\u00edm formul\u00e1\u0159e st\u00ed\u017enost\u00ed: 8 Hlavn\u00ed druhy st\u00ed\u017enost\u00ed za stanoven\u00e9 obdob\u00ed Pr\u016fm\u011brn\u00e1 doba pot\u0159ebn\u00e1 na jejich vy\u0159\u00edzen\u00ed Souhrnn\u00e9 informace o&nbsp;v\u00fdsledku st\u00ed\u017enost\u00ed Technick\u00e9 probl\u00e9my (v\u010detn\u011b nahl\u00e1\u0161en\u00ed vady d\u00edl\u010d\u00ed funkce slu\u017eby) Do 1 pracovn\u00edho dne Ve [&hellip;]<\/p>\n","protected":false},"author":67,"featured_media":0,"parent":288,"menu_order":0,"comment_status":"closed","ping_status":"closed","template":"page-sidemenu","meta":{"_acf_changed":false,"_relevanssi_hide_post":"","_relevanssi_hide_content":"","_relevanssi_pin_for_all":"","_relevanssi_pin_keywords":"","_relevanssi_unpin_keywords":"","_relevanssi_related_keywords":"","_relevanssi_related_include_ids":"","_relevanssi_related_exclude_ids":"","_relevanssi_related_no_append":"","_relevanssi_related_not_related":"","_relevanssi_related_posts":"","_relevanssi_noindex_reason":"","footnotes":""},"page_category":[32],"page_tag":[],"service_status_category":[],"class_list":["post-389","page","type-page","status-publish","hentry"],"acf":[],"_links":{"self":[{"href":"https:\/\/o-seznam.cz\/napoveda\/sdovolena\/wp-json\/wp\/v2\/pages\/389","targetHints":{"allow":["GET"]}}],"collection":[{"href":"https:\/\/o-seznam.cz\/napoveda\/sdovolena\/wp-json\/wp\/v2\/pages"}],"about":[{"href":"https:\/\/o-seznam.cz\/napoveda\/sdovolena\/wp-json\/wp\/v2\/types\/page"}],"author":[{"embeddable":true,"href":"https:\/\/o-seznam.cz\/napoveda\/sdovolena\/wp-json\/wp\/v2\/users\/67"}],"replies":[{"embeddable":true,"href":"https:\/\/o-seznam.cz\/napoveda\/sdovolena\/wp-json\/wp\/v2\/comments?post=389"}],"version-history":[{"count":2,"href":"https:\/\/o-seznam.cz\/napoveda\/sdovolena\/wp-json\/wp\/v2\/pages\/389\/revisions"}],"predecessor-version":[{"id":391,"href":"https:\/\/o-seznam.cz\/napoveda\/sdovolena\/wp-json\/wp\/v2\/pages\/389\/revisions\/391"}],"up":[{"embeddable":true,"href":"https:\/\/o-seznam.cz\/napoveda\/sdovolena\/wp-json\/wp\/v2\/pages\/288"}],"wp:attachment":[{"href":"https:\/\/o-seznam.cz\/napoveda\/sdovolena\/wp-json\/wp\/v2\/media?parent=389"}],"wp:term":[{"taxonomy":"page_category","embeddable":true,"href":"https:\/\/o-seznam.cz\/napoveda\/sdovolena\/wp-json\/wp\/v2\/page_category?post=389"},{"taxonomy":"page_tag","embeddable":true,"href":"https:\/\/o-seznam.cz\/napoveda\/sdovolena\/wp-json\/wp\/v2\/page_tag?post=389"},{"taxonomy":"service_status_category","embeddable":true,"href":"https:\/\/o-seznam.cz\/napoveda\/sdovolena\/wp-json\/wp\/v2\/service_status_category?post=389"}],"curies":[{"name":"wp","href":"https:\/\/api.w.org\/{rel}","templated":true}]}}