{"id":279,"date":"2025-06-26T23:42:09","date_gmt":"2025-06-26T21:42:09","guid":{"rendered":"https:\/\/o-seznam.cz\/napoveda\/sdovolena\/?page_id=279"},"modified":"2026-04-20T15:57:30","modified_gmt":"2026-04-20T13:57:30","slug":"cenik-sluzeb","status":"publish","type":"page","link":"https:\/\/o-seznam.cz\/napoveda\/sdovolena\/mohlo-by-se-hodit\/cenik-sluzeb\/","title":{"rendered":"Cen\u00edk slu\u017eeb"},"content":{"rendered":"\n<div class=\"wp-block-group is-layout-constrained wp-block-group-is-layout-constrained\">\n<h2 class=\"wp-block-heading\">Platn\u00fd od&nbsp;1. 1. 2026<\/h2>\n\n\n\n<p class=\"is-style-link-external\"><a href=\"https:\/\/szno.cz\/cs\/b2b\/qst6ikra\/\" data-type=\"link\" data-id=\"https:\/\/szno.cz\/cs\/b2b\/lupfdyue\/\" target=\"_blank\" rel=\"noreferrer noopener\">Cen\u00edk inzerce a reklamn\u00edch form\u00e1t\u016f Sdovolen\u00e1.cz<\/a><\/p>\n<\/div>\n\n\n\n<div class=\"wp-block-group is-layout-constrained wp-block-group-is-layout-constrained\">\n<h2 class=\"wp-block-heading\">Platn\u00fd od&nbsp;1. 1. 2025<\/h2>\n\n\n\n<p class=\"is-style-link-external\"><a href=\"https:\/\/szno.cz\/cs\/b2b\/lupfdyue\/\" data-type=\"link\" data-id=\"https:\/\/szno.cz\/cs\/b2b\/lupfdyue\/\" target=\"_blank\" rel=\"noreferrer noopener\">Cen\u00edk inzerce a reklamn\u00edch form\u00e1t\u016f Sdovolen\u00e1.cz<\/a><\/p>\n<\/div>\n","protected":false},"excerpt":{"rendered":"<p>Platn\u00fd od&nbsp;1. 1. 2026 Cen\u00edk inzerce a reklamn\u00edch form\u00e1t\u016f Sdovolen\u00e1.cz Platn\u00fd od&nbsp;1. 1. 2025 Cen\u00edk inzerce a reklamn\u00edch form\u00e1t\u016f Sdovolen\u00e1.cz<\/p>\n","protected":false},"author":67,"featured_media":0,"parent":288,"menu_order":0,"comment_status":"closed","ping_status":"closed","template":"page-sidemenu","meta":{"_acf_changed":false,"_relevanssi_hide_post":"","_relevanssi_hide_content":"","_relevanssi_pin_for_all":"","_relevanssi_pin_keywords":"","_relevanssi_unpin_keywords":"","_relevanssi_related_keywords":"","_relevanssi_related_include_ids":"","_relevanssi_related_exclude_ids":"","_relevanssi_related_no_append":"","_relevanssi_related_not_related":"","_relevanssi_related_posts":"","_relevanssi_noindex_reason":"","footnotes":""},"page_category":[32],"page_tag":[],"service_status_category":[],"class_list":["post-279","page","type-page","status-publish","hentry"],"acf":[],"_links":{"self":[{"href":"https:\/\/o-seznam.cz\/napoveda\/sdovolena\/wp-json\/wp\/v2\/pages\/279","targetHints":{"allow":["GET"]}}],"collection":[{"href":"https:\/\/o-seznam.cz\/napoveda\/sdovolena\/wp-json\/wp\/v2\/pages"}],"about":[{"href":"https:\/\/o-seznam.cz\/napoveda\/sdovolena\/wp-json\/wp\/v2\/types\/page"}],"author":[{"embeddable":true,"href":"https:\/\/o-seznam.cz\/napoveda\/sdovolena\/wp-json\/wp\/v2\/users\/67"}],"replies":[{"embeddable":true,"href":"https:\/\/o-seznam.cz\/napoveda\/sdovolena\/wp-json\/wp\/v2\/comments?post=279"}],"version-history":[{"count":12,"href":"https:\/\/o-seznam.cz\/napoveda\/sdovolena\/wp-json\/wp\/v2\/pages\/279\/revisions"}],"predecessor-version":[{"id":407,"href":"https:\/\/o-seznam.cz\/napoveda\/sdovolena\/wp-json\/wp\/v2\/pages\/279\/revisions\/407"}],"up":[{"embeddable":true,"href":"https:\/\/o-seznam.cz\/napoveda\/sdovolena\/wp-json\/wp\/v2\/pages\/288"}],"wp:attachment":[{"href":"https:\/\/o-seznam.cz\/napoveda\/sdovolena\/wp-json\/wp\/v2\/media?parent=279"}],"wp:term":[{"taxonomy":"page_category","embeddable":true,"href":"https:\/\/o-seznam.cz\/napoveda\/sdovolena\/wp-json\/wp\/v2\/page_category?post=279"},{"taxonomy":"page_tag","embeddable":true,"href":"https:\/\/o-seznam.cz\/napoveda\/sdovolena\/wp-json\/wp\/v2\/page_tag?post=279"},{"taxonomy":"service_status_category","embeddable":true,"href":"https:\/\/o-seznam.cz\/napoveda\/sdovolena\/wp-json\/wp\/v2\/service_status_category?post=279"}],"curies":[{"name":"wp","href":"https:\/\/api.w.org\/{rel}","templated":true}]}}