{"id":274,"date":"2025-06-26T23:28:22","date_gmt":"2025-06-26T21:28:22","guid":{"rendered":"https:\/\/o-seznam.cz\/napoveda\/sdovolena\/?page_id=274"},"modified":"2025-06-30T08:31:57","modified_gmt":"2025-06-30T06:31:57","slug":"informace-pro-uzivatele","status":"publish","type":"page","link":"https:\/\/o-seznam.cz\/napoveda\/sdovolena\/informace-pro-uzivatele\/","title":{"rendered":"Informace pro u\u017eivatele"},"content":{"rendered":"<div class=\"wp-block-seznam-list-pages\"><div>\n<div style=\"--seznam-tiles--columns:3\" class=\"wp-block-seznam-tiles has-columns-3\"><div class=\"inner-blocks\">\n<div class=\"block-boxlink\"><a class=\"boxlink boxlink--icon-arrow boxlink--align-y-center px-f8 py-f4\" href=\"https:\/\/o-seznam.cz\/napoveda\/sdovolena\/informace-pro-uzivatele\/adresar-cestovnich-kancelari\/\"><div class=\"inner-blocks\">Adres\u00e1\u0159 cestovn\u00edch kancel\u00e1\u0159\u00ed<\/div><\/a><\/div><div class=\"block-boxlink\"><a class=\"boxlink boxlink--icon-arrow boxlink--align-y-center px-f8 py-f4\" href=\"https:\/\/o-seznam.cz\/napoveda\/sdovolena\/informace-pro-uzivatele\/srovnavani-zajezdu\/\"><div class=\"inner-blocks\">Srovn\u00e1v\u00e1n\u00ed z\u00e1jezd\u016f<\/div><\/a><\/div><\/div><\/div>\n\n<\/div><\/div>\n","protected":false},"excerpt":{"rendered":"","protected":false},"author":67,"featured_media":0,"parent":0,"menu_order":3,"comment_status":"closed","ping_status":"closed","template":"page-sidemenu","meta":{"_acf_changed":false,"_relevanssi_hide_post":"","_relevanssi_hide_content":"","_relevanssi_pin_for_all":"","_relevanssi_pin_keywords":"","_relevanssi_unpin_keywords":"","_relevanssi_related_keywords":"","_relevanssi_related_include_ids":"","_relevanssi_related_exclude_ids":"","_relevanssi_related_no_append":"","_relevanssi_related_not_related":"","_relevanssi_related_posts":"","_relevanssi_noindex_reason":"","footnotes":""},"page_category":[32],"page_tag":[],"service_status_category":[],"class_list":["post-274","page","type-page","status-publish","hentry"],"acf":[],"_links":{"self":[{"href":"https:\/\/o-seznam.cz\/napoveda\/sdovolena\/wp-json\/wp\/v2\/pages\/274","targetHints":{"allow":["GET"]}}],"collection":[{"href":"https:\/\/o-seznam.cz\/napoveda\/sdovolena\/wp-json\/wp\/v2\/pages"}],"about":[{"href":"https:\/\/o-seznam.cz\/napoveda\/sdovolena\/wp-json\/wp\/v2\/types\/page"}],"author":[{"embeddable":true,"href":"https:\/\/o-seznam.cz\/napoveda\/sdovolena\/wp-json\/wp\/v2\/users\/67"}],"replies":[{"embeddable":true,"href":"https:\/\/o-seznam.cz\/napoveda\/sdovolena\/wp-json\/wp\/v2\/comments?post=274"}],"version-history":[{"count":3,"href":"https:\/\/o-seznam.cz\/napoveda\/sdovolena\/wp-json\/wp\/v2\/pages\/274\/revisions"}],"predecessor-version":[{"id":358,"href":"https:\/\/o-seznam.cz\/napoveda\/sdovolena\/wp-json\/wp\/v2\/pages\/274\/revisions\/358"}],"wp:attachment":[{"href":"https:\/\/o-seznam.cz\/napoveda\/sdovolena\/wp-json\/wp\/v2\/media?parent=274"}],"wp:term":[{"taxonomy":"page_category","embeddable":true,"href":"https:\/\/o-seznam.cz\/napoveda\/sdovolena\/wp-json\/wp\/v2\/page_category?post=274"},{"taxonomy":"page_tag","embeddable":true,"href":"https:\/\/o-seznam.cz\/napoveda\/sdovolena\/wp-json\/wp\/v2\/page_tag?post=274"},{"taxonomy":"service_status_category","embeddable":true,"href":"https:\/\/o-seznam.cz\/napoveda\/sdovolena\/wp-json\/wp\/v2\/service_status_category?post=274"}],"curies":[{"name":"wp","href":"https:\/\/api.w.org\/{rel}","templated":true}]}}