{"id":262,"date":"2025-06-26T23:20:02","date_gmt":"2025-06-26T21:20:02","guid":{"rendered":"https:\/\/o-seznam.cz\/napoveda\/sdovolena\/?page_id=262"},"modified":"2025-06-26T23:31:54","modified_gmt":"2025-06-26T21:31:54","slug":"adresar-cestovnich-kancelari","status":"publish","type":"page","link":"https:\/\/o-seznam.cz\/napoveda\/sdovolena\/informace-pro-uzivatele\/adresar-cestovnich-kancelari\/","title":{"rendered":"Adres\u00e1\u0159 cestovn\u00edch kancel\u00e1\u0159\u00ed"},"content":{"rendered":"\n<div class=\"wp-block-group is-layout-constrained wp-block-group-is-layout-constrained\">\n<p>Na Sdovolen\u00e1.cz nemus\u00edte pouze srovn\u00e1vat z\u00e1jezdy, ale m\u016f\u017eete hledat i v samotn\u00e9 nab\u00eddce jednotliv\u00fdch cestovn\u00edch kancel\u00e1\u0159\u00ed. K tomuto \u00fa\u010delu slou\u017e\u00ed n\u00e1\u0161 Adres\u00e1\u0159, kter\u00fd je p\u0159\u00ed\u0161tupn\u00fd z hlavn\u00ed str\u00e1nky Sdovolen\u00e1.cz.<\/p>\n\n\n\n<figure class=\"wp-block-image size-full\"><img loading=\"lazy\" decoding=\"async\" width=\"915\" height=\"604\" src=\"https:\/\/o-seznam.cz\/napoveda\/sdovolena\/wp-content\/uploads\/sites\/24\/2025\/06\/adresar-ck-1.png\" alt=\"\" class=\"wp-image-264\" srcset=\"https:\/\/o-seznam.cz\/napoveda\/sdovolena\/wp-content\/uploads\/sites\/24\/2025\/06\/adresar-ck-1.png 915w, https:\/\/o-seznam.cz\/napoveda\/sdovolena\/wp-content\/uploads\/sites\/24\/2025\/06\/adresar-ck-1-320x211.png 320w, https:\/\/o-seznam.cz\/napoveda\/sdovolena\/wp-content\/uploads\/sites\/24\/2025\/06\/adresar-ck-1-768x507.png 768w\" sizes=\"auto, (max-width: 915px) 100vw, 915px\" \/><\/figure>\n<\/div>\n\n\n\n<div class=\"wp-block-group is-layout-constrained wp-block-group-is-layout-constrained\">\n<p>V Adres\u00e1\u0159i m\u016f\u017eete vyhled\u00e1vat dv\u011bma zp\u016fsoby:<\/p>\n\n\n\n<ul class=\"wp-block-list\">\n<li><strong>Abecedn\u011b<\/strong><\/li>\n\n\n\n<li><strong>dle kraj\u016f a m\u011bst<\/strong><\/li>\n<\/ul>\n\n\n\n<figure class=\"wp-block-image size-full\"><img loading=\"lazy\" decoding=\"async\" width=\"923\" height=\"570\" src=\"https:\/\/o-seznam.cz\/napoveda\/sdovolena\/wp-content\/uploads\/sites\/24\/2025\/06\/adresar-ck-2.png\" alt=\"\" class=\"wp-image-265\" srcset=\"https:\/\/o-seznam.cz\/napoveda\/sdovolena\/wp-content\/uploads\/sites\/24\/2025\/06\/adresar-ck-2.png 923w, https:\/\/o-seznam.cz\/napoveda\/sdovolena\/wp-content\/uploads\/sites\/24\/2025\/06\/adresar-ck-2-320x198.png 320w, https:\/\/o-seznam.cz\/napoveda\/sdovolena\/wp-content\/uploads\/sites\/24\/2025\/06\/adresar-ck-2-768x474.png 768w\" sizes=\"auto, (max-width: 923px) 100vw, 923px\" \/><\/figure>\n<\/div>\n","protected":false},"excerpt":{"rendered":"<p>Na Sdovolen\u00e1.cz nemus\u00edte pouze srovn\u00e1vat z\u00e1jezdy, ale m\u016f\u017eete hledat i v samotn\u00e9 nab\u00eddce jednotliv\u00fdch cestovn\u00edch kancel\u00e1\u0159\u00ed. K tomuto \u00fa\u010delu slou\u017e\u00ed n\u00e1\u0161 Adres\u00e1\u0159, kter\u00fd je p\u0159\u00ed\u0161tupn\u00fd z hlavn\u00ed str\u00e1nky Sdovolen\u00e1.cz. V Adres\u00e1\u0159i m\u016f\u017eete vyhled\u00e1vat dv\u011bma zp\u016fsoby:<\/p>\n","protected":false},"author":67,"featured_media":0,"parent":274,"menu_order":0,"comment_status":"closed","ping_status":"closed","template":"page-sidemenu","meta":{"_acf_changed":false,"_relevanssi_hide_post":"","_relevanssi_hide_content":"","_relevanssi_pin_for_all":"","_relevanssi_pin_keywords":"","_relevanssi_unpin_keywords":"","_relevanssi_related_keywords":"","_relevanssi_related_include_ids":"","_relevanssi_related_exclude_ids":"","_relevanssi_related_no_append":"","_relevanssi_related_not_related":"","_relevanssi_related_posts":"","_relevanssi_noindex_reason":"","footnotes":""},"page_category":[32],"page_tag":[],"service_status_category":[],"class_list":["post-262","page","type-page","status-publish","hentry"],"acf":[],"_links":{"self":[{"href":"https:\/\/o-seznam.cz\/napoveda\/sdovolena\/wp-json\/wp\/v2\/pages\/262","targetHints":{"allow":["GET"]}}],"collection":[{"href":"https:\/\/o-seznam.cz\/napoveda\/sdovolena\/wp-json\/wp\/v2\/pages"}],"about":[{"href":"https:\/\/o-seznam.cz\/napoveda\/sdovolena\/wp-json\/wp\/v2\/types\/page"}],"author":[{"embeddable":true,"href":"https:\/\/o-seznam.cz\/napoveda\/sdovolena\/wp-json\/wp\/v2\/users\/67"}],"replies":[{"embeddable":true,"href":"https:\/\/o-seznam.cz\/napoveda\/sdovolena\/wp-json\/wp\/v2\/comments?post=262"}],"version-history":[{"count":3,"href":"https:\/\/o-seznam.cz\/napoveda\/sdovolena\/wp-json\/wp\/v2\/pages\/262\/revisions"}],"predecessor-version":[{"id":267,"href":"https:\/\/o-seznam.cz\/napoveda\/sdovolena\/wp-json\/wp\/v2\/pages\/262\/revisions\/267"}],"up":[{"embeddable":true,"href":"https:\/\/o-seznam.cz\/napoveda\/sdovolena\/wp-json\/wp\/v2\/pages\/274"}],"wp:attachment":[{"href":"https:\/\/o-seznam.cz\/napoveda\/sdovolena\/wp-json\/wp\/v2\/media?parent=262"}],"wp:term":[{"taxonomy":"page_category","embeddable":true,"href":"https:\/\/o-seznam.cz\/napoveda\/sdovolena\/wp-json\/wp\/v2\/page_category?post=262"},{"taxonomy":"page_tag","embeddable":true,"href":"https:\/\/o-seznam.cz\/napoveda\/sdovolena\/wp-json\/wp\/v2\/page_tag?post=262"},{"taxonomy":"service_status_category","embeddable":true,"href":"https:\/\/o-seznam.cz\/napoveda\/sdovolena\/wp-json\/wp\/v2\/service_status_category?post=262"}],"curies":[{"name":"wp","href":"https:\/\/api.w.org\/{rel}","templated":true}]}}