{"id":259,"date":"2025-06-26T23:15:52","date_gmt":"2025-06-26T21:15:52","guid":{"rendered":"https:\/\/o-seznam.cz\/napoveda\/sdovolena\/?page_id=259"},"modified":"2025-06-26T23:29:18","modified_gmt":"2025-06-26T21:29:18","slug":"srovnavani-zajezdu","status":"publish","type":"page","link":"https:\/\/o-seznam.cz\/napoveda\/sdovolena\/informace-pro-uzivatele\/srovnavani-zajezdu\/","title":{"rendered":"Srovn\u00e1v\u00e1n\u00ed z\u00e1jezd\u016f"},"content":{"rendered":"\n<div class=\"wp-block-group is-layout-constrained wp-block-group-is-layout-constrained\">\n<h2 class=\"wp-block-heading\">Jak nejl\u00e9pe srovn\u00e1vat<\/h2>\n\n\n\n<p>Po\u017eadovan\u00fd z\u00e1jezd m\u016f\u017eete dohledat pomoc\u00ed n\u011bkolika mo\u017enost\u00ed &#8211; zvolen\u00edm destinace, term\u00ednu, ceny, p\u0159\u00edznakem Last Minute, oblast\u00ed, hotelu \u010di kombinac\u00ed uveden\u00fdch zp\u016fsob\u016f.<\/p>\n\n\n\n<p>V pr\u016fb\u011bhu zad\u00e1v\u00e1n\u00ed vid\u00edte okam\u017eit\u011b po\u010det odpov\u00eddaj\u00edc\u00edch nab\u00eddek z\u00e1jezd\u016f. V\u011bt\u0161\u00ed specifikac\u00ed Va\u0161ich po\u017eadavk\u016f dojde k z\u00fa\u017een\u00ed nab\u00eddek. Po kliknut\u00ed tla\u010d\u00edtka &#8222;Zobrazit X nab\u00eddek&#8220; dojde ke srovn\u00e1n\u00ed z\u00e1jezd\u016f ve form\u011b p\u0159irozen\u00fdch v\u00fdsledk\u016f.<\/p>\n<\/div>\n\n\n\n<figure class=\"wp-block-image size-full\"><img loading=\"lazy\" decoding=\"async\" width=\"512\" height=\"316\" src=\"https:\/\/o-seznam.cz\/napoveda\/sdovolena\/wp-content\/uploads\/sites\/24\/2025\/06\/srovnavani-zajezdu-1.png\" alt=\"\" class=\"wp-image-269\" srcset=\"https:\/\/o-seznam.cz\/napoveda\/sdovolena\/wp-content\/uploads\/sites\/24\/2025\/06\/srovnavani-zajezdu-1.png 512w, https:\/\/o-seznam.cz\/napoveda\/sdovolena\/wp-content\/uploads\/sites\/24\/2025\/06\/srovnavani-zajezdu-1-320x198.png 320w\" sizes=\"auto, (max-width: 512px) 100vw, 512px\" \/><\/figure>\n\n\n\n<div class=\"wp-block-group is-layout-constrained wp-block-group-is-layout-constrained\">\n<h2 class=\"wp-block-heading\">Roz\u0161\u00ed\u0159en\u00e9 srovn\u00e1v\u00e1n\u00ed<\/h2>\n\n\n\n<p>V p\u0159\u00edpad\u011b konkr\u00e9tn\u011bj\u0161\u00edch po\u017eadavk\u016f m\u016f\u017eete vyu\u017e\u00edt roz\u0161\u00ed\u0159en\u00e9 hled\u00e1n\u00ed. Toto V\u00e1m umo\u017en\u00ed srovn\u00e1vat z\u00e1jezdy dle v\u00edce krit\u00e9ri\u00ed, kter\u00e9 jsou n\u00e1sleduj\u00edc\u00ed:<\/p>\n\n\n\n<ul class=\"wp-block-list\">\n<li><strong>dle stravy<\/strong>\u00a0\u2013 m\u016f\u017eete za\u0161krtnout i v\u00edce mo\u017enost\u00ed &#8211; Bez stravy, Polopenze, Pln\u00e1 penze, All Inclusive aj.<\/li>\n\n\n\n<li><strong>dle kvality ubytov\u00e1n\u00ed<\/strong>\u00a0\u2013 v p\u0159\u00edpad\u011b, \u017ee hled\u00e1te 6* \u010di 7* hotely, hledejte pod p\u011btihv\u011bzdi\u010dkov\u00e9m ozna\u010den\u00ed. 6* a 7* nen\u00ed ofici\u00e1ln\u011b za\u0159azeno v hodnocen\u00ed hotel\u016f, jedn\u00e1 se o marketingov\u00e9 ozna\u010den\u00ed hotel\u016f.<\/li>\n\n\n\n<li><strong>dle dopravy \u010di odjezdov\u00e9ho m\u00edsta<\/strong>\u00a0\u2013 tento filtr umo\u017e\u0148uje zobrazit pouze z\u00e1jezdy, dle nastaven\u00fdch krit\u00e9ri\u00ed.<\/li>\n\n\n\n<li><strong>dle cestovn\u00ed kancel\u00e1\u0159e<\/strong>\u00a0\u2013 filtr umo\u017e\u0148uj\u00edc\u00ed zobrazit z\u00e1jezdy pouze V\u00e1mi preferovan\u00fdch cestovn\u00edch kancel\u00e1\u0159\u00ed.<\/li>\n\n\n\n<li><strong>dle typu z\u00e1jezdu<\/strong>\u00a0\u2013 tato volba umo\u017en\u00ed vyfiltrovat z\u00e1jezdy pouze dan\u00fdch typ\u016f.<\/li>\n\n\n\n<li><strong>dle d\u00e9lky pobytu<\/strong><\/li>\n<\/ul>\n<\/div>\n\n\n\n<figure class=\"wp-block-image size-full\"><img loading=\"lazy\" decoding=\"async\" width=\"516\" height=\"372\" src=\"https:\/\/o-seznam.cz\/napoveda\/sdovolena\/wp-content\/uploads\/sites\/24\/2025\/06\/srovnavani-zajezdu-2.png\" alt=\"\" class=\"wp-image-271\" srcset=\"https:\/\/o-seznam.cz\/napoveda\/sdovolena\/wp-content\/uploads\/sites\/24\/2025\/06\/srovnavani-zajezdu-2.png 516w, https:\/\/o-seznam.cz\/napoveda\/sdovolena\/wp-content\/uploads\/sites\/24\/2025\/06\/srovnavani-zajezdu-2-320x231.png 320w\" sizes=\"auto, (max-width: 516px) 100vw, 516px\" \/><\/figure>\n","protected":false},"excerpt":{"rendered":"<p>Jak nejl\u00e9pe srovn\u00e1vat Po\u017eadovan\u00fd z\u00e1jezd m\u016f\u017eete dohledat pomoc\u00ed n\u011bkolika mo\u017enost\u00ed &#8211; zvolen\u00edm destinace, term\u00ednu, ceny, p\u0159\u00edznakem Last Minute, oblast\u00ed, hotelu \u010di kombinac\u00ed uveden\u00fdch zp\u016fsob\u016f. V pr\u016fb\u011bhu zad\u00e1v\u00e1n\u00ed vid\u00edte okam\u017eit\u011b po\u010det odpov\u00eddaj\u00edc\u00edch nab\u00eddek z\u00e1jezd\u016f. V\u011bt\u0161\u00ed specifikac\u00ed Va\u0161ich po\u017eadavk\u016f dojde k z\u00fa\u017een\u00ed nab\u00eddek. Po kliknut\u00ed tla\u010d\u00edtka &#8222;Zobrazit X nab\u00eddek&#8220; dojde ke srovn\u00e1n\u00ed z\u00e1jezd\u016f ve form\u011b p\u0159irozen\u00fdch v\u00fdsledk\u016f. [&hellip;]<\/p>\n","protected":false},"author":67,"featured_media":0,"parent":274,"menu_order":0,"comment_status":"closed","ping_status":"closed","template":"page-sidemenu","meta":{"_acf_changed":false,"_relevanssi_hide_post":"","_relevanssi_hide_content":"","_relevanssi_pin_for_all":"","_relevanssi_pin_keywords":"","_relevanssi_unpin_keywords":"","_relevanssi_related_keywords":"","_relevanssi_related_include_ids":"","_relevanssi_related_exclude_ids":"","_relevanssi_related_no_append":"","_relevanssi_related_not_related":"","_relevanssi_related_posts":"","_relevanssi_noindex_reason":"","footnotes":""},"page_category":[32],"page_tag":[],"service_status_category":[],"class_list":["post-259","page","type-page","status-publish","hentry"],"acf":[],"_links":{"self":[{"href":"https:\/\/o-seznam.cz\/napoveda\/sdovolena\/wp-json\/wp\/v2\/pages\/259","targetHints":{"allow":["GET"]}}],"collection":[{"href":"https:\/\/o-seznam.cz\/napoveda\/sdovolena\/wp-json\/wp\/v2\/pages"}],"about":[{"href":"https:\/\/o-seznam.cz\/napoveda\/sdovolena\/wp-json\/wp\/v2\/types\/page"}],"author":[{"embeddable":true,"href":"https:\/\/o-seznam.cz\/napoveda\/sdovolena\/wp-json\/wp\/v2\/users\/67"}],"replies":[{"embeddable":true,"href":"https:\/\/o-seznam.cz\/napoveda\/sdovolena\/wp-json\/wp\/v2\/comments?post=259"}],"version-history":[{"count":4,"href":"https:\/\/o-seznam.cz\/napoveda\/sdovolena\/wp-json\/wp\/v2\/pages\/259\/revisions"}],"predecessor-version":[{"id":272,"href":"https:\/\/o-seznam.cz\/napoveda\/sdovolena\/wp-json\/wp\/v2\/pages\/259\/revisions\/272"}],"up":[{"embeddable":true,"href":"https:\/\/o-seznam.cz\/napoveda\/sdovolena\/wp-json\/wp\/v2\/pages\/274"}],"wp:attachment":[{"href":"https:\/\/o-seznam.cz\/napoveda\/sdovolena\/wp-json\/wp\/v2\/media?parent=259"}],"wp:term":[{"taxonomy":"page_category","embeddable":true,"href":"https:\/\/o-seznam.cz\/napoveda\/sdovolena\/wp-json\/wp\/v2\/page_category?post=259"},{"taxonomy":"page_tag","embeddable":true,"href":"https:\/\/o-seznam.cz\/napoveda\/sdovolena\/wp-json\/wp\/v2\/page_tag?post=259"},{"taxonomy":"service_status_category","embeddable":true,"href":"https:\/\/o-seznam.cz\/napoveda\/sdovolena\/wp-json\/wp\/v2\/service_status_category?post=259"}],"curies":[{"name":"wp","href":"https:\/\/api.w.org\/{rel}","templated":true}]}}