{"id":246,"date":"2025-06-26T23:01:18","date_gmt":"2025-06-26T21:01:18","guid":{"rendered":"https:\/\/o-seznam.cz\/napoveda\/sdovolena\/?page_id=246"},"modified":"2026-04-20T14:43:41","modified_gmt":"2026-04-20T12:43:41","slug":"nejcastejsi-chyby-v-xml-feedech","status":"publish","type":"page","link":"https:\/\/o-seznam.cz\/napoveda\/sdovolena\/pro-inzerenty\/nejcastejsi-chyby-v-xml-feedech\/","title":{"rendered":"Nej\u010dast\u011bj\u0161\u00ed chyby v XML feedech"},"content":{"rendered":"\n<div class=\"wp-block-group is-layout-constrained wp-block-group-is-layout-constrained\">\n<h2 class=\"wp-block-heading\">Chyba parsov\u00e1n\u00ed (pars-error)<\/h2>\n\n\n\n<p>Chyba vznik\u00e1 pou\u017eit\u00edm neplatn\u00fdch \u010di nestandardn\u00edch znak\u016f (diakritika, mezera apod.).<br><\/p>\n\n\n\n<p>P\u0159\u00edklad chyby:<\/p>\n\n\n\n<pre title=\"&amp;nbsp;\" class=\"wp-block-code\"><code lang=\"xml\" class=\"language-xml\"><code>&lt;tour_type&gt;101&lt;\/tour_type&gt;\n&lt;tour_detail_url&gt;http:\/\/www.ck.cz\/detail z\u00e1jezdu\/paradise-beach&lt;\/tour_detail_url&gt;<\/code><\/code><\/pre>\n\n\n\n<p><strong>\u0158e\u0161en\u00ed:<\/strong><\/p>\n\n\n\n<p>Tyto znaky je pot\u0159eba nahradit alternativou.<\/p>\n<\/div>\n\n\n\n<div class=\"wp-block-group is-layout-constrained wp-block-group-is-layout-constrained\">\n<h2 class=\"wp-block-heading\">P\u0159ek\u0159\u00ed\u017een\u00ed XML zna\u010dek<\/h2>\n\n\n\n<p>P\u0159i tvorb\u011b XML feedu je t\u0159eba dodr\u017eovat strukturu tedy tzv. posloupnost &#8222;otev\u00edr\u00e1n\u00ed&#8220; a &#8222;zav\u00edr\u00e1n\u00ed&#8220; tag\u016f.<\/p>\n\n\n\n<p><strong>P\u0159\u00edklad chyby:<\/strong><\/p>\n\n\n\n<pre title=\"&amp;nbsp;\" class=\"wp-block-code\"><code lang=\"xml\" class=\"language-xml\"><code>&lt;locations&gt;\n&lt;location&gt;\n&lt;country_id&gt;AUT&lt;\/country_id&gt;\n&lt;area_title\/&gt;\n&lt;place_title\/&gt;\n&lt;\/locations&gt;\n&lt;\/location&gt;<\/code><\/code><\/pre>\n<\/div>\n\n\n\n<div class=\"wp-block-group is-layout-constrained wp-block-group-is-layout-constrained\">\n<h2 class=\"wp-block-heading\">Absence XML zna\u010dky<\/h2>\n\n\n\n<p>XML tagy jsou p\u00e1rov\u00e9, tzn. je t\u0159eba je otev\u0159\u00edt a n\u00e1sledn\u011b tak\u00e9 uzav\u0159\u00edt:<br><strong>&lt;tour&gt; &#8230; &lt;\/tour&gt;<\/strong><\/p>\n\n\n\n<p><strong>P\u0159\u00edklad chyby:<\/strong><\/p>\n\n\n\n<pre title=\"&amp;nbsp;\" class=\"wp-block-code\"><code lang=\"xml\" class=\"language-xml\"><code>&lt;photos&gt;\n&lt;photo&gt;\n&lt;order&gt;1&lt;\/order&gt;\n&lt;url&gt;http:\/\/www.ck.cz\/fotka1.jpg&lt;\/url&gt;\n&lt;desc&gt;Hotel Paradise&lt;\/desc&gt;\n&lt;\/photo&gt;\n&lt;photo&gt;\n&lt;order&gt;2&lt;\/order&gt;\n&lt;url&gt;http:\/\/www.ck.cz\/fotka2.jpg&lt;\/url&gt;\n&lt;desc&gt;Pristup k mori&lt;\/desc&gt;\n&lt;\/photo&gt; (chyb\u00ed)\n&lt;\/photos&gt;<\/code><\/code><\/pre>\n<\/div>\n\n\n\n<div class=\"wp-block-group is-layout-constrained wp-block-group-is-layout-constrained\">\n<h2 class=\"wp-block-heading\">Um\u00edst\u011bn\u00ed tagu mimo povolen\u00fd tag<\/h2>\n\n\n\n<p><br>Je pot\u0159eba dodr\u017eovat um\u00edst\u011bn\u00ed jednotliv\u00fdch tag\u016f v XML feedu.<\/p>\n\n\n\n<p><strong>P\u0159\u00edklad chyby:<\/strong><\/p>\n\n\n\n<pre title=\"&amp;nbsp;\" class=\"wp-block-code\"><code lang=\"xml\" class=\"language-xml\">&lt;prices&gt;\n&lt;desc_id&gt;1&lt;\/desc_id&gt;\n&lt;price&gt;\n&lt;final_price&gt;27000&lt;\/final_price&gt;\n&lt;\/price&gt;\n&lt;\/prices&gt;<\/code><\/pre>\n<\/div>\n\n\n\n<div class=\"wp-block-group is-layout-constrained wp-block-group-is-layout-constrained\">\n<h2 class=\"wp-block-heading\"><br>Zkomolen\u00ed XML tagu<\/h2>\n\n\n\n<p><strong>P\u0159\u00edklad chyby:<\/strong><\/p>\n\n\n\n<pre title=\"&amp;nbsp;\" class=\"wp-block-code\"><code lang=\"xml\" class=\"language-xml\">&lt;bord&gt;\n&lt;id&gt;2&lt;\/id&gt;\n&lt;desc&gt;Snidane jsou vzdy zajisteny v miste prespani. Obedy a vecere budou vzdy v mistnich restauracich.&lt;\/desc&gt;\n&lt;\/board&gt;\n&lt;transport&gt;\n&lt;id&gt;2&lt;\/id&gt;\n&lt;\/transport&gt;<\/code><\/pre>\n<\/div>\n\n\n\n<div class=\"wp-block-group is-layout-constrained wp-block-group-is-layout-constrained\">\n<h2 class=\"wp-block-heading\">Chybn\u00fd form\u00e1t ceny<\/h2>\n\n\n\n<p>Cena mus\u00ed b\u00fdt zad\u00e1na v n\u00e1sleduj\u00edc\u00edm form\u00e1tu:<br><br><strong>&lt;final_price&gt;27000&lt;\/final_price&gt;<\/strong><\/p>\n\n\n\n<h3 class=\"wp-block-heading\">P\u0159\u00edklady chybn\u00e9ho zad\u00e1n\u00ed:<\/h3>\n\n\n\n<pre title=\"&amp;nbsp;\" class=\"wp-block-code\"><code lang=\"xml\" class=\"language-xml\"><code><strong>&lt;final_price&gt;27000&lt;\/final_price&gt;<\/strong>P\u0159\u00edklady chybn\u00e9ho zad\u00e1n\u00ed:\n&lt;final_price&gt;27.000&lt;\/final_price&gt;\n&lt;final_price&gt;27000.00&lt;\/final_price&gt;\n&lt;final_price&gt;27000 K\u010d&lt;\/final_price&gt;<\/code><\/code><\/pre>\n<\/div>\n","protected":false},"excerpt":{"rendered":"<p>Chyba parsov\u00e1n\u00ed (pars-error) Chyba vznik\u00e1 pou\u017eit\u00edm neplatn\u00fdch \u010di nestandardn\u00edch znak\u016f (diakritika, mezera apod.). P\u0159\u00edklad chyby: \u0158e\u0161en\u00ed: Tyto znaky je pot\u0159eba nahradit alternativou. P\u0159ek\u0159\u00ed\u017een\u00ed XML zna\u010dek P\u0159i tvorb\u011b XML feedu je t\u0159eba dodr\u017eovat strukturu tedy tzv. posloupnost &#8222;otev\u00edr\u00e1n\u00ed&#8220; a &#8222;zav\u00edr\u00e1n\u00ed&#8220; tag\u016f. P\u0159\u00edklad chyby: Absence XML zna\u010dky XML tagy jsou p\u00e1rov\u00e9, tzn. je t\u0159eba je otev\u0159\u00edt a [&hellip;]<\/p>\n","protected":false},"author":67,"featured_media":0,"parent":15,"menu_order":13,"comment_status":"closed","ping_status":"closed","template":"page-sidemenu","meta":{"_acf_changed":false,"_relevanssi_hide_post":"","_relevanssi_hide_content":"","_relevanssi_pin_for_all":"","_relevanssi_pin_keywords":"","_relevanssi_unpin_keywords":"","_relevanssi_related_keywords":"","_relevanssi_related_include_ids":"","_relevanssi_related_exclude_ids":"","_relevanssi_related_no_append":"","_relevanssi_related_not_related":"","_relevanssi_related_posts":"","_relevanssi_noindex_reason":"","footnotes":""},"page_category":[32],"page_tag":[],"service_status_category":[],"class_list":["post-246","page","type-page","status-publish","hentry"],"acf":[],"_links":{"self":[{"href":"https:\/\/o-seznam.cz\/napoveda\/sdovolena\/wp-json\/wp\/v2\/pages\/246","targetHints":{"allow":["GET"]}}],"collection":[{"href":"https:\/\/o-seznam.cz\/napoveda\/sdovolena\/wp-json\/wp\/v2\/pages"}],"about":[{"href":"https:\/\/o-seznam.cz\/napoveda\/sdovolena\/wp-json\/wp\/v2\/types\/page"}],"author":[{"embeddable":true,"href":"https:\/\/o-seznam.cz\/napoveda\/sdovolena\/wp-json\/wp\/v2\/users\/67"}],"replies":[{"embeddable":true,"href":"https:\/\/o-seznam.cz\/napoveda\/sdovolena\/wp-json\/wp\/v2\/comments?post=246"}],"version-history":[{"count":8,"href":"https:\/\/o-seznam.cz\/napoveda\/sdovolena\/wp-json\/wp\/v2\/pages\/246\/revisions"}],"predecessor-version":[{"id":406,"href":"https:\/\/o-seznam.cz\/napoveda\/sdovolena\/wp-json\/wp\/v2\/pages\/246\/revisions\/406"}],"up":[{"embeddable":true,"href":"https:\/\/o-seznam.cz\/napoveda\/sdovolena\/wp-json\/wp\/v2\/pages\/15"}],"wp:attachment":[{"href":"https:\/\/o-seznam.cz\/napoveda\/sdovolena\/wp-json\/wp\/v2\/media?parent=246"}],"wp:term":[{"taxonomy":"page_category","embeddable":true,"href":"https:\/\/o-seznam.cz\/napoveda\/sdovolena\/wp-json\/wp\/v2\/page_category?post=246"},{"taxonomy":"page_tag","embeddable":true,"href":"https:\/\/o-seznam.cz\/napoveda\/sdovolena\/wp-json\/wp\/v2\/page_tag?post=246"},{"taxonomy":"service_status_category","embeddable":true,"href":"https:\/\/o-seznam.cz\/napoveda\/sdovolena\/wp-json\/wp\/v2\/service_status_category?post=246"}],"curies":[{"name":"wp","href":"https:\/\/api.w.org\/{rel}","templated":true}]}}