{"id":21,"date":"2025-05-21T12:31:21","date_gmt":"2025-05-21T10:31:21","guid":{"rendered":"https:\/\/o-seznam.cz\/napoveda\/sdovolena\/?page_id=21"},"modified":"2025-06-30T08:21:13","modified_gmt":"2025-06-30T06:21:13","slug":"pravidla","status":"publish","type":"page","link":"https:\/\/o-seznam.cz\/napoveda\/sdovolena\/pro-inzerenty\/pravidla\/","title":{"rendered":"Pravidla slu\u017eby"},"content":{"rendered":"\n<div class=\"wp-block-group is-layout-constrained wp-block-group-is-layout-constrained\">\n<h2 class=\"wp-block-heading\">Pravidla slu\u017eby Sdovolen\u00e1.cz<\/h2>\n\n\n\n<p>Subjekt je povinen za \u00fa\u010delem zobrazov\u00e1n\u00ed inzer\u00e1t\u016f na slu\u017eb\u011b Sdovolen\u00e1.cz p\u0159ipravit export dat ve form\u00e1tu XML. Takto vytvo\u0159en\u00fd soubor dat mus\u00ed spl\u0148ovat pravidla uveden\u00e1 v n\u00e1sleduj\u00edc\u00edch sekc\u00edch.<\/p>\n<\/div>\n\n\n\n<div class=\"wp-block-group is-layout-constrained wp-block-group-is-layout-constrained\">\n<h2 class=\"wp-block-heading\">Co je XML feed?<\/h2>\n\n\n\n<p>Jedn\u00e1 se o speci\u00e1ln\u00ed datov\u00fd soubor ve form\u00e1tu XML, kter\u00fd obsahuje informace o nab\u00edzen\u00fdch z\u00e1jezdech (n\u00e1zev, popis, fotografie, \u00fadaje o term\u00ednech apod.).<\/p>\n\n\n\n<p>Generovan\u00e9 XML si vytv\u00e1\u0159ej\u00ed ve spolupr\u00e1ci se sv\u00fdmi webmastery samy cestovn\u00ed kancel\u00e1\u0159e synchronn\u011b s internetov\u00fdmi str\u00e1nkami, p\u0159\u00edpadn\u011b vyu\u017e\u00edvaj\u00ed extern\u00ed spole\u010dnosti zaji\u0161\u0165uj\u00edc\u00ed XML data.<\/p>\n\n\n\n<p>V p\u0159\u00edpad\u011b, \u017ee si XML soubor tvo\u0159\u00edte ru\u010dn\u011b, siln\u011b doporu\u010dujeme nav\u0161t\u00edvit sekci &#8222;<strong>Vzorov\u00e9 XML<\/strong>&#8222;.<\/p>\n<\/div>\n\n\n\n<div class=\"wp-block-group is-layout-constrained wp-block-group-is-layout-constrained\">\n<h2 class=\"wp-block-heading\">Obecn\u00e1 pravidla<\/h2>\n\n\n\n<p>V\u0161echny minim\u00e1ln\u00ed a maxim\u00e1ln\u00ed hodnoty tag\u016f v\u010detn\u011b jejich povinnosti apod. jsou uvedeny v souboru XSD.<br>Nepou\u017e\u00edvejte HTML zna\u010dky.<br>Pro last minute nab\u00eddky vytvo\u0159te separ\u00e1tn\u00ed feed se stejnou strukturou a pravidly jako velk\u00fd feed. Last minute feed obsahuje pouze last minute nab\u00eddky. Velk\u00fd feed obsahuje v\u0161echny nab\u00eddky v\u010detn\u011b last minute.<br>Last minute feed mus\u00ed obsahovat ID z\u00e1jezd\u016f a termin\u016f shodne s velk\u00fd feedem<\/p>\n\n\n\n<p><strong>Vy\u017e\u00edvejte ETagy:<\/strong><\/p>\n\n\n\n<ul class=\"wp-block-list\">\n<li>etagy pos\u00edlejte u obr\u00e1zk\u016f i XML soubor\u016f<\/li>\n\n\n\n<li>etagy by m\u011bly b\u00fdt tvo\u0159eny nejl\u00e9pe z obsahu XML souboru, nebo datumu posledn\u00ed zm\u011bny obr\u00e1zku apod.<\/li>\n\n\n\n<li>obsah XML souboru by nem\u011bl obsahovat nic, co by z\u00e1viselo na konkr\u00e9tn\u00edm generov\u00e1n\u00ed (\u010das exportu apod.). T\u00edm se zajist\u00ed, \u017ee p\u0159i vygenerov\u00e1n\u00ed nov\u00e9ho XML se stejn\u00fdm obsahem se etag nezm\u011bn\u00ed.<\/li>\n\n\n\n<li>pokud se etag souboru shoduje s t\u00edm, kter\u00fd po\u0161leme v http hlavi\u010dce \u201eif-none-match\u201c, po\u0161lete n\u00e1m pouze http status 304 (Not modified) bez obsahu<\/li>\n\n\n\n<li>pokud se etag li\u0161\u00ed, nebo my neuvedeme \u201eif-none-match\u201c v requestu, soubor standardn\u011b po\u0161lete (tedy http status 200 s hashem obsahu jako novy etag v hlavi\u010dce)<\/li>\n<\/ul>\n<\/div>\n","protected":false},"excerpt":{"rendered":"<p>Pravidla slu\u017eby Sdovolen\u00e1.cz Subjekt je povinen za \u00fa\u010delem zobrazov\u00e1n\u00ed inzer\u00e1t\u016f na slu\u017eb\u011b Sdovolen\u00e1.cz p\u0159ipravit export dat ve form\u00e1tu XML. Takto vytvo\u0159en\u00fd soubor dat mus\u00ed spl\u0148ovat pravidla uveden\u00e1 v n\u00e1sleduj\u00edc\u00edch sekc\u00edch. Co je XML feed? Jedn\u00e1 se o speci\u00e1ln\u00ed datov\u00fd soubor ve form\u00e1tu XML, kter\u00fd obsahuje informace o nab\u00edzen\u00fdch z\u00e1jezdech (n\u00e1zev, popis, fotografie, \u00fadaje o term\u00ednech [&hellip;]<\/p>\n","protected":false},"author":2,"featured_media":0,"parent":15,"menu_order":0,"comment_status":"closed","ping_status":"closed","template":"page-sidemenu","meta":{"_acf_changed":false,"_relevanssi_hide_post":"","_relevanssi_hide_content":"","_relevanssi_pin_for_all":"","_relevanssi_pin_keywords":"","_relevanssi_unpin_keywords":"","_relevanssi_related_keywords":"","_relevanssi_related_include_ids":"","_relevanssi_related_exclude_ids":"","_relevanssi_related_no_append":"","_relevanssi_related_not_related":"","_relevanssi_related_posts":"","_relevanssi_noindex_reason":"","footnotes":""},"page_category":[32],"page_tag":[],"service_status_category":[],"class_list":["post-21","page","type-page","status-publish","hentry"],"acf":[],"_links":{"self":[{"href":"https:\/\/o-seznam.cz\/napoveda\/sdovolena\/wp-json\/wp\/v2\/pages\/21","targetHints":{"allow":["GET"]}}],"collection":[{"href":"https:\/\/o-seznam.cz\/napoveda\/sdovolena\/wp-json\/wp\/v2\/pages"}],"about":[{"href":"https:\/\/o-seznam.cz\/napoveda\/sdovolena\/wp-json\/wp\/v2\/types\/page"}],"author":[{"embeddable":true,"href":"https:\/\/o-seznam.cz\/napoveda\/sdovolena\/wp-json\/wp\/v2\/users\/2"}],"replies":[{"embeddable":true,"href":"https:\/\/o-seznam.cz\/napoveda\/sdovolena\/wp-json\/wp\/v2\/comments?post=21"}],"version-history":[{"count":9,"href":"https:\/\/o-seznam.cz\/napoveda\/sdovolena\/wp-json\/wp\/v2\/pages\/21\/revisions"}],"predecessor-version":[{"id":79,"href":"https:\/\/o-seznam.cz\/napoveda\/sdovolena\/wp-json\/wp\/v2\/pages\/21\/revisions\/79"}],"up":[{"embeddable":true,"href":"https:\/\/o-seznam.cz\/napoveda\/sdovolena\/wp-json\/wp\/v2\/pages\/15"}],"wp:attachment":[{"href":"https:\/\/o-seznam.cz\/napoveda\/sdovolena\/wp-json\/wp\/v2\/media?parent=21"}],"wp:term":[{"taxonomy":"page_category","embeddable":true,"href":"https:\/\/o-seznam.cz\/napoveda\/sdovolena\/wp-json\/wp\/v2\/page_category?post=21"},{"taxonomy":"page_tag","embeddable":true,"href":"https:\/\/o-seznam.cz\/napoveda\/sdovolena\/wp-json\/wp\/v2\/page_tag?post=21"},{"taxonomy":"service_status_category","embeddable":true,"href":"https:\/\/o-seznam.cz\/napoveda\/sdovolena\/wp-json\/wp\/v2\/service_status_category?post=21"}],"curies":[{"name":"wp","href":"https:\/\/api.w.org\/{rel}","templated":true}]}}