{"id":685,"date":"2026-01-25T10:50:18","date_gmt":"2026-01-25T09:50:18","guid":{"rendered":"https:\/\/o-seznam.cz\/napoveda\/sbazar\/?page_id=685"},"modified":"2026-01-25T11:14:35","modified_gmt":"2026-01-25T10:14:35","slug":"mobilni-aplikace-sbazar-cz","status":"publish","type":"page","link":"https:\/\/o-seznam.cz\/napoveda\/sbazar\/mobilni-aplikace-sbazar-cz\/","title":{"rendered":"Mobiln\u00ed aplikace Sbazar.cz"},"content":{"rendered":"\n<div class=\"wp-block-group is-layout-constrained wp-block-group-is-layout-constrained\">\n<p>Mobiln\u00ed aplikace\u00a0<strong>Sbazar.cz<\/strong>\u00a0v\u00e1m umo\u017en\u00ed pohodln\u011b nakupovat, prod\u00e1vat i komunikovat odkudkoliv \u2013 p\u0159\u00edmo z va\u0161eho mobiln\u00edho telefonu. Aplikace je zdarma a dostupn\u00e1 pro za\u0159\u00edzen\u00ed s opera\u010dn\u00edmi syst\u00e9my\u00a0<strong>Android<\/strong>\u00a0i\u00a0<strong>iOS<\/strong>.<\/p>\n<\/div>\n\n\n\n<div class=\"wp-block-group is-layout-constrained wp-block-group-is-layout-constrained\">\n<div class=\"wp-block-group is-layout-constrained wp-block-group-is-layout-constrained\">\n<div class=\"wp-block-group is-layout-constrained wp-block-group-is-layout-constrained\">\n<h2 class=\"wp-block-heading\">Jak si st\u00e1hnout mobiln\u00ed aplikaci?<\/h2>\n\n\n\n<p class=\"is-style-next\">Mobiln\u00ed aplikaci Sbazar.cz si m\u016f\u017eete st\u00e1hnout zdarma z ofici\u00e1ln\u00edch obchod\u016f s aplikacemi:<\/p>\n\n\n\n<ul class=\"wp-block-list\">\n<li><a href=\"https:\/\/apps.apple.com\/cz\/app\/sbazar-cz\/id909607985\" target=\"_blank\" rel=\"noreferrer noopener\">Apple App Store<\/a><\/li>\n\n\n\n<li><a href=\"https:\/\/play.google.com\/store\/apps\/details?id=cz.seznam.sbazar&amp;hl=cs\">Google Play<\/a><br><\/li>\n<\/ul>\n<\/div>\n\n\n\n<h2 class=\"wp-block-heading\">Jak si aktualizovat mobiln\u00ed aplikaci?<\/h2>\n\n\n\n<p>Aplikace se v\u011bt\u0161inou aktualizuje automaticky, pokud m\u00e1te aktualizace povolen\u00e9 v nastaven\u00ed za\u0159\u00edzen\u00ed.<\/p>\n\n\n\n<p>Pokud si nejste jist\u00ed, zda pou\u017e\u00edv\u00e1te nejnov\u011bj\u0161\u00ed verzi:<\/p>\n\n\n\n<ol class=\"wp-block-list\">\n<li>Otev\u0159ete obchod s aplikacemi (App Store nebo Google Play).<\/li>\n\n\n\n<li>Vyhledejte\u00a0<strong>Sbazar.cz<\/strong>.<\/li>\n\n\n\n<li>Pokud je k dispozici aktualizace, st\u00e1hn\u011bte ji zdarma.<\/li>\n<\/ol>\n<\/div>\n\n\n\n<h2 class=\"wp-block-heading\">Jak se p\u0159ihl\u00e1sit do aplikace?<\/h2>\n\n\n\n<p class=\"is-style-default\">P\u0159i prvn\u00edm spu\u0161t\u011bn\u00ed v\u00e1s aplikace automaticky vyzve k p\u0159ihl\u00e1\u0161en\u00ed. Mobiln\u00ed aplikace a webovka Sbazar.cz jsou propojen\u00e9, pou\u017eijte\u00a0tedy <strong>stejn\u00e9 p\u0159ihla\u0161ovac\u00ed \u00fadaje<\/strong>\u00a0jako na webu.<\/p>\n\n\n\n<div class=\"wp-block-group is-layout-constrained wp-block-group-is-layout-constrained\">\n<h2 class=\"wp-block-heading\">Jak komunikovat p\u0159es Sbazar Messenger?<\/h2>\n\n\n\n<p class=\"is-style-next\">Messenger je navr\u017een tak, aby usnadnil a zabezpe\u010dil va\u0161i komunikaci. V\u0161echny zpr\u00e1vy m\u00e1te na jednom m\u00edst\u011b, p\u0159\u00edmo ve va\u0161\u00ed kapse, a\u0165 u\u017e je pos\u00edl\u00e1te z webu nebo z mobiln\u00ed aplikace.<\/p>\n\n\n\n<div class=\"wp-block-group is-layout-constrained wp-block-group-is-layout-constrained\">\n<h3 class=\"wp-block-heading\">Pro\u010d pou\u017e\u00edvat Sbazar Messenger?<\/h3>\n\n\n\n<ul class=\"wp-block-list\">\n<li><strong>Bezpe\u010dnost<\/strong>\u00a0\u2013 nemus\u00edte sd\u00edlet osobn\u00ed kontaktn\u00ed \u00fadaje.<\/li>\n\n\n\n<li><strong>Jednoduchost<\/strong>\u00a0\u2013 ve\u0161ker\u00e1 komunikace je p\u0159ehledn\u011b na jednom m\u00edst\u011b.<\/li>\n\n\n\n<li><strong>Snadn\u00fd p\u0159\u00edstup<\/strong>\u00a0\u2013 kdykoliv se m\u016f\u017eete vr\u00e1tit ke star\u0161\u00edm zpr\u00e1v\u00e1m a dohledat detaily domluvy.<\/li>\n<\/ul>\n\n\n\n<p>V messengeru je komunikace rozd\u011blena podle toho, zda:<\/p>\n\n\n\n<ul class=\"wp-block-list\">\n<li><strong>zbo\u017e\u00ed nab\u00edz\u00edte<\/strong>, nebo<\/li>\n\n\n\n<li><strong>zbo\u017e\u00ed popt\u00e1v\u00e1te<\/strong>.<\/li>\n<\/ul>\n\n\n\n<h3 class=\"wp-block-heading\">Mo\u017enosti v messengeru<\/h3>\n\n\n\n<p>Krom\u011b psan\u00ed zpr\u00e1v najdete v messengeru tyto funkce:<\/p>\n\n\n\n<h2 class=\"wp-block-heading is-style-h4\">1. \u010clenov\u00e9 skupiny<\/h2>\n\n\n\n<ul class=\"wp-block-list\">\n<li>Kliknut\u00edm na n\u00e1zev konverzace zobraz\u00edte jej\u00ed podrobnosti.<\/li>\n\n\n\n<li>Uvid\u00edte v\u0161echny \u00fa\u010dastn\u00edky skupiny.<\/li>\n\n\n\n<li>Kliknut\u00edm na jm\u00e9no p\u0159ejdete na profil dan\u00e9ho u\u017eivatele.<\/li>\n<\/ul>\n\n\n\n<h2 class=\"wp-block-heading is-style-h4\">2. Detail inzer\u00e1tu<\/h2>\n\n\n\n<ul class=\"wp-block-list\">\n<li>Otev\u0159e se detail nab\u00eddky nebo popt\u00e1vky, ke kter\u00e9 se konverzace vztahuje.<\/li>\n\n\n\n<li>Zde si m\u016f\u017eete ov\u011b\u0159it detaily inzer\u00e1tu, cenu, popis a dal\u0161\u00ed informace.<\/li>\n<\/ul>\n\n\n\n<h2 class=\"wp-block-heading is-style-h4\">3. Skr\u00fdt konverzaci<\/h2>\n\n\n\n<ul class=\"wp-block-list\">\n<li>Konverzace bude smaz\u00e1na z v\u00fdpisu konverzac\u00ed pouze na va\u0161\u00ed stran\u011b.<\/li>\n\n\n\n<li>Druh\u00e1 strana bude moci d\u00e1l ps\u00e1t, ale star\u00e9 zpr\u00e1vy u\u017e neuvid\u00edte.<\/li>\n\n\n\n<li>Akci nelze vr\u00e1tit zp\u011bt.<\/li>\n<\/ul>\n\n\n\n<h2 class=\"wp-block-heading is-style-h4\">4. <strong>Odebrat pro m\u011b (u konkr\u00e9tn\u00ed zpr\u00e1vy<\/strong>)<\/h2>\n\n\n\n<ul class=\"wp-block-list\">\n<li>Sma\u017ee zpr\u00e1vu jen u v\u00e1s \u2013 druh\u00e1 strana ji st\u00e1le uvid\u00ed.<\/li>\n\n\n\n<li>Vhodn\u00e9 pro odstran\u011bn\u00ed jednotliv\u00fdch zpr\u00e1v, ani\u017e byste skryli celou konverzaci.<\/li>\n<\/ul>\n\n\n\n<h2 class=\"wp-block-heading is-style-h4\">5. Opustit skupinu<\/h2>\n\n\n\n<ul class=\"wp-block-list\">\n<li>Pokud opust\u00edte skupinovou konverzaci, p\u0159estanete dost\u00e1vat zpr\u00e1vy.<\/li>\n\n\n\n<li>Ostatn\u00ed u\u017eivatel\u00e9 uvid\u00ed, \u017ee jste skupinu opustili.<\/li>\n\n\n\n<li>Pokud se budete cht\u00edt znovu p\u0159ipojit, m\u016f\u017ee b\u00fdt pot\u0159eba souhlas spr\u00e1vce skupiny.<\/li>\n<\/ul>\n\n\n\n<h2 class=\"wp-block-heading is-style-h4\">6. E-mailov\u00e1 upozorn\u011bn\u00ed<\/h2>\n\n\n\n<ul class=\"wp-block-list\">\n<li>D\u00edky funkci E-mailov\u00e1 upozorn\u011bn\u00ed budete m\u00edt p\u0159ehled o do\u0161l\u00fdch zpr\u00e1v\u00e1ch, i kdy\u017e zrovna nejste online.<br>Jak nastavit upozorn\u011bn\u00ed najdete v <a href=\"https:\/\/o-seznam.cz\/napoveda\/sbazar\/jak-bezpecne-obchodovat\/sbazar-messenger-novy-zpusob-komunikace\/e-mailova-upozorneni-na-zpravy\/\" data-type=\"page\" data-id=\"612\">tomto \u010dl\u00e1nku<\/a>.<\/li>\n<\/ul>\n\n\n\n<p>Sbazar Messenger je navr\u017een tak, aby chr\u00e1nil va\u0161i bezpe\u010dnost a zp\u0159\u00edjemnil va\u0161i komunikaci. Dr\u017ete se ofici\u00e1ln\u00ed platformy Sbazar.cz a nevystavujte se riziku podvodu!<\/p>\n<\/div>\n\n\n\n<h2 class=\"wp-block-heading\">Pro\u010d mi nechod\u00ed upozorn\u011bn\u00ed?<\/h2>\n\n\n\n<p>Pokud v\u00e1m nechod\u00ed upozorn\u011bn\u00ed na nov\u00e9 zpr\u00e1vy nebo inzer\u00e1ty, pravd\u011bpodobn\u011b nejsou povolen\u00e9 <strong>notifikace<\/strong> v nastaven\u00ed za\u0159\u00edzen\u00ed nebo aplikace.<\/p>\n\n\n\n<h2 class=\"wp-block-heading is-style-h4\">Nastaven\u00ed upozorn\u011bn\u00ed \u2013 Android<\/h2>\n\n\n\n<ol class=\"wp-block-list\">\n<li>Nastaven\u00ed telefonu<\/li>\n\n\n\n<li>Aplikace \u2192\u00a0Sbazar.cz<\/li>\n\n\n\n<li>Notifikace<\/li>\n\n\n\n<li>Zapnout ozn\u00e1men\u00ed<\/li>\n<\/ol>\n\n\n\n<h2 class=\"wp-block-heading is-style-h4\">Nastaven\u00ed upozorn\u011bn\u00ed \u2013 iOS<\/h2>\n\n\n\n<ol class=\"wp-block-list\">\n<li>Nastaven\u00ed<\/li>\n\n\n\n<li>Ozn\u00e1men\u00ed<\/li>\n\n\n\n<li>Sbazar.cz<\/li>\n\n\n\n<li>Povolit ozn\u00e1men\u00ed<\/li>\n<\/ol>\n\n\n\n<p>Zkontrolujte tak\u00e9 nastaven\u00ed p\u0159\u00edmo v aplikaci:<\/p>\n\n\n\n<ul class=\"wp-block-list\">\n<li>upozorn\u011bn\u00ed na nov\u00e9 zpr\u00e1vy v\u00e1m pos\u00edl\u00e1me automaticky,<\/li>\n\n\n\n<li><strong>e-mailov\u00e1 upozorn\u011bn\u00ed<\/strong> nastav\u00edte podle n\u00e1vodu v <a href=\"https:\/\/o-seznam.cz\/napoveda\/sbazar\/jak-bezpecne-obchodovat\/sbazar-messenger-novy-zpusob-komunikace\/e-mailova-upozorneni-na-zpravy\/\" data-type=\"page\" data-id=\"612\">tomto \u010dl\u00e1nku<\/a>,<\/li>\n\n\n\n<li>nastaven\u00ed upozorn\u011bn\u00ed na <strong>nov\u00e9 inzer\u00e1ty<\/strong> najdete <a href=\"https:\/\/o-seznam.cz\/napoveda\/sbazar\/jak-nakupovat\/ulozena-hledani-2\/\" target=\"_blank\" rel=\"noreferrer noopener\">zde<\/a>.<\/li>\n<\/ul>\n\n\n\n<h2 class=\"wp-block-heading\">Je mobiln\u00ed aplikace propojen\u00e1 s webem?<\/h2>\n\n\n\n<p>Ano, pokud se p\u0159ihla\u0161ujete <strong>stejn\u00fdm \u00fa\u010dtem<\/strong>, ve\u0161ker\u00e9 aktivity z webu uvid\u00edte i v mobiln\u00ed aplikaci.<br>Mobiln\u00ed aplikace je postupn\u011b rozv\u00edjena a n\u011bkter\u00e9 pokro\u010dil\u00e9 funkce zat\u00edm nemus\u00ed b\u00fdt dostupn\u00e9. Neust\u00e1le ale pracujeme na jejich dopln\u011bn\u00ed, aby v\u00e1s v ni\u010dem neomezovala.<\/p>\n\n\n\n<h2 class=\"wp-block-heading\">Jak nahl\u00e1sit probl\u00e9m?<\/h2>\n\n\n\n<p>Narazili jste na technick\u00fd nebo u\u017eivatelsk\u00fd probl\u00e9m? Budeme r\u00e1di za va\u0161i zp\u011btnou vazbu.<\/p>\n\n\n\n<p>Postup:<\/p>\n\n\n\n<ol class=\"wp-block-list\">\n<li>Klikn\u011bte na\u00a0\u0161ed\u00fd <strong>medailonek nebo va\u0161i profilovou fotku<\/strong>\u00a0v prav\u00e9m horn\u00edm rohu aplikace.<\/li>\n\n\n\n<li>Otev\u0159ete z\u00e1lo\u017eku\u00a0<strong>Pomoc<\/strong>.<\/li>\n\n\n\n<li>Zde najdete ve\u0161ker\u00e9 pot\u0159ebn\u00e9 informace i mo\u017enost kontaktovat podporu.<\/li>\n<\/ol>\n\n\n\n<h2 class=\"wp-block-heading\">Co v\u0161echno mobiln\u00ed aplikace um\u00ed?<\/h2>\n\n\n\n<p>Mobiln\u00ed aplikace Sbazar.cz nab\u00edz\u00ed v\u0161echny b\u011b\u017en\u00e9 funkce pro:<\/p>\n\n\n\n<ul class=\"wp-block-list\">\n<li>n\u00e1kup a prodej zbo\u017e\u00ed,<\/li>\n\n\n\n<li>spr\u00e1vu inzer\u00e1t\u016f,<\/li>\n\n\n\n<li>bezpe\u010dnou komunikaci p\u0159es messenger.<\/li>\n<\/ul>\n\n\n\n<p>N\u011bkter\u00e9 pokro\u010dil\u00e9 funkce zat\u00edm v aplikaci nenajdete, ale pracujeme na tom, aby v\u00e1s mobiln\u00ed verze v ni\u010dem neomezovala.<\/p>\n<\/div>\n<\/div>\n","protected":false},"excerpt":{"rendered":"<p>Mobiln\u00ed aplikace\u00a0Sbazar.cz\u00a0v\u00e1m umo\u017en\u00ed pohodln\u011b nakupovat, prod\u00e1vat i komunikovat odkudkoliv \u2013 p\u0159\u00edmo z va\u0161eho mobiln\u00edho telefonu. Aplikace je zdarma a dostupn\u00e1 pro za\u0159\u00edzen\u00ed s opera\u010dn\u00edmi syst\u00e9my\u00a0Android\u00a0i\u00a0iOS. Jak si st\u00e1hnout mobiln\u00ed aplikaci? Mobiln\u00ed aplikaci Sbazar.cz si m\u016f\u017eete st\u00e1hnout zdarma z ofici\u00e1ln\u00edch obchod\u016f s aplikacemi: Jak si aktualizovat mobiln\u00ed aplikaci? Aplikace se v\u011bt\u0161inou aktualizuje automaticky, pokud m\u00e1te aktualizace [&hellip;]<\/p>\n","protected":false},"author":73,"featured_media":0,"parent":0,"menu_order":0,"comment_status":"closed","ping_status":"closed","template":"","meta":{"_acf_changed":false,"_relevanssi_hide_post":"","_relevanssi_hide_content":"","_relevanssi_pin_for_all":"","_relevanssi_pin_keywords":"","_relevanssi_unpin_keywords":"","_relevanssi_related_keywords":"","_relevanssi_related_include_ids":"","_relevanssi_related_exclude_ids":"","_relevanssi_related_no_append":"","_relevanssi_related_not_related":"","_relevanssi_related_posts":"","_relevanssi_noindex_reason":"","footnotes":""},"page_category":[],"page_tag":[],"service_status_category":[],"class_list":["post-685","page","type-page","status-publish","hentry"],"acf":[],"_links":{"self":[{"href":"https:\/\/o-seznam.cz\/napoveda\/sbazar\/wp-json\/wp\/v2\/pages\/685","targetHints":{"allow":["GET"]}}],"collection":[{"href":"https:\/\/o-seznam.cz\/napoveda\/sbazar\/wp-json\/wp\/v2\/pages"}],"about":[{"href":"https:\/\/o-seznam.cz\/napoveda\/sbazar\/wp-json\/wp\/v2\/types\/page"}],"author":[{"embeddable":true,"href":"https:\/\/o-seznam.cz\/napoveda\/sbazar\/wp-json\/wp\/v2\/users\/73"}],"replies":[{"embeddable":true,"href":"https:\/\/o-seznam.cz\/napoveda\/sbazar\/wp-json\/wp\/v2\/comments?post=685"}],"version-history":[{"count":2,"href":"https:\/\/o-seznam.cz\/napoveda\/sbazar\/wp-json\/wp\/v2\/pages\/685\/revisions"}],"predecessor-version":[{"id":707,"href":"https:\/\/o-seznam.cz\/napoveda\/sbazar\/wp-json\/wp\/v2\/pages\/685\/revisions\/707"}],"wp:attachment":[{"href":"https:\/\/o-seznam.cz\/napoveda\/sbazar\/wp-json\/wp\/v2\/media?parent=685"}],"wp:term":[{"taxonomy":"page_category","embeddable":true,"href":"https:\/\/o-seznam.cz\/napoveda\/sbazar\/wp-json\/wp\/v2\/page_category?post=685"},{"taxonomy":"page_tag","embeddable":true,"href":"https:\/\/o-seznam.cz\/napoveda\/sbazar\/wp-json\/wp\/v2\/page_tag?post=685"},{"taxonomy":"service_status_category","embeddable":true,"href":"https:\/\/o-seznam.cz\/napoveda\/sbazar\/wp-json\/wp\/v2\/service_status_category?post=685"}],"curies":[{"name":"wp","href":"https:\/\/api.w.org\/{rel}","templated":true}]}}