{"id":62,"date":"2024-10-15T17:03:59","date_gmt":"2024-10-15T15:03:59","guid":{"rendered":"https:\/\/o-seznam.cz\/napoveda\/sbazar\/?page_id=62"},"modified":"2024-12-09T11:03:01","modified_gmt":"2024-12-09T10:03:01","slug":"ulozena-hledani","status":"publish","type":"page","link":"https:\/\/o-seznam.cz\/napoveda\/sbazar\/jak-nakupovat\/ulozena-hledani\/","title":{"rendered":"Ulo\u017een\u00e9 nab\u00eddky"},"content":{"rendered":"\n<div class=\"wp-block-group is-layout-constrained wp-block-group-is-layout-constrained\">\n<div class=\"wp-block-group is-nowrap is-layout-flex wp-container-core-group-is-layout-6c531013 wp-block-group-is-layout-flex\">\n<p>Zve\u0159ejn\u011bn\u00e9 nab\u00eddky u\u017eivatel\u016f si m\u016f\u017eete\u00a0<strong>ozna\u010dit vlaje\u010dkou<\/strong>\u00a0v prav\u00e9m horn\u00edm rohu inzer\u00e1tu jako va\u0161i ulo\u017eenou nab\u00eddku.<br>Ulo\u017een\u00e9 nab\u00eddky m\u00e1te na jednom m\u00edst\u011b a m\u016f\u017eete si je jednodu\u0161e p\u00e1r kliknut\u00edmi\u00a0<strong>znovu prohl\u00e9dnout.<\/strong><br>Sv\u00e1 ulo\u017een\u00e1 hled\u00e1n\u00ed najdete po rozkliknut\u00ed va\u0161eho profilu v prav\u00e9m horn\u00edm rohu pod mo\u017enost\u00ed\u00a0<strong>&#8222;Ulo\u017een\u00e9 nab\u00eddky&#8220;<\/strong>.\u00a0<\/p>\n<\/div>\n\n\n\n<figure class=\"wp-block-image size-full\"><img loading=\"lazy\" decoding=\"async\" width=\"404\" height=\"497\" src=\"https:\/\/o-seznam.cz\/napoveda\/sbazar\/wp-content\/uploads\/sites\/19\/2024\/11\/ll.jpg\" alt=\"\" class=\"wp-image-272\" srcset=\"https:\/\/o-seznam.cz\/napoveda\/sbazar\/wp-content\/uploads\/sites\/19\/2024\/11\/ll.jpg 404w, https:\/\/o-seznam.cz\/napoveda\/sbazar\/wp-content\/uploads\/sites\/19\/2024\/11\/ll-260x320.jpg 260w\" sizes=\"auto, (max-width: 404px) 100vw, 404px\" \/><\/figure>\n\n\n\n<div class=\"wp-block-group is-nowrap is-layout-flex wp-container-core-group-is-layout-6c531013 wp-block-group-is-layout-flex\">\n<ul class=\"wp-block-list\">\n<li>Nad nab\u00eddkami\u00a0vid\u00edte\u00a0po\u010det inzer\u00e1t\u016f, kter\u00e9 m\u00e1te ozna\u010den\u00e9 jako ulo\u017een\u00e9. Nap\u0159.: &#8222;1 ulo\u017een\u00e1 nab\u00eddka\u201c\u00a0<\/li>\n\n\n\n<li>Nejnov\u011bji ozna\u010den\u00e9&nbsp;nab\u00eddky jako ulo\u017een\u00e9 m\u00e1te v\u017edy na za\u010d\u00e1tku seznamu.<\/li>\n\n\n\n<li>P\u0159i vyhled\u00e1v\u00e1n\u00ed na slu\u017eb\u011b Sbazar.cz m\u00e1te volbu si zvolit zda chcete hledat nov\u00e9 inzer\u00e1ty, v okol\u00ed, nebo zm\u00edn\u011bn\u00e9 va\u0161e obl\u00edben\u00e9 ulo\u017een\u00e9 nab\u00eddky<\/li>\n\n\n\n<li>Nab\u00eddku si m\u016f\u017eete z obl\u00edben\u00fdch odebrat kliknut\u00edm na vlaje\u010dku v prav\u00e9m horn\u00edm rohu nab\u00eddky.<\/li>\n\n\n\n<li>V sekci &#8222;Ulo\u017een\u00e9&#8220; uvid\u00edte jak ulo\u017een\u00e1 hled\u00e1n\u00ed tak ulo\u017een\u00e9 nab\u00eddky.<\/li>\n<\/ul>\n<\/div>\n\n\n\n<figure class=\"wp-block-image size-full\"><img loading=\"lazy\" decoding=\"async\" width=\"1337\" height=\"523\" src=\"https:\/\/o-seznam.cz\/napoveda\/sbazar\/wp-content\/uploads\/sites\/19\/2024\/11\/ulhl.jpg\" alt=\"\" class=\"wp-image-273\" srcset=\"https:\/\/o-seznam.cz\/napoveda\/sbazar\/wp-content\/uploads\/sites\/19\/2024\/11\/ulhl.jpg 1337w, https:\/\/o-seznam.cz\/napoveda\/sbazar\/wp-content\/uploads\/sites\/19\/2024\/11\/ulhl-992x388.jpg 992w, https:\/\/o-seznam.cz\/napoveda\/sbazar\/wp-content\/uploads\/sites\/19\/2024\/11\/ulhl-320x125.jpg 320w, https:\/\/o-seznam.cz\/napoveda\/sbazar\/wp-content\/uploads\/sites\/19\/2024\/11\/ulhl-768x300.jpg 768w\" sizes=\"auto, (max-width: 1337px) 100vw, 1337px\" \/><\/figure>\n\n\n\n<p><br>Pokud inzerent nab\u00eddku, kterou m\u00e1te ozna\u010denou jako ulo\u017eenou, st\u00e1hne nebo odstran\u00ed, zmiz\u00ed i v\u00e1m ze seznamu ulo\u017een\u00fdch nab\u00eddek.<\/p>\n<\/div>\n","protected":false},"excerpt":{"rendered":"<p>Zve\u0159ejn\u011bn\u00e9 nab\u00eddky u\u017eivatel\u016f si m\u016f\u017eete\u00a0ozna\u010dit vlaje\u010dkou\u00a0v prav\u00e9m horn\u00edm rohu inzer\u00e1tu jako va\u0161i ulo\u017eenou nab\u00eddku.Ulo\u017een\u00e9 nab\u00eddky m\u00e1te na jednom m\u00edst\u011b a m\u016f\u017eete si je jednodu\u0161e p\u00e1r kliknut\u00edmi\u00a0znovu prohl\u00e9dnout.Sv\u00e1 ulo\u017een\u00e1 hled\u00e1n\u00ed najdete po rozkliknut\u00ed va\u0161eho profilu v prav\u00e9m horn\u00edm rohu pod mo\u017enost\u00ed\u00a0&#8222;Ulo\u017een\u00e9 nab\u00eddky&#8220;.\u00a0 Pokud inzerent nab\u00eddku, kterou m\u00e1te ozna\u010denou jako ulo\u017eenou, st\u00e1hne nebo odstran\u00ed, zmiz\u00ed i v\u00e1m [&hellip;]<\/p>\n","protected":false},"author":31,"featured_media":0,"parent":346,"menu_order":0,"comment_status":"closed","ping_status":"closed","template":"page-sidemenu","meta":{"_acf_changed":false,"_relevanssi_hide_post":"","_relevanssi_hide_content":"","_relevanssi_pin_for_all":"","_relevanssi_pin_keywords":"","_relevanssi_unpin_keywords":"","_relevanssi_related_keywords":"","_relevanssi_related_include_ids":"","_relevanssi_related_exclude_ids":"","_relevanssi_related_no_append":"","_relevanssi_related_not_related":"","_relevanssi_related_posts":"","_relevanssi_noindex_reason":"","footnotes":""},"page_category":[33],"page_tag":[],"service_status_category":[],"class_list":["post-62","page","type-page","status-publish","hentry"],"acf":[],"_links":{"self":[{"href":"https:\/\/o-seznam.cz\/napoveda\/sbazar\/wp-json\/wp\/v2\/pages\/62","targetHints":{"allow":["GET"]}}],"collection":[{"href":"https:\/\/o-seznam.cz\/napoveda\/sbazar\/wp-json\/wp\/v2\/pages"}],"about":[{"href":"https:\/\/o-seznam.cz\/napoveda\/sbazar\/wp-json\/wp\/v2\/types\/page"}],"author":[{"embeddable":true,"href":"https:\/\/o-seznam.cz\/napoveda\/sbazar\/wp-json\/wp\/v2\/users\/31"}],"replies":[{"embeddable":true,"href":"https:\/\/o-seznam.cz\/napoveda\/sbazar\/wp-json\/wp\/v2\/comments?post=62"}],"version-history":[{"count":5,"href":"https:\/\/o-seznam.cz\/napoveda\/sbazar\/wp-json\/wp\/v2\/pages\/62\/revisions"}],"predecessor-version":[{"id":408,"href":"https:\/\/o-seznam.cz\/napoveda\/sbazar\/wp-json\/wp\/v2\/pages\/62\/revisions\/408"}],"up":[{"embeddable":true,"href":"https:\/\/o-seznam.cz\/napoveda\/sbazar\/wp-json\/wp\/v2\/pages\/346"}],"wp:attachment":[{"href":"https:\/\/o-seznam.cz\/napoveda\/sbazar\/wp-json\/wp\/v2\/media?parent=62"}],"wp:term":[{"taxonomy":"page_category","embeddable":true,"href":"https:\/\/o-seznam.cz\/napoveda\/sbazar\/wp-json\/wp\/v2\/page_category?post=62"},{"taxonomy":"page_tag","embeddable":true,"href":"https:\/\/o-seznam.cz\/napoveda\/sbazar\/wp-json\/wp\/v2\/page_tag?post=62"},{"taxonomy":"service_status_category","embeddable":true,"href":"https:\/\/o-seznam.cz\/napoveda\/sbazar\/wp-json\/wp\/v2\/service_status_category?post=62"}],"curies":[{"name":"wp","href":"https:\/\/api.w.org\/{rel}","templated":true}]}}