{"id":612,"date":"2025-11-30T11:57:32","date_gmt":"2025-11-30T10:57:32","guid":{"rendered":"https:\/\/o-seznam.cz\/napoveda\/sbazar\/?page_id=612"},"modified":"2026-02-26T12:41:00","modified_gmt":"2026-02-26T11:41:00","slug":"e-mailova-upozorneni-na-zpravy","status":"publish","type":"page","link":"https:\/\/o-seznam.cz\/napoveda\/sbazar\/jak-bezpecne-obchodovat\/sbazar-messenger-novy-zpusob-komunikace\/e-mailova-upozorneni-na-zpravy\/","title":{"rendered":"E-mailov\u00e1 upozorn\u011bn\u00ed na zpr\u00e1vy"},"content":{"rendered":"\n<p>E-mailov\u00e1 upozorn\u011bn\u00ed v\u00e1m pom\u00e1haj\u00ed nezme\u0161kat novou zpr\u00e1vu v messengeru, i kdy\u017e zrovna nejste online. D\u00edky nim se rychle dozv\u00edte, \u017ee m\u00e1te nov\u00fd dotaz, odpov\u011b\u010f nebo reakci v r\u00e1mci va\u0161eho inzer\u00e1tu.<\/p>\n\n\n\n<div class=\"wp-block-group is-layout-constrained wp-block-group-is-layout-constrained\">\n<h2 class=\"wp-block-heading\">Kdy dostanete e-mail<\/h2>\n\n\n\n<p class=\"is-style-wrap-balance\">E-mail o do\u0161l\u00fdch zpr\u00e1v\u00e1ch v\u00e1m bude doru\u010den,&nbsp; kdy\u017e si zpr\u00e1vu nem\u016f\u017eete p\u0159e\u010d\u00edst p\u0159\u00edmo v messengeru &#8211; nap\u0159\u00edklad nejste p\u0159ihl\u00e1\u0161en\u00ed na Sbazar.cz ani na \u017e\u00e1dn\u00e9 jin\u00e9 slu\u017eb\u011b Seznam.cz.<br><\/p>\n<\/div>\n\n\n\n<div class=\"wp-block-group is-layout-constrained wp-block-group-is-layout-constrained\">\n<h2 class=\"wp-block-heading\">Co v e-mailu najdete<\/h2>\n\n\n\n<p class=\"is-style-wrap-balance\">V upozorn\u011bn\u00ed uvid\u00edte:<\/p>\n\n\n\n<ul class=\"wp-block-list\">\n<li>po\u010det nov\u00fdch zpr\u00e1v,<\/li>\n\n\n\n<li>nab\u00eddku, ke kter\u00e9 m\u00e1te nov\u00e9 zpr\u00e1vy,<\/li>\n\n\n\n<li>\u010derven\u00e9 tla\u010d\u00edtko pro rychl\u00e9 otev\u0159en\u00ed messengeru na Sbazar.cz.<\/li>\n<\/ul>\n\n\n\n<p class=\"is-style-wrap-balance\">Pro celou konverzaci v\u00e1s v\u017edy p\u0159esm\u011brujeme do messengeru, kde komunikace prob\u00edh\u00e1 bezpe\u010dn\u011b.<br><\/p>\n<\/div>\n\n\n\n<div class=\"wp-block-group is-layout-constrained wp-block-group-is-layout-constrained\">\n<h2 class=\"wp-block-heading\">Jak upozorn\u011bn\u00ed zapnout nebo vypnout<\/h2>\n\n\n\n<p class=\"is-style-wrap-balance\">E-mailov\u00e1 upozorn\u011bn\u00ed jsou ve v\u00fdchoz\u00edm nastaven\u00ed zapnut\u00e1.<\/p>\n\n\n\n<p>Pokud je nechcete dost\u00e1vat:<\/p>\n\n\n\n<ol class=\"wp-block-list\">\n<li>P\u0159ihlaste se ke sv\u00e9mu \u00fa\u010dtu na Sbazar.cz.<\/li>\n\n\n\n<li>Otev\u0159ete messenger kliknut\u00edm na symbol bubliny v prav\u00e9m horn\u00edm rohu.<\/li>\n\n\n\n<li>Klikn\u011bte na <strong>messenger<\/strong> a v menu vyberte mo\u017enost <strong>Upozorn\u011bn\u00ed na do\u0161l\u00e9 zpr\u00e1vy e-mailem.<\/strong><\/li>\n\n\n\n<li>Zm\u011b\u0148te nastaven\u00ed zas\u00edl\u00e1n\u00ed e-mail\u016f.<\/li>\n<\/ol>\n<\/div>\n\n\n\n<div class=\"wp-block-columns are-vertically-aligned-top is-layout-flex wp-container-core-columns-is-layout-28f84493 wp-block-columns-is-layout-flex\">\n<div class=\"wp-block-column is-vertically-aligned-top is-layout-flow wp-block-column-is-layout-flow\" style=\"flex-basis:100%\">\n<div class=\"wp-block-group is-nowrap is-layout-flex wp-container-core-group-is-layout-6c531013 wp-block-group-is-layout-flex\">\n<figure class=\"wp-block-image size-full is-resized\"><img loading=\"lazy\" decoding=\"async\" width=\"574\" height=\"448\" src=\"https:\/\/o-seznam.cz\/napoveda\/sbazar\/wp-content\/uploads\/sites\/19\/2025\/11\/messenger-menu-1.png\" alt=\"\" class=\"wp-image-647\" style=\"width:298px;height:auto\" srcset=\"https:\/\/o-seznam.cz\/napoveda\/sbazar\/wp-content\/uploads\/sites\/19\/2025\/11\/messenger-menu-1.png 574w, https:\/\/o-seznam.cz\/napoveda\/sbazar\/wp-content\/uploads\/sites\/19\/2025\/11\/messenger-menu-1-320x250.png 320w\" sizes=\"auto, (max-width: 574px) 100vw, 574px\" \/><\/figure>\n\n\n\n<figure class=\"wp-block-image size-full is-resized wp-container-content-69bc4bdf\"><img loading=\"lazy\" decoding=\"async\" width=\"604\" height=\"416\" src=\"https:\/\/o-seznam.cz\/napoveda\/sbazar\/wp-content\/uploads\/sites\/19\/2025\/11\/msg-e-mail-upozorneni-1.png\" alt=\"\" class=\"wp-image-648\" style=\"width:277px;height:auto\" srcset=\"https:\/\/o-seznam.cz\/napoveda\/sbazar\/wp-content\/uploads\/sites\/19\/2025\/11\/msg-e-mail-upozorneni-1.png 604w, https:\/\/o-seznam.cz\/napoveda\/sbazar\/wp-content\/uploads\/sites\/19\/2025\/11\/msg-e-mail-upozorneni-1-320x220.png 320w\" sizes=\"auto, (max-width: 604px) 100vw, 604px\" \/><\/figure>\n<\/div>\n<\/div>\n<\/div>\n\n\n\n<p class=\"is-style-default\"><\/p>\n","protected":false},"excerpt":{"rendered":"<p>E-mailov\u00e1 upozorn\u011bn\u00ed v\u00e1m pom\u00e1haj\u00ed nezme\u0161kat novou zpr\u00e1vu v messengeru, i kdy\u017e zrovna nejste online. D\u00edky nim se rychle dozv\u00edte, \u017ee m\u00e1te nov\u00fd dotaz, odpov\u011b\u010f nebo reakci v r\u00e1mci va\u0161eho inzer\u00e1tu. Kdy dostanete e-mail E-mail o do\u0161l\u00fdch zpr\u00e1v\u00e1ch v\u00e1m bude doru\u010den,&nbsp; kdy\u017e si zpr\u00e1vu nem\u016f\u017eete p\u0159e\u010d\u00edst p\u0159\u00edmo v messengeru &#8211; nap\u0159\u00edklad nejste p\u0159ihl\u00e1\u0161en\u00ed na Sbazar.cz ani [&hellip;]<\/p>\n","protected":false},"author":73,"featured_media":0,"parent":574,"menu_order":0,"comment_status":"closed","ping_status":"closed","template":"","meta":{"_acf_changed":false,"_relevanssi_hide_post":"","_relevanssi_hide_content":"","_relevanssi_pin_for_all":"","_relevanssi_pin_keywords":"","_relevanssi_unpin_keywords":"","_relevanssi_related_keywords":"","_relevanssi_related_include_ids":"","_relevanssi_related_exclude_ids":"","_relevanssi_related_no_append":"","_relevanssi_related_not_related":"","_relevanssi_related_posts":"","_relevanssi_noindex_reason":"","footnotes":""},"page_category":[33],"page_tag":[],"service_status_category":[16],"class_list":["post-612","page","type-page","status-publish","hentry"],"acf":[],"_links":{"self":[{"href":"https:\/\/o-seznam.cz\/napoveda\/sbazar\/wp-json\/wp\/v2\/pages\/612","targetHints":{"allow":["GET"]}}],"collection":[{"href":"https:\/\/o-seznam.cz\/napoveda\/sbazar\/wp-json\/wp\/v2\/pages"}],"about":[{"href":"https:\/\/o-seznam.cz\/napoveda\/sbazar\/wp-json\/wp\/v2\/types\/page"}],"author":[{"embeddable":true,"href":"https:\/\/o-seznam.cz\/napoveda\/sbazar\/wp-json\/wp\/v2\/users\/73"}],"replies":[{"embeddable":true,"href":"https:\/\/o-seznam.cz\/napoveda\/sbazar\/wp-json\/wp\/v2\/comments?post=612"}],"version-history":[{"count":8,"href":"https:\/\/o-seznam.cz\/napoveda\/sbazar\/wp-json\/wp\/v2\/pages\/612\/revisions"}],"predecessor-version":[{"id":663,"href":"https:\/\/o-seznam.cz\/napoveda\/sbazar\/wp-json\/wp\/v2\/pages\/612\/revisions\/663"}],"up":[{"embeddable":true,"href":"https:\/\/o-seznam.cz\/napoveda\/sbazar\/wp-json\/wp\/v2\/pages\/574"}],"wp:attachment":[{"href":"https:\/\/o-seznam.cz\/napoveda\/sbazar\/wp-json\/wp\/v2\/media?parent=612"}],"wp:term":[{"taxonomy":"page_category","embeddable":true,"href":"https:\/\/o-seznam.cz\/napoveda\/sbazar\/wp-json\/wp\/v2\/page_category?post=612"},{"taxonomy":"page_tag","embeddable":true,"href":"https:\/\/o-seznam.cz\/napoveda\/sbazar\/wp-json\/wp\/v2\/page_tag?post=612"},{"taxonomy":"service_status_category","embeddable":true,"href":"https:\/\/o-seznam.cz\/napoveda\/sbazar\/wp-json\/wp\/v2\/service_status_category?post=612"}],"curies":[{"name":"wp","href":"https:\/\/api.w.org\/{rel}","templated":true}]}}