{"id":574,"date":"2025-09-09T15:55:27","date_gmt":"2025-09-09T13:55:27","guid":{"rendered":"https:\/\/o-seznam.cz\/napoveda\/sbazar\/?page_id=574"},"modified":"2026-01-30T15:33:25","modified_gmt":"2026-01-30T14:33:25","slug":"sbazar-messenger-novy-zpusob-komunikace","status":"publish","type":"page","link":"https:\/\/o-seznam.cz\/napoveda\/sbazar\/jak-bezpecne-obchodovat\/sbazar-messenger-novy-zpusob-komunikace\/","title":{"rendered":"Sbazar Messenger \u2013 Nov\u00fd zp\u016fsob komunikace"},"content":{"rendered":"\n<div class=\"wp-block-group is-layout-constrained wp-block-group-is-layout-constrained\">\n<p>Sbazar nov\u011b zav\u00e1d\u00ed messenger, kter\u00fd usnadn\u00ed a zabezpe\u010d\u00ed va\u0161i komunikaci. V\u0161echny zpr\u00e1vy tak budete m\u00edt p\u0159ehledn\u011b na jednom m\u00edst\u011b.<\/p>\n\n\n\n<h2 class=\"wp-block-heading\">Kde najdu messenger?<\/h2>\n\n\n\n<p>Messenger najdete v horn\u00ed li\u0161t\u011b, kousek od Va\u0161eho profilu. Ikona se zobraz\u00ed ve chv\u00edli, kdy obdr\u017e\u00edte prvn\u00ed zpr\u00e1vu a pot\u00e9 zde z\u016fstane trvale, tak\u017ee svou historii konverzac\u00ed v\u017edy snadno najdete.<\/p>\n\n\n\n<figure class=\"wp-block-image size-full\"><img loading=\"lazy\" decoding=\"async\" width=\"1495\" height=\"230\" src=\"https:\/\/o-seznam.cz\/napoveda\/sbazar\/wp-content\/uploads\/sites\/19\/2026\/01\/snimek-obrazovky-2026-01-26-v215032-1.png\" alt=\"\" class=\"wp-image-694\" srcset=\"https:\/\/o-seznam.cz\/napoveda\/sbazar\/wp-content\/uploads\/sites\/19\/2026\/01\/snimek-obrazovky-2026-01-26-v215032-1.png 1495w, https:\/\/o-seznam.cz\/napoveda\/sbazar\/wp-content\/uploads\/sites\/19\/2026\/01\/snimek-obrazovky-2026-01-26-v215032-1-992x153.png 992w, https:\/\/o-seznam.cz\/napoveda\/sbazar\/wp-content\/uploads\/sites\/19\/2026\/01\/snimek-obrazovky-2026-01-26-v215032-1-320x49.png 320w, https:\/\/o-seznam.cz\/napoveda\/sbazar\/wp-content\/uploads\/sites\/19\/2026\/01\/snimek-obrazovky-2026-01-26-v215032-1-768x118.png 768w\" sizes=\"auto, (max-width: 1495px) 100vw, 1495px\" \/><\/figure>\n\n\n\n<h2 class=\"wp-block-heading is-style-h2\"><br>Pro\u010d pou\u017e\u00edvat Sbazar Messenger?<\/h2>\n\n\n\n<ul class=\"wp-block-list\">\n<li>Bezpe\u010dnost \u2013 Nemus\u00edte sd\u00edlet osobn\u00ed kontakty s nezn\u00e1m\u00fdmi lidmi.<\/li>\n\n\n\n<li>Jednoduchost \u2013 V\u0161echny zpr\u00e1vy m\u00e1te na jednom m\u00edst\u011b, nemus\u00edte p\u0159ep\u00ednat mezi aplikacemi.<\/li>\n\n\n\n<li>Snadn\u00fd p\u0159\u00edstup \u2013 Kdykoliv se m\u016f\u017eete vr\u00e1tit k d\u0159\u00edv\u011bj\u0161\u00ed komunikaci a dohledat si detaily.<\/li>\n<\/ul>\n\n\n\n<h2 class=\"wp-block-heading is-style-h2\">V r\u00e1mci komunikace m\u016f\u017eete krom\u011b psan\u00ed zpr\u00e1v prov\u00e1d\u011bt n\u00e1sleduj\u00edc\u00ed akce:<\/h2>\n\n\n\n<h2 class=\"wp-block-heading is-style-h4\">1. \u010clenov\u00e9 skupiny<\/h2>\n\n\n\n<ul class=\"wp-block-list\">\n<li>Kliknut\u00edm na n\u00e1zev konverzace zobraz\u00edte jej\u00ed podrobnosti.<\/li>\n\n\n\n<li>Uvid\u00edte v\u0161echny \u00fa\u010dastn\u00edky skupiny.<\/li>\n\n\n\n<li>Kliknut\u00edm na jm\u00e9no p\u0159ejdete na profil dan\u00e9ho u\u017eivatele.<\/li>\n<\/ul>\n\n\n\n<h2 class=\"wp-block-heading is-style-h4\">2. Detail inzer\u00e1tu<\/h2>\n\n\n\n<ul class=\"wp-block-list\">\n<li>Otev\u0159e se detail nab\u00eddky nebo popt\u00e1vky, ke kter\u00e9 se konverzace vztahuje.<\/li>\n\n\n\n<li>Zde si m\u016f\u017eete ov\u011b\u0159it detaily inzer\u00e1tu, cenu, popis a dal\u0161\u00ed informace.<\/li>\n<\/ul>\n\n\n\n<h2 class=\"wp-block-heading is-style-h4\">3. Skr\u00fdt konverzaci<\/h2>\n\n\n\n<ul class=\"wp-block-list\">\n<li>Konverzace bude smaz\u00e1na z v\u00fdpisu konverzac\u00ed pouze na va\u0161\u00ed stran\u011b.<\/li>\n\n\n\n<li>Druh\u00e1 strana bude moci d\u00e1l ps\u00e1t, ale star\u00e9 zpr\u00e1vy u\u017e neuvid\u00edte.<\/li>\n\n\n\n<li>Akci nelze vr\u00e1tit zp\u011bt.<\/li>\n<\/ul>\n\n\n\n<h2 class=\"wp-block-heading is-style-h4\">4. <strong>Odebrat pro m\u011b (u konkr\u00e9tn\u00ed zpr\u00e1vy<\/strong>)<\/h2>\n\n\n\n<ul class=\"wp-block-list\">\n<li>Sma\u017ee zpr\u00e1vu jen u v\u00e1s \u2013 druh\u00e1 strana ji st\u00e1le uvid\u00ed.<\/li>\n\n\n\n<li>Vhodn\u00e9 pro odstran\u011bn\u00ed jednotliv\u00fdch zpr\u00e1v, ani\u017e byste skryli celou konverzaci.<\/li>\n<\/ul>\n\n\n\n<h2 class=\"wp-block-heading is-style-h4\">5. Opustit skupinu<\/h2>\n\n\n\n<ul class=\"wp-block-list\">\n<li>Pokud opust\u00edte skupinovou konverzaci, p\u0159estanete dost\u00e1vat zpr\u00e1vy.<\/li>\n\n\n\n<li>Ostatn\u00ed u\u017eivatel\u00e9 uvid\u00ed, \u017ee jste skupinu opustili.<\/li>\n\n\n\n<li>Pokud se budete cht\u00edt znovu p\u0159ipojit, m\u016f\u017ee b\u00fdt pot\u0159eba souhlas spr\u00e1vce skupiny.<\/li>\n<\/ul>\n\n\n\n<h2 class=\"wp-block-heading is-style-h4\">6. E-mailov\u00e1 upozorn\u011bn\u00ed<\/h2>\n\n\n\n<ul class=\"wp-block-list\">\n<li>D\u00edky funkci E-mailov\u00e1 upozorn\u011bn\u00ed budete m\u00edt p\u0159ehled o do\u0161l\u00fdch zpr\u00e1v\u00e1ch, i kdy\u017e zrovna nejste online.<\/li>\n\n\n\n<li>Jak nastavit upozorn\u011bn\u00ed najdete v <a href=\"https:\/\/o-seznam.cz\/napoveda\/sbazar\/jak-bezpecne-obchodovat\/sbazar-messenger-novy-zpusob-komunikace\/e-mailova-upozorneni-na-zpravy\/\" data-type=\"page\" data-id=\"612\">tomto \u010dl\u00e1nku<\/a>.<\/li>\n<\/ul>\n\n\n\n<p>Sbazar Messenger je navr\u017een tak, aby chr\u00e1nil va\u0161i bezpe\u010dnost a zp\u0159\u00edjemnil va\u0161i komunikaci. Dr\u017ete se ofici\u00e1ln\u00ed platformy Sbazar.cz a nevystavujte se riziku podvodu!<\/p>\n<\/div>\n\n\n\n<p><\/p>\n","protected":false},"excerpt":{"rendered":"<p>Sbazar nov\u011b zav\u00e1d\u00ed messenger, kter\u00fd usnadn\u00ed a zabezpe\u010d\u00ed va\u0161i komunikaci. V\u0161echny zpr\u00e1vy tak budete m\u00edt p\u0159ehledn\u011b na jednom m\u00edst\u011b. Kde najdu messenger? Messenger najdete v horn\u00ed li\u0161t\u011b, kousek od Va\u0161eho profilu. Ikona se zobraz\u00ed ve chv\u00edli, kdy obdr\u017e\u00edte prvn\u00ed zpr\u00e1vu a pot\u00e9 zde z\u016fstane trvale, tak\u017ee svou historii konverzac\u00ed v\u017edy snadno najdete. Pro\u010d pou\u017e\u00edvat Sbazar [&hellip;]<\/p>\n","protected":false},"author":31,"featured_media":0,"parent":348,"menu_order":0,"comment_status":"closed","ping_status":"closed","template":"","meta":{"_acf_changed":false,"_relevanssi_hide_post":"","_relevanssi_hide_content":"","_relevanssi_pin_for_all":"","_relevanssi_pin_keywords":"","_relevanssi_unpin_keywords":"","_relevanssi_related_keywords":"","_relevanssi_related_include_ids":"","_relevanssi_related_exclude_ids":"","_relevanssi_related_no_append":"","_relevanssi_related_not_related":"","_relevanssi_related_posts":"","_relevanssi_noindex_reason":"","footnotes":""},"page_category":[33],"page_tag":[],"service_status_category":[],"class_list":["post-574","page","type-page","status-publish","hentry"],"acf":[],"_links":{"self":[{"href":"https:\/\/o-seznam.cz\/napoveda\/sbazar\/wp-json\/wp\/v2\/pages\/574","targetHints":{"allow":["GET"]}}],"collection":[{"href":"https:\/\/o-seznam.cz\/napoveda\/sbazar\/wp-json\/wp\/v2\/pages"}],"about":[{"href":"https:\/\/o-seznam.cz\/napoveda\/sbazar\/wp-json\/wp\/v2\/types\/page"}],"author":[{"embeddable":true,"href":"https:\/\/o-seznam.cz\/napoveda\/sbazar\/wp-json\/wp\/v2\/users\/31"}],"replies":[{"embeddable":true,"href":"https:\/\/o-seznam.cz\/napoveda\/sbazar\/wp-json\/wp\/v2\/comments?post=574"}],"version-history":[{"count":14,"href":"https:\/\/o-seznam.cz\/napoveda\/sbazar\/wp-json\/wp\/v2\/pages\/574\/revisions"}],"predecessor-version":[{"id":703,"href":"https:\/\/o-seznam.cz\/napoveda\/sbazar\/wp-json\/wp\/v2\/pages\/574\/revisions\/703"}],"up":[{"embeddable":true,"href":"https:\/\/o-seznam.cz\/napoveda\/sbazar\/wp-json\/wp\/v2\/pages\/348"}],"wp:attachment":[{"href":"https:\/\/o-seznam.cz\/napoveda\/sbazar\/wp-json\/wp\/v2\/media?parent=574"}],"wp:term":[{"taxonomy":"page_category","embeddable":true,"href":"https:\/\/o-seznam.cz\/napoveda\/sbazar\/wp-json\/wp\/v2\/page_category?post=574"},{"taxonomy":"page_tag","embeddable":true,"href":"https:\/\/o-seznam.cz\/napoveda\/sbazar\/wp-json\/wp\/v2\/page_tag?post=574"},{"taxonomy":"service_status_category","embeddable":true,"href":"https:\/\/o-seznam.cz\/napoveda\/sbazar\/wp-json\/wp\/v2\/service_status_category?post=574"}],"curies":[{"name":"wp","href":"https:\/\/api.w.org\/{rel}","templated":true}]}}