{"id":50,"date":"2024-10-15T16:48:19","date_gmt":"2024-10-15T14:48:19","guid":{"rendered":"https:\/\/o-seznam.cz\/napoveda\/sbazar\/?page_id=50"},"modified":"2025-04-29T12:29:33","modified_gmt":"2025-04-29T10:29:33","slug":"muj-profil-a-nabidky","status":"publish","type":"page","link":"https:\/\/o-seznam.cz\/napoveda\/sbazar\/jak-inzerovat\/muj-profil-a-nabidky\/","title":{"rendered":"Moje nab\u00eddky"},"content":{"rendered":"\n<div class=\"wp-block-group is-layout-constrained wp-block-group-is-layout-constrained\">\n<p>V sekci <strong>Moje nab\u00eddky<\/strong> naleznete p\u0159ehled Va\u0161ich nab\u00eddek, se kter\u00fdmi m\u016f\u017eete d\u00e1le pracovat a tak\u00e9 mo\u017enost upravit si sv\u016fj profil na Sbazaru.<\/p>\n\n\n\n<h2 class=\"wp-block-heading\"><strong>Po\u010det a p\u0159ehled nab\u00eddek<\/strong><\/h2>\n\n\n\n<figure class=\"wp-block-image size-full\"><img loading=\"lazy\" decoding=\"async\" width=\"568\" height=\"39\" src=\"https:\/\/o-seznam.cz\/napoveda\/sbazar\/wp-content\/uploads\/sites\/19\/2024\/10\/7aa-2.jpg\" alt=\"\" class=\"wp-image-59\" srcset=\"https:\/\/o-seznam.cz\/napoveda\/sbazar\/wp-content\/uploads\/sites\/19\/2024\/10\/7aa-2.jpg 568w, https:\/\/o-seznam.cz\/napoveda\/sbazar\/wp-content\/uploads\/sites\/19\/2024\/10\/7aa-2-320x22.jpg 320w\" sizes=\"auto, (max-width: 568px) 100vw, 568px\" \/><\/figure>\n\n\n\n<div class=\"wp-block-group is-nowrap is-layout-flex wp-container-core-group-is-layout-6c531013 wp-block-group-is-layout-flex\">\n<p class=\"is-style-link-external\">Napravo od nadpisu Kategorie (nad v\u00fdpisem va\u0161ich nab\u00eddek)<strong>&nbsp;<\/strong>vid\u00edte po\u010det&nbsp;sv\u00fdch aktivn\u00edch <strong>inzer\u00e1t\u016f<\/strong>. <br>Po kliknut\u00ed na tla\u010d\u00edtko &#8222;V\u0161e&#8220;, &#8222;Aktivn\u00ed&#8220; nebo &#8222;Neaktivn\u00ed&#8220; vlevo v \u010d\u00e1sti Stav si m\u016f\u017eete zobrazit pouze aktivn\u00ed inzer\u00e1ty, neaktivn\u00ed inzer\u00e1ty anebo v\u0161echny va\u0161e nab\u00eddky. Pokud va\u0161im inzer\u00e1t\u016fm vypr\u0161ela 60 denn\u00ed platnost nebo jste je sami st\u00e1hli z nab\u00eddky, naleznete je pod tla\u010d\u00edtkem &#8222;Neaktivn\u00ed&#8220;.<br>Podle pravidel je povolen\u00e9 m\u00edt na Sbazaru <strong>maxim\u00e1ln\u011b 500 aktivn\u00edch inzer\u00e1t\u016f<\/strong>, pomoc\u00ed t\u00e9to z\u00e1lo\u017eky tedy m\u016f\u017eete snadno sledovat, zda jste nep\u0159es\u00e1hli povolen\u00fd limit.<\/p>\n<\/div>\n\n\n\n<h2 class=\"wp-block-heading\"><strong>Zobrazen\u00ed inzer\u00e1tu<\/strong><\/h2>\n\n\n\n<p>U ka\u017ed\u00e9ho zve\u0159ejn\u011bn\u00e9ho inzer\u00e1tu lze naj\u00edt vlevo dole jeho <strong>celkov\u00fd po\u010det zobrazen\u00ed.<\/strong><br>&nbsp;<\/p>\n\n\n\n<figure class=\"wp-block-image size-full\"><img loading=\"lazy\" decoding=\"async\" width=\"565\" height=\"394\" src=\"https:\/\/o-seznam.cz\/napoveda\/sbazar\/wp-content\/uploads\/sites\/19\/2025\/04\/snimek-obrazovky-2025-04-29-v122855.png\" alt=\"\" class=\"wp-image-557\" srcset=\"https:\/\/o-seznam.cz\/napoveda\/sbazar\/wp-content\/uploads\/sites\/19\/2025\/04\/snimek-obrazovky-2025-04-29-v122855.png 565w, https:\/\/o-seznam.cz\/napoveda\/sbazar\/wp-content\/uploads\/sites\/19\/2025\/04\/snimek-obrazovky-2025-04-29-v122855-320x223.png 320w\" sizes=\"auto, (max-width: 565px) 100vw, 565px\" \/><\/figure>\n\n\n\n<h2 class=\"wp-block-heading\"><strong>Platnost inzer\u00e1tu<\/strong><\/h2>\n\n\n\n<p>Ka\u017ed\u00fd inzer\u00e1t m\u00e1 platnost 60 dn\u016f, b\u011bhem kter\u00fdch se zobrazuje na webu, pokud nedojde k jeho vypnut\u00ed nebo smaz\u00e1n\u00ed. Platnost&nbsp; inzer\u00e1tu m\u00e1te uvedenou v n\u00e1hledu na nab\u00eddku, pod cenou va\u0161eho zbo\u017e\u00ed. Pokud inzer\u00e1tu vypr\u0161ela platnost, najdete jej po dobu dal\u0161\u00edch 60 dn\u00ed v p\u0159ehledu sv\u00fdch neaktivn\u00edch inzer\u00e1t\u016f.<\/p>\n\n\n\n<h2 class=\"wp-block-heading\"><strong>Spr\u00e1va nab\u00eddky<\/strong><\/h2>\n\n\n\n<p>Menu akc\u00ed, kter\u00e9 m\u016f\u017eete prov\u00e9st se sv\u00fdm inzer\u00e1tem, najdete v p\u0159ehledu v\u0161ech nab\u00eddek (v prav\u00e9m horn\u00edm rohu konkr\u00e9tn\u00edho inzer\u00e1tu). Dal\u0161\u00ed akce nab\u00eddky se zobraz\u00ed po kliknut\u00ed na tla\u010d\u00edtko t\u0159\u00ed te\u010dek v prav\u00e9m horn\u00edm rohu nab\u00eddky.&nbsp;Inzer\u00e1ty m\u016f\u017eete pomoc\u00ed t\u011bchto akc\u00ed&nbsp;<strong>upravit, zv\u00fdhodnit (topovat), st\u00e1hnout z prodeje \u010di zve\u0159ejnit, rezervovat \u010di smazat<\/strong>.<\/p>\n\n\n\n<h2 class=\"wp-block-heading\"><strong>Topovat<\/strong><\/h2>\n\n\n\n<p>Topov\u00e1n\u00edm m\u016f\u017eete zv\u00fdhodnit V\u00e1\u0161 inzer\u00e1t. Zv\u00fdhodn\u011bn\u00ed inzer\u00e1tu stoj\u00ed 29 K\u010d za jedno topov\u00e1n\u00ed. Cena za topov\u00e1n\u00ed formou SMS je 39 K\u010d.<\/p>\n\n\n\n<h2 class=\"wp-block-heading is-style-default\"><strong>Upravit inzer\u00e1t (ikonka tu\u017eky)<\/strong><\/h2>\n\n\n\n<p>Po kliknut\u00ed na tuto mo\u017enost se otev\u0159e formul\u00e1\u0159, ve kter\u00e9m m\u016f\u017eete zm\u011bnit libovoln\u00e9 informace v inzer\u00e1tu. Pomoc\u00ed tla\u010d\u00edtka<strong> Zve\u0159ejnit zm\u011bny <\/strong>se zm\u011bny v inzer\u00e1tu ulo\u017e\u00ed.<br>&nbsp;<\/p>\n\n\n\n<div class=\"wp-block-group is-nowrap is-layout-flex wp-container-core-group-is-layout-6c531013 wp-block-group-is-layout-flex\">\n<figure class=\"wp-block-image size-full is-resized\"><img loading=\"lazy\" decoding=\"async\" width=\"850\" height=\"762\" src=\"https:\/\/o-seznam.cz\/napoveda\/sbazar\/wp-content\/uploads\/sites\/19\/2025\/04\/snimek-obrazovky-2025-04-29-v122727.png\" alt=\"\" class=\"wp-image-556\" style=\"width:572px;height:auto\" srcset=\"https:\/\/o-seznam.cz\/napoveda\/sbazar\/wp-content\/uploads\/sites\/19\/2025\/04\/snimek-obrazovky-2025-04-29-v122727.png 850w, https:\/\/o-seznam.cz\/napoveda\/sbazar\/wp-content\/uploads\/sites\/19\/2025\/04\/snimek-obrazovky-2025-04-29-v122727-320x287.png 320w, https:\/\/o-seznam.cz\/napoveda\/sbazar\/wp-content\/uploads\/sites\/19\/2025\/04\/snimek-obrazovky-2025-04-29-v122727-768x688.png 768w\" sizes=\"auto, (max-width: 850px) 100vw, 850px\" \/><\/figure>\n<\/div>\n\n\n\n<h2 class=\"wp-block-heading\"><strong>St\u00e1hnout z prodeje<\/strong>&nbsp;(ikona p\u0159e\u0161krtnut\u00e9ho oka)<\/h2>\n\n\n\n<p>Pokud je inzer\u00e1t aktivn\u00ed, m\u016f\u017eete ho t\u00edmto tla\u010d\u00edtkem vypnout, pot\u00e9 se zobrazovat nebude.<\/p>\n\n\n\n<p><em>Mezi sv\u00fdmi inzer\u00e1ty i nad\u00e1le uvid\u00edte a m\u016f\u017eete ho kdykoliv znovu zapnout nebo si prohl\u00e9dnout informace, kter\u00e9 byly v inzer\u00e1tu uveden\u00e9.<\/em><\/p>\n\n\n\n<h2 class=\"wp-block-heading\"><strong>Zve\u0159ejnit<\/strong><\/h2>\n\n\n\n<p>Pokud va\u0161emu inzer\u00e1tu vypr\u0161ela platnost nebo je vypnut\u00fd, m\u016f\u017eete ho t\u00edmto tla\u010d\u00edtkem op\u011bt zapnout, aby se zobrazoval na webu.<\/p>\n\n\n\n<h2 class=\"wp-block-heading\"><strong>Smazat<\/strong><\/h2>\n\n\n\n<p>Po kliknut\u00ed definitivn\u011b sma\u017eete jak ze str\u00e1nek Sbazar.cz, tak ze str\u00e1nky <strong>Moje nab\u00eddky<\/strong>.<br><br><em>Smaz\u00e1n\u00ed je <strong>nevratn\u00e9<\/strong>, doporu\u010dujeme tedy mazat inzer\u00e1ty pouze v p\u0159\u00edpad\u011b, \u017ee k nim ji\u017e nebudete pot\u0159ebovat p\u0159\u00edstup.  U prodan\u00e9ho zbo\u017e\u00ed tedy a\u017e ve chv\u00edli, kdy byl obchod dokon\u010den a kupuj\u00edc\u00ed v\u00e1m potvrdil, \u017ee je v\u0161e v po\u0159\u00e1dku.<\/em><\/p>\n\n\n\n<p><\/p>\n<\/div>\n","protected":false},"excerpt":{"rendered":"<p>V sekci Moje nab\u00eddky naleznete p\u0159ehled Va\u0161ich nab\u00eddek, se kter\u00fdmi m\u016f\u017eete d\u00e1le pracovat a tak\u00e9 mo\u017enost upravit si sv\u016fj profil na Sbazaru. Po\u010det a p\u0159ehled nab\u00eddek Napravo od nadpisu Kategorie (nad v\u00fdpisem va\u0161ich nab\u00eddek)&nbsp;vid\u00edte po\u010det&nbsp;sv\u00fdch aktivn\u00edch inzer\u00e1t\u016f. Po kliknut\u00ed na tla\u010d\u00edtko &#8222;V\u0161e&#8220;, &#8222;Aktivn\u00ed&#8220; nebo &#8222;Neaktivn\u00ed&#8220; vlevo v \u010d\u00e1sti Stav si m\u016f\u017eete zobrazit pouze aktivn\u00ed inzer\u00e1ty, [&hellip;]<\/p>\n","protected":false},"author":31,"featured_media":0,"parent":341,"menu_order":70,"comment_status":"closed","ping_status":"closed","template":"page-sidemenu","meta":{"_acf_changed":false,"_relevanssi_hide_post":"","_relevanssi_hide_content":"","_relevanssi_pin_for_all":"","_relevanssi_pin_keywords":"","_relevanssi_unpin_keywords":"","_relevanssi_related_keywords":"","_relevanssi_related_include_ids":"","_relevanssi_related_exclude_ids":"","_relevanssi_related_no_append":"","_relevanssi_related_not_related":"","_relevanssi_related_posts":"","_relevanssi_noindex_reason":"","footnotes":""},"page_category":[33],"page_tag":[],"service_status_category":[],"class_list":["post-50","page","type-page","status-publish","hentry"],"acf":[],"_links":{"self":[{"href":"https:\/\/o-seznam.cz\/napoveda\/sbazar\/wp-json\/wp\/v2\/pages\/50","targetHints":{"allow":["GET"]}}],"collection":[{"href":"https:\/\/o-seznam.cz\/napoveda\/sbazar\/wp-json\/wp\/v2\/pages"}],"about":[{"href":"https:\/\/o-seznam.cz\/napoveda\/sbazar\/wp-json\/wp\/v2\/types\/page"}],"author":[{"embeddable":true,"href":"https:\/\/o-seznam.cz\/napoveda\/sbazar\/wp-json\/wp\/v2\/users\/31"}],"replies":[{"embeddable":true,"href":"https:\/\/o-seznam.cz\/napoveda\/sbazar\/wp-json\/wp\/v2\/comments?post=50"}],"version-history":[{"count":20,"href":"https:\/\/o-seznam.cz\/napoveda\/sbazar\/wp-json\/wp\/v2\/pages\/50\/revisions"}],"predecessor-version":[{"id":558,"href":"https:\/\/o-seznam.cz\/napoveda\/sbazar\/wp-json\/wp\/v2\/pages\/50\/revisions\/558"}],"up":[{"embeddable":true,"href":"https:\/\/o-seznam.cz\/napoveda\/sbazar\/wp-json\/wp\/v2\/pages\/341"}],"wp:attachment":[{"href":"https:\/\/o-seznam.cz\/napoveda\/sbazar\/wp-json\/wp\/v2\/media?parent=50"}],"wp:term":[{"taxonomy":"page_category","embeddable":true,"href":"https:\/\/o-seznam.cz\/napoveda\/sbazar\/wp-json\/wp\/v2\/page_category?post=50"},{"taxonomy":"page_tag","embeddable":true,"href":"https:\/\/o-seznam.cz\/napoveda\/sbazar\/wp-json\/wp\/v2\/page_tag?post=50"},{"taxonomy":"service_status_category","embeddable":true,"href":"https:\/\/o-seznam.cz\/napoveda\/sbazar\/wp-json\/wp\/v2\/service_status_category?post=50"}],"curies":[{"name":"wp","href":"https:\/\/api.w.org\/{rel}","templated":true}]}}