{"id":46,"date":"2024-10-15T15:45:08","date_gmt":"2024-10-15T13:45:08","guid":{"rendered":"https:\/\/o-seznam.cz\/napoveda\/sbazar\/?page_id=46"},"modified":"2025-01-27T09:12:05","modified_gmt":"2025-01-27T08:12:05","slug":"jak-smazat-a-vypnout-inzerat","status":"publish","type":"page","link":"https:\/\/o-seznam.cz\/napoveda\/sbazar\/jak-inzerovat\/jak-smazat-a-vypnout-inzerat\/","title":{"rendered":"Jak smazat a vypnout inzer\u00e1t"},"content":{"rendered":"\n<div class=\"wp-block-group is-layout-constrained wp-block-group-is-layout-constrained\">\n<p>Zbo\u017e\u00ed u\u017e jste prodali nebo jedn\u00e1te se z\u00e1jemcem a nechcete, aby se v\u00e1\u0161 inzer\u00e1t d\u00e1le zobrazoval? M\u016f\u017eete ho smazat nebo vypnout. Mo\u017enost\u00ed je rovn\u011b\u017e vyu\u017e\u00edt funkci: <a href=\"https:\/\/o-seznam.cz\/napoveda\/sbazar\/rezervace-produktu-a-sluzeb\/\" data-type=\"page\" data-id=\"193\">&#8222;Rezervov\u00e1no&#8220;.<\/a><\/p>\n\n\n\n<h2 class=\"wp-block-heading\"><strong>Smaz\u00e1n\u00ed inzer\u00e1tu<\/strong><\/h2>\n\n\n\n<div class=\"wp-block-group is-nowrap is-layout-flex wp-container-core-group-is-layout-6c531013 wp-block-group-is-layout-flex\">\n<ul class=\"wp-block-list\">\n<li>P\u0159ihlaste se a klikn\u011bte na sv\u016fj profil v prav\u00e9m horn\u00edm rohu a&nbsp;zvolte mo\u017enost &#8222;Moje nab\u00eddky&#8220;.<\/li>\n\n\n\n<li>Ve v\u00fdpisu va\u0161ich inzer\u00e1t\u016f najd\u011bte inzer\u00e1t, kter\u00fd chcete smazat.<\/li>\n\n\n\n<li>Klikn\u011bte na ikonu t\u0159\u00ed te\u010dek v prav\u00e9m horn\u00edm rohu fotografie inzer\u00e1tu. Zobraz\u00ed se v\u00e1m mo\u017en\u00e9 akce.<\/li>\n\n\n\n<li>Zvolte tla\u010d\u00edtko Smazat s ikonou odpadkov\u00e9ho ko\u0161e.<\/li>\n\n\n\n<li>Vyberte d\u016fvod, pro\u010d chcete inzer\u00e1t z Sbazaru odstranit.<\/li>\n\n\n\n<li>Smazan\u00fd inzer\u00e1t okam\u017eit\u011b zmiz\u00ed z v\u00fdpisu inzer\u00e1t\u016f i ze str\u00e1nky &#8222;Moje inzer\u00e1ty&#8220;.<\/li>\n\n\n\n<li><strong>Smaz\u00e1n\u00ed inzer\u00e1tu je nevratn\u00e9.<\/strong><\/li>\n\n\n\n<li>Smazat inzer\u00e1t doporu\u010dujeme a\u017e ve chv\u00edli, kdy je obchod dokon\u010den a kupuj\u00edc\u00ed v\u00e1m potvrdil, \u017ee zbo\u017e\u00ed v po\u0159\u00e1dku obdr\u017eel, nebo pokud jste si zcela jisti, \u017ee zbo\u017e\u00ed u\u017e nebudete nab\u00edzet.<\/li>\n<\/ul>\n\n\n\n<figure class=\"wp-block-image size-full\"><img loading=\"lazy\" decoding=\"async\" width=\"396\" height=\"527\" src=\"https:\/\/o-seznam.cz\/napoveda\/sbazar\/wp-content\/uploads\/sites\/19\/2024\/10\/5.jpg\" alt=\"\" class=\"wp-image-47\" srcset=\"https:\/\/o-seznam.cz\/napoveda\/sbazar\/wp-content\/uploads\/sites\/19\/2024\/10\/5.jpg 396w, https:\/\/o-seznam.cz\/napoveda\/sbazar\/wp-content\/uploads\/sites\/19\/2024\/10\/5-240x320.jpg 240w\" sizes=\"auto, (max-width: 396px) 100vw, 396px\" \/><\/figure>\n<\/div>\n\n\n\n<h2 class=\"wp-block-heading\"><strong>Vypnut\u00ed inzer\u00e1tu<\/strong><\/h2>\n\n\n\n<ul class=\"wp-block-list\">\n<li>P\u0159ihlaste se a klikn\u011bte na sv\u016fj profil v prav\u00e9m horn\u00edm rohu a klikn\u011bte na&nbsp;&#8222;Moje nab\u00eddky&#8220;.<\/li>\n\n\n\n<li>Ve v\u00fdpisu va\u0161ich inzer\u00e1t\u016f najd\u011bte inzer\u00e1t, kter\u00fd chcete vypnout.<\/li>\n\n\n\n<li>Klikn\u011bte na ikonu t\u0159\u00ed te\u010dek v prav\u00e9m horn\u00edm rohu fotografie inzer\u00e1tu. Zobraz\u00ed se v\u00e1m mo\u017en\u00e9 akce.<\/li>\n\n\n\n<li>Vyberte tla\u010d\u00edtko St\u00e1hnout z prodeje s ikonou p\u0159e\u0161krtnut\u00e9ho oka.<\/li>\n\n\n\n<li>Zvolte d\u016fvod, pro\u010d inzer\u00e1t chcete na Sbazaru vypnout.<\/li>\n\n\n\n<li>Vypnut\u00fd inzer\u00e1t se p\u0159estane zobrazovat ostatn\u00edm u\u017eivatel\u016fm, vy ho ale uvid\u00edte na z\u00e1lo\u017ece&nbsp;&#8222;Moje inzer\u00e1ty &#8211; Neaktivn\u00ed&#8220;.<\/li>\n\n\n\n<li>Kdykoliv pak m\u016f\u017eete vypnut\u00fd inzer\u00e1t smazat nebo znovu zapnout.<\/li>\n\n\n\n<li>Vypnut\u00fd inzer\u00e1t m\u00e1te k dispozici na sv\u00e9m \u00fa\u010dtu po dobu 60 dn\u00ed, pot\u00e9 se zcela a nen\u00e1vratn\u011b odstran\u00ed. Nelze ji\u017e obnovit ani ze strany administr\u00e1tor\u016f slu\u017eby Sbazar.cz. Proto si pe\u010dliv\u011b vypnut\u00e9 inzer\u00e1ty hl\u00eddejte a\u0165 o n\u011b nep\u0159ijdete.<\/li>\n\n\n\n<li>Vypnout inzer\u00e1t doporu\u010dujeme, pokud jedn\u00e1te s v\u00e1\u017en\u00fdm z\u00e1jemcem a nechcete, aby v\u00e1m na inzer\u00e1t odpov\u00eddali dal\u0161\u00ed u\u017eivatel\u00e9, nebo pokud jste zbo\u017e\u00ed odeslali a z\u00e1jemce v\u00e1m zat\u00edm nepotvrdil, \u017ee z\u00e1silku v po\u0159\u00e1dku obdr\u017eel.<\/li>\n<\/ul>\n\n\n\n<p><\/p>\n\n\n\n<p><\/p>\n<\/div>\n","protected":false},"excerpt":{"rendered":"<p>Zbo\u017e\u00ed u\u017e jste prodali nebo jedn\u00e1te se z\u00e1jemcem a nechcete, aby se v\u00e1\u0161 inzer\u00e1t d\u00e1le zobrazoval? M\u016f\u017eete ho smazat nebo vypnout. Mo\u017enost\u00ed je rovn\u011b\u017e vyu\u017e\u00edt funkci: &#8222;Rezervov\u00e1no&#8220;. Smaz\u00e1n\u00ed inzer\u00e1tu Vypnut\u00ed inzer\u00e1tu<\/p>\n","protected":false},"author":31,"featured_media":0,"parent":341,"menu_order":80,"comment_status":"closed","ping_status":"closed","template":"page-sidemenu","meta":{"_acf_changed":false,"_relevanssi_hide_post":"","_relevanssi_hide_content":"","_relevanssi_pin_for_all":"","_relevanssi_pin_keywords":"","_relevanssi_unpin_keywords":"","_relevanssi_related_keywords":"","_relevanssi_related_include_ids":"","_relevanssi_related_exclude_ids":"","_relevanssi_related_no_append":"","_relevanssi_related_not_related":"","_relevanssi_related_posts":"","_relevanssi_noindex_reason":"","footnotes":""},"page_category":[33],"page_tag":[],"service_status_category":[],"class_list":["post-46","page","type-page","status-publish","hentry"],"acf":[],"_links":{"self":[{"href":"https:\/\/o-seznam.cz\/napoveda\/sbazar\/wp-json\/wp\/v2\/pages\/46","targetHints":{"allow":["GET"]}}],"collection":[{"href":"https:\/\/o-seznam.cz\/napoveda\/sbazar\/wp-json\/wp\/v2\/pages"}],"about":[{"href":"https:\/\/o-seznam.cz\/napoveda\/sbazar\/wp-json\/wp\/v2\/types\/page"}],"author":[{"embeddable":true,"href":"https:\/\/o-seznam.cz\/napoveda\/sbazar\/wp-json\/wp\/v2\/users\/31"}],"replies":[{"embeddable":true,"href":"https:\/\/o-seznam.cz\/napoveda\/sbazar\/wp-json\/wp\/v2\/comments?post=46"}],"version-history":[{"count":8,"href":"https:\/\/o-seznam.cz\/napoveda\/sbazar\/wp-json\/wp\/v2\/pages\/46\/revisions"}],"predecessor-version":[{"id":495,"href":"https:\/\/o-seznam.cz\/napoveda\/sbazar\/wp-json\/wp\/v2\/pages\/46\/revisions\/495"}],"up":[{"embeddable":true,"href":"https:\/\/o-seznam.cz\/napoveda\/sbazar\/wp-json\/wp\/v2\/pages\/341"}],"wp:attachment":[{"href":"https:\/\/o-seznam.cz\/napoveda\/sbazar\/wp-json\/wp\/v2\/media?parent=46"}],"wp:term":[{"taxonomy":"page_category","embeddable":true,"href":"https:\/\/o-seznam.cz\/napoveda\/sbazar\/wp-json\/wp\/v2\/page_category?post=46"},{"taxonomy":"page_tag","embeddable":true,"href":"https:\/\/o-seznam.cz\/napoveda\/sbazar\/wp-json\/wp\/v2\/page_tag?post=46"},{"taxonomy":"service_status_category","embeddable":true,"href":"https:\/\/o-seznam.cz\/napoveda\/sbazar\/wp-json\/wp\/v2\/service_status_category?post=46"}],"curies":[{"name":"wp","href":"https:\/\/api.w.org\/{rel}","templated":true}]}}