{"id":37,"date":"2024-10-15T15:05:26","date_gmt":"2024-10-15T13:05:26","guid":{"rendered":"https:\/\/o-seznam.cz\/napoveda\/sbazar\/?page_id=37"},"modified":"2026-01-01T20:47:16","modified_gmt":"2026-01-01T19:47:16","slug":"jak-vlozit-inzerat","status":"publish","type":"page","link":"https:\/\/o-seznam.cz\/napoveda\/sbazar\/jak-inzerovat\/jak-vlozit-inzerat\/","title":{"rendered":"Jak vlo\u017eit inzer\u00e1t"},"content":{"rendered":"\n<div class=\"wp-block-group is-layout-constrained wp-block-group-is-layout-constrained\">\n<h2 class=\"wp-block-heading\"><strong>Co je dobr\u00e9 v\u011bd\u011bt:<\/strong><\/h2>\n\n\n\n<ul class=\"wp-block-list\">\n<li>Inzerce na slu\u017eb\u011b Sbazar.cz a vlo\u017een\u00ed inzer\u00e1tu je zcela&nbsp;<strong>zdarma.<\/strong><\/li>\n\n\n\n<li>Nab\u00eddka se zobrazuje&nbsp;<strong>60 dn\u00ed.<\/strong><\/li>\n\n\n\n<li>Po skon\u010den\u00ed platnosti inzer\u00e1t&nbsp;<strong>obnov\u00edte p\u00e1r kliknut\u00edmi.<\/strong><\/li>\n\n\n\n<li>Pro inzer\u00e1ty plat\u00ed pravidla, jejich\u017e kompletn\u00ed zn\u011bn\u00ed najdete&nbsp;<a href=\"https:\/\/o-seznam.cz\/napoveda\/sbazar\/wp-content\/uploads\/sites\/19\/2024\/10\/pravidla-pro-inzerci-1.pdf\" data-type=\"link\" data-id=\"https:\/\/o-seznam.cz\/napoveda\/sbazar\/wp-content\/uploads\/sites\/19\/2024\/10\/pravidla-pro-inzerci-1.pdf\" target=\"_blank\" rel=\"noreferrer noopener\">zde<\/a>.<\/li>\n\n\n\n<li>Vlo\u017een\u00ed nov\u00e9ho inzer\u00e1tu zah\u00e1j\u00edte kliknut\u00edm na tla\u010d\u00edtko <strong>+ P\u0159idat nab\u00eddku<\/strong> v prav\u00e9m horn\u00edm rohu.<\/li>\n<\/ul>\n\n\n\n<h2 class=\"wp-block-heading\"><strong>Co prod\u00e1v\u00e1te?<\/strong><\/h2>\n\n\n\n<ul class=\"wp-block-list\">\n<li>Aby v\u00e1\u0161 inzer\u00e1t z\u00e1jemci snadno na\u0161li, napi\u0161te<strong>&nbsp;co nejv\u00fdsti\u017en\u011bji<\/strong>, co nab\u00edz\u00edte.<\/li>\n<\/ul>\n\n\n\n<h2 class=\"wp-block-heading\"><strong>Fotografie<\/strong> a video<\/h2>\n\n\n\n<ul class=\"wp-block-list\">\n<li>M\u016f\u017eete vlo\u017eit&nbsp;<strong>a\u017e 20 fotografi\u00ed.<\/strong><\/li>\n\n\n\n<li>Vkl\u00e1dejte fotografie&nbsp;<strong>orientovan\u00e9 na \u0161\u00ed\u0159ku.<\/strong><\/li>\n\n\n\n<li>Minim\u00e1ln\u00ed rozli\u0161en\u00ed fotografi\u00ed a rozm\u011bry mus\u00ed b\u00fdt&nbsp;<strong>800 x 600 px<\/strong>.<\/li>\n\n\n\n<li>V\u0161echny fotografie mus\u00ed b\u00fdt&nbsp;<strong>autentick\u00e9<\/strong>. Nesm\u00ed poch\u00e1zet z internetu a nesm\u00ed b\u00fdt graficky upraven\u00e9 nebo obsahovat loga \u010di vodoznaky.<\/li>\n\n\n\n<li>Pokud se v\u00e1m fotografie nahraj\u00ed v hor\u0161\u00ed kvalit\u011b, zkuste nevkl\u00e1dat fotografie s p\u0159\u00edli\u0161 vysok\u00fdm rozli\u0161en\u00edm.<\/li>\n\n\n\n<li><strong>Pou\u017eit\u00ed ilustra\u010dn\u00edch fotografi\u00ed je zak\u00e1z\u00e1no!<\/strong><\/li>\n\n\n\n<li><strong>K<\/strong>e ka\u017ed\u00e9 nab\u00eddce lze p\u0159idat <strong>jedno video.<\/strong><\/li>\n\n\n\n<li>Doporu\u010den\u00e1 maxim\u00e1ln\u00ed d\u00e9lka videa se pohybuje okolo&nbsp;<strong>30 sekund, orientovan\u00e9 na \u0161\u00ed\u0159ku.<\/strong><\/li>\n\n\n\n<li>Velk\u00e9 soubory videa se m\u016f\u017eou nahr\u00e1vat i n\u011bkolik minut.<\/li>\n\n\n\n<li>Podporujeme t\u00e9m\u011b\u0159 v\u0161echny form\u00e1ty.<\/li>\n<\/ul>\n\n\n\n<figure class=\"wp-block-image size-full\"><img loading=\"lazy\" decoding=\"async\" width=\"1326\" height=\"1186\" src=\"https:\/\/o-seznam.cz\/napoveda\/sbazar\/wp-content\/uploads\/sites\/19\/2024\/11\/snimek-obrazovky-2024-11-07-v52501.png\" alt=\"\" class=\"wp-image-239\" srcset=\"https:\/\/o-seznam.cz\/napoveda\/sbazar\/wp-content\/uploads\/sites\/19\/2024\/11\/snimek-obrazovky-2024-11-07-v52501.png 1326w, https:\/\/o-seznam.cz\/napoveda\/sbazar\/wp-content\/uploads\/sites\/19\/2024\/11\/snimek-obrazovky-2024-11-07-v52501-992x887.png 992w, https:\/\/o-seznam.cz\/napoveda\/sbazar\/wp-content\/uploads\/sites\/19\/2024\/11\/snimek-obrazovky-2024-11-07-v52501-320x286.png 320w, https:\/\/o-seznam.cz\/napoveda\/sbazar\/wp-content\/uploads\/sites\/19\/2024\/11\/snimek-obrazovky-2024-11-07-v52501-768x687.png 768w\" sizes=\"auto, (max-width: 1326px) 100vw, 1326px\" \/><\/figure>\n\n\n\n<h2 class=\"wp-block-heading\"><strong>Popisek<\/strong><\/h2>\n\n\n\n<ul class=\"wp-block-list is-style-default\">\n<li>Konkr\u00e9tn\u011b popi\u0161te zbo\u017e\u00ed, kter\u00e9 nab\u00edz\u00edte, a jeho stav.&nbsp;<\/li>\n\n\n\n<li>Do popisu nepat\u0159\u00ed\u00a0<strong>\u017e\u00e1dn\u00e9 kontaktn\u00ed \u00fadaje ani www odkazy<\/strong>.<\/li>\n<\/ul>\n\n\n\n<h2 class=\"wp-block-heading\">Vyberte kategorii<\/h2>\n\n\n\n<p>Aby v\u00e1\u0161 inzer\u00e1t na\u0161lo co nejv\u00edc z\u00e1jemc\u016f, v\u017edy vyberte co nejp\u0159esn\u011bj\u0161\u00ed kategorii. Na z\u00e1klad\u011b kl\u00ed\u010dov\u00fdch slov v popisu formul\u00e1\u0159 nab\u00eddne kategorii, do kter\u00e9 inzer\u00e1t um\u00edst\u00ed. <br><br><strong>Pokud navrhovan\u00e1 kategorie nevyhovuje, vyberte lep\u0161\u00ed:<\/strong><br>\u00a0<\/p>\n\n\n\n<figure class=\"wp-block-image size-full\"><img loading=\"lazy\" decoding=\"async\" width=\"1072\" height=\"885\" src=\"https:\/\/o-seznam.cz\/napoveda\/sbazar\/wp-content\/uploads\/sites\/19\/2024\/10\/4.jpg\" alt=\"\" class=\"wp-image-42\" srcset=\"https:\/\/o-seznam.cz\/napoveda\/sbazar\/wp-content\/uploads\/sites\/19\/2024\/10\/4.jpg 1072w, https:\/\/o-seznam.cz\/napoveda\/sbazar\/wp-content\/uploads\/sites\/19\/2024\/10\/4-992x819.jpg 992w, https:\/\/o-seznam.cz\/napoveda\/sbazar\/wp-content\/uploads\/sites\/19\/2024\/10\/4-320x264.jpg 320w, https:\/\/o-seznam.cz\/napoveda\/sbazar\/wp-content\/uploads\/sites\/19\/2024\/10\/4-768x634.jpg 768w\" sizes=\"auto, (max-width: 1072px) 100vw, 1072px\" \/><\/figure>\n\n\n\n<ul class=\"wp-block-list\">\n<li>Klikn\u011bte ve formul\u00e1\u0159i na p\u0159edvypln\u011bnou kategorii.<\/li>\n\n\n\n<li>Zobraz\u00ed se v\u00e1m&nbsp;<strong>seznam mo\u017enost\u00ed<\/strong>. Ze seznamu vyberte odpov\u00eddaj\u00edc\u00ed kategorii.<\/li>\n\n\n\n<li>Pokud zde nenach\u00e1z\u00edte vhodnou mo\u017enost, kliknut\u00edm na lupu m\u016f\u017eete vyhledat jinou, nebo zvolit z n\u011bkter\u00fdch zobrazen\u00fdch kategori\u00ed.<\/li>\n\n\n\n<li>V\u017edy je nutn\u00e9 vybrat&nbsp;<strong>koncovou kategorii<\/strong>, tedy takovou, kter\u00e1 se ji\u017e nev\u011btv\u00ed na dal\u0161\u00ed podkategorie.<br>Do kategori\u00ed, kter\u00e9 nejsou koncov\u00e9, inzer\u00e1t vlo\u017eit nelze.<\/li>\n<\/ul>\n\n\n\n<h2 class=\"wp-block-heading\">Cena<\/h2>\n\n\n\n<p>Zadejte cenu, jakou za zbo\u017e\u00ed po\u017eadujete, nebo za\u0161krtn\u011bte n\u011bkterou z textov\u00fdch mo\u017enost\u00ed (dohodou \u010di zdarma).<\/p>\n\n\n\n<h2 class=\"wp-block-heading\"><strong>Lokalita prodeje<\/strong><\/h2>\n\n\n\n<p>Vypl\u0148te, kde si m\u016f\u017ee z\u00e1jemce zbo\u017e\u00ed prohl\u00e9dnout. P\u0159i zad\u00e1v\u00e1n\u00ed inzer\u00e1tu je t\u0159eba zadat m\u011bsto, nebo ulici kde zbo\u017e\u00ed prod\u00e1v\u00e1te. D\u00edky funkci multilokalita m\u016f\u017eete nov\u011b zadat a\u017e t\u0159i adresy najednou. Adresu bydli\u0161t\u011b, adresu pr\u00e1ce, nebo nap\u0159\u00edklad adresu chalupy. <\/p>\n\n\n\n<h2 class=\"wp-block-heading\"><strong>Kontaktn\u00ed informace<\/strong><\/h2>\n\n\n\n<h3 class=\"wp-block-heading\">Telefon<\/h3>\n\n\n\n<p>Nab\u00eddku lze vlo\u017eit pouze <strong>s \u010desk\u00fdm telefonn\u00edm \u010d\u00edslem<\/strong>, kter\u00e9 je v prvn\u00edm inzer\u00e1tu v\u017edy nutn\u00e9 ov\u011b\u0159it pomoc\u00ed k\u00f3du. <\/p>\n\n\n\n<p>Pokud chcete \u010d\u00edslo zobrazit v inzer\u00e1tu, za\u0161krtn\u011bte pol\u00ed\u010dko\u00a0&#8222;<strong>Zobrazit telefon u nab\u00eddky<\/strong>&#8222;.<\/p>\n\n\n\n<h2 class=\"wp-block-heading\">N\u00e1hled nab\u00eddky<\/h2>\n\n\n\n<p>Zde v n\u00e1hledu vid\u00edte, jak bude v\u00e1\u0161 inzer\u00e1t na Sbazaru vypadat. Upravit ho m\u016f\u017eete dle pot\u0159eby je\u0161t\u011b p\u0159ed zve\u0159ejn\u011bn\u00edm.<br><br><strong>Zve\u0159ejnit<\/strong><br>Po kliknut\u00ed na tla\u010d\u00edtko\u00a0<strong>Zve\u0159ejnit<\/strong>\u00a0bude V\u00e1\u0161 inzer\u00e1t \u00fasp\u011b\u0161n\u011b vlo\u017een. Nyn\u00ed ho najdete po rozkliknut\u00ed va\u0161eho profilu v prav\u00e9m horn\u00edm rohu pod mo\u017enost\u00ed\u00a0<strong>Moje nab\u00eddky<\/strong>, kde ho m\u016f\u017eete topovat, upravit, deaktivovat nebo smazat.<\/p>\n<\/div>\n","protected":false},"excerpt":{"rendered":"<p>Co je dobr\u00e9 v\u011bd\u011bt: Co prod\u00e1v\u00e1te? Fotografie a video Popisek Vyberte kategorii Aby v\u00e1\u0161 inzer\u00e1t na\u0161lo co nejv\u00edc z\u00e1jemc\u016f, v\u017edy vyberte co nejp\u0159esn\u011bj\u0161\u00ed kategorii. Na z\u00e1klad\u011b kl\u00ed\u010dov\u00fdch slov v popisu formul\u00e1\u0159 nab\u00eddne kategorii, do kter\u00e9 inzer\u00e1t um\u00edst\u00ed. Pokud navrhovan\u00e1 kategorie nevyhovuje, vyberte lep\u0161\u00ed:\u00a0 Cena Zadejte cenu, jakou za zbo\u017e\u00ed po\u017eadujete, nebo za\u0161krtn\u011bte n\u011bkterou z textov\u00fdch [&hellip;]<\/p>\n","protected":false},"author":31,"featured_media":0,"parent":341,"menu_order":20,"comment_status":"closed","ping_status":"closed","template":"page-sidemenu","meta":{"_acf_changed":false,"_relevanssi_hide_post":"","_relevanssi_hide_content":"","_relevanssi_pin_for_all":"","_relevanssi_pin_keywords":"","_relevanssi_unpin_keywords":"","_relevanssi_related_keywords":"","_relevanssi_related_include_ids":"","_relevanssi_related_exclude_ids":"","_relevanssi_related_no_append":"","_relevanssi_related_not_related":"","_relevanssi_related_posts":"","_relevanssi_noindex_reason":"","footnotes":""},"page_category":[33],"page_tag":[],"service_status_category":[],"class_list":["post-37","page","type-page","status-publish","hentry"],"acf":[],"_links":{"self":[{"href":"https:\/\/o-seznam.cz\/napoveda\/sbazar\/wp-json\/wp\/v2\/pages\/37","targetHints":{"allow":["GET"]}}],"collection":[{"href":"https:\/\/o-seznam.cz\/napoveda\/sbazar\/wp-json\/wp\/v2\/pages"}],"about":[{"href":"https:\/\/o-seznam.cz\/napoveda\/sbazar\/wp-json\/wp\/v2\/types\/page"}],"author":[{"embeddable":true,"href":"https:\/\/o-seznam.cz\/napoveda\/sbazar\/wp-json\/wp\/v2\/users\/31"}],"replies":[{"embeddable":true,"href":"https:\/\/o-seznam.cz\/napoveda\/sbazar\/wp-json\/wp\/v2\/comments?post=37"}],"version-history":[{"count":27,"href":"https:\/\/o-seznam.cz\/napoveda\/sbazar\/wp-json\/wp\/v2\/pages\/37\/revisions"}],"predecessor-version":[{"id":675,"href":"https:\/\/o-seznam.cz\/napoveda\/sbazar\/wp-json\/wp\/v2\/pages\/37\/revisions\/675"}],"up":[{"embeddable":true,"href":"https:\/\/o-seznam.cz\/napoveda\/sbazar\/wp-json\/wp\/v2\/pages\/341"}],"wp:attachment":[{"href":"https:\/\/o-seznam.cz\/napoveda\/sbazar\/wp-json\/wp\/v2\/media?parent=37"}],"wp:term":[{"taxonomy":"page_category","embeddable":true,"href":"https:\/\/o-seznam.cz\/napoveda\/sbazar\/wp-json\/wp\/v2\/page_category?post=37"},{"taxonomy":"page_tag","embeddable":true,"href":"https:\/\/o-seznam.cz\/napoveda\/sbazar\/wp-json\/wp\/v2\/page_tag?post=37"},{"taxonomy":"service_status_category","embeddable":true,"href":"https:\/\/o-seznam.cz\/napoveda\/sbazar\/wp-json\/wp\/v2\/service_status_category?post=37"}],"curies":[{"name":"wp","href":"https:\/\/api.w.org\/{rel}","templated":true}]}}