{"id":346,"date":"2024-12-06T17:30:47","date_gmt":"2024-12-06T16:30:47","guid":{"rendered":"https:\/\/o-seznam.cz\/napoveda\/sbazar\/?page_id=346"},"modified":"2024-12-06T17:40:15","modified_gmt":"2024-12-06T16:40:15","slug":"jak-nakupovat","status":"publish","type":"page","link":"https:\/\/o-seznam.cz\/napoveda\/sbazar\/jak-nakupovat\/","title":{"rendered":"Jak nakupovat"},"content":{"rendered":"<div class=\"wp-block-seznam-list-pages\"><div>\n<div style=\"--seznam-tiles--columns:3\" class=\"wp-block-seznam-tiles has-columns-3\"><div class=\"inner-blocks\">\n<div class=\"block-boxlink\"><a class=\"boxlink boxlink--icon-arrow boxlink--align-y-center px-f8 py-f4\" href=\"https:\/\/o-seznam.cz\/napoveda\/sbazar\/jak-nakupovat\/jak-podat-stiznost-nebo-nahlasit-nevhodny-inzerat\/\"><div class=\"inner-blocks\">Jak podat st\u00ed\u017enost nebo nahl\u00e1sit nevhodn\u00fd inzer\u00e1t?<\/div><\/a><\/div><div class=\"block-boxlink\"><a class=\"boxlink boxlink--icon-arrow boxlink--align-y-center px-f8 py-f4\" href=\"https:\/\/o-seznam.cz\/napoveda\/sbazar\/jak-nakupovat\/ulozena-hledani-2\/\"><div class=\"inner-blocks\">Ulo\u017een\u00e1 hled\u00e1n\u00ed<\/div><\/a><\/div><div class=\"block-boxlink\"><a class=\"boxlink boxlink--icon-arrow boxlink--align-y-center px-f8 py-f4\" href=\"https:\/\/o-seznam.cz\/napoveda\/sbazar\/jak-nakupovat\/na-co-si-dat-pozor-pri-koupi-zvirete\/\"><div class=\"inner-blocks\">Koup\u011b zv\u00ed\u0159ete<\/div><\/a><\/div><div class=\"block-boxlink\"><a class=\"boxlink boxlink--icon-arrow boxlink--align-y-center px-f8 py-f4\" href=\"https:\/\/o-seznam.cz\/napoveda\/sbazar\/jak-nakupovat\/vracene-a-rozbalene-zbozi\/\"><div class=\"inner-blocks\">Vr\u00e1cen\u00e9 zbo\u017e\u00ed<\/div><\/a><\/div><div class=\"block-boxlink\"><a class=\"boxlink boxlink--icon-arrow boxlink--align-y-center px-f8 py-f4\" href=\"https:\/\/o-seznam.cz\/napoveda\/sbazar\/jak-nakupovat\/jak-odpovedet-na-inzerat\/\"><div class=\"inner-blocks\">Odpov\u011b\u010f na inzer\u00e1t<\/div><\/a><\/div><div class=\"block-boxlink\"><a class=\"boxlink boxlink--icon-arrow boxlink--align-y-center px-f8 py-f4\" href=\"https:\/\/o-seznam.cz\/napoveda\/sbazar\/jak-nakupovat\/ulozena-hledani\/\"><div class=\"inner-blocks\">Ulo\u017een\u00e9 nab\u00eddky<\/div><\/a><\/div><\/div><\/div>\n\n<\/div><\/div>\n","protected":false},"excerpt":{"rendered":"","protected":false},"author":12,"featured_media":0,"parent":0,"menu_order":0,"comment_status":"closed","ping_status":"closed","template":"page-sidemenu","meta":{"_acf_changed":false,"_relevanssi_hide_post":"","_relevanssi_hide_content":"","_relevanssi_pin_for_all":"","_relevanssi_pin_keywords":"","_relevanssi_unpin_keywords":"","_relevanssi_related_keywords":"","_relevanssi_related_include_ids":"","_relevanssi_related_exclude_ids":"","_relevanssi_related_no_append":"","_relevanssi_related_not_related":"","_relevanssi_related_posts":"","_relevanssi_noindex_reason":"","footnotes":""},"page_category":[33],"page_tag":[],"service_status_category":[],"class_list":["post-346","page","type-page","status-publish","hentry"],"acf":[],"_links":{"self":[{"href":"https:\/\/o-seznam.cz\/napoveda\/sbazar\/wp-json\/wp\/v2\/pages\/346","targetHints":{"allow":["GET"]}}],"collection":[{"href":"https:\/\/o-seznam.cz\/napoveda\/sbazar\/wp-json\/wp\/v2\/pages"}],"about":[{"href":"https:\/\/o-seznam.cz\/napoveda\/sbazar\/wp-json\/wp\/v2\/types\/page"}],"author":[{"embeddable":true,"href":"https:\/\/o-seznam.cz\/napoveda\/sbazar\/wp-json\/wp\/v2\/users\/12"}],"replies":[{"embeddable":true,"href":"https:\/\/o-seznam.cz\/napoveda\/sbazar\/wp-json\/wp\/v2\/comments?post=346"}],"version-history":[{"count":2,"href":"https:\/\/o-seznam.cz\/napoveda\/sbazar\/wp-json\/wp\/v2\/pages\/346\/revisions"}],"predecessor-version":[{"id":357,"href":"https:\/\/o-seznam.cz\/napoveda\/sbazar\/wp-json\/wp\/v2\/pages\/346\/revisions\/357"}],"wp:attachment":[{"href":"https:\/\/o-seznam.cz\/napoveda\/sbazar\/wp-json\/wp\/v2\/media?parent=346"}],"wp:term":[{"taxonomy":"page_category","embeddable":true,"href":"https:\/\/o-seznam.cz\/napoveda\/sbazar\/wp-json\/wp\/v2\/page_category?post=346"},{"taxonomy":"page_tag","embeddable":true,"href":"https:\/\/o-seznam.cz\/napoveda\/sbazar\/wp-json\/wp\/v2\/page_tag?post=346"},{"taxonomy":"service_status_category","embeddable":true,"href":"https:\/\/o-seznam.cz\/napoveda\/sbazar\/wp-json\/wp\/v2\/service_status_category?post=346"}],"curies":[{"name":"wp","href":"https:\/\/api.w.org\/{rel}","templated":true}]}}