{"id":308,"date":"2024-11-26T09:40:30","date_gmt":"2024-11-26T08:40:30","guid":{"rendered":"https:\/\/o-seznam.cz\/napoveda\/sbazar\/?page_id=308"},"modified":"2026-01-20T15:16:04","modified_gmt":"2026-01-20T14:16:04","slug":"jak-podat-stiznost-nebo-nahlasit-nevhodny-inzerat","status":"publish","type":"page","link":"https:\/\/o-seznam.cz\/napoveda\/sbazar\/jak-nakupovat\/jak-podat-stiznost-nebo-nahlasit-nevhodny-inzerat\/","title":{"rendered":"Jak podat st\u00ed\u017enost nebo nahl\u00e1sit nevhodn\u00fd inzer\u00e1t?"},"content":{"rendered":"\n<p>Z\u00e1le\u017e\u00ed n\u00e1m na tom, aby byla na\u0161e slu\u017eba bezpe\u010dn\u00e1 a d\u016fv\u011bryhodn\u00e1. I kdy\u017e obsah pr\u016fb\u011b\u017en\u011b kontrolujeme, ob\u010das se m\u016f\u017ee st\u00e1t, \u017ee n\u00e1m nekal\u00e9 praktiky nebo nevhodn\u00e9 inzer\u00e1ty \u201eproklouznou\u201c. <br>Budeme proto r\u00e1di, kdy\u017e n\u00e1m takov\u00e9 p\u0159\u00edpady nahl\u00e1s\u00edte \u2014 pom\u016f\u017eete t\u00edm chr\u00e1nit i ostatn\u00ed u\u017eivatele.<\/p>\n\n\n\n<div class=\"wp-block-group is-layout-constrained wp-block-group-is-layout-constrained\">\n<h2 class=\"wp-block-heading\"><strong>Co si p\u0159ipravit, aby bylo mo\u017en\u00e9 st\u00ed\u017enost rychle vy\u0159e\u0161it<\/strong><\/h2>\n\n\n\n<ul class=\"wp-block-list\">\n<li>odkaz na inzer\u00e1t nebo jeho ID<\/li>\n\n\n\n<li>stru\u010dn\u00fd popis situace (nap\u0159. podvodn\u00e9 jedn\u00e1n\u00ed, klamav\u00e9 informace, nevhodn\u00fd obsah)<\/li>\n\n\n\n<li>p\u0159\u00edpadn\u00e9 sn\u00edmky obrazovky, fotografie nebo jin\u00e9 d\u016fkazy<\/li>\n\n\n\n<li>pokud \u0161lo o komunikaci s jin\u00fdm u\u017eivatelem, uve\u010fte \u010das a pr\u016fb\u011bh situace<\/li>\n<\/ul>\n\n\n\n<h2 class=\"wp-block-heading\"><strong>Zp\u016fsoby pod\u00e1n\u00ed st\u00ed\u017enosti<\/strong><\/h2>\n\n\n\n<ol class=\"wp-block-list\"><\/ol>\n\n\n\n<h4 class=\"wp-block-heading\">1. <strong>Napi<\/strong>\u0161<strong>te n\u00e1m p\u0159es integrovan\u00fd chat<\/strong> p\u0159\u00edmo v aplikaci \u010di na webu<\/h4>\n\n\n\n<p>Tento zp\u016fsob je vhodn\u00fd, pokud chcete p\u0159ilo\u017eit p\u0159ipraven\u00e9 podklady (nap\u0159. odkaz na inzer\u00e1t nebo sn\u00edmky obrazovky). <\/p>\n\n\n\n<h5 class=\"wp-block-heading\">Postup<\/h5>\n\n\n\n<ul class=\"wp-block-list\">\n<li>Otev\u0159ete nov\u00fd chat kliknut\u00edm na tento odkaz <a href=\"https:\/\/o-seznam.cz\/napoveda\/sbazar\/#chatbot-open\" target=\"_blank\" rel=\"noreferrer noopener\">P\u0159ej\u00edt na chat<\/a>.<\/li>\n\n\n\n<li>N\u00e1sledujte pokyny<\/li>\n\n\n\n<li>Napi\u0161te, s \u010d\u00edm pot\u0159ebujete pomoci a ode\u0161lete zpr\u00e1vu.<\/li>\n<\/ul>\n\n\n\n<h4 class=\"wp-block-heading\">2. Zavolejte n\u00e1m<\/h4>\n\n\n\n<p>Pokud pot\u0159ebujete \u0159e\u0161it situaci rychle nebo si nejste jisti dal\u0161\u00edm postupem, m\u016f\u017eete n\u00e1s kontaktovat telefonicky na \u010d\u00edsle +420 234 694 430,<br>od 8.00 do 16.30 (po\u2013p\u00e1)<\/p>\n\n\n\n<h2 class=\"wp-block-heading\"><strong>Co bude n\u00e1sledovat<\/strong><\/h2>\n\n\n\n<p>Po p\u0159ijet\u00ed st\u00ed\u017enosti podn\u011bt prov\u011b\u0159\u00edme a podle v\u00fdsledku podnikneme odpov\u00eddaj\u00edc\u00ed kroky, nap\u0159. odstran\u011bn\u00ed inzer\u00e1tu, omezen\u00ed \u00fa\u010dtu nebo dal\u0161\u00ed opat\u0159en\u00ed. V p\u0159\u00edpad\u011b pot\u0159eby v\u00e1s m\u016f\u017eeme kontaktovat s dopl\u0148uj\u00edc\u00edmi dotazy.<\/p>\n<\/div>\n\n\n\n<ol class=\"wp-block-list\"><\/ol>\n","protected":false},"excerpt":{"rendered":"<p>Z\u00e1le\u017e\u00ed n\u00e1m na tom, aby byla na\u0161e slu\u017eba bezpe\u010dn\u00e1 a d\u016fv\u011bryhodn\u00e1. I kdy\u017e obsah pr\u016fb\u011b\u017en\u011b kontrolujeme, ob\u010das se m\u016f\u017ee st\u00e1t, \u017ee n\u00e1m nekal\u00e9 praktiky nebo nevhodn\u00e9 inzer\u00e1ty \u201eproklouznou\u201c. Budeme proto r\u00e1di, kdy\u017e n\u00e1m takov\u00e9 p\u0159\u00edpady nahl\u00e1s\u00edte \u2014 pom\u016f\u017eete t\u00edm chr\u00e1nit i ostatn\u00ed u\u017eivatele. Co si p\u0159ipravit, aby bylo mo\u017en\u00e9 st\u00ed\u017enost rychle vy\u0159e\u0161it Zp\u016fsoby pod\u00e1n\u00ed st\u00ed\u017enosti [&hellip;]<\/p>\n","protected":false},"author":73,"featured_media":0,"parent":346,"menu_order":0,"comment_status":"closed","ping_status":"closed","template":"page-sidemenu","meta":{"_acf_changed":false,"_relevanssi_hide_post":"","_relevanssi_hide_content":"","_relevanssi_pin_for_all":"","_relevanssi_pin_keywords":"","_relevanssi_unpin_keywords":"","_relevanssi_related_keywords":"","_relevanssi_related_include_ids":"","_relevanssi_related_exclude_ids":"","_relevanssi_related_no_append":"","_relevanssi_related_not_related":"","_relevanssi_related_posts":"","_relevanssi_noindex_reason":"","footnotes":""},"page_category":[33],"page_tag":[],"service_status_category":[],"class_list":["post-308","page","type-page","status-publish","hentry"],"acf":[],"_links":{"self":[{"href":"https:\/\/o-seznam.cz\/napoveda\/sbazar\/wp-json\/wp\/v2\/pages\/308","targetHints":{"allow":["GET"]}}],"collection":[{"href":"https:\/\/o-seznam.cz\/napoveda\/sbazar\/wp-json\/wp\/v2\/pages"}],"about":[{"href":"https:\/\/o-seznam.cz\/napoveda\/sbazar\/wp-json\/wp\/v2\/types\/page"}],"author":[{"embeddable":true,"href":"https:\/\/o-seznam.cz\/napoveda\/sbazar\/wp-json\/wp\/v2\/users\/73"}],"replies":[{"embeddable":true,"href":"https:\/\/o-seznam.cz\/napoveda\/sbazar\/wp-json\/wp\/v2\/comments?post=308"}],"version-history":[{"count":7,"href":"https:\/\/o-seznam.cz\/napoveda\/sbazar\/wp-json\/wp\/v2\/pages\/308\/revisions"}],"predecessor-version":[{"id":682,"href":"https:\/\/o-seznam.cz\/napoveda\/sbazar\/wp-json\/wp\/v2\/pages\/308\/revisions\/682"}],"up":[{"embeddable":true,"href":"https:\/\/o-seznam.cz\/napoveda\/sbazar\/wp-json\/wp\/v2\/pages\/346"}],"wp:attachment":[{"href":"https:\/\/o-seznam.cz\/napoveda\/sbazar\/wp-json\/wp\/v2\/media?parent=308"}],"wp:term":[{"taxonomy":"page_category","embeddable":true,"href":"https:\/\/o-seznam.cz\/napoveda\/sbazar\/wp-json\/wp\/v2\/page_category?post=308"},{"taxonomy":"page_tag","embeddable":true,"href":"https:\/\/o-seznam.cz\/napoveda\/sbazar\/wp-json\/wp\/v2\/page_tag?post=308"},{"taxonomy":"service_status_category","embeddable":true,"href":"https:\/\/o-seznam.cz\/napoveda\/sbazar\/wp-json\/wp\/v2\/service_status_category?post=308"}],"curies":[{"name":"wp","href":"https:\/\/api.w.org\/{rel}","templated":true}]}}