{"id":303,"date":"2024-11-25T16:00:51","date_gmt":"2024-11-25T15:00:51","guid":{"rendered":"https:\/\/o-seznam.cz\/napoveda\/sbazar\/?page_id=303"},"modified":"2025-02-24T12:44:19","modified_gmt":"2025-02-24T11:44:19","slug":"nastaveni-uzivatelskeho-uctu","status":"publish","type":"page","link":"https:\/\/o-seznam.cz\/napoveda\/sbazar\/jak-inzerovat\/nastaveni-uzivatelskeho-uctu\/","title":{"rendered":"Nastaven\u00ed u\u017eivatelsk\u00e9ho \u00fa\u010dtu"},"content":{"rendered":"\n<div class=\"wp-block-group is-layout-constrained wp-block-group-is-layout-constrained\">\n<h2 class=\"wp-block-heading\"><strong>Jak se p\u0159esunout do M\u00e9 vizitky?<\/strong><\/h2>\n\n\n\n<p>Vpravo naho\u0159e kliknut\u00edm na ikonku medailonku a volbou <strong>Moje nab\u00eddky<\/strong>. Po kliknut\u00ed na tuto volbu se V\u00e1m zobraz\u00ed str\u00e1nka Va\u0161eho bazaru a v prav\u00e9 horn\u00ed \u010d\u00e1sti tla\u010d\u00edtko <strong>Upravit profil<\/strong>.<\/p>\n\n\n\n<figure class=\"wp-block-image size-full\"><img loading=\"lazy\" decoding=\"async\" width=\"697\" height=\"189\" src=\"https:\/\/o-seznam.cz\/napoveda\/sbazar\/wp-content\/uploads\/sites\/19\/2024\/11\/6.jpg\" alt=\"\" class=\"wp-image-304\" srcset=\"https:\/\/o-seznam.cz\/napoveda\/sbazar\/wp-content\/uploads\/sites\/19\/2024\/11\/6.jpg 697w, https:\/\/o-seznam.cz\/napoveda\/sbazar\/wp-content\/uploads\/sites\/19\/2024\/11\/6-320x87.jpg 320w\" sizes=\"auto, (max-width: 697px) 100vw, 697px\" \/><\/figure>\n\n\n\n<p>Po rozkliknut\u00ed tla\u010d\u00edtka <strong>Upravit profil&nbsp;<\/strong>se v\u00e1m otev\u0159e okno, kde vid\u00edte<strong> jm\u00e9no va\u0161eho baz\u00e1rku<\/strong>, p\u0159\u00edpadn\u011b jeho<strong> popis<\/strong> a <strong>va\u0161e aktivn\u00ed nab\u00eddky<\/strong>.<br><br>Pokud chcete upravit n\u00e1zev va\u0161eho baz\u00e1rku nebo jeho popis,<br>klikn\u011bte do kolonky pod n\u00e1pisem: <strong>N\u00e1zev na Sbazaru<\/strong>.<\/p>\n\n\n\n<p>Dal\u0161\u00edmi mo\u017enostmi je <strong>zm\u011bnit fotku<\/strong>, nebo <strong>skr\u00fdt fotku<\/strong>. Doporu\u010d\u00edme vyplnit i <strong>Informace o prodejci<\/strong>, kde m\u016f\u017eete popsat nejen sebe, ale i sv\u00e9 nab\u00eddky a druh zbo\u017e\u00ed, kter\u00e9 inzerujete.<\/p>\n\n\n\n<p>Mo\u017enost\u00ed je <strong>zm\u011bnit URL inzer\u00e1t\u016f<\/strong>, aby se l\u00e9pe pamatovala, nebo si j\u00ed jednodu\u0161e pojmenovat dle Va\u0161eho vkusu. <\/p>\n\n\n\n<figure class=\"wp-block-image size-full\"><img loading=\"lazy\" decoding=\"async\" width=\"618\" height=\"729\" src=\"https:\/\/o-seznam.cz\/napoveda\/sbazar\/wp-content\/uploads\/sites\/19\/2024\/11\/7.jpg\" alt=\"\" class=\"wp-image-305\" srcset=\"https:\/\/o-seznam.cz\/napoveda\/sbazar\/wp-content\/uploads\/sites\/19\/2024\/11\/7.jpg 618w, https:\/\/o-seznam.cz\/napoveda\/sbazar\/wp-content\/uploads\/sites\/19\/2024\/11\/7-271x320.jpg 271w\" sizes=\"auto, (max-width: 618px) 100vw, 618px\" \/><\/figure>\n<\/div>\n","protected":false},"excerpt":{"rendered":"<p>Jak se p\u0159esunout do M\u00e9 vizitky? Vpravo naho\u0159e kliknut\u00edm na ikonku medailonku a volbou Moje nab\u00eddky. Po kliknut\u00ed na tuto volbu se V\u00e1m zobraz\u00ed str\u00e1nka Va\u0161eho bazaru a v prav\u00e9 horn\u00ed \u010d\u00e1sti tla\u010d\u00edtko Upravit profil. Po rozkliknut\u00ed tla\u010d\u00edtka Upravit profil&nbsp;se v\u00e1m otev\u0159e okno, kde vid\u00edte jm\u00e9no va\u0161eho baz\u00e1rku, p\u0159\u00edpadn\u011b jeho popis a va\u0161e aktivn\u00ed nab\u00eddky. [&hellip;]<\/p>\n","protected":false},"author":31,"featured_media":0,"parent":341,"menu_order":60,"comment_status":"closed","ping_status":"closed","template":"page-sidemenu","meta":{"_acf_changed":false,"_relevanssi_hide_post":"","_relevanssi_hide_content":"","_relevanssi_pin_for_all":"","_relevanssi_pin_keywords":"","_relevanssi_unpin_keywords":"","_relevanssi_related_keywords":"","_relevanssi_related_include_ids":"","_relevanssi_related_exclude_ids":"","_relevanssi_related_no_append":"","_relevanssi_related_not_related":"","_relevanssi_related_posts":"","_relevanssi_noindex_reason":"","footnotes":""},"page_category":[33],"page_tag":[],"service_status_category":[],"class_list":["post-303","page","type-page","status-publish","hentry"],"acf":[],"_links":{"self":[{"href":"https:\/\/o-seznam.cz\/napoveda\/sbazar\/wp-json\/wp\/v2\/pages\/303","targetHints":{"allow":["GET"]}}],"collection":[{"href":"https:\/\/o-seznam.cz\/napoveda\/sbazar\/wp-json\/wp\/v2\/pages"}],"about":[{"href":"https:\/\/o-seznam.cz\/napoveda\/sbazar\/wp-json\/wp\/v2\/types\/page"}],"author":[{"embeddable":true,"href":"https:\/\/o-seznam.cz\/napoveda\/sbazar\/wp-json\/wp\/v2\/users\/31"}],"replies":[{"embeddable":true,"href":"https:\/\/o-seznam.cz\/napoveda\/sbazar\/wp-json\/wp\/v2\/comments?post=303"}],"version-history":[{"count":4,"href":"https:\/\/o-seznam.cz\/napoveda\/sbazar\/wp-json\/wp\/v2\/pages\/303\/revisions"}],"predecessor-version":[{"id":512,"href":"https:\/\/o-seznam.cz\/napoveda\/sbazar\/wp-json\/wp\/v2\/pages\/303\/revisions\/512"}],"up":[{"embeddable":true,"href":"https:\/\/o-seznam.cz\/napoveda\/sbazar\/wp-json\/wp\/v2\/pages\/341"}],"wp:attachment":[{"href":"https:\/\/o-seznam.cz\/napoveda\/sbazar\/wp-json\/wp\/v2\/media?parent=303"}],"wp:term":[{"taxonomy":"page_category","embeddable":true,"href":"https:\/\/o-seznam.cz\/napoveda\/sbazar\/wp-json\/wp\/v2\/page_category?post=303"},{"taxonomy":"page_tag","embeddable":true,"href":"https:\/\/o-seznam.cz\/napoveda\/sbazar\/wp-json\/wp\/v2\/page_tag?post=303"},{"taxonomy":"service_status_category","embeddable":true,"href":"https:\/\/o-seznam.cz\/napoveda\/sbazar\/wp-json\/wp\/v2\/service_status_category?post=303"}],"curies":[{"name":"wp","href":"https:\/\/api.w.org\/{rel}","templated":true}]}}