{"id":289,"date":"2024-11-25T13:56:39","date_gmt":"2024-11-25T12:56:39","guid":{"rendered":"https:\/\/o-seznam.cz\/napoveda\/sbazar\/?page_id=289"},"modified":"2025-11-30T17:24:22","modified_gmt":"2025-11-30T16:24:22","slug":"ulozena-hledani-2","status":"publish","type":"page","link":"https:\/\/o-seznam.cz\/napoveda\/sbazar\/jak-nakupovat\/ulozena-hledani-2\/","title":{"rendered":"Ulo\u017een\u00e1 hled\u00e1n\u00ed"},"content":{"rendered":"\n<div class=\"wp-block-group is-layout-constrained wp-block-group-is-layout-constrained\">\n<p>Ulo\u017een\u00e1 hled\u00e1n\u00ed v\u00e1m umo\u017en\u00ed sledovat nov\u00e9 nab\u00eddky, kter\u00e9 odpov\u00eddaj\u00ed tomu, co hled\u00e1te. <br>Tak\u00e9 si m\u016f\u017eete nechat pos\u00edlat <strong>ozn\u00e1men\u00ed na e-mail<\/strong> v\u017edy, jakmile se objev\u00ed nov\u00e1 nab\u00eddka podle va\u0161ich krit\u00e9ri\u00ed.<\/p>\n\n\n\n<div class=\"wp-block-group is-layout-constrained wp-block-group-is-layout-constrained\">\n<h2 class=\"wp-block-heading\">Jak ulo\u017eit hled\u00e1n\u00ed<\/h2>\n\n\n\n<ol class=\"wp-block-list\">\n<li>P\u0159ihlaste se na Sbazar.cz e-mailem, na kter\u00fd chcete upozorn\u011bn\u00ed dost\u00e1vat.<\/li>\n\n\n\n<li>Vyhledejte polo\u017eku podle parametr\u016f, kter\u00e9 v\u00e1s zaj\u00edmaj\u00ed (nap\u0159. kategorie, cena, lokalita).<\/li>\n\n\n\n<li>U v\u00fdsledk\u016f vyhled\u00e1v\u00e1n\u00ed klikn\u011bte naho\u0159e na&nbsp;<strong>\u201eUlo\u017eit hled\u00e1n\u00ed\u201c<\/strong>&nbsp;(ikona vlaje\u010dky).<\/li>\n\n\n\n<li>Otev\u0159e se okno, ve kter\u00e9m m\u016f\u017eete vybrat dal\u0161\u00ed parametry a nastavit zp\u016fsob upozorn\u011bn\u00ed.<\/li>\n<\/ol>\n<\/div>\n\n\n\n<p>M\u016f\u017eete upravit nap\u0159\u00edklad:<\/p>\n\n\n\n<ul class=\"wp-block-list\">\n<li>lokalitu,<\/li>\n\n\n\n<li>cenov\u00e9 rozmez\u00ed,<\/li>\n\n\n\n<li>zda se maj\u00ed zobrazovat nab\u00eddky zdarma nebo s cenou \u201cdohodou\u201d.<\/li>\n<\/ul>\n\n\n\n<ul class=\"wp-block-list\">\n<li><\/li>\n<\/ul>\n\n\n\n<div class=\"wp-block-group is-layout-constrained wp-block-group-is-layout-constrained\">\n<h2 class=\"wp-block-heading\"><strong>Nastaven\u00ed upozorn\u011bn\u00ed<\/strong> na e-mail<\/h2>\n\n\n\n<p>V r\u00e1mci ukl\u00e1d\u00e1n\u00ed hled\u00e1n\u00ed si m\u016f\u017eete zvolit, jak \u010dasto chcete dost\u00e1vat upozorn\u011bn\u00ed na nov\u00e9 inzer\u00e1ty:<\/p>\n\n\n\n<ul class=\"wp-block-list\">\n<li><strong>Ihned (ka\u017edou hodinu)<\/strong>&nbsp;\u2013 po\u0161leme e-mail, pokud p\u0159ibude nov\u00fd inzer\u00e1t odpov\u00eddaj\u00edc\u00ed va\u0161emu hled\u00e1n\u00ed.<\/li>\n\n\n\n<li><strong>Jednou denn\u011b (v 18:00)<\/strong>&nbsp;\u2013 dostanete souhrnn\u00fd e-mail s nov\u00fdmi nab\u00eddkami.<\/li>\n\n\n\n<li><strong>Nezas\u00edlat<\/strong>&nbsp;\u2013 hled\u00e1n\u00ed se ulo\u017e\u00ed, ale upozorn\u011bn\u00ed e-mailem chodit nebudou.<\/li>\n<\/ul>\n<\/div>\n\n\n\n<p>Nastaven\u00ed upozorn\u011bn\u00ed lze kdykoliv zm\u011bnit v ulo\u017een\u00e9m hled\u00e1n\u00ed.<\/p>\n\n\n\n<figure class=\"wp-block-image size-full is-resized\"><img loading=\"lazy\" decoding=\"async\" width=\"400\" height=\"522\" src=\"https:\/\/o-seznam.cz\/napoveda\/sbazar\/wp-content\/uploads\/sites\/19\/2025\/11\/snimek-obrazovky-2025-11-29-v142637-2.png\" alt=\"\" class=\"wp-image-640\" style=\"width:400px\" srcset=\"https:\/\/o-seznam.cz\/napoveda\/sbazar\/wp-content\/uploads\/sites\/19\/2025\/11\/snimek-obrazovky-2025-11-29-v142637-2.png 400w, https:\/\/o-seznam.cz\/napoveda\/sbazar\/wp-content\/uploads\/sites\/19\/2025\/11\/snimek-obrazovky-2025-11-29-v142637-2-245x320.png 245w\" sizes=\"auto, (max-width: 400px) 100vw, 400px\" \/><\/figure>\n\n\n\n<div class=\"wp-block-group is-layout-constrained wp-block-group-is-layout-constrained\">\n<h2 class=\"wp-block-heading\">Kde ulo\u017een\u00e1 hled\u00e1n\u00ed najdete<\/h2>\n\n\n\n<p>Ulo\u017een\u00e1 hled\u00e1n\u00ed se zobraz\u00ed jen tehdy, kdy\u017e jste p\u0159ihl\u00e1\u0161en\u00ed&nbsp;<strong>stejn\u00fdm<\/strong>&nbsp;e-mailem, pod kter\u00fdm jste si je vytvo\u0159ili.<\/p>\n\n\n\n<ol class=\"wp-block-list\">\n<li>P\u0159ihlaste se na Sbazar.cz.<\/li>\n\n\n\n<li>Klikn\u011bte na ikonku va\u0161eho profilu.<\/li>\n\n\n\n<li>V nab\u00eddce zvolte&nbsp;<strong>\u201eUlo\u017een\u00e1 hled\u00e1n\u00ed\u201c<\/strong>.<\/li>\n<\/ol>\n<\/div>\n\n\n\n<figure class=\"wp-block-image size-full is-resized\"><img loading=\"lazy\" decoding=\"async\" width=\"884\" height=\"414\" src=\"https:\/\/o-seznam.cz\/napoveda\/sbazar\/wp-content\/uploads\/sites\/19\/2025\/11\/draft-vypis.jpg\" alt=\"\" class=\"wp-image-632\" style=\"width:684px;height:auto\" srcset=\"https:\/\/o-seznam.cz\/napoveda\/sbazar\/wp-content\/uploads\/sites\/19\/2025\/11\/draft-vypis.jpg 884w, https:\/\/o-seznam.cz\/napoveda\/sbazar\/wp-content\/uploads\/sites\/19\/2025\/11\/draft-vypis-320x150.jpg 320w, https:\/\/o-seznam.cz\/napoveda\/sbazar\/wp-content\/uploads\/sites\/19\/2025\/11\/draft-vypis-768x360.jpg 768w\" sizes=\"auto, (max-width: 884px) 100vw, 884px\" \/><\/figure>\n<\/div>\n\n\n\n<div class=\"wp-block-group is-layout-constrained wp-block-group-is-layout-constrained\">\n<h2 class=\"wp-block-heading\">Jak upravit nebo smazat ulo\u017een\u00e9 hled\u00e1n\u00ed<\/h2>\n\n\n\n<ol class=\"wp-block-list\">\n<li>Otev\u0159ete si&nbsp;<strong>Ulo\u017een\u00e1 hled\u00e1n\u00ed<\/strong>.<\/li>\n\n\n\n<li>U konkr\u00e9tn\u00edho hled\u00e1n\u00ed klikn\u011bte na ikonu&nbsp;<strong>tu\u017eky<\/strong>.<\/li>\n\n\n\n<li>M\u016f\u017eete zvolit:\n<ul class=\"wp-block-list\">\n<li><strong>Upravit hled\u00e1n\u00ed<\/strong>&nbsp;\u2013 zm\u011bn\u00edte parametry nebo zp\u016fsob zas\u00edl\u00e1n\u00ed upozorn\u011bn\u00ed.<\/li>\n\n\n\n<li><strong>Smazat<\/strong>&nbsp;\u2013 hled\u00e1n\u00ed trvale odstran\u00edte.<\/li>\n<\/ul>\n<\/li>\n<\/ol>\n<\/div>\n","protected":false},"excerpt":{"rendered":"<p>Ulo\u017een\u00e1 hled\u00e1n\u00ed v\u00e1m umo\u017en\u00ed sledovat nov\u00e9 nab\u00eddky, kter\u00e9 odpov\u00eddaj\u00ed tomu, co hled\u00e1te. Tak\u00e9 si m\u016f\u017eete nechat pos\u00edlat ozn\u00e1men\u00ed na e-mail v\u017edy, jakmile se objev\u00ed nov\u00e1 nab\u00eddka podle va\u0161ich krit\u00e9ri\u00ed. Jak ulo\u017eit hled\u00e1n\u00ed M\u016f\u017eete upravit nap\u0159\u00edklad: Nastaven\u00ed upozorn\u011bn\u00ed na e-mail V r\u00e1mci ukl\u00e1d\u00e1n\u00ed hled\u00e1n\u00ed si m\u016f\u017eete zvolit, jak \u010dasto chcete dost\u00e1vat upozorn\u011bn\u00ed na nov\u00e9 inzer\u00e1ty: Nastaven\u00ed [&hellip;]<\/p>\n","protected":false},"author":73,"featured_media":0,"parent":346,"menu_order":0,"comment_status":"closed","ping_status":"closed","template":"page-sidemenu","meta":{"_acf_changed":false,"_relevanssi_hide_post":"","_relevanssi_hide_content":"","_relevanssi_pin_for_all":"","_relevanssi_pin_keywords":"","_relevanssi_unpin_keywords":"","_relevanssi_related_keywords":"","_relevanssi_related_include_ids":"","_relevanssi_related_exclude_ids":"","_relevanssi_related_no_append":"","_relevanssi_related_not_related":"","_relevanssi_related_posts":"","_relevanssi_noindex_reason":"","footnotes":""},"page_category":[33],"page_tag":[],"service_status_category":[],"class_list":["post-289","page","type-page","status-publish","hentry"],"acf":[],"_links":{"self":[{"href":"https:\/\/o-seznam.cz\/napoveda\/sbazar\/wp-json\/wp\/v2\/pages\/289","targetHints":{"allow":["GET"]}}],"collection":[{"href":"https:\/\/o-seznam.cz\/napoveda\/sbazar\/wp-json\/wp\/v2\/pages"}],"about":[{"href":"https:\/\/o-seznam.cz\/napoveda\/sbazar\/wp-json\/wp\/v2\/types\/page"}],"author":[{"embeddable":true,"href":"https:\/\/o-seznam.cz\/napoveda\/sbazar\/wp-json\/wp\/v2\/users\/73"}],"replies":[{"embeddable":true,"href":"https:\/\/o-seznam.cz\/napoveda\/sbazar\/wp-json\/wp\/v2\/comments?post=289"}],"version-history":[{"count":11,"href":"https:\/\/o-seznam.cz\/napoveda\/sbazar\/wp-json\/wp\/v2\/pages\/289\/revisions"}],"predecessor-version":[{"id":641,"href":"https:\/\/o-seznam.cz\/napoveda\/sbazar\/wp-json\/wp\/v2\/pages\/289\/revisions\/641"}],"up":[{"embeddable":true,"href":"https:\/\/o-seznam.cz\/napoveda\/sbazar\/wp-json\/wp\/v2\/pages\/346"}],"wp:attachment":[{"href":"https:\/\/o-seznam.cz\/napoveda\/sbazar\/wp-json\/wp\/v2\/media?parent=289"}],"wp:term":[{"taxonomy":"page_category","embeddable":true,"href":"https:\/\/o-seznam.cz\/napoveda\/sbazar\/wp-json\/wp\/v2\/page_category?post=289"},{"taxonomy":"page_tag","embeddable":true,"href":"https:\/\/o-seznam.cz\/napoveda\/sbazar\/wp-json\/wp\/v2\/page_tag?post=289"},{"taxonomy":"service_status_category","embeddable":true,"href":"https:\/\/o-seznam.cz\/napoveda\/sbazar\/wp-json\/wp\/v2\/service_status_category?post=289"}],"curies":[{"name":"wp","href":"https:\/\/api.w.org\/{rel}","templated":true}]}}