{"id":193,"date":"2024-10-22T16:08:13","date_gmt":"2024-10-22T14:08:13","guid":{"rendered":"https:\/\/o-seznam.cz\/napoveda\/sbazar\/?page_id=193"},"modified":"2024-12-09T10:03:24","modified_gmt":"2024-12-09T09:03:24","slug":"rezervace-produktu-a-sluzeb","status":"publish","type":"page","link":"https:\/\/o-seznam.cz\/napoveda\/sbazar\/jak-inzerovat\/rezervace-produktu-a-sluzeb\/","title":{"rendered":"Rezervace nab\u00eddky"},"content":{"rendered":"\n<div class=\"wp-block-group is-layout-constrained wp-block-group-is-layout-constrained\">\n<p>V&nbsp;pr\u016fb\u011bhu obchodu je mo\u017en\u00e9, \u017ee budete ve spojen\u00ed se z\u00e1jemcem a chcete ostatn\u00edm potenic\u00e1ln\u00edm kupuj\u00edc\u00edm sd\u011blit informaci, \u017ee je zbo\u017e\u00ed v&nbsp;rezervaci. Nov\u011b tak m\u016f\u017eete vyu\u017e\u00edt funkci: \u201eRezervov\u00e1no\u201c.<\/p>\n\n\n\n<h2 class=\"wp-block-heading\">Jak ozna\u010dit Va\u0161e zbo\u017e\u00ed za rezervovan\u00e9?<\/h2>\n\n\n\n<ol class=\"wp-block-list\">\n<li>V&nbsp;sekci M\u016fj bazar naje\u010fte my\u0161\u00ed na fotografii V\u00e1mi inzerovan\u00e9ho zbo\u017e\u00ed.<\/li>\n\n\n\n<li>V&nbsp;prav\u00e9m horn\u00edm rohu se zobraz\u00ed li\u0161ta s&nbsp;t\u0159emi ikonkami. Je pot\u0159eba kliknout na ikonku t\u0159\u00ed te\u010dek.<\/li>\n\n\n\n<li>Volbu \u201eRezervovat\u201c vid\u00edte jako prvn\u00ed mo\u017enost.<\/li>\n\n\n\n<li>Po kliknut\u00ed se ozna\u010d\u00ed inzer\u00e1t jako rezervovan\u00fd a v&nbsp;lev\u00e9 spodn\u00ed \u010d\u00e1sti fotografie p\u0159ibude znak: \u201eRezervov\u00e1no\u201c.<\/li>\n\n\n\n<li>Pokud si budete p\u0159\u00e1t odebrat rezervaci je postup stejn\u00fd. Po rozkliknut\u00ed t\u0159\u00ed te\u010dek uvid\u00edte informaci: \u201eOdebrat rezervaci\u201c.<\/li>\n<\/ol>\n\n\n\n<figure class=\"wp-block-gallery has-nested-images columns-default is-cropped wp-block-gallery-1 is-layout-flex wp-block-gallery-is-layout-flex\">\n<figure class=\"wp-block-image size-large\"><img loading=\"lazy\" decoding=\"async\" width=\"1491\" height=\"622\" data-id=\"196\" src=\"https:\/\/o-seznam.cz\/napoveda\/sbazar\/wp-content\/uploads\/sites\/19\/2024\/10\/1-5.jpg\" alt=\"\" class=\"wp-image-196\" srcset=\"https:\/\/o-seznam.cz\/napoveda\/sbazar\/wp-content\/uploads\/sites\/19\/2024\/10\/1-5.jpg 1491w, https:\/\/o-seznam.cz\/napoveda\/sbazar\/wp-content\/uploads\/sites\/19\/2024\/10\/1-5-992x414.jpg 992w, https:\/\/o-seznam.cz\/napoveda\/sbazar\/wp-content\/uploads\/sites\/19\/2024\/10\/1-5-320x133.jpg 320w, https:\/\/o-seznam.cz\/napoveda\/sbazar\/wp-content\/uploads\/sites\/19\/2024\/10\/1-5-768x320.jpg 768w\" sizes=\"auto, (max-width: 1491px) 100vw, 1491px\" \/><\/figure>\n<\/figure>\n\n\n\n<figure class=\"wp-block-image size-full\"><img loading=\"lazy\" decoding=\"async\" width=\"1491\" height=\"622\" src=\"https:\/\/o-seznam.cz\/napoveda\/sbazar\/wp-content\/uploads\/sites\/19\/2024\/10\/2-7.jpg\" alt=\"\" class=\"wp-image-198\" srcset=\"https:\/\/o-seznam.cz\/napoveda\/sbazar\/wp-content\/uploads\/sites\/19\/2024\/10\/2-7.jpg 1491w, https:\/\/o-seznam.cz\/napoveda\/sbazar\/wp-content\/uploads\/sites\/19\/2024\/10\/2-7-992x414.jpg 992w, https:\/\/o-seznam.cz\/napoveda\/sbazar\/wp-content\/uploads\/sites\/19\/2024\/10\/2-7-320x133.jpg 320w, https:\/\/o-seznam.cz\/napoveda\/sbazar\/wp-content\/uploads\/sites\/19\/2024\/10\/2-7-768x320.jpg 768w\" sizes=\"auto, (max-width: 1491px) 100vw, 1491px\" \/><\/figure>\n<\/div>\n","protected":false},"excerpt":{"rendered":"<p>V&nbsp;pr\u016fb\u011bhu obchodu je mo\u017en\u00e9, \u017ee budete ve spojen\u00ed se z\u00e1jemcem a chcete ostatn\u00edm potenic\u00e1ln\u00edm kupuj\u00edc\u00edm sd\u011blit informaci, \u017ee je zbo\u017e\u00ed v&nbsp;rezervaci. Nov\u011b tak m\u016f\u017eete vyu\u017e\u00edt funkci: \u201eRezervov\u00e1no\u201c. Jak ozna\u010dit Va\u0161e zbo\u017e\u00ed za rezervovan\u00e9?<\/p>\n","protected":false},"author":31,"featured_media":0,"parent":341,"menu_order":40,"comment_status":"closed","ping_status":"closed","template":"page-sidemenu","meta":{"_acf_changed":false,"_relevanssi_hide_post":"","_relevanssi_hide_content":"","_relevanssi_pin_for_all":"","_relevanssi_pin_keywords":"","_relevanssi_unpin_keywords":"","_relevanssi_related_keywords":"","_relevanssi_related_include_ids":"","_relevanssi_related_exclude_ids":"","_relevanssi_related_no_append":"","_relevanssi_related_not_related":"","_relevanssi_related_posts":"","_relevanssi_noindex_reason":"","footnotes":""},"page_category":[33],"page_tag":[],"service_status_category":[],"class_list":["post-193","page","type-page","status-publish","hentry"],"acf":[],"_links":{"self":[{"href":"https:\/\/o-seznam.cz\/napoveda\/sbazar\/wp-json\/wp\/v2\/pages\/193","targetHints":{"allow":["GET"]}}],"collection":[{"href":"https:\/\/o-seznam.cz\/napoveda\/sbazar\/wp-json\/wp\/v2\/pages"}],"about":[{"href":"https:\/\/o-seznam.cz\/napoveda\/sbazar\/wp-json\/wp\/v2\/types\/page"}],"author":[{"embeddable":true,"href":"https:\/\/o-seznam.cz\/napoveda\/sbazar\/wp-json\/wp\/v2\/users\/31"}],"replies":[{"embeddable":true,"href":"https:\/\/o-seznam.cz\/napoveda\/sbazar\/wp-json\/wp\/v2\/comments?post=193"}],"version-history":[{"count":4,"href":"https:\/\/o-seznam.cz\/napoveda\/sbazar\/wp-json\/wp\/v2\/pages\/193\/revisions"}],"predecessor-version":[{"id":386,"href":"https:\/\/o-seznam.cz\/napoveda\/sbazar\/wp-json\/wp\/v2\/pages\/193\/revisions\/386"}],"up":[{"embeddable":true,"href":"https:\/\/o-seznam.cz\/napoveda\/sbazar\/wp-json\/wp\/v2\/pages\/341"}],"wp:attachment":[{"href":"https:\/\/o-seznam.cz\/napoveda\/sbazar\/wp-json\/wp\/v2\/media?parent=193"}],"wp:term":[{"taxonomy":"page_category","embeddable":true,"href":"https:\/\/o-seznam.cz\/napoveda\/sbazar\/wp-json\/wp\/v2\/page_category?post=193"},{"taxonomy":"page_tag","embeddable":true,"href":"https:\/\/o-seznam.cz\/napoveda\/sbazar\/wp-json\/wp\/v2\/page_tag?post=193"},{"taxonomy":"service_status_category","embeddable":true,"href":"https:\/\/o-seznam.cz\/napoveda\/sbazar\/wp-json\/wp\/v2\/service_status_category?post=193"}],"curies":[{"name":"wp","href":"https:\/\/api.w.org\/{rel}","templated":true}]}}