{"id":180,"date":"2024-10-22T15:00:13","date_gmt":"2024-10-22T13:00:13","guid":{"rendered":"https:\/\/o-seznam.cz\/napoveda\/sbazar\/?page_id=180"},"modified":"2024-12-09T10:49:31","modified_gmt":"2024-12-09T09:49:31","slug":"hromadne-akce","status":"publish","type":"page","link":"https:\/\/o-seznam.cz\/napoveda\/sbazar\/jak-inzerovat\/hromadne-akce\/","title":{"rendered":"Hromadn\u00e9 akce"},"content":{"rendered":"\n<div class=\"wp-block-group is-layout-constrained wp-block-group-is-layout-constrained\">\n<p>Hromadn\u00e9 akce slou\u017e\u00ed k&nbsp;pohodln\u00e9mu ozna\u010den\u00ed v\u00edce polo\u017eek v&nbsp;sekci: \u201eM\u016fj bazar\u201c.<\/p>\n\n\n\n<p>Pokud chcete ozna\u010dit a t\u00edm spravovat v\u00edce nab\u00eddek, je mo\u017en\u00e9 vyu\u017e\u00edt dv\u011b volby: \u201eVybrat v\u0161e\u201c, nebo jednotliv\u011b ozna\u010dit konkr\u00e9tn\u00ed inzer\u00e1ty.<\/p>\n\n\n\n<p>Tato volba m\u016f\u017ee b\u00fdt u\u017eite\u010dn\u00e1, pokud chcete najednou aktivovat, st\u00e1hnout z prodeje, nebo smazat v\u00edce inzer\u00e1t\u016f. Pro zaktivov\u00e1n\u00ed hromadn\u00e9ho po\u010dtu inzer\u00e1t\u016f je t\u0159eba p\u0159ekliknout do sekce: \u201eNeaktivn\u00ed\u201c.<\/p>\n\n\n\n<ol class=\"wp-block-list\">\n<li>V&nbsp;sekci: M\u016fj bazar zvolte volbu: \u201eVybrat nab\u00eddky\u201c<\/li>\n\n\n\n<li>N\u00e1sledn\u011b m\u016f\u017eete zvolit tla\u010d\u00edtko: \u201eVybrat v\u0161e\u201c, nebo jednotliv\u011b ozna\u010dit konkr\u00e9tn\u00ed inzer\u00e1ty.<\/li>\n\n\n\n<li>Pot\u00e9 m\u00e1te mo\u017enost na li\u0161t\u011b v&nbsp;prav\u00e9 doln\u00ed \u010d\u00e1sti vybrat, jestli chcete inzer\u00e1ty st\u00e1hnout z&nbsp;prodeje, nebo smazat. V p\u0159\u00edpad\u011b neaktivn\u00edch inzer\u00e1t\u016f m\u00e1te mo\u017enost je zve\u0159ejnit, nebo smazat.<\/li>\n\n\n\n<li>Po kliknut\u00ed na tla\u010d\u00edtko se provede po\u017eadovan\u00e1 akce.<\/li>\n<\/ol>\n\n\n\n<figure class=\"wp-block-gallery has-nested-images columns-default is-cropped wp-block-gallery-1 is-layout-flex wp-block-gallery-is-layout-flex\">\n<figure class=\"wp-block-image size-large\"><img loading=\"lazy\" decoding=\"async\" width=\"1417\" height=\"601\" data-id=\"187\" src=\"https:\/\/o-seznam.cz\/napoveda\/sbazar\/wp-content\/uploads\/sites\/19\/2024\/10\/1-3.jpg\" alt=\"\" class=\"wp-image-187\" srcset=\"https:\/\/o-seznam.cz\/napoveda\/sbazar\/wp-content\/uploads\/sites\/19\/2024\/10\/1-3.jpg 1417w, https:\/\/o-seznam.cz\/napoveda\/sbazar\/wp-content\/uploads\/sites\/19\/2024\/10\/1-3-992x421.jpg 992w, https:\/\/o-seznam.cz\/napoveda\/sbazar\/wp-content\/uploads\/sites\/19\/2024\/10\/1-3-320x136.jpg 320w, https:\/\/o-seznam.cz\/napoveda\/sbazar\/wp-content\/uploads\/sites\/19\/2024\/10\/1-3-768x326.jpg 768w\" sizes=\"auto, (max-width: 1417px) 100vw, 1417px\" \/><\/figure>\n<\/figure>\n\n\n\n<figure class=\"wp-block-image size-full\"><img loading=\"lazy\" decoding=\"async\" width=\"1418\" height=\"596\" src=\"https:\/\/o-seznam.cz\/napoveda\/sbazar\/wp-content\/uploads\/sites\/19\/2024\/10\/2-4.jpg\" alt=\"\" class=\"wp-image-188\" srcset=\"https:\/\/o-seznam.cz\/napoveda\/sbazar\/wp-content\/uploads\/sites\/19\/2024\/10\/2-4.jpg 1418w, https:\/\/o-seznam.cz\/napoveda\/sbazar\/wp-content\/uploads\/sites\/19\/2024\/10\/2-4-992x417.jpg 992w, https:\/\/o-seznam.cz\/napoveda\/sbazar\/wp-content\/uploads\/sites\/19\/2024\/10\/2-4-320x134.jpg 320w, https:\/\/o-seznam.cz\/napoveda\/sbazar\/wp-content\/uploads\/sites\/19\/2024\/10\/2-4-768x323.jpg 768w\" sizes=\"auto, (max-width: 1418px) 100vw, 1418px\" \/><\/figure>\n\n\n\n<figure class=\"wp-block-image size-full\"><img loading=\"lazy\" decoding=\"async\" width=\"1418\" height=\"596\" src=\"https:\/\/o-seznam.cz\/napoveda\/sbazar\/wp-content\/uploads\/sites\/19\/2024\/10\/3-5.jpg\" alt=\"\" class=\"wp-image-189\" srcset=\"https:\/\/o-seznam.cz\/napoveda\/sbazar\/wp-content\/uploads\/sites\/19\/2024\/10\/3-5.jpg 1418w, https:\/\/o-seznam.cz\/napoveda\/sbazar\/wp-content\/uploads\/sites\/19\/2024\/10\/3-5-992x417.jpg 992w, https:\/\/o-seznam.cz\/napoveda\/sbazar\/wp-content\/uploads\/sites\/19\/2024\/10\/3-5-320x134.jpg 320w, https:\/\/o-seznam.cz\/napoveda\/sbazar\/wp-content\/uploads\/sites\/19\/2024\/10\/3-5-768x323.jpg 768w\" sizes=\"auto, (max-width: 1418px) 100vw, 1418px\" \/><\/figure>\n\n\n\n<figure class=\"wp-block-image size-full\"><img loading=\"lazy\" decoding=\"async\" width=\"1499\" height=\"734\" src=\"https:\/\/o-seznam.cz\/napoveda\/sbazar\/wp-content\/uploads\/sites\/19\/2024\/10\/4-3.jpg\" alt=\"\" class=\"wp-image-191\" srcset=\"https:\/\/o-seznam.cz\/napoveda\/sbazar\/wp-content\/uploads\/sites\/19\/2024\/10\/4-3.jpg 1499w, https:\/\/o-seznam.cz\/napoveda\/sbazar\/wp-content\/uploads\/sites\/19\/2024\/10\/4-3-992x486.jpg 992w, https:\/\/o-seznam.cz\/napoveda\/sbazar\/wp-content\/uploads\/sites\/19\/2024\/10\/4-3-320x157.jpg 320w, https:\/\/o-seznam.cz\/napoveda\/sbazar\/wp-content\/uploads\/sites\/19\/2024\/10\/4-3-768x376.jpg 768w\" sizes=\"auto, (max-width: 1499px) 100vw, 1499px\" \/><\/figure>\n<\/div>\n","protected":false},"excerpt":{"rendered":"<p>Hromadn\u00e9 akce slou\u017e\u00ed k&nbsp;pohodln\u00e9mu ozna\u010den\u00ed v\u00edce polo\u017eek v&nbsp;sekci: \u201eM\u016fj bazar\u201c. Pokud chcete ozna\u010dit a t\u00edm spravovat v\u00edce nab\u00eddek, je mo\u017en\u00e9 vyu\u017e\u00edt dv\u011b volby: \u201eVybrat v\u0161e\u201c, nebo jednotliv\u011b ozna\u010dit konkr\u00e9tn\u00ed inzer\u00e1ty. Tato volba m\u016f\u017ee b\u00fdt u\u017eite\u010dn\u00e1, pokud chcete najednou aktivovat, st\u00e1hnout z prodeje, nebo smazat v\u00edce inzer\u00e1t\u016f. Pro zaktivov\u00e1n\u00ed hromadn\u00e9ho po\u010dtu inzer\u00e1t\u016f je t\u0159eba p\u0159ekliknout do [&hellip;]<\/p>\n","protected":false},"author":31,"featured_media":0,"parent":341,"menu_order":90,"comment_status":"closed","ping_status":"closed","template":"page-sidemenu","meta":{"_acf_changed":false,"_relevanssi_hide_post":"","_relevanssi_hide_content":"","_relevanssi_pin_for_all":"","_relevanssi_pin_keywords":"","_relevanssi_unpin_keywords":"","_relevanssi_related_keywords":"","_relevanssi_related_include_ids":"","_relevanssi_related_exclude_ids":"","_relevanssi_related_no_append":"","_relevanssi_related_not_related":"","_relevanssi_related_posts":"","_relevanssi_noindex_reason":"","footnotes":""},"page_category":[33],"page_tag":[],"service_status_category":[],"class_list":["post-180","page","type-page","status-publish","hentry"],"acf":[],"_links":{"self":[{"href":"https:\/\/o-seznam.cz\/napoveda\/sbazar\/wp-json\/wp\/v2\/pages\/180","targetHints":{"allow":["GET"]}}],"collection":[{"href":"https:\/\/o-seznam.cz\/napoveda\/sbazar\/wp-json\/wp\/v2\/pages"}],"about":[{"href":"https:\/\/o-seznam.cz\/napoveda\/sbazar\/wp-json\/wp\/v2\/types\/page"}],"author":[{"embeddable":true,"href":"https:\/\/o-seznam.cz\/napoveda\/sbazar\/wp-json\/wp\/v2\/users\/31"}],"replies":[{"embeddable":true,"href":"https:\/\/o-seznam.cz\/napoveda\/sbazar\/wp-json\/wp\/v2\/comments?post=180"}],"version-history":[{"count":6,"href":"https:\/\/o-seznam.cz\/napoveda\/sbazar\/wp-json\/wp\/v2\/pages\/180\/revisions"}],"predecessor-version":[{"id":397,"href":"https:\/\/o-seznam.cz\/napoveda\/sbazar\/wp-json\/wp\/v2\/pages\/180\/revisions\/397"}],"up":[{"embeddable":true,"href":"https:\/\/o-seznam.cz\/napoveda\/sbazar\/wp-json\/wp\/v2\/pages\/341"}],"wp:attachment":[{"href":"https:\/\/o-seznam.cz\/napoveda\/sbazar\/wp-json\/wp\/v2\/media?parent=180"}],"wp:term":[{"taxonomy":"page_category","embeddable":true,"href":"https:\/\/o-seznam.cz\/napoveda\/sbazar\/wp-json\/wp\/v2\/page_category?post=180"},{"taxonomy":"page_tag","embeddable":true,"href":"https:\/\/o-seznam.cz\/napoveda\/sbazar\/wp-json\/wp\/v2\/page_tag?post=180"},{"taxonomy":"service_status_category","embeddable":true,"href":"https:\/\/o-seznam.cz\/napoveda\/sbazar\/wp-json\/wp\/v2\/service_status_category?post=180"}],"curies":[{"name":"wp","href":"https:\/\/api.w.org\/{rel}","templated":true}]}}