{"id":145,"date":"2024-10-16T15:28:12","date_gmt":"2024-10-16T13:28:12","guid":{"rendered":"https:\/\/o-seznam.cz\/napoveda\/sbazar\/?page_id=145"},"modified":"2024-12-12T21:53:38","modified_gmt":"2024-12-12T20:53:38","slug":"podvodne-nabidky-falesne-stranky","status":"publish","type":"page","link":"https:\/\/o-seznam.cz\/napoveda\/sbazar\/jak-bezpecne-obchodovat\/podvodne-nabidky-falesne-stranky\/","title":{"rendered":"Podvodn\u00e9 nab\u00eddky, fale\u0161n\u00e9 str\u00e1nky"},"content":{"rendered":"\n<div class=\"wp-block-group is-layout-constrained wp-block-group-is-layout-constrained\">\n<p><strong>Pozor!!! &#8211; Podvodn\u00e9 emailov\u00e9 zpr\u00e1vy. V sou\u010dasn\u00e9 dob\u011b se n\u011bkte\u0159\u00ed u\u017eivatel\u00e9 mohou setkat s podvodn\u00fdmi zpr\u00e1vami, kter\u00e9 po\u017eaduj\u00ed poplatek, jinak bude \u00fa\u010det u\u017eivatele deaktivov\u00e1n. Nic takov\u00e9ho z na\u0161\u00ed strany nen\u00ed zas\u00edl\u00e1no. Sbazar je a st\u00e1le z\u016fst\u00e1v\u00e1 zcela zdarma.<br><br><\/strong>Nejen na\u0161i <strong>u\u017eivatel\u00e9 se mohou setkat se zpr\u00e1vami, obsahuj\u00edc\u00edmi odkaz na na fale\u0161n\u00e9 podvodn\u00e9 str\u00e1nky<\/strong>, kter\u00e9 se vzhledem <strong>sna\u017e\u00ed navodit dojem, \u017ee se jedn\u00e1 o inzertn\u00ed slu\u017ebu Sbazar.cz<\/strong> a dal\u0161\u00ed str\u00e1nky <strong>KUR\u00ddRN\u00cdCH SLU\u017dEB (DPD; PPL; \u010cesk\u00e1 po\u0161ta; Z\u00e1silkovna a mnoh\u00e9 dal\u0161\u00ed).<\/strong> Na odkazovan\u00fdch fale\u0161n\u00fdch str\u00e1nk\u00e1ch se<strong> nach\u00e1zej\u00ed<\/strong><br><strong>nepravdiv\u00e9 informace v\u010d. po\u017eadavku na zad\u00e1v\u00e1n\u00ed informac\u00ed o platebn\u00ed kart\u011b!<br><br>NIKDY NEZAD\u00c1VEJTE SV\u00c9 INFORMACE O PLATEBN\u00cd KART\u011a, POKUD SI NEJSTE JIST\u00cd V\u011aROHODNOST\u00cd STR\u00c1NEK<br><br>Str\u00e1nky \u010dasto obsahuj\u00ed nesmysln\u00e9 odkazy viz. obr\u00e1zkov\u00e9 p\u0159\u00edlohy na str\u00e1nce n\u00ed\u017ee.<br><br>P\u0159i transakci mezi prodejcem a kupuj\u00edc\u00edm vyu\u017e\u00edvejte standardn\u00ed metody platby: Platba p\u0159evodem na \u00fa\u010det; dob\u00edrkou; osobn\u00ed p\u0159evzet\u00ed<\/strong><br><br>Podvodn\u00e9 zpr\u00e1vy jsou \u010dasto&nbsp;zas\u00edl\u00e1ny nap\u0159. na slu\u017eb\u011b <strong>WhatsApp<\/strong> \u010di dal\u0161\u00edch komunika\u010dn\u00edch aplikac\u00edch a to v\u017edy na telefonn\u00ed \u010d\u00edslo nastaven\u00e9 u inzer\u00e1tu.<\/p>\n\n\n\n<p><strong>Pozor! Sbazar.cz nezaji\u0161\u0165uje \u017e\u00e1dn\u00e9 kur\u00fdrn\u00ed slu\u017eby<\/strong>, ani <strong>NIKDY nechce vypl\u0148ovat \u010d\u00edsla platebn\u00edch karet<\/strong>. Podobn\u00e9 str\u00e1nky se slu\u017ebou \u201e<strong>Sbazar kur\u00fdr\u201c<\/strong> \u010di \u201e<strong>Sbazar Pay<\/strong>\u201ca str\u00e1nky dal\u0161\u00edch kur\u00fdrn\u00edch slu\u017eeb.&nbsp;jsou podvodn\u00e9 a nejedn\u00e1 se v \u017e\u00e1dn\u00e9m p\u0159\u00edpad\u011b o slu\u017ebu spole\u010dnosti Seznam.cz, a.s.<\/p>\n\n\n\n<p>Na situaci upozor\u0148uj\u00ed tak\u00e9 n\u011bkter\u00e9 odborn\u00e9 weby, nap\u0159. \u201e<a class=\"is-style-link-external\" href=\"https:\/\/blog.avast.com\/cs\/pozor-na-nove-podvodne-inzeraty-na-sbazar.cz\" target=\"_blank\" rel=\"noreferrer noopener\">Na obl\u00edben\u00e9m \u010desk\u00e9m bazaru se za\u010daly \u0161\u00ed\u0159it podvodn\u00e9 nab\u00eddky. Jak je poznat?<\/a>\u201c (blog.avast.com).<br><br>Pokud si nebudete jist\u00ed, je mo\u017en\u00e9 n\u00e1s kontaktovat formou chatu n\u00ed\u017ee p\u0159es tla\u010d\u00edtko <strong>Vy\u0159e\u0161it probl\u00e9m hned te\u010f<\/strong>.<br><br>N\u00ed\u017ee si m\u016f\u017eete kliknut\u00edm na obr\u00e1zek zobrazit pro n\u00e1zornost uk\u00e1zku takov\u00e9 podvodn\u00e9 str\u00e1nky:<\/p>\n\n\n\n<figure class=\"wp-block-image size-full\"><img loading=\"lazy\" decoding=\"async\" width=\"972\" height=\"577\" src=\"https:\/\/o-seznam.cz\/napoveda\/sbazar\/wp-content\/uploads\/sites\/19\/2024\/10\/w1.jpg\" alt=\"\" class=\"wp-image-148\" srcset=\"https:\/\/o-seznam.cz\/napoveda\/sbazar\/wp-content\/uploads\/sites\/19\/2024\/10\/w1.jpg 972w, https:\/\/o-seznam.cz\/napoveda\/sbazar\/wp-content\/uploads\/sites\/19\/2024\/10\/w1-320x190.jpg 320w, https:\/\/o-seznam.cz\/napoveda\/sbazar\/wp-content\/uploads\/sites\/19\/2024\/10\/w1-768x456.jpg 768w\" sizes=\"auto, (max-width: 972px) 100vw, 972px\" \/><\/figure>\n\n\n\n<figure class=\"wp-block-image size-full\"><img loading=\"lazy\" decoding=\"async\" width=\"961\" height=\"575\" src=\"https:\/\/o-seznam.cz\/napoveda\/sbazar\/wp-content\/uploads\/sites\/19\/2024\/10\/w2.jpg\" alt=\"\" class=\"wp-image-149\" srcset=\"https:\/\/o-seznam.cz\/napoveda\/sbazar\/wp-content\/uploads\/sites\/19\/2024\/10\/w2.jpg 961w, https:\/\/o-seznam.cz\/napoveda\/sbazar\/wp-content\/uploads\/sites\/19\/2024\/10\/w2-320x191.jpg 320w, https:\/\/o-seznam.cz\/napoveda\/sbazar\/wp-content\/uploads\/sites\/19\/2024\/10\/w2-768x460.jpg 768w\" sizes=\"auto, (max-width: 961px) 100vw, 961px\" \/><\/figure>\n\n\n\n<figure class=\"wp-block-image size-full\"><img loading=\"lazy\" decoding=\"async\" width=\"695\" height=\"403\" src=\"https:\/\/o-seznam.cz\/napoveda\/sbazar\/wp-content\/uploads\/sites\/19\/2024\/10\/w3.png\" alt=\"\" class=\"wp-image-150\" srcset=\"https:\/\/o-seznam.cz\/napoveda\/sbazar\/wp-content\/uploads\/sites\/19\/2024\/10\/w3.png 695w, https:\/\/o-seznam.cz\/napoveda\/sbazar\/wp-content\/uploads\/sites\/19\/2024\/10\/w3-320x186.png 320w\" sizes=\"auto, (max-width: 695px) 100vw, 695px\" \/><\/figure>\n\n\n\n<figure class=\"wp-block-image size-full\"><img loading=\"lazy\" decoding=\"async\" width=\"695\" height=\"401\" src=\"https:\/\/o-seznam.cz\/napoveda\/sbazar\/wp-content\/uploads\/sites\/19\/2024\/10\/w4.png\" alt=\"\" class=\"wp-image-151\" srcset=\"https:\/\/o-seznam.cz\/napoveda\/sbazar\/wp-content\/uploads\/sites\/19\/2024\/10\/w4.png 695w, https:\/\/o-seznam.cz\/napoveda\/sbazar\/wp-content\/uploads\/sites\/19\/2024\/10\/w4-320x185.png 320w\" sizes=\"auto, (max-width: 695px) 100vw, 695px\" \/><\/figure>\n\n\n\n<figure class=\"wp-block-gallery has-nested-images columns-default is-cropped wp-block-gallery-1 is-layout-flex wp-block-gallery-is-layout-flex\">\n<figure class=\"wp-block-image size-full\"><img loading=\"lazy\" decoding=\"async\" width=\"878\" height=\"1420\" data-id=\"154\" src=\"https:\/\/o-seznam.cz\/napoveda\/sbazar\/wp-content\/uploads\/sites\/19\/2024\/10\/w6-1.png\" alt=\"\" class=\"wp-image-154\" srcset=\"https:\/\/o-seznam.cz\/napoveda\/sbazar\/wp-content\/uploads\/sites\/19\/2024\/10\/w6-1.png 878w, https:\/\/o-seznam.cz\/napoveda\/sbazar\/wp-content\/uploads\/sites\/19\/2024\/10\/w6-1-613x992.png 613w, https:\/\/o-seznam.cz\/napoveda\/sbazar\/wp-content\/uploads\/sites\/19\/2024\/10\/w6-1-198x320.png 198w, https:\/\/o-seznam.cz\/napoveda\/sbazar\/wp-content\/uploads\/sites\/19\/2024\/10\/w6-1-768x1242.png 768w\" sizes=\"auto, (max-width: 878px) 100vw, 878px\" \/><\/figure>\n\n\n\n<figure class=\"wp-block-image size-large\"><img loading=\"lazy\" decoding=\"async\" width=\"874\" height=\"1260\" data-id=\"152\" src=\"https:\/\/o-seznam.cz\/napoveda\/sbazar\/wp-content\/uploads\/sites\/19\/2024\/10\/w6.png\" alt=\"\" class=\"wp-image-152\" srcset=\"https:\/\/o-seznam.cz\/napoveda\/sbazar\/wp-content\/uploads\/sites\/19\/2024\/10\/w6.png 874w, https:\/\/o-seznam.cz\/napoveda\/sbazar\/wp-content\/uploads\/sites\/19\/2024\/10\/w6-688x992.png 688w, https:\/\/o-seznam.cz\/napoveda\/sbazar\/wp-content\/uploads\/sites\/19\/2024\/10\/w6-222x320.png 222w, https:\/\/o-seznam.cz\/napoveda\/sbazar\/wp-content\/uploads\/sites\/19\/2024\/10\/w6-768x1107.png 768w\" sizes=\"auto, (max-width: 874px) 100vw, 874px\" \/><\/figure>\n<\/figure>\n\n\n\n<figure class=\"wp-block-gallery has-nested-images columns-default is-cropped wp-block-gallery-2 is-layout-flex wp-block-gallery-is-layout-flex\">\n<figure class=\"wp-block-image size-large\"><img loading=\"lazy\" decoding=\"async\" width=\"728\" height=\"1042\" data-id=\"155\" src=\"https:\/\/o-seznam.cz\/napoveda\/sbazar\/wp-content\/uploads\/sites\/19\/2024\/10\/w7.png\" alt=\"\" class=\"wp-image-155\" srcset=\"https:\/\/o-seznam.cz\/napoveda\/sbazar\/wp-content\/uploads\/sites\/19\/2024\/10\/w7.png 728w, https:\/\/o-seznam.cz\/napoveda\/sbazar\/wp-content\/uploads\/sites\/19\/2024\/10\/w7-693x992.png 693w, https:\/\/o-seznam.cz\/napoveda\/sbazar\/wp-content\/uploads\/sites\/19\/2024\/10\/w7-224x320.png 224w\" sizes=\"auto, (max-width: 728px) 100vw, 728px\" \/><\/figure>\n\n\n\n<figure class=\"wp-block-image size-large\"><img loading=\"lazy\" decoding=\"async\" width=\"822\" height=\"1018\" data-id=\"156\" src=\"https:\/\/o-seznam.cz\/napoveda\/sbazar\/wp-content\/uploads\/sites\/19\/2024\/10\/w8.png\" alt=\"\" class=\"wp-image-156\" srcset=\"https:\/\/o-seznam.cz\/napoveda\/sbazar\/wp-content\/uploads\/sites\/19\/2024\/10\/w8.png 822w, https:\/\/o-seznam.cz\/napoveda\/sbazar\/wp-content\/uploads\/sites\/19\/2024\/10\/w8-801x992.png 801w, https:\/\/o-seznam.cz\/napoveda\/sbazar\/wp-content\/uploads\/sites\/19\/2024\/10\/w8-258x320.png 258w, https:\/\/o-seznam.cz\/napoveda\/sbazar\/wp-content\/uploads\/sites\/19\/2024\/10\/w8-768x951.png 768w\" sizes=\"auto, (max-width: 822px) 100vw, 822px\" \/><\/figure>\n<\/figure>\n\n\n\n<figure class=\"wp-block-image size-large\"><img loading=\"lazy\" decoding=\"async\" width=\"893\" height=\"1984\" src=\"https:\/\/o-seznam.cz\/napoveda\/sbazar\/wp-content\/uploads\/sites\/19\/2024\/10\/w9-893x1984.png\" alt=\"\" class=\"wp-image-157\" srcset=\"https:\/\/o-seznam.cz\/napoveda\/sbazar\/wp-content\/uploads\/sites\/19\/2024\/10\/w9-893x1984.png 893w, https:\/\/o-seznam.cz\/napoveda\/sbazar\/wp-content\/uploads\/sites\/19\/2024\/10\/w9-446x992.png 446w, https:\/\/o-seznam.cz\/napoveda\/sbazar\/wp-content\/uploads\/sites\/19\/2024\/10\/w9-144x320.png 144w, https:\/\/o-seznam.cz\/napoveda\/sbazar\/wp-content\/uploads\/sites\/19\/2024\/10\/w9-768x1707.png 768w, https:\/\/o-seznam.cz\/napoveda\/sbazar\/wp-content\/uploads\/sites\/19\/2024\/10\/w9-691x1536.png 691w, https:\/\/o-seznam.cz\/napoveda\/sbazar\/wp-content\/uploads\/sites\/19\/2024\/10\/w9-922x2048.png 922w, https:\/\/o-seznam.cz\/napoveda\/sbazar\/wp-content\/uploads\/sites\/19\/2024\/10\/w9.png 1080w\" sizes=\"auto, (max-width: 893px) 100vw, 893px\" \/><\/figure>\n<\/div>\n","protected":false},"excerpt":{"rendered":"<p>Pozor!!! &#8211; Podvodn\u00e9 emailov\u00e9 zpr\u00e1vy. V sou\u010dasn\u00e9 dob\u011b se n\u011bkte\u0159\u00ed u\u017eivatel\u00e9 mohou setkat s podvodn\u00fdmi zpr\u00e1vami, kter\u00e9 po\u017eaduj\u00ed poplatek, jinak bude \u00fa\u010det u\u017eivatele deaktivov\u00e1n. Nic takov\u00e9ho z na\u0161\u00ed strany nen\u00ed zas\u00edl\u00e1no. Sbazar je a st\u00e1le z\u016fst\u00e1v\u00e1 zcela zdarma. Nejen na\u0161i u\u017eivatel\u00e9 se mohou setkat se zpr\u00e1vami, obsahuj\u00edc\u00edmi odkaz na na fale\u0161n\u00e9 podvodn\u00e9 str\u00e1nky, kter\u00e9 se [&hellip;]<\/p>\n","protected":false},"author":31,"featured_media":0,"parent":348,"menu_order":0,"comment_status":"closed","ping_status":"closed","template":"page-sidemenu","meta":{"_acf_changed":false,"_relevanssi_hide_post":"","_relevanssi_hide_content":"","_relevanssi_pin_for_all":"","_relevanssi_pin_keywords":"","_relevanssi_unpin_keywords":"","_relevanssi_related_keywords":"","_relevanssi_related_include_ids":"","_relevanssi_related_exclude_ids":"","_relevanssi_related_no_append":"","_relevanssi_related_not_related":"","_relevanssi_related_posts":"","_relevanssi_noindex_reason":"","footnotes":""},"page_category":[33],"page_tag":[],"service_status_category":[],"class_list":["post-145","page","type-page","status-publish","hentry"],"acf":[],"_links":{"self":[{"href":"https:\/\/o-seznam.cz\/napoveda\/sbazar\/wp-json\/wp\/v2\/pages\/145","targetHints":{"allow":["GET"]}}],"collection":[{"href":"https:\/\/o-seznam.cz\/napoveda\/sbazar\/wp-json\/wp\/v2\/pages"}],"about":[{"href":"https:\/\/o-seznam.cz\/napoveda\/sbazar\/wp-json\/wp\/v2\/types\/page"}],"author":[{"embeddable":true,"href":"https:\/\/o-seznam.cz\/napoveda\/sbazar\/wp-json\/wp\/v2\/users\/31"}],"replies":[{"embeddable":true,"href":"https:\/\/o-seznam.cz\/napoveda\/sbazar\/wp-json\/wp\/v2\/comments?post=145"}],"version-history":[{"count":5,"href":"https:\/\/o-seznam.cz\/napoveda\/sbazar\/wp-json\/wp\/v2\/pages\/145\/revisions"}],"predecessor-version":[{"id":441,"href":"https:\/\/o-seznam.cz\/napoveda\/sbazar\/wp-json\/wp\/v2\/pages\/145\/revisions\/441"}],"up":[{"embeddable":true,"href":"https:\/\/o-seznam.cz\/napoveda\/sbazar\/wp-json\/wp\/v2\/pages\/348"}],"wp:attachment":[{"href":"https:\/\/o-seznam.cz\/napoveda\/sbazar\/wp-json\/wp\/v2\/media?parent=145"}],"wp:term":[{"taxonomy":"page_category","embeddable":true,"href":"https:\/\/o-seznam.cz\/napoveda\/sbazar\/wp-json\/wp\/v2\/page_category?post=145"},{"taxonomy":"page_tag","embeddable":true,"href":"https:\/\/o-seznam.cz\/napoveda\/sbazar\/wp-json\/wp\/v2\/page_tag?post=145"},{"taxonomy":"service_status_category","embeddable":true,"href":"https:\/\/o-seznam.cz\/napoveda\/sbazar\/wp-json\/wp\/v2\/service_status_category?post=145"}],"curies":[{"name":"wp","href":"https:\/\/api.w.org\/{rel}","templated":true}]}}