{"id":134,"date":"2024-10-16T15:12:03","date_gmt":"2024-10-16T13:12:03","guid":{"rendered":"https:\/\/o-seznam.cz\/napoveda\/sbazar\/?page_id=134"},"modified":"2025-11-30T17:19:27","modified_gmt":"2025-11-30T16:19:27","slug":"jak-bezpecne-nakupovat","status":"publish","type":"page","link":"https:\/\/o-seznam.cz\/napoveda\/sbazar\/jak-bezpecne-obchodovat\/jak-bezpecne-nakupovat\/","title":{"rendered":"Jak bezpe\u010dn\u011b nakupovat"},"content":{"rendered":"\n<div class=\"wp-block-group is-layout-constrained wp-block-group-is-layout-constrained\">\n<h2 class=\"wp-block-heading\"><strong>Jak bezpe\u010dn\u011b nakupovat<\/strong><\/h2>\n\n\n\n<ul class=\"wp-block-list\">\n<li><a class=\"is-style-link-external\" href=\"http:\/\/www.policie.cz\/soubor\/10-rizika-internetoveho-nakupovani-pdf.aspx\">Seznamte se s riziky internetov\u00e9ho nakupov\u00e1n\u00ed.<\/a> (zdroj policie.cz)<\/li>\n\n\n\n<li><strong>Zva\u017ete mo\u017en\u00e1 rizika<\/strong>. Pokud se v\u00e1m riziko zd\u00e1 p\u0159\u00edli\u0161 velk\u00e9, obchod si dob\u0159e rozmyslete.<\/li>\n\n\n\n<li>Domluvte si s prodejcem takov\u00e9 podm\u00ednky, <strong>se kter\u00fdmi budete oba souhlasit<\/strong>.<\/li>\n\n\n\n<li>Je\u0161t\u011b p\u0159ed uzav\u0159en\u00edm obchodu si s prodejcem domluvte tak\u00e9 <strong>podm\u00ednky p\u0159\u00edpadn\u00e9 reklamace<\/strong>.<\/li>\n\n\n\n<li><strong>Ov\u011b\u0159te si \u010d\u00edslo \u00fa\u010dtu \u010di p\u0159\u00edpadn\u00fd e-mail prodejce na internetu, vyu\u017e\u00edt m\u016f\u017eete nap\u0159\u00edklad str\u00e1nku<\/strong> <a class=\"is-style-link-external\" href=\"http:\/\/podvodnabazaru.cz\">podvodnabazaru.cz<\/a><\/li>\n\n\n\n<li><strong>Uchov\u00e1vejte si ve\u0161kerou komunikaci s prodejcem<\/strong> a\u017e do ukon\u010den\u00ed obchodu.<\/li>\n\n\n\n<li>Pokud naraz\u00edte na nepoctiv\u00e9ho prodejce nebo podez\u0159el\u00fd inzer\u00e1t, \u0159ekn\u011bte n\u00e1m o tom.<\/li>\n<\/ul>\n\n\n\n<h2 class=\"wp-block-heading\"><strong>Jak poznat podvodn\u00fd inzer\u00e1t<\/strong><\/h2>\n\n\n\n<ul class=\"wp-block-list\">\n<li><strong>Velice n\u00edzk\u00e1 cena<\/strong>, \u010dasto o t\u0159etinu a\u017e polovinu ni\u017e\u0161\u00ed ne\u017e je b\u011b\u017en\u00e9.<\/li>\n\n\n\n<li><strong>Neautentick\u00e9 fotografie<\/strong>. Pokud m\u00e1te pochybnosti, nev\u00e1hejte prodejce po\u017e\u00e1dat o fotografie s n\u011bjak\u00fdm specifick\u00fdm prvkem, nap\u0159\u00edklad a\u0165 zbo\u017e\u00ed vyfot\u00ed s l\u00edstkem, kde bude aktu\u00e1ln\u00ed datum nebo smluven\u00e9 heslo.<\/li>\n\n\n\n<li>Prodejce <strong>odm\u00edt\u00e1 osobn\u00ed p\u0159ed\u00e1n\u00ed<\/strong>, i kdy\u017e jste ochotni si pro zbo\u017e\u00ed p\u0159ijet a\u017e k n\u011bmu. \u010casto se vymlouv\u00e1, \u017ee je na slu\u017eebn\u00ed cest\u011b, v zahrani\u010d\u00ed, v nemocnici,&#8230;<\/li>\n\n\n\n<li>Prodejce m\u016f\u017ee komunikovat velmi <strong>\u0161patnou \u010de\u0161tinou<\/strong>.<\/li>\n\n\n\n<li>Pro zv\u00fd\u0161en\u00ed d\u016fv\u011bryhodnosti prodejci pos\u00edlaj\u00ed <strong>okop\u00edrovan\u00e9 doklady<\/strong>, ty jsou ale obvykle odcizen\u00e9.<\/li>\n\n\n\n<li>Prodejce <strong>nechce p\u0159istoupit na zasl\u00e1n\u00ed na dob\u00edrku<\/strong> (od\u016fvodn\u011bno \u0161patn\u00fdmi zku\u0161enostmi), \u017e\u00e1d\u00e1 z\u00e1lohu p\u0159edem, dobit\u00ed kreditu nebo zasl\u00e1n\u00ed na anonymn\u00ed \u010d\u00edslo \u00fa\u010dtu nap\u0159\u00edklad 3198888319\/0800 (produkt anonymn\u00ed p\u0159edplacen\u00e9 karty Blesk pen\u011b\u017eenka).<\/li>\n\n\n\n<li>Pokud takov\u00e9mu prodejci za\u0161lete pen\u00edze p\u0159edem, <strong>odm\u00edt\u00e1 poslat \u010d\u00edslo z\u00e1silky<\/strong>, sna\u017e\u00ed se komunikaci protahovat nebo <strong>p\u0159estane komunikovat<\/strong> \u00fapln\u011b.<\/li>\n\n\n\n<li>Jestli\u017ee m\u00e1te pochybnosti, zda je prodejce solidn\u00ed, zkuste na jeho inzer\u00e1t reagovat z jin\u00e9ho \u00fa\u010dtu, abyste zjistili, zda zbo\u017e\u00ed nenab\u00edz\u00ed d\u00e1l.<\/li>\n<\/ul>\n\n\n\n<h2 class=\"wp-block-heading\"><strong>Na podvodn\u00e9 inzer\u00e1ty m\u016f\u017eete \u010dasto narazit v t\u011bchto kategori\u00edch:<\/strong><\/h2>\n\n\n\n<p><strong>Elektronika<\/strong><br>mobiln\u00ed telefony (Samsung, Apple), tablety, notebooky (Apple, Dell, HP), hern\u00ed konzole (Playstation, Xbox), fotoapar\u00e1ty (Nikon), zna\u010dkov\u00e1 sluch\u00e1tka (Beats)<br><br><strong>Osobn\u00ed auta a zem\u011bd\u011blsk\u00e1 technika<\/strong><br>Relativn\u011b nov\u00fd v\u016fz ve v\u00fdborn\u00e9m stavu za velmi n\u00edzkou cenu<br>Prodejce komunikuje \u0161patnou \u010de\u0161tinou, \u00fadajn\u011b \u017eije v zahrani\u010d\u00ed, v\u016fz nen\u00ed v jeho zemi mo\u017en\u00e9 p\u0159ihl\u00e1sit<br>Pokud na nab\u00eddku p\u0159istoup\u00edte, kontaktuje v\u00e1s p\u0159epravn\u00ed spole\u010dnost, kter\u00e1 \u017e\u00e1d\u00e1 zaplacen\u00ed kupn\u00ed ceny vozu p\u0159ed t\u00edm, ne\u017e ho p\u0159eprav\u00ed. Toto sd\u011blen\u00ed V\u00e1m n\u00e1sledn\u011b potvrd\u00ed i prodejce.<br>Jakmile pen\u00edze ode\u0161lete, \u00fadajn\u00e1 p\u0159epravn\u00ed spole\u010dnost i prodejce p\u0159estanou komunikovat a v\u016fz nez\u00edsk\u00e1te.<br><br><strong>D\u011btsk\u00e9 zbo\u017e\u00ed<\/strong><br>Plenky, kojeneck\u00e9 pot\u0159eby, ch\u016fvi\u010dky, stavebnice Lego, hrazdi\u010dky, nos\u00edtka, trampol\u00edny, baz\u00e9nky, ko\u010d\u00e1rky<br><br>Prodejci spol\u00e9haj\u00ed na d\u016fv\u011b\u0159ivost maminek a po\u017eaduj\u00ed <strong>platbu p\u0159edem<\/strong>.<br><strong>Osobn\u00ed p\u0159ed\u00e1n\u00ed nebo zasl\u00e1n\u00ed na dob\u00edrku nen\u00ed mnohdy mo\u017en\u00e9<\/strong>, p\u0159\u00edpadn\u011b se z n\u011bj prodejce vymluv\u00ed.<br>Nejsou ochotni u v\u011bt\u0161\u00edho zbo\u017e\u00ed nafotit jej detailn\u011b, p\u0159\u00edpadn\u011b vyu\u017e\u00edvaj\u00ed <strong>fotografie sta\u017een\u00e9 z internetu<\/strong>.<br>Po zasl\u00e1n\u00ed platby se prodejce <strong>odml\u010d\u00ed nebo vymlouv\u00e1<\/strong>, \u017ee nem\u011bl \u010das zbo\u017e\u00ed zaslat (obvykle hraj\u00ed na city, vymlouvaj\u00ed se na pobyt v nemocnici, nemocn\u00e9 d\u011bti, \u00famrt\u00ed v rodin\u011b,&#8230;)<\/p>\n\n\n\n<h2 class=\"wp-block-heading\">Co d\u011blat kdy\u017e: <\/h2>\n\n\n\n<p><strong>Nalet\u00edte podvodn\u00e9mu prodejci?<\/strong><br>Co nejd\u0159\u00edve na n\u011bj podejte st\u00ed\u017enost a zva\u017ete kontaktov\u00e1n\u00ed policie.<br><br><strong>Objev\u00edte podvodn\u00fd inzer\u00e1t?<\/strong><br>Vyu\u017eijte odkaz &#8222;Nahl\u00e1sit inzer\u00e1t&#8220;, kter\u00fd se nach\u00e1z\u00ed v detailu inzer\u00e1tu.<\/p>\n<\/div>\n","protected":false},"excerpt":{"rendered":"<p>Jak bezpe\u010dn\u011b nakupovat Jak poznat podvodn\u00fd inzer\u00e1t Na podvodn\u00e9 inzer\u00e1ty m\u016f\u017eete \u010dasto narazit v t\u011bchto kategori\u00edch: Elektronikamobiln\u00ed telefony (Samsung, Apple), tablety, notebooky (Apple, Dell, HP), hern\u00ed konzole (Playstation, Xbox), fotoapar\u00e1ty (Nikon), zna\u010dkov\u00e1 sluch\u00e1tka (Beats) Osobn\u00ed auta a zem\u011bd\u011blsk\u00e1 technikaRelativn\u011b nov\u00fd v\u016fz ve v\u00fdborn\u00e9m stavu za velmi n\u00edzkou cenuProdejce komunikuje \u0161patnou \u010de\u0161tinou, \u00fadajn\u011b \u017eije v zahrani\u010d\u00ed, [&hellip;]<\/p>\n","protected":false},"author":31,"featured_media":0,"parent":348,"menu_order":0,"comment_status":"closed","ping_status":"closed","template":"page-sidemenu","meta":{"_acf_changed":false,"_relevanssi_hide_post":"","_relevanssi_hide_content":"","_relevanssi_pin_for_all":"","_relevanssi_pin_keywords":"","_relevanssi_unpin_keywords":"","_relevanssi_related_keywords":"","_relevanssi_related_include_ids":"","_relevanssi_related_exclude_ids":"","_relevanssi_related_no_append":"","_relevanssi_related_not_related":"","_relevanssi_related_posts":"","_relevanssi_noindex_reason":"","footnotes":""},"page_category":[33],"page_tag":[],"service_status_category":[],"class_list":["post-134","page","type-page","status-publish","hentry"],"acf":[],"_links":{"self":[{"href":"https:\/\/o-seznam.cz\/napoveda\/sbazar\/wp-json\/wp\/v2\/pages\/134","targetHints":{"allow":["GET"]}}],"collection":[{"href":"https:\/\/o-seznam.cz\/napoveda\/sbazar\/wp-json\/wp\/v2\/pages"}],"about":[{"href":"https:\/\/o-seznam.cz\/napoveda\/sbazar\/wp-json\/wp\/v2\/types\/page"}],"author":[{"embeddable":true,"href":"https:\/\/o-seznam.cz\/napoveda\/sbazar\/wp-json\/wp\/v2\/users\/31"}],"replies":[{"embeddable":true,"href":"https:\/\/o-seznam.cz\/napoveda\/sbazar\/wp-json\/wp\/v2\/comments?post=134"}],"version-history":[{"count":6,"href":"https:\/\/o-seznam.cz\/napoveda\/sbazar\/wp-json\/wp\/v2\/pages\/134\/revisions"}],"predecessor-version":[{"id":659,"href":"https:\/\/o-seznam.cz\/napoveda\/sbazar\/wp-json\/wp\/v2\/pages\/134\/revisions\/659"}],"up":[{"embeddable":true,"href":"https:\/\/o-seznam.cz\/napoveda\/sbazar\/wp-json\/wp\/v2\/pages\/348"}],"wp:attachment":[{"href":"https:\/\/o-seznam.cz\/napoveda\/sbazar\/wp-json\/wp\/v2\/media?parent=134"}],"wp:term":[{"taxonomy":"page_category","embeddable":true,"href":"https:\/\/o-seznam.cz\/napoveda\/sbazar\/wp-json\/wp\/v2\/page_category?post=134"},{"taxonomy":"page_tag","embeddable":true,"href":"https:\/\/o-seznam.cz\/napoveda\/sbazar\/wp-json\/wp\/v2\/page_tag?post=134"},{"taxonomy":"service_status_category","embeddable":true,"href":"https:\/\/o-seznam.cz\/napoveda\/sbazar\/wp-json\/wp\/v2\/service_status_category?post=134"}],"curies":[{"name":"wp","href":"https:\/\/api.w.org\/{rel}","templated":true}]}}