{"id":130,"date":"2024-10-16T15:00:13","date_gmt":"2024-10-16T13:00:13","guid":{"rendered":"https:\/\/o-seznam.cz\/napoveda\/sbazar\/?page_id=130"},"modified":"2024-12-12T23:43:18","modified_gmt":"2024-12-12T22:43:18","slug":"vracene-a-rozbalene-zbozi","status":"publish","type":"page","link":"https:\/\/o-seznam.cz\/napoveda\/sbazar\/jak-nakupovat\/vracene-a-rozbalene-zbozi\/","title":{"rendered":"Vr\u00e1cen\u00e9 a rozbalen\u00e9 zbo\u017e\u00ed"},"content":{"rendered":"\n<div class=\"wp-block-group is-layout-constrained wp-block-group-is-layout-constrained\">\n<h2 class=\"wp-block-heading\">Vr\u00e1cen\u00e9 a rozbalen\u00e9 zbo\u017e\u00ed<\/h2>\n\n\n\n<p>Nab\u00eddky ozna\u010den\u00e9 jako \u201cVr\u00e1ceno z\u00e1kazn\u00edky e-shop\u016f\u201d dost\u00e1v\u00e1me od eshop\u016f prost\u0159ednictv\u00edm slu\u017eby Zbo\u017e\u00ed.cz.<\/p>\n\n\n\n<h2 class=\"wp-block-heading\"><strong>Nab\u00eddky se rozd\u011bluj\u00ed dle stavu pou\u017eit\u00ed na:<\/strong><\/h2>\n\n\n\n<ul class=\"wp-block-list\">\n<li><strong>Rozbalen\u00e9<\/strong>: V\u00fdrobky rozbalen\u00e9 za \u00fa\u010delem p\u0159edv\u00e1d\u011bn\u00ed \u010di focen\u00ed pro e-shop nebo vr\u00e1cen\u00e9 jin\u00fdmi z\u00e1kazn\u00edky, nenesou ale \u017e\u00e1dn\u00e9 stopy pou\u017e\u00edv\u00e1n\u00ed. Kompletn\u00ed p\u0159\u00edslu\u0161enstv\u00ed. Nemus\u00ed m\u00edt origin\u00e1ln\u00ed obal. Z\u00e1ruka minim\u00e1ln\u011b 24 m\u011bs\u00edc\u016f.<\/li>\n\n\n\n<li><strong>Pou\u017eit\u00e9<\/strong>: V\u00fdrobky vr\u00e1cen\u00e9 jin\u00fdmi z\u00e1kazn\u00edky se stopami pou\u017e\u00edv\u00e1n\u00ed. Pln\u011b funk\u010dn\u00ed. Obsah balen\u00ed nemus\u00ed b\u00fdt kompletn\u00ed, obsahuje ale p\u0159\u00edslu\u0161enstv\u00ed nutn\u00e9 k provozu. Mohou mit po\u0161kozen\u00fd nebo neorigin\u00e1ln\u00ed obal. Z\u00e1ruka minim\u00e1ln\u011b 12 m\u011bs\u00edc\u016f<\/li>\n\n\n\n<li><strong>Repasovan\u00e9<\/strong>: Odborn\u011b opraven\u00e9 nebo renovovan\u00e9 v\u00fdrobky. Mohou m\u00edt stopy pou\u017e\u00edv\u00e1n\u00ed, jsou ale pln\u011b funk\u010dn\u00ed. Z\u00e1ruka minim\u00e1ln\u011b 12 m\u011bs\u00edc\u016f.&nbsp;<\/li>\n<\/ul>\n\n\n\n<p>Stav zbo\u017e\u00ed najdete na detailu inzer\u00e1tu, viz obr\u00e1zek.<\/p>\n\n\n\n<figure class=\"wp-block-image size-full\"><img loading=\"lazy\" decoding=\"async\" width=\"1227\" height=\"856\" src=\"https:\/\/o-seznam.cz\/napoveda\/sbazar\/wp-content\/uploads\/sites\/19\/2024\/10\/27.jpg\" alt=\"\" class=\"wp-image-132\" srcset=\"https:\/\/o-seznam.cz\/napoveda\/sbazar\/wp-content\/uploads\/sites\/19\/2024\/10\/27.jpg 1227w, https:\/\/o-seznam.cz\/napoveda\/sbazar\/wp-content\/uploads\/sites\/19\/2024\/10\/27-992x692.jpg 992w, https:\/\/o-seznam.cz\/napoveda\/sbazar\/wp-content\/uploads\/sites\/19\/2024\/10\/27-320x223.jpg 320w, https:\/\/o-seznam.cz\/napoveda\/sbazar\/wp-content\/uploads\/sites\/19\/2024\/10\/27-768x536.jpg 768w\" sizes=\"auto, (max-width: 1227px) 100vw, 1227px\" \/><\/figure>\n\n\n\n<h2 class=\"wp-block-heading\"><strong>Reklamace a vr\u00e1cen\u00ed zbo\u017e\u00ed<\/strong><\/h2>\n\n\n\n<ul class=\"wp-block-list\">\n<li>\u010castou ot\u00e1zkou je, zda se na pou\u017eit\u00e9 zbo\u017e\u00ed vztahuje z\u00e1ruka? \u201eObecn\u011b plat\u00ed, \u017ee z\u00e1ruka trv\u00e1 24 m\u011bs\u00edc\u016f. Ale pozor.<br>U pou\u017eit\u00e9ho zbo\u017e\u00ed m\u016f\u017ee prodejce z\u00e1ru\u010dn\u00ed dobu zkr\u00e1tit na polovinu, tedy na 12 m\u011bs\u00edc\u016f\u201c.<\/li>\n\n\n\n<li>Pokud spot\u0159ebitel zakoup\u00ed zbo\u017e\u00ed na d\u00e1lku p\u0159es internet, m\u00e1 vedle reklamace je\u0161t\u011b pr\u00e1vo na odstoupen\u00ed do 14 dn\u016f. \u201ePokud v\u0161ak zbo\u017e\u00ed kupuje na d\u00e1lku od soukromn\u00edka, toto pr\u00e1vo nem\u00e1.\u201c<\/li>\n<\/ul>\n\n\n\n<h2 class=\"wp-block-heading\"><strong>N\u00e1kup zbo\u017e\u00ed<\/strong><\/h2>\n\n\n\n<ul class=\"wp-block-list\">\n<li>Tla\u010d\u00edtko na detailu nab\u00eddky \u201cp\u0159ej\u00edt do obchodu\u201d v\u00e1s p\u0159esm\u011bruje na webov\u00e9 str\u00e1nky e-shopu, kde provedete objedn\u00e1vku.\u00a0<\/li>\n<\/ul>\n<\/div>\n","protected":false},"excerpt":{"rendered":"<p>Vr\u00e1cen\u00e9 a rozbalen\u00e9 zbo\u017e\u00ed Nab\u00eddky ozna\u010den\u00e9 jako \u201cVr\u00e1ceno z\u00e1kazn\u00edky e-shop\u016f\u201d dost\u00e1v\u00e1me od eshop\u016f prost\u0159ednictv\u00edm slu\u017eby Zbo\u017e\u00ed.cz. Nab\u00eddky se rozd\u011bluj\u00ed dle stavu pou\u017eit\u00ed na: Stav zbo\u017e\u00ed najdete na detailu inzer\u00e1tu, viz obr\u00e1zek. Reklamace a vr\u00e1cen\u00ed zbo\u017e\u00ed N\u00e1kup zbo\u017e\u00ed<\/p>\n","protected":false},"author":31,"featured_media":0,"parent":346,"menu_order":0,"comment_status":"closed","ping_status":"closed","template":"page-sidemenu","meta":{"_acf_changed":false,"_relevanssi_hide_post":"","_relevanssi_hide_content":"","_relevanssi_pin_for_all":"","_relevanssi_pin_keywords":"","_relevanssi_unpin_keywords":"","_relevanssi_related_keywords":"","_relevanssi_related_include_ids":"","_relevanssi_related_exclude_ids":"","_relevanssi_related_no_append":"","_relevanssi_related_not_related":"","_relevanssi_related_posts":"","_relevanssi_noindex_reason":"","footnotes":""},"page_category":[33],"page_tag":[],"service_status_category":[],"class_list":["post-130","page","type-page","status-publish","hentry"],"acf":[],"_links":{"self":[{"href":"https:\/\/o-seznam.cz\/napoveda\/sbazar\/wp-json\/wp\/v2\/pages\/130","targetHints":{"allow":["GET"]}}],"collection":[{"href":"https:\/\/o-seznam.cz\/napoveda\/sbazar\/wp-json\/wp\/v2\/pages"}],"about":[{"href":"https:\/\/o-seznam.cz\/napoveda\/sbazar\/wp-json\/wp\/v2\/types\/page"}],"author":[{"embeddable":true,"href":"https:\/\/o-seznam.cz\/napoveda\/sbazar\/wp-json\/wp\/v2\/users\/31"}],"replies":[{"embeddable":true,"href":"https:\/\/o-seznam.cz\/napoveda\/sbazar\/wp-json\/wp\/v2\/comments?post=130"}],"version-history":[{"count":3,"href":"https:\/\/o-seznam.cz\/napoveda\/sbazar\/wp-json\/wp\/v2\/pages\/130\/revisions"}],"predecessor-version":[{"id":451,"href":"https:\/\/o-seznam.cz\/napoveda\/sbazar\/wp-json\/wp\/v2\/pages\/130\/revisions\/451"}],"up":[{"embeddable":true,"href":"https:\/\/o-seznam.cz\/napoveda\/sbazar\/wp-json\/wp\/v2\/pages\/346"}],"wp:attachment":[{"href":"https:\/\/o-seznam.cz\/napoveda\/sbazar\/wp-json\/wp\/v2\/media?parent=130"}],"wp:term":[{"taxonomy":"page_category","embeddable":true,"href":"https:\/\/o-seznam.cz\/napoveda\/sbazar\/wp-json\/wp\/v2\/page_category?post=130"},{"taxonomy":"page_tag","embeddable":true,"href":"https:\/\/o-seznam.cz\/napoveda\/sbazar\/wp-json\/wp\/v2\/page_tag?post=130"},{"taxonomy":"service_status_category","embeddable":true,"href":"https:\/\/o-seznam.cz\/napoveda\/sbazar\/wp-json\/wp\/v2\/service_status_category?post=130"}],"curies":[{"name":"wp","href":"https:\/\/api.w.org\/{rel}","templated":true}]}}