{"id":126,"date":"2024-10-16T14:34:30","date_gmt":"2024-10-16T12:34:30","guid":{"rendered":"https:\/\/o-seznam.cz\/napoveda\/sbazar\/?page_id=126"},"modified":"2026-01-20T13:23:59","modified_gmt":"2026-01-20T12:23:59","slug":"jak-odpovedet-na-inzerat","status":"publish","type":"page","link":"https:\/\/o-seznam.cz\/napoveda\/sbazar\/jak-nakupovat\/jak-odpovedet-na-inzerat\/","title":{"rendered":"Jak odpov\u011bd\u011bt na inzer\u00e1t\u00a0"},"content":{"rendered":"\n<div class=\"wp-block-group is-layout-constrained wp-block-group-is-layout-constrained\">\n<p>Ve\u0161ker\u00e1 komunikace na Sbazar.cz nyn\u00ed prob\u00edh\u00e1 bezpe\u010dn\u011b p\u0159es\u00a0<strong>Sbazar Messenger<\/strong>. Umo\u017e\u0148uje rychlou v\u00fdm\u011bnu zpr\u00e1v mezi kupuj\u00edc\u00edm a prodejcem p\u0159\u00edmo na str\u00e1nce bez pot\u0159eby sd\u00edlet osobn\u00ed kontakt.<\/p>\n\n\n\n<div class=\"wp-block-group is-layout-constrained wp-block-group-is-layout-constrained\">\n<h2 class=\"wp-block-heading\">Jak odeslat prvn\u00ed zpr\u00e1vu<\/h2>\n<\/div>\n\n\n\n<ol class=\"wp-block-list\">\n<li>Otev\u0159ete inzer\u00e1t, o kter\u00fd m\u00e1te z\u00e1jem.<\/li>\n\n\n\n<li>Klikn\u011bte na tla\u010d\u00edtko\u00a0<strong>\u201eNapsat prodejci\u201c<\/strong>.<\/li>\n\n\n\n<li>Pokud nejste p\u0159ihl\u00e1\u0161eni, syst\u00e9m v\u00e1s automaticky p\u0159esm\u011bruje k p\u0159ihl\u00e1\u0161en\u00ed.<\/li>\n<\/ol>\n\n\n\n<p>Po p\u0159ihl\u00e1\u0161en\u00ed se zobraz\u00ed okno\u00a0<strong>Napsat prodejci<\/strong>, ve kter\u00e9m m\u016f\u017eete napsat svou prvn\u00ed zpr\u00e1vu.<\/p>\n\n\n\n<figure class=\"wp-block-image size-full is-resized\"><img loading=\"lazy\" decoding=\"async\" width=\"426\" height=\"474\" src=\"https:\/\/o-seznam.cz\/napoveda\/sbazar\/wp-content\/uploads\/sites\/19\/2025\/11\/snimek-obrazovky-2025-11-30-v144220.png\" alt=\"\" class=\"wp-image-653\" style=\"width:350px\" srcset=\"https:\/\/o-seznam.cz\/napoveda\/sbazar\/wp-content\/uploads\/sites\/19\/2025\/11\/snimek-obrazovky-2025-11-30-v144220.png 426w, https:\/\/o-seznam.cz\/napoveda\/sbazar\/wp-content\/uploads\/sites\/19\/2025\/11\/snimek-obrazovky-2025-11-30-v144220-288x320.png 288w\" sizes=\"auto, (max-width: 426px) 100vw, 426px\" \/><\/figure>\n\n\n\n<h2 class=\"wp-block-heading\">\u00daprava profilu p\u0159ed odesl\u00e1n\u00edm<\/h2>\n\n\n\n<p>V horn\u00ed \u010d\u00e1sti okna vid\u00edte sv\u016fj profil &#8211; n\u00e1zev, fotografii a URL profilu, kter\u00e9 se zobraz\u00ed prodejci spolu s va\u0161\u00ed zpr\u00e1vou.<br>Pokud chcete \u00fadaje upravit, klikn\u011bte na\u00a0<strong>\u201eZm\u011bnit\u201c<\/strong>.<br><br>Otev\u0159e se okno <strong>Upravit profil<\/strong>, kde m\u016f\u017eete:<\/p>\n\n\n\n<ul class=\"wp-block-list\">\n<li>upravit\u00a0<strong>n\u00e1zev na Sbazaru<\/strong>,<\/li>\n\n\n\n<li><strong>zm\u011bnit<\/strong>\u00a0nebo\u00a0<strong>smazat<\/strong>\u00a0profilovou fotografii,<\/li>\n\n\n\n<li>doplnit text do pole\u00a0<strong>Informace o prodejci<\/strong>,<\/li>\n\n\n\n<li>upravit\u00a0<strong>URL profilu<\/strong>, kter\u00e9 se zobrazuje v adrese sbazar.cz\/bazar\/\u2026<\/li>\n<\/ul>\n\n\n\n<p>Zm\u011bny ulo\u017ete kliknut\u00edm na\u00a0<strong>\u201eUlo\u017eit profil\u201c<\/strong>. Pot\u00e9 se vr\u00e1t\u00edte zp\u011bt k odesl\u00e1n\u00ed zpr\u00e1vy.<\/p>\n\n\n\n<figure class=\"wp-block-image size-full is-resized\"><img loading=\"lazy\" decoding=\"async\" width=\"500\" height=\"595\" src=\"https:\/\/o-seznam.cz\/napoveda\/sbazar\/wp-content\/uploads\/sites\/19\/2025\/11\/snimek-obrazovky-2025-11-30-v144131.png\" alt=\"\" class=\"wp-image-654\" style=\"width:350px\" srcset=\"https:\/\/o-seznam.cz\/napoveda\/sbazar\/wp-content\/uploads\/sites\/19\/2025\/11\/snimek-obrazovky-2025-11-30-v144131.png 500w, https:\/\/o-seznam.cz\/napoveda\/sbazar\/wp-content\/uploads\/sites\/19\/2025\/11\/snimek-obrazovky-2025-11-30-v144131-269x320.png 269w\" sizes=\"auto, (max-width: 500px) 100vw, 500px\" \/><\/figure>\n\n\n\n<div class=\"wp-block-group is-layout-constrained wp-block-group-is-layout-constrained\">\n<h2 class=\"wp-block-heading\">Odesl\u00e1n\u00ed zpr\u00e1vy<\/h2>\n\n\n\n<p>Do pole\u00a0<em>Va\u0161e zpr\u00e1va<\/em>\u00a0napi\u0161te, co chcete prodejci sd\u011blit, a klikn\u011bte na\u00a0<strong>\u201eOdeslat zpr\u00e1vu\u201c<\/strong>.<\/p>\n\n\n\n<p>Po odesl\u00e1n\u00ed:<\/p>\n\n\n\n<ul class=\"wp-block-list\">\n<li>se v prav\u00e9m doln\u00edm rohu otev\u0159e\u00a0<strong>Sbazar Messenger<\/strong>,<\/li>\n\n\n\n<li>v n\u011bm prob\u00edh\u00e1 cel\u00e1 dal\u0161\u00ed komunikace,<\/li>\n\n\n\n<li>v\u0161echny odpov\u011bdi a konverzace najdete po p\u0159ihl\u00e1\u0161en\u00ed v\u017edy na jednom m\u00edst\u011b.<\/li>\n<\/ul>\n<\/div>\n\n\n\n<div class=\"wp-block-group is-layout-constrained wp-block-group-is-layout-constrained\">\n<h2 class=\"wp-block-heading\">Co kdy\u017e prodejce nen\u00ed online<\/h2>\n\n\n\n<p>Pokud prodejce nen\u00ed pr\u00e1v\u011b p\u0159ihl\u00e1\u0161en\u00fd:<\/p>\n\n\n\n<ul class=\"wp-block-list\">\n<li>Sbazar mu automaticky ode\u0161le\u00a0<strong>e-mailov\u00e9 upozorn\u011bn\u00ed<\/strong>,<\/li>\n\n\n\n<li>v e-mailu se dozv\u00ed, \u017ee m\u00e1 novou zpr\u00e1vu v Messengeru,<\/li>\n\n\n\n<li>jakmile se p\u0159ihl\u00e1s\u00ed, odpov\u011b\u010f v\u00e1m po\u0161le p\u0159\u00edmo v chatu.<\/li>\n<\/ul>\n<\/div>\n\n\n\n<h2 class=\"wp-block-heading\">Telefonick\u00fd kontakt<\/h2>\n\n\n\n<p>Pokud m\u00e1 prodejce u inzer\u00e1tu zve\u0159ejn\u011bn\u00e9 telefonn\u00ed \u010d\u00edslo, m\u016f\u017eete ho kontaktovat tak\u00e9 telefonicky.<br>Ve\u0161kerou p\u00edsemnou komunikaci ale doporu\u010dujeme v\u00e9st p\u0159es Messenger &#8211; je bezpe\u010dn\u011bj\u0161\u00ed a z\u016fst\u00e1v\u00e1 v historii konverzace.<\/p>\n\n\n\n<h2 class=\"wp-block-heading\">Na co si d\u00e1vat pozor?<\/h2>\n\n\n\n<p>Uzav\u0159en\u00ed obchodu je v\u00fdsledkem domluvy mezi prodejcem a z\u00e1jemcem. <strong>Domluvte si takov\u00e9 podm\u00ednky, se kter\u00fdmi budete oba souhlasit.<\/strong><\/p>\n\n\n\n<ul class=\"wp-block-list\">\n<li>Podm\u00ednky obchodu si v\u017edy domluvte p\u0159\u00edmo s prodejcem &#8211; v\u010detn\u011b mo\u017enost\u00ed reklamace.<\/li>\n\n\n\n<li>Pokud je cena neobvykle n\u00edzk\u00e1, bu\u010fte opatrn\u00ed. M\u016f\u017ee j\u00edt o podvod.<\/li>\n\n\n\n<li>U dra\u017e\u0161\u00edho zbo\u017e\u00ed zva\u017ete osobn\u00ed p\u0159ed\u00e1n\u00ed, p\u0159\u00edpadn\u011b obchod odm\u00edtn\u011bte, pokud nechcete riskovat.<\/li>\n\n\n\n<li>Ve\u0161kerou komunikaci si uchov\u00e1vejte a\u017e do \u00fapln\u00e9ho dokon\u010den\u00ed obchodu.<\/li>\n<\/ul>\n\n\n\n<p class=\"has-accent-color has-text-color has-link-color wp-elements-b3e0cb66b5955fd1e4c5b071c3fe0b9f\"><strong>D\u016fle\u017eit\u00e9 upozorn\u011bn\u00ed<br><\/strong>Sbazar je pouze zprost\u0159edkovatel kontaktu. Do komunikace mezi prodejcem a z\u00e1jemcem nevstupuje, nenese odpov\u011bdnost za kvalitu zbo\u017e\u00ed ani pr\u016fb\u011bh obchodu a v p\u0159\u00edpad\u011b vzniku \u0161kody neposkytuje n\u00e1hradu ani nezaji\u0161\u0165uje vym\u00e1h\u00e1n\u00ed!<\/p>\n<\/div>\n\n\n\n<p><\/p>\n","protected":false},"excerpt":{"rendered":"<p>Ve\u0161ker\u00e1 komunikace na Sbazar.cz nyn\u00ed prob\u00edh\u00e1 bezpe\u010dn\u011b p\u0159es\u00a0Sbazar Messenger. Umo\u017e\u0148uje rychlou v\u00fdm\u011bnu zpr\u00e1v mezi kupuj\u00edc\u00edm a prodejcem p\u0159\u00edmo na str\u00e1nce bez pot\u0159eby sd\u00edlet osobn\u00ed kontakt. Jak odeslat prvn\u00ed zpr\u00e1vu Po p\u0159ihl\u00e1\u0161en\u00ed se zobraz\u00ed okno\u00a0Napsat prodejci, ve kter\u00e9m m\u016f\u017eete napsat svou prvn\u00ed zpr\u00e1vu. \u00daprava profilu p\u0159ed odesl\u00e1n\u00edm V horn\u00ed \u010d\u00e1sti okna vid\u00edte sv\u016fj profil &#8211; n\u00e1zev, [&hellip;]<\/p>\n","protected":false},"author":31,"featured_media":0,"parent":346,"menu_order":10,"comment_status":"closed","ping_status":"closed","template":"page-sidemenu","meta":{"_acf_changed":false,"_relevanssi_hide_post":"","_relevanssi_hide_content":"","_relevanssi_pin_for_all":"","_relevanssi_pin_keywords":"","_relevanssi_unpin_keywords":"","_relevanssi_related_keywords":"","_relevanssi_related_include_ids":"","_relevanssi_related_exclude_ids":"","_relevanssi_related_no_append":"","_relevanssi_related_not_related":"","_relevanssi_related_posts":"","_relevanssi_noindex_reason":"","footnotes":""},"page_category":[33],"page_tag":[],"service_status_category":[],"class_list":["post-126","page","type-page","status-publish","hentry"],"acf":[],"_links":{"self":[{"href":"https:\/\/o-seznam.cz\/napoveda\/sbazar\/wp-json\/wp\/v2\/pages\/126","targetHints":{"allow":["GET"]}}],"collection":[{"href":"https:\/\/o-seznam.cz\/napoveda\/sbazar\/wp-json\/wp\/v2\/pages"}],"about":[{"href":"https:\/\/o-seznam.cz\/napoveda\/sbazar\/wp-json\/wp\/v2\/types\/page"}],"author":[{"embeddable":true,"href":"https:\/\/o-seznam.cz\/napoveda\/sbazar\/wp-json\/wp\/v2\/users\/31"}],"replies":[{"embeddable":true,"href":"https:\/\/o-seznam.cz\/napoveda\/sbazar\/wp-json\/wp\/v2\/comments?post=126"}],"version-history":[{"count":6,"href":"https:\/\/o-seznam.cz\/napoveda\/sbazar\/wp-json\/wp\/v2\/pages\/126\/revisions"}],"predecessor-version":[{"id":681,"href":"https:\/\/o-seznam.cz\/napoveda\/sbazar\/wp-json\/wp\/v2\/pages\/126\/revisions\/681"}],"up":[{"embeddable":true,"href":"https:\/\/o-seznam.cz\/napoveda\/sbazar\/wp-json\/wp\/v2\/pages\/346"}],"wp:attachment":[{"href":"https:\/\/o-seznam.cz\/napoveda\/sbazar\/wp-json\/wp\/v2\/media?parent=126"}],"wp:term":[{"taxonomy":"page_category","embeddable":true,"href":"https:\/\/o-seznam.cz\/napoveda\/sbazar\/wp-json\/wp\/v2\/page_category?post=126"},{"taxonomy":"page_tag","embeddable":true,"href":"https:\/\/o-seznam.cz\/napoveda\/sbazar\/wp-json\/wp\/v2\/page_tag?post=126"},{"taxonomy":"service_status_category","embeddable":true,"href":"https:\/\/o-seznam.cz\/napoveda\/sbazar\/wp-json\/wp\/v2\/service_status_category?post=126"}],"curies":[{"name":"wp","href":"https:\/\/api.w.org\/{rel}","templated":true}]}}