{"id":66,"date":"2024-12-01T02:01:08","date_gmt":"2024-12-01T01:01:08","guid":{"rendered":"https:\/\/o-seznam.cz\/napoveda\/sauto\/?page_id=66"},"modified":"2026-01-05T15:44:08","modified_gmt":"2026-01-05T14:44:08","slug":"kontakty","status":"publish","type":"page","link":"https:\/\/o-seznam.cz\/napoveda\/sauto\/kontakty\/","title":{"rendered":"Kontakty Sauto.cz"},"content":{"rendered":"\n<div class=\"wp-block-group is-layout-constrained wp-block-group-is-layout-constrained\">\n<h2 class=\"wp-block-heading\">Firemn\u00ed inzerce<\/h2>\n\n\n\n<h3 class=\"wp-block-heading\">Podpora pro nov\u00e9 i registrovan\u00e9 autobazary a dealery<\/h3>\n\n\n\n<p>Pond\u011bl\u00ed\u2013P\u00e1tek 8.00\u201316.00<\/p>\n\n\n\n<p>E-mail: podpora@sauto.cz<\/p>\n\n\n\n<p class=\"is-style-link-external\">Pro je\u0161t\u011b rychlej\u0161\u00ed technickou podporu se sta\u010d\u00ed p\u0159ihl\u00e1sit do sv\u00e9ho \u00fa\u010dtu na <a href=\"https:\/\/login.szn.cz\/\" data-type=\"link\" data-id=\"https:\/\/login.szn.cz\/\" target=\"_blank\" rel=\"noreferrer noopener\">Sauto.cz<\/a>, kde m\u016f\u017eete vyu\u017e\u00edt chat s na\u0161\u00edm specialistou.<\/p>\n\n\n\n<p class=\"is-style-link-external\">Pokud chcete za\u010d\u00edt inzerovat na <a href=\"https:\/\/www.sauto.cz\/\" data-type=\"link\" data-id=\"https:\/\/www.sauto.cz\/\" target=\"_blank\" rel=\"noreferrer noopener\">Sauto.cz<\/a>, vyu\u017eijte P\u0159ihl\u00e1sit.<\/p>\n<\/div>\n\n\n\n<div class=\"wp-block-group is-layout-constrained wp-block-group-is-layout-constrained\">\n<h2 class=\"wp-block-heading\">Jednor\u00e1zov\u00e1 inzerce<\/h2>\n\n\n\n<h3 class=\"wp-block-heading\">Podpora pro jednor\u00e1zovou inzerci a u\u017eivatele<\/h3>\n\n\n\n<p>Pond\u011bl\u00ed\u2013P\u00e1tek 8.00\u201316.30<\/p>\n\n\n\n<p>Telefon: 234 694 430<\/p>\n\n\n\n<p>Pro je\u0161t\u011b rychlej\u0161\u00ed technickou podporu doporu\u010dujeme vyu\u017e\u00edt chat.<\/p>\n<\/div>\n\n\n\n<p><\/p>\n\n\n\n<p><\/p>\n\n\n\n<p><\/p>\n","protected":false},"excerpt":{"rendered":"<p>Firemn\u00ed inzerce Podpora pro nov\u00e9 i registrovan\u00e9 autobazary a dealery Pond\u011bl\u00ed\u2013P\u00e1tek 8.00\u201316.00 E-mail: podpora@sauto.cz Pro je\u0161t\u011b rychlej\u0161\u00ed technickou podporu se sta\u010d\u00ed p\u0159ihl\u00e1sit do sv\u00e9ho \u00fa\u010dtu na Sauto.cz, kde m\u016f\u017eete vyu\u017e\u00edt chat s na\u0161\u00edm specialistou. Pokud chcete za\u010d\u00edt inzerovat na Sauto.cz, vyu\u017eijte P\u0159ihl\u00e1sit. Jednor\u00e1zov\u00e1 inzerce Podpora pro jednor\u00e1zovou inzerci a u\u017eivatele Pond\u011bl\u00ed\u2013P\u00e1tek 8.00\u201316.30 Telefon: 234 694 [&hellip;]<\/p>\n","protected":false},"author":6,"featured_media":0,"parent":0,"menu_order":0,"comment_status":"closed","ping_status":"closed","template":"page-sidemenu","meta":{"_acf_changed":false,"_relevanssi_hide_post":"","_relevanssi_hide_content":"","_relevanssi_pin_for_all":"","_relevanssi_pin_keywords":"","_relevanssi_unpin_keywords":"","_relevanssi_related_keywords":"","_relevanssi_related_include_ids":"","_relevanssi_related_exclude_ids":"","_relevanssi_related_no_append":"","_relevanssi_related_not_related":"","_relevanssi_related_posts":"","_relevanssi_noindex_reason":"","footnotes":""},"page_category":[3],"page_tag":[],"service_status_category":[18],"class_list":["post-66","page","type-page","status-publish","hentry"],"acf":[],"_links":{"self":[{"href":"https:\/\/o-seznam.cz\/napoveda\/sauto\/wp-json\/wp\/v2\/pages\/66","targetHints":{"allow":["GET"]}}],"collection":[{"href":"https:\/\/o-seznam.cz\/napoveda\/sauto\/wp-json\/wp\/v2\/pages"}],"about":[{"href":"https:\/\/o-seznam.cz\/napoveda\/sauto\/wp-json\/wp\/v2\/types\/page"}],"author":[{"embeddable":true,"href":"https:\/\/o-seznam.cz\/napoveda\/sauto\/wp-json\/wp\/v2\/users\/6"}],"replies":[{"embeddable":true,"href":"https:\/\/o-seznam.cz\/napoveda\/sauto\/wp-json\/wp\/v2\/comments?post=66"}],"version-history":[{"count":11,"href":"https:\/\/o-seznam.cz\/napoveda\/sauto\/wp-json\/wp\/v2\/pages\/66\/revisions"}],"predecessor-version":[{"id":305,"href":"https:\/\/o-seznam.cz\/napoveda\/sauto\/wp-json\/wp\/v2\/pages\/66\/revisions\/305"}],"wp:attachment":[{"href":"https:\/\/o-seznam.cz\/napoveda\/sauto\/wp-json\/wp\/v2\/media?parent=66"}],"wp:term":[{"taxonomy":"page_category","embeddable":true,"href":"https:\/\/o-seznam.cz\/napoveda\/sauto\/wp-json\/wp\/v2\/page_category?post=66"},{"taxonomy":"page_tag","embeddable":true,"href":"https:\/\/o-seznam.cz\/napoveda\/sauto\/wp-json\/wp\/v2\/page_tag?post=66"},{"taxonomy":"service_status_category","embeddable":true,"href":"https:\/\/o-seznam.cz\/napoveda\/sauto\/wp-json\/wp\/v2\/service_status_category?post=66"}],"curies":[{"name":"wp","href":"https:\/\/api.w.org\/{rel}","templated":true}]}}