{"id":55,"date":"2024-12-01T01:20:35","date_gmt":"2024-12-01T00:20:35","guid":{"rendered":"https:\/\/o-seznam.cz\/napoveda\/sauto\/?page_id=55"},"modified":"2026-03-11T15:12:07","modified_gmt":"2026-03-11T14:12:07","slug":"smluvni-podminky","status":"publish","type":"page","link":"https:\/\/o-seznam.cz\/napoveda\/sauto\/dulezite-pro-vsechny\/smluvni-podminky\/","title":{"rendered":"Smluvn\u00ed podm\u00ednky slu\u017eby Sauto.cz"},"content":{"rendered":"\n<div class=\"wp-block-group is-layout-constrained wp-block-group-is-layout-constrained\">\n<p><a href=\"https:\/\/o-seznam.cz\/napoveda\/sauto\/dulezite-pro-vsechny\/smluvni-podminky\/platne-od-1-4-2026\/\" data-type=\"page\" data-id=\"120\">Smluvn\u00ed podm\u00ednky pro vkl\u00e1d\u00e1n\u00ed inzerce do datab\u00e1ze serveru Sauto.cz<\/a> \u2013 \u00fa\u010dinn\u00e9 od 1. 4. 2026<\/p>\n\n\n\n<p><a href=\"https:\/\/o-seznam.cz\/napoveda\/sauto\/pravidla\/smluvni-podminky\/platne-od-17-2-2024\/\" data-type=\"page\" data-id=\"120\">Smluvn\u00ed podm\u00ednky pro vkl\u00e1d\u00e1n\u00ed inzerce do datab\u00e1ze serveru Sauto.cz<\/a> \u2013 \u00fa\u010dinn\u00e9 od 17. 2. 2024<\/p>\n\n\n\n<p><a href=\"https:\/\/o-seznam.cz\/napoveda\/sauto\/pravidla\/smluvni-podminky\/platne-od-5-5-2022\/\" data-type=\"page\" data-id=\"118\">Smluvn\u00ed podm\u00ednky pro vkl\u00e1d\u00e1n\u00ed inzerce do datab\u00e1ze serveru Sauto.cz<\/a> \u2013 \u00fa\u010dinn\u00e9 od 5. 5. 2022<\/p>\n\n\n\n<p><a href=\"https:\/\/o-seznam.cz\/napoveda\/sauto\/pravidla\/smluvni-podminky\/platne-od-28-2-2022\/\" data-type=\"page\" data-id=\"112\">Smluvn\u00ed podm\u00ednky pro vkl\u00e1d\u00e1n\u00ed inzerce do datab\u00e1ze serveru Sauto.cz<\/a> \u2013 \u00fa\u010dinn\u00e9 od 28. 2. 2022<\/p>\n\n\n\n<p><a href=\"https:\/\/o-seznam.cz\/napoveda\/sauto\/pravidla\/smluvni-podminky\/platne-od-8-2-2021\/\" data-type=\"page\" data-id=\"101\">Smluvn\u00ed podm\u00ednky pro vkl\u00e1d\u00e1n\u00ed inzerce do datab\u00e1ze serveru Sauto.cz<\/a> \u2013 \u00fa\u010dinn\u00e9 od 8. 2. 2021<\/p>\n\n\n\n<p><a href=\"https:\/\/o-seznam.cz\/napoveda\/sauto\/pravidla\/smluvni-podminky\/platne-od-12-8-2019\/\" data-type=\"page\" data-id=\"99\">Smluvn\u00ed podm\u00ednky pro vkl\u00e1d\u00e1n\u00ed inzerce do datab\u00e1ze serveru Sauto.cz<\/a> \u2013 \u00fa\u010dinn\u00e9 od 12 .8. 2019<\/p>\n<\/div>\n","protected":false},"excerpt":{"rendered":"<p>Smluvn\u00ed podm\u00ednky pro vkl\u00e1d\u00e1n\u00ed inzerce do datab\u00e1ze serveru Sauto.cz \u2013 \u00fa\u010dinn\u00e9 od 1. 4. 2026 Smluvn\u00ed podm\u00ednky pro vkl\u00e1d\u00e1n\u00ed inzerce do datab\u00e1ze serveru Sauto.cz \u2013 \u00fa\u010dinn\u00e9 od 17. 2. 2024 Smluvn\u00ed podm\u00ednky pro vkl\u00e1d\u00e1n\u00ed inzerce do datab\u00e1ze serveru Sauto.cz \u2013 \u00fa\u010dinn\u00e9 od 5. 5. 2022 Smluvn\u00ed podm\u00ednky pro vkl\u00e1d\u00e1n\u00ed inzerce do datab\u00e1ze serveru Sauto.cz \u2013 [&hellip;]<\/p>\n","protected":false},"author":6,"featured_media":0,"parent":122,"menu_order":0,"comment_status":"closed","ping_status":"closed","template":"page-sidemenu","meta":{"_acf_changed":false,"_relevanssi_hide_post":"","_relevanssi_hide_content":"","_relevanssi_pin_for_all":"","_relevanssi_pin_keywords":"","_relevanssi_unpin_keywords":"","_relevanssi_related_keywords":"","_relevanssi_related_include_ids":"","_relevanssi_related_exclude_ids":"","_relevanssi_related_no_append":"","_relevanssi_related_not_related":"","_relevanssi_related_posts":"","_relevanssi_noindex_reason":"","footnotes":""},"page_category":[3],"page_tag":[],"service_status_category":[18],"class_list":["post-55","page","type-page","status-publish","hentry"],"acf":[],"_links":{"self":[{"href":"https:\/\/o-seznam.cz\/napoveda\/sauto\/wp-json\/wp\/v2\/pages\/55","targetHints":{"allow":["GET"]}}],"collection":[{"href":"https:\/\/o-seznam.cz\/napoveda\/sauto\/wp-json\/wp\/v2\/pages"}],"about":[{"href":"https:\/\/o-seznam.cz\/napoveda\/sauto\/wp-json\/wp\/v2\/types\/page"}],"author":[{"embeddable":true,"href":"https:\/\/o-seznam.cz\/napoveda\/sauto\/wp-json\/wp\/v2\/users\/6"}],"replies":[{"embeddable":true,"href":"https:\/\/o-seznam.cz\/napoveda\/sauto\/wp-json\/wp\/v2\/comments?post=55"}],"version-history":[{"count":5,"href":"https:\/\/o-seznam.cz\/napoveda\/sauto\/wp-json\/wp\/v2\/pages\/55\/revisions"}],"predecessor-version":[{"id":368,"href":"https:\/\/o-seznam.cz\/napoveda\/sauto\/wp-json\/wp\/v2\/pages\/55\/revisions\/368"}],"up":[{"embeddable":true,"href":"https:\/\/o-seznam.cz\/napoveda\/sauto\/wp-json\/wp\/v2\/pages\/122"}],"wp:attachment":[{"href":"https:\/\/o-seznam.cz\/napoveda\/sauto\/wp-json\/wp\/v2\/media?parent=55"}],"wp:term":[{"taxonomy":"page_category","embeddable":true,"href":"https:\/\/o-seznam.cz\/napoveda\/sauto\/wp-json\/wp\/v2\/page_category?post=55"},{"taxonomy":"page_tag","embeddable":true,"href":"https:\/\/o-seznam.cz\/napoveda\/sauto\/wp-json\/wp\/v2\/page_tag?post=55"},{"taxonomy":"service_status_category","embeddable":true,"href":"https:\/\/o-seznam.cz\/napoveda\/sauto\/wp-json\/wp\/v2\/service_status_category?post=55"}],"curies":[{"name":"wp","href":"https:\/\/api.w.org\/{rel}","templated":true}]}}