{"id":53,"date":"2024-12-01T01:30:34","date_gmt":"2024-12-01T00:30:34","guid":{"rendered":"https:\/\/o-seznam.cz\/napoveda\/sauto\/?page_id=53"},"modified":"2024-12-09T13:14:19","modified_gmt":"2024-12-09T12:14:19","slug":"blokace-sluzby","status":"publish","type":"page","link":"https:\/\/o-seznam.cz\/napoveda\/sauto\/dulezite-pro-vsechny\/blokace-sluzby\/","title":{"rendered":"Blokace slu\u017eby"},"content":{"rendered":"\n<div class=\"wp-block-group is-layout-constrained wp-block-group-is-layout-constrained\">\n<p>K zablokov\u00e1n\u00ed \u00fa\u010dtu u\u017eivatele m\u016f\u017ee doj\u00edt t\u00e9m\u011b\u0159 pouze ve v\u00fdjime\u010dn\u00fdch p\u0159\u00edpadech, kdy u\u017eivatelovo chov\u00e1n\u00ed n\u011bjak\u00fdm z\u00e1va\u017en\u00fdm zp\u016fsobem poru\u0161\u00ed jeden z n\u00ed\u017ee uveden\u00fdch d\u016fvod\u016f:<\/p>\n\n\n\n<ul class=\"wp-block-list\">\n<li>U\u017eivatel\u016fv \u00fa\u010det byl neopr\u00e1vn\u011bn\u011b zneu\u017eit ke vkl\u00e1d\u00e1n\u00ed podvodn\u00fdch inzer\u00e1t\u016f<\/li>\n\n\n\n<li>Vkl\u00e1dan\u00e9 inzer\u00e1ty opakovan\u011b poru\u0161uj\u00ed smluvn\u00ed podm\u00ednky nebo pravidla inzerce<\/li>\n<\/ul>\n\n\n\n<p>Je prov\u00e1d\u011bno z\u00e1sadn\u011b spole\u010dnost\u00ed Seznam.cz.<\/p>\n<\/div>\n","protected":false},"excerpt":{"rendered":"<p>K zablokov\u00e1n\u00ed \u00fa\u010dtu u\u017eivatele m\u016f\u017ee doj\u00edt t\u00e9m\u011b\u0159 pouze ve v\u00fdjime\u010dn\u00fdch p\u0159\u00edpadech, kdy u\u017eivatelovo chov\u00e1n\u00ed n\u011bjak\u00fdm z\u00e1va\u017en\u00fdm zp\u016fsobem poru\u0161\u00ed jeden z n\u00ed\u017ee uveden\u00fdch d\u016fvod\u016f: Je prov\u00e1d\u011bno z\u00e1sadn\u011b spole\u010dnost\u00ed Seznam.cz.<\/p>\n","protected":false},"author":6,"featured_media":0,"parent":122,"menu_order":0,"comment_status":"closed","ping_status":"closed","template":"page-sidemenu","meta":{"_acf_changed":false,"_relevanssi_hide_post":"","_relevanssi_hide_content":"","_relevanssi_pin_for_all":"","_relevanssi_pin_keywords":"","_relevanssi_unpin_keywords":"","_relevanssi_related_keywords":"","_relevanssi_related_include_ids":"","_relevanssi_related_exclude_ids":"","_relevanssi_related_no_append":"","_relevanssi_related_not_related":"","_relevanssi_related_posts":"","_relevanssi_noindex_reason":"","footnotes":""},"page_category":[3],"page_tag":[],"service_status_category":[18],"class_list":["post-53","page","type-page","status-publish","hentry"],"acf":[],"_links":{"self":[{"href":"https:\/\/o-seznam.cz\/napoveda\/sauto\/wp-json\/wp\/v2\/pages\/53","targetHints":{"allow":["GET"]}}],"collection":[{"href":"https:\/\/o-seznam.cz\/napoveda\/sauto\/wp-json\/wp\/v2\/pages"}],"about":[{"href":"https:\/\/o-seznam.cz\/napoveda\/sauto\/wp-json\/wp\/v2\/types\/page"}],"author":[{"embeddable":true,"href":"https:\/\/o-seznam.cz\/napoveda\/sauto\/wp-json\/wp\/v2\/users\/6"}],"replies":[{"embeddable":true,"href":"https:\/\/o-seznam.cz\/napoveda\/sauto\/wp-json\/wp\/v2\/comments?post=53"}],"version-history":[{"count":1,"href":"https:\/\/o-seznam.cz\/napoveda\/sauto\/wp-json\/wp\/v2\/pages\/53\/revisions"}],"predecessor-version":[{"id":54,"href":"https:\/\/o-seznam.cz\/napoveda\/sauto\/wp-json\/wp\/v2\/pages\/53\/revisions\/54"}],"up":[{"embeddable":true,"href":"https:\/\/o-seznam.cz\/napoveda\/sauto\/wp-json\/wp\/v2\/pages\/122"}],"wp:attachment":[{"href":"https:\/\/o-seznam.cz\/napoveda\/sauto\/wp-json\/wp\/v2\/media?parent=53"}],"wp:term":[{"taxonomy":"page_category","embeddable":true,"href":"https:\/\/o-seznam.cz\/napoveda\/sauto\/wp-json\/wp\/v2\/page_category?post=53"},{"taxonomy":"page_tag","embeddable":true,"href":"https:\/\/o-seznam.cz\/napoveda\/sauto\/wp-json\/wp\/v2\/page_tag?post=53"},{"taxonomy":"service_status_category","embeddable":true,"href":"https:\/\/o-seznam.cz\/napoveda\/sauto\/wp-json\/wp\/v2\/service_status_category?post=53"}],"curies":[{"name":"wp","href":"https:\/\/api.w.org\/{rel}","templated":true}]}}