{"id":5,"date":"2024-10-21T11:58:07","date_gmt":"2024-10-21T09:58:07","guid":{"rendered":"https:\/\/o-seznam.cz\/napoveda\/sauto\/?page_id=5"},"modified":"2026-02-13T15:52:25","modified_gmt":"2026-02-13T14:52:25","slug":"napoveda-sauto","status":"publish","type":"page","link":"https:\/\/o-seznam.cz\/napoveda\/sauto\/","title":{"rendered":"N\u00e1pov\u011bda Sauto.cz"},"content":{"rendered":"\n<div class=\"wp-block-group alignwide is-layout-constrained wp-block-group-is-layout-constrained\">\n<div class=\"wp-block-group alignwide is-layout-constrained wp-block-group-is-layout-constrained\"><div class=\"alignwide alignwide wp-block-seznam-hero\"><div class=\"cover is-hero is-hero-default bg-neutral-40\"><img decoding=\"async\" src=\"https:\/\/o-seznam.cz\/napoveda\/sauto\/wp-content\/themes\/seznam\/patterns\/images\/seznam-cover.jpg\" class=\"cover__media\" alt=\"\" \/><div class=\"cover__dim\" style=\"opacity:0.45\"><\/div><div class=\"cover__content is-layout-constrained\">\n\n<h1 class=\"wp-block-heading has-text-align-left\">N\u00e1pov\u011bda Sauto.cz<\/h1>\n\n\n\n<div class=\"wp-block-group is-content-justification-left is-layout-constrained wp-container-core-group-is-layout-59d06cab wp-block-group-is-layout-constrained\">\n<p>V\u0161e o vkl\u00e1d\u00e1n\u00ed a spr\u00e1v\u011b inzer\u00e1t\u016f, vyhled\u00e1v\u00e1n\u00ed vozidel, kontaktov\u00e1n\u00ed prodejc\u016f a vyu\u017e\u00edv\u00e1n\u00ed dal\u0161\u00edch chytr\u00fdch funkc\u00ed autobazaru jako t\u0159eba pokro\u010dil\u00fdch filtr\u016f.<\/p>\n<\/div>\n\n<\/div><\/div><\/div>\n\n\n<\/div>\n<\/div>\n\n\n\n<div class=\"wp-block-group is-layout-constrained wp-block-group-is-layout-constrained\">\n<h2 class=\"wp-block-heading\">Nej\u010dast\u011bj\u0161\u00ed dotazy<\/h2>\n\n\n\n<div class=\"accordion\">\n\t<div class=\"accordion__items\">\n\n<details class=\"expander is-style-default\">\n\t<summary data-datalayer-name=\"\" data-datalayer-text=\"Jak m\u00e1m vlo\u017eit jednor\u00e1zov\u00fd inzer\u00e1t?\">\n\t\t\t\t<strong>Jak m\u00e1m vlo\u017eit jednor\u00e1zov\u00fd inzer\u00e1t?<\/strong>\n\t\t\t<\/summary>\n\t<div class=\"inner-blocks\">\n\n<p>Postupujte podle na\u0161\u00ed <a href=\"https:\/\/o-seznam.cz\/napoveda\/sauto\/prihlaseni-jednorazova-inzerce\/vytvoreni-uprava-inzeratu\/\">n\u00e1pov\u011bdy<\/a>. Pod sv\u00fdm \u00fa\u010dtem se budete p\u0159ihla\u0161ovat do administra\u010dn\u00edho syst\u00e9mu v\u017edy, kdy\u017e budete cht\u00edt inzer\u00e1t upravit \u010di prodlou\u017eit jeho platnost.<\/p>\n\n<\/div><\/details>\n\n\n\n<details class=\"expander is-style-default\">\n\t<summary data-datalayer-name=\"\" data-datalayer-text=\"Jak se zaregistrovat jako firemn\u00ed prodejce vozidel? \">\n\t\t\t\t<strong>Jak se zaregistrovat jako firemn\u00ed prodejce vozidel? <\/strong>\n\t\t\t<\/summary>\n\t<div class=\"inner-blocks\">\n\n<p>O registraci m\u016f\u017eete <a class=\"is-style-link-external\" href=\"https:\/\/www.sauto.cz\/registrace-firmy\" target=\"_blank\" rel=\"noreferrer noopener\">po\u017e\u00e1dat p\u0159es formul\u00e1\u0159<\/a>. P\u0159\u00edpadn\u011b za\u0161lete na e-mail podpora@sauto.cz sv\u00e9 I\u010cO, kontaktn\u00ed \u00fadaje, adresu provozovny a odhadovan\u00fd po\u010det vozidel, kter\u00fd chcete inzerovat. N\u00e1\u0161 obchodn\u00edk specialista si va\u0161i firmu p\u0159evezme do sv\u00e9 obchodn\u00ed spr\u00e1vy p\u0159iprav\u00ed pro v\u00e1s optim\u00e1ln\u00ed variantu a nastav\u00ed cel\u00fd proces registrace. Bude v\u00e1s n\u00e1sledn\u011b informovat o dal\u0161\u00edm postupu. Registrovan\u00ed prodejci se do administra\u010dn\u00edho rozhran\u00ed p\u0159ihla\u0161uj\u00ed p\u0159es pole \u201eP\u0159ihl\u00e1sit\u201c, kter\u00e9 najdete v prav\u00e9 horn\u00ed \u010d\u00e1sti domovsk\u00e9 str\u00e1nky Sauto.cz. Po p\u0159ihl\u00e1\u0161en\u00ed kliknete na medailonek a zvol\u00edte mo\u017enost \u201eMoje inzer\u00e1ty \/ Vstup pro prodejce\u201c. Produktov\u00fd list a cen\u00edk pro registrovan\u00e9 prodejce najdete v sekci <a href=\"https:\/\/www.seznam.cz\/reklama\/cz\/obsahovy-web\/sluzba-sauto\/sauto-typy-inzerce\">Reklama<\/a>. Manu\u00e1l ke klientsk\u00e9mu administra\u010dn\u00edmu rozhran\u00ed pro registrovan\u00e9 firemn\u00ed prodejce naleznete <a href=\"https:\/\/szno.cz\/cs\/b2b\/7i5k5v7k\/\">ZDE<\/a>.<\/p>\n\n<\/div><\/details>\n\n\n\n<details class=\"expander is-style-default\">\n\t<summary data-datalayer-name=\"\" data-datalayer-text=\"Nem\u016f\u017eu se p\u0159ihl\u00e1sit na Sauto.cz, zobrazuje se mi b\u00edl\u00e1 str\u00e1nka. Co d\u011blat?  \">\n\t\t\t\t<strong>Nem\u016f\u017eu se p\u0159ihl\u00e1sit na Sauto.cz, zobrazuje se mi b\u00edl\u00e1 str\u00e1nka. Co d\u011blat?  <\/strong>\n\t\t\t<\/summary>\n\t<div class=\"inner-blocks\">\n\n<p>Pot\u00ed\u017ee mo\u017en\u00e1 zp\u016fsobuje nastaven\u00ed va\u0161eho prohl\u00ed\u017ee\u010de. Doporu\u010dujeme smazat jeho historii a soubory cookies, p\u0159\u00edpadn\u011b vypnout slu\u017ebu AdBlock. Jestli\u017ee nic z uveden\u00e9ho nepom\u00e1h\u00e1, zkuste prohl\u00ed\u017ee\u010d aktualizovat na nov\u011bj\u0161\u00ed verzi. Doporu\u010dujeme tak\u00e9 upravit nastaven\u00ed personalizace na hlavn\u00ed stran\u011b Sauto.cz. Pokud budou pot\u00ed\u017ee i p\u0159esto p\u0159etrv\u00e1vat, kontaktujte na\u0161i technickou podporu na tel. 234 694 430, p\u0159\u00edpadn\u011b <a href=\"https:\/\/o-seznam.cz\/kontakty\/\">on-line<\/a>, kde vyberte mo\u017enost \u201eP\u0159ej\u00edt na technickou podporu\u201c<\/p>\n\n<\/div><\/details>\n\n\n\n<details class=\"expander is-style-default\">\n\t<summary data-datalayer-name=\"\" data-datalayer-text=\"P\u0159i p\u0159ihla\u0161ov\u00e1n\u00ed se mi zobrazuje chyba P\u0159\u00edstup odep\u0159en\">\n\t\t\t\t<strong>P\u0159i p\u0159ihla\u0161ov\u00e1n\u00ed se mi zobrazuje chyba P\u0159\u00edstup odep\u0159en<\/strong>\n\t\t\t<\/summary>\n\t<div class=\"inner-blocks\">\n\n<p>Zkontrolujte, jestli se p\u0159ihla\u0161ujete pod spr\u00e1vn\u00fdm \u00fa\u010dtem a zda m\u00e1te sv\u016fj u\u017eivatelsk\u00fd \u00fa\u010det spr\u00e1vn\u011b ov\u011b\u0159en. P\u0159\u00edpadn\u011b se obra\u0165te na na\u0161i technickou podporu. Informace k&nbsp;ov\u011b\u0159en\u00ed \u00fa\u010dt\u016f naleznete <a href=\"https:\/\/o-seznam.cz\/napoveda\/ucet\/registrace\/\">ZDE<\/a>.<\/p>\n\n<\/div><\/details>\n\n\n\n<details class=\"expander is-style-default\">\n\t<summary data-datalayer-name=\"\" data-datalayer-text=\"Pot\u0159ebuji zm\u011bnit telefonn\u00ed \u010d\u00edslo a kontaktn\u00ed e-mail u sv\u00e9ho soukrom\u00e9ho inzer\u00e1tu\">\n\t\t\t\t<strong>Pot\u0159ebuji zm\u011bnit telefonn\u00ed \u010d\u00edslo a kontaktn\u00ed e-mail u sv\u00e9ho soukrom\u00e9ho inzer\u00e1tu<\/strong>\n\t\t\t<\/summary>\n\t<div class=\"inner-blocks\">\n\n<p>Telefonn\u00ed \u010d\u00edslo i e-mail m\u016f\u017eete zm\u011bnit p\u0159\u00edmo v&nbsp;editaci sv\u00e9ho inzer\u00e1tu. &nbsp;Telefonn\u00ed \u010d\u00edslo bude t\u0159eba autorizovat. Pokud nechcete sv\u00e9 telefonn\u00ed \u010d\u00edslo zobrazovat, m\u016f\u017eete jej skr\u00fdt.<\/p>\n\n<\/div><\/details>\n\n\n\n<details class=\"expander is-style-default\">\n\t<summary data-datalayer-name=\"\" data-datalayer-text=\"Jsem registrovan\u00fd prodejce vozidel a nemohu zm\u011bnit \u00fadaje ve firemn\u00edm profilu\">\n\t\t\t\t<strong>Jsem registrovan\u00fd prodejce vozidel a nemohu zm\u011bnit \u00fadaje ve firemn\u00edm profilu<\/strong>\n\t\t\t<\/summary>\n\t<div class=\"inner-blocks\">\n\n<p>Ve sv\u00e9m administra\u010dn\u00edm rozhran\u00ed m\u016f\u017eete upravit adresu provozovny, popis \u010dinnosti a otev\u00edrac\u00ed dobu. V p\u0159\u00edpad\u011b, \u017ee pot\u0159ebujete zm\u011bnit jin\u00e9 \u00fadaje, obra\u0165te se na sv\u00e9ho obchodn\u00edka, nebo za\u0161lete po\u017eadavek na e-mail podpora@sauto.cz. \u00dapravu provedeme z&nbsp;na\u0161\u00ed strany na vy\u017e\u00e1d\u00e1n\u00ed.<\/p>\n\n<\/div><\/details>\n\n\n\n<details class=\"expander is-style-default\">\n\t<summary data-datalayer-name=\"\" data-datalayer-text=\"Nemohu zadat inzer\u00e1t, zobrazuje se mi chybov\u00e1 hl\u00e1\u0161ka Chybn\u00e9 nebo neexistuj\u00edc\u00ed VIN\">\n\t\t\t\t<strong>Nemohu zadat inzer\u00e1t, zobrazuje se mi chybov\u00e1 hl\u00e1\u0161ka Chybn\u00e9 nebo neexistuj\u00edc\u00ed VIN<\/strong>\n\t\t\t<\/summary>\n\t<div class=\"inner-blocks\">\n\n<p>Zkontrolujte, zda zad\u00e1v\u00e1te VIN, kter\u00e9 je uvedeno v TP nebo zda nepou\u017e\u00edv\u00e1te nepovolen\u00e9 znaky (VIN m\u00e1 m\u00e9n\u011b jak 17 znak\u016f, obsahuje nepovolen\u00e1 p\u00edsmena I, Q a O). Pokud se i p\u0159esto neda\u0159\u00ed inzer\u00e1t zadat, vlo\u017ete vozidlo jako stav \u201eveter\u00e1n\u201c a VIN nevypl\u0148ujte. Syst\u00e9m ho po v\u00e1s nebude v tomto p\u0159\u00edpad\u011b po\u017eadovat.<\/p>\n\n<\/div><\/details>\n\n\n\n<details class=\"expander is-style-default\">\n\t<summary data-datalayer-name=\"\" data-datalayer-text=\"Nedorazily mi do e-mailu odpov\u011bdi na inzer\u00e1t\">\n\t\t\t\t<strong>Nedorazily mi do e-mailu odpov\u011bdi na inzer\u00e1t<\/strong>\n\t\t\t<\/summary>\n\t<div class=\"inner-blocks\">\n\n<p>Odpov\u011bdi na inzer\u00e1t odeslan\u00e9 z popt\u00e1vkov\u00e9ho formul\u00e1\u0159e proch\u00e1zej\u00ed u n\u00e1s antispamovou kontrolou, proto mohou m\u00edt zpo\u017ed\u011bn\u00ed v doru\u010den\u00ed. Zkontrolujte si v\u0161echny slo\u017eky doru\u010den\u00e9 po\u0161ty ve va\u0161em kontaktn\u00edm e-mailu, v\u010detn\u011b slo\u017eky SPAM, nevy\u017e\u00e1dan\u00e1 a hromadn\u00e1 po\u0161ta. Zkontrolujte, zda nem\u00e1te nastavenou podm\u00ednku pro p\u0159esm\u011brov\u00e1n\u00ed po\u0161ty, \u010di jin\u00e9 omezen\u00ed.<br>Zp\u011btn\u011b nelze vygenerovat odpov\u011bdn\u00ed popt\u00e1vku. Pokud popt\u00e1vka v\u016fbec nen\u00ed doru\u010dena, je to proto, \u017ee byla detekov\u00e1na jako pokus o podvodn\u00e9 chov\u00e1n\u00ed a odesl\u00e1n\u00ed bylo automaticky zablokov\u00e1no, av\u0161ak do statistik v inzer\u00e1tu se to jako odpov\u011b\u010f zapo\u010d\u00edt\u00e1.<\/p>\n\n<\/div><\/details>\n\n<\/div><\/div>\n\n<\/div>\n\n\n\n<h2 class=\"wp-block-heading\">N\u00e1pov\u011bda pro firemn\u00ed inzerci<\/h2>\n\n\n<div class=\"wp-block-seznam-list-pages\"><div>\n<div style=\"--seznam-tiles--columns:3\" class=\"wp-block-seznam-tiles has-columns-3\"><div class=\"inner-blocks\">\n<div class=\"block-boxlink\"><a class=\"boxlink boxlink--icon-arrow boxlink--align-y-center px-f8 py-f4\" href=\"https:\/\/o-seznam.cz\/napoveda\/sauto\/prihlaseni-firemni-inzerce\/cenik-sluzeb\/\"><div class=\"inner-blocks\">Cen\u00edk slu\u017eeb<\/div><\/a><\/div><div class=\"block-boxlink\"><a class=\"boxlink boxlink--icon-arrow boxlink--align-y-center px-f8 py-f4\" href=\"https:\/\/o-seznam.cz\/napoveda\/sauto\/prihlaseni-firemni-inzerce\/importni-dokumentace\/\"><div class=\"inner-blocks\">Importn\u00ed dokumentace<\/div><\/a><\/div><div class=\"block-boxlink\"><a class=\"boxlink boxlink--icon-arrow boxlink--align-y-center px-f8 py-f4\" href=\"https:\/\/o-seznam.cz\/napoveda\/sauto\/prihlaseni-firemni-inzerce\/metodika-pro-admin\/\"><div class=\"inner-blocks\">Metodika pro klientsk\u00fd administra\u010dn\u00ed syst\u00e9m<\/div><\/a><\/div><div class=\"block-boxlink\"><a class=\"boxlink boxlink--icon-arrow boxlink--align-y-center px-f8 py-f4\" href=\"https:\/\/o-seznam.cz\/napoveda\/sauto\/prihlaseni-firemni-inzerce\/soubory-ke-stazeni\/\"><div class=\"inner-blocks\">Soubory ke sta\u017een\u00ed<\/div><\/a><\/div><div class=\"block-boxlink\"><a class=\"boxlink boxlink--icon-arrow boxlink--align-y-center px-f8 py-f4\" href=\"https:\/\/o-seznam.cz\/napoveda\/sauto\/prihlaseni-firemni-inzerce\/technicke-podminky\/\"><div class=\"inner-blocks\">Technick\u00e9 podm\u00ednky<\/div><\/a><\/div><\/div><\/div>\n\n<\/div><\/div>\n\n\n\n<h2 class=\"wp-block-heading\">N\u00e1pov\u011bda pro jednor\u00e1zovou inzerci<\/h2>\n\n\n<div class=\"wp-block-seznam-list-pages\"><div>\n<div style=\"--seznam-tiles--columns:3\" class=\"wp-block-seznam-tiles has-columns-3\"><div class=\"inner-blocks\">\n<div class=\"block-boxlink\"><a class=\"boxlink boxlink--icon-arrow boxlink--align-y-center px-f8 py-f4\" href=\"https:\/\/o-seznam.cz\/napoveda\/sauto\/prihlaseni-jednorazova-inzerce\/poptavka\/\"><div class=\"inner-blocks\">Popt\u00e1vka<\/div><\/a><\/div><div class=\"block-boxlink\"><a class=\"boxlink boxlink--icon-arrow boxlink--align-y-center px-f8 py-f4\" href=\"https:\/\/o-seznam.cz\/napoveda\/sauto\/prihlaseni-jednorazova-inzerce\/vytvoreni-uprava-inzeratu\/\"><div class=\"inner-blocks\">Vytvo\u0159en\u00ed a \u00faprava inzer\u00e1tu<\/div><\/a><\/div><div class=\"block-boxlink\"><a class=\"boxlink boxlink--icon-arrow boxlink--align-y-center px-f8 py-f4\" href=\"https:\/\/o-seznam.cz\/napoveda\/sauto\/prihlaseni-jednorazova-inzerce\/platba-inzeratu\/\"><div class=\"inner-blocks\">Platba inzer\u00e1tu<\/div><\/a><\/div><\/div><\/div>\n\n<\/div><\/div>\n\n\n\n<h2 class=\"wp-block-heading\">D\u016fle\u017eit\u00e9 pro v\u0161echny<\/h2>\n\n\n<div class=\"wp-block-seznam-list-pages\"><div>\n<div style=\"--seznam-tiles--columns:3\" class=\"wp-block-seznam-tiles has-columns-3\"><div class=\"inner-blocks\">\n<div class=\"block-boxlink\"><a class=\"boxlink boxlink--icon-arrow boxlink--align-y-center px-f8 py-f4\" href=\"https:\/\/o-seznam.cz\/napoveda\/sauto\/dulezite-pro-vsechny\/vyhodnoceni-systemu-stiznosti\/\"><div class=\"inner-blocks\">Vyhodnocen\u00ed syst\u00e9mu st\u00ed\u017enost\u00ed<\/div><\/a><\/div><div class=\"block-boxlink\"><a class=\"boxlink boxlink--icon-arrow boxlink--align-y-center px-f8 py-f4\" href=\"https:\/\/o-seznam.cz\/napoveda\/sauto\/dulezite-pro-vsechny\/pravidla-inzerce\/\"><div class=\"inner-blocks\">Pravidla inzerce<\/div><\/a><\/div><div class=\"block-boxlink\"><a class=\"boxlink boxlink--icon-arrow boxlink--align-y-center px-f8 py-f4\" href=\"https:\/\/o-seznam.cz\/napoveda\/sauto\/dulezite-pro-vsechny\/zarizeni\/\"><div class=\"inner-blocks\">Za\u0159\u00edzen\u00ed<\/div><\/a><\/div><div class=\"block-boxlink\"><a class=\"boxlink boxlink--icon-arrow boxlink--align-y-center px-f8 py-f4\" href=\"https:\/\/o-seznam.cz\/napoveda\/sauto\/dulezite-pro-vsechny\/blokace-sluzby\/\"><div class=\"inner-blocks\">Blokace slu\u017eby<\/div><\/a><\/div><div class=\"block-boxlink\"><a class=\"boxlink boxlink--icon-arrow boxlink--align-y-center px-f8 py-f4\" href=\"https:\/\/o-seznam.cz\/napoveda\/sauto\/dulezite-pro-vsechny\/smluvni-podminky\/\"><div class=\"inner-blocks\">Smluvn\u00ed podm\u00ednky<\/div><\/a><\/div><div class=\"block-boxlink\"><a class=\"boxlink boxlink--icon-arrow boxlink--align-y-center px-f8 py-f4\" href=\"https:\/\/o-seznam.cz\/napoveda\/sauto\/dulezite-pro-vsechny\/inzerce\/\"><div class=\"inner-blocks\">Inzerce<\/div><\/a><\/div><div class=\"block-boxlink\"><a class=\"boxlink boxlink--icon-arrow boxlink--align-y-center px-f8 py-f4\" href=\"https:\/\/o-seznam.cz\/napoveda\/sauto\/dulezite-pro-vsechny\/podporovane-prohlizece\/\"><div class=\"inner-blocks\">Podporovan\u00e9 prohl\u00ed\u017ee\u010de<\/div><\/a><\/div><\/div><\/div>\n\n<\/div><\/div>\n\n\n\n<h2 class=\"wp-block-heading\">To nejnov\u011bj\u0161\u00ed z na\u0161eho Blogu<\/h2>\n\n\n<div class=\"wp-block-seznam-remote-wp-posts\">\n<div style=\"--seznam-tiles--columns:3\" class=\"wp-block-seznam-tiles has-columns-3\"><div class=\"inner-blocks\">\n\t\t\n\t\t<div class=\"wp-block-seznam-box space-y-f2 is-layout-flow wp-container-seznam-box-is-layout-ea7e8adf wp-block-seznam-box-is-layout-flow\">\n\t\t\t<p><a class=\"block font-bold text-neutral-black hover:text-accent-dark\" target=\"_blank\" href=\"https:\/\/blog.seznam.cz\/2026\/04\/z-vozu-nejoblibenejsi-znacky-skoda-je-nejvetsi-zajem-o-lety-provereny-model-octavia\/\">Z voz\u016f nejobl\u00edben\u011bj\u0161\u00ed zna\u010dky \u0160koda je nejv\u011bt\u0161\u00ed z\u00e1jem o l\u00e9ty prov\u011b\u0159en\u00fd model Octavia\u00a0<\/a><\/p>\n\t\t\t<p class=\"has-neutral-60-color has-text-color whitespace-nowrap text-sm\"> 14. 4. 2026<\/p>\n\t\t\t\t\t\t\t<p class=\"has-neutral-60-color has-text-color text-sm\">Suver\u00e9nn\u011b nejobl\u00edben\u011bj\u0161\u00ed zna\u010dkou na trhu star\u0161\u00edch \u010desk\u00fdch aut je zna\u010dka \u0160koda. Pod\u00edvali jsme se i na jej\u00ed nejvyhled\u00e1van\u011bj\u0161\u00ed* modely.\u00a0 Z dat port\u00e1lu Sauto.cz vypl\u00fdv\u00e1, \u017ee v roce 2025 se z voz\u016f zna\u010dky \u0160koda** u\u017eivatel\u00e9 nejv\u00edce zaj\u00edmali o model Octavia. Pr\u00e1v\u011b Octavie m\u011bly 28% pod\u00edl na celkov\u00e9m po\u010dtu vyhled\u00e1v\u00e1n\u00ed t\u00e9to zna\u010dky.\u00a0 Kdo by cht\u011bl prodat na &hellip;\n<\/p>\t\n\t\t\t\t\t<\/div>\n\t\t\n\t\t\t\t\n\t\t<div class=\"wp-block-seznam-box space-y-f2 is-layout-flow wp-container-seznam-box-is-layout-ea7e8adf wp-block-seznam-box-is-layout-flow\">\n\t\t\t<p><a class=\"block font-bold text-neutral-black hover:text-accent-dark\" target=\"_blank\" href=\"https:\/\/blog.seznam.cz\/2026\/03\/co-hybe-ceskem-ceny-benzinu-elektroauta-i-kanystry-ukazuji-analyzy-vybranych-sluzeb-spolecnosti-seznam-cz\/\">Co h\u00fdbe \u010ceskem? Ceny benz\u00ednu, elektroauta i kanystry, ukazuj\u00ed anal\u00fdzy vybran\u00fdch slu\u017eeb spole\u010dnosti Seznam.cz\u00a0<\/a><\/p>\n\t\t\t<p class=\"has-neutral-60-color has-text-color whitespace-nowrap text-sm\"> 24. 3. 2026<\/p>\n\t\t\t\t\t\t\t<p class=\"has-neutral-60-color has-text-color text-sm\">U\u017eivatel\u00e9 v \u010cesku na port\u00e1lu Sauto.cz nej\u010dast\u011bji\u00a0vyhled\u00e1vaj\u00ed automobily spaluj\u00edc\u00ed benz\u00edn*. Sou\u010dasn\u00e1 situace na trhu s palivy ale mnoho lid\u00ed, podle dat Seznam.cz Vyhled\u00e1v\u00e1n\u00ed, podn\u011bcuje k v\u011bt\u0161\u00edmu z\u00e1jmu o elektroauta.\u00a0Roste tak\u00e9 po\u010det dotaz\u016f na\u00a0ceny benz\u00ednu, zejm\u00e9na na \u010derpac\u00edch stanic\u00edch Ono. Na Zbo\u017e\u00ed.cz maj\u00ed lid\u00e9 v\u011bt\u0161\u00ed z\u00e1jem o kanystry, v\u011bt\u0161inou o ty o objemu 20 litr\u016f.\u00a0\u00a0 Pod\u00edv\u00e1me-li &hellip;\n<\/p>\t\n\t\t\t\t\t<\/div>\n\t\t\n\t\t\t\t\n\t\t<div class=\"wp-block-seznam-box space-y-f2 is-layout-flow wp-container-seznam-box-is-layout-ea7e8adf wp-block-seznam-box-is-layout-flow\">\n\t\t\t<p><a class=\"block font-bold text-neutral-black hover:text-accent-dark\" target=\"_blank\" href=\"https:\/\/blog.seznam.cz\/2026\/03\/benzin-stale-tahne-nejvic-zajem-o-naftu-klesa-a-naopak-stoupa-poptavka-o-mene-zadane-hybridy-o-elektra-ukazuji-data-sauto-cz\/\">Benz\u00edn st\u00e1le t\u00e1hne nejv\u00edc. Z\u00e1jem o naftu kles\u00e1, a naopak stoup\u00e1 popt\u00e1vka o m\u00e9n\u011b \u017e\u00e1dan\u00e9 hybridy o elektra, ukazuj\u00ed data Sauto.cz\u00a0<\/a><\/p>\n\t\t\t<p class=\"has-neutral-60-color has-text-color whitespace-nowrap text-sm\"> 23. 3. 2026<\/p>\n\t\t\t\t\t\t\t<p class=\"has-neutral-60-color has-text-color text-sm\">Z anal\u00fdzy dat*port\u00e1lu Sauto.czvypl\u00fdv\u00e1, \u017ee u\u017eivatel\u00e9 v \u010cesku v roce 2025 nej\u010dast\u011bji popt\u00e1vali automobily spaluj\u00edc\u00ed benz\u00edn. Tento typ paliva m\u00e1 z celkov\u00e9ho po\u010dtu vyhled\u00e1vac\u00edch dotaz\u016f 57% pod\u00edl. Kles\u00e1 z\u00e1jem o auta na naftov\u00fd pohon, naopak roste obliba voz\u016f na hybridn\u00ed a elektrick\u00fd pohon. I tak jsou ale v porovn\u00e1n\u00ed s auty na benzinov\u00fd \u010di naftov\u00fd &hellip;\n<\/p>\t\n\t\t\t\t\t<\/div>\n\t\t\n\t\t<\/div><\/div>\n<\/div>\n\n\n<p class=\"has-text-align-center is-style-link-external\"><a href=\"https:\/\/blog.seznam.cz\/stitek\/sauto-cz\/\" target=\"_blank\" rel=\"noreferrer noopener\">Uk\u00e1zat v\u0161echny \u010dl\u00e1nky<\/a><\/p>\n\n\n\n<h2 class=\"wp-block-heading\">Mohlo by se hodit<\/h2>\n\n\n\n<div class=\"wp-block-group is-nowrap is-layout-flex wp-container-core-group-is-layout-6c531013 wp-block-group-is-layout-flex\"><div class=\"block-boxlink\"><a class=\"boxlink boxlink--icon-arrow px-f8 py-f4\" href=\"https:\/\/o-seznam.cz\/napoveda\/sauto\/mohlo-by-se-hodit\/na-co-se-ptate\/\"><div class=\"inner-blocks\">\n\n<p class=\"has-large-font-size\">Na co se pt\u00e1te?<\/p>\n\n<\/div><\/a><\/div>\n\n\n<div class=\"wp-block-columns is-layout-flex wp-container-core-columns-is-layout-28f84493 wp-block-columns-is-layout-flex\">\n<div class=\"wp-block-column is-layout-flow wp-block-column-is-layout-flow\" style=\"flex-basis:100%\">\n<div class=\"wp-block-group is-layout-constrained wp-block-group-is-layout-constrained\"><div class=\"block-boxlink\"><a class=\"boxlink boxlink--icon-arrow px-f8 py-f4\" href=\"https:\/\/o-seznam.cz\/napoveda\/sauto\/kontakty\/\"><div class=\"inner-blocks\">\n\n<p class=\"has-large-font-size\">Kontakty<\/p>\n\n<\/div><\/a><\/div><\/div>\n<\/div>\n<\/div>\n<\/div>\n\n\n\n<div class=\"wp-block-seznam-tiles has-columns-2\" style=\"--seznam-tiles--columns:2\"><div class=\"inner-blocks\"><\/div><\/div>\n\n\n\n<div class=\"wp-block-group is-layout-constrained wp-block-group-is-layout-constrained\">\n<div class=\"accordion\">\n\t<div class=\"accordion__items\">\n\n<details class=\"expander is-style-box\">\n\t<summary data-datalayer-name=\"\" data-datalayer-text=\"Po\u010det aktivn\u00edch p\u0159\u00edjemc\u016f slu\u017eby\">\n\t\t\t\t<strong>Po\u010det aktivn\u00edch p\u0159\u00edjemc\u016f slu\u017eby<\/strong>\n\t\t\t<\/summary>\n\t<div class=\"inner-blocks\">\n\n<p>Po\u010det aktivn\u00edch p\u0159\u00edjemc\u016f slu\u017eby podle \u010dl. 24 na\u0159\u00edzen\u00ed o digit\u00e1ln\u00edch slu\u017eb\u00e1ch je k 31. 1. 2026: 1 087 724<\/p>\n\n<\/div><\/details>\n\n\n\n<details class=\"expander is-style-box\">\n\t<summary data-datalayer-name=\"\" data-datalayer-text=\"Zpr\u00e1va o moderaci podle DSA\">\n\t\t\t\t<strong>Zpr\u00e1va o moderaci podle DSA<\/strong>\n\t\t\t<\/summary>\n\t<div class=\"inner-blocks\">\n\n<p><strong>Zpr\u00e1va o moderaci obsahu na slu\u017eb\u011b Sauto.cz podle \u010dl\u00e1nku 15 a 24 na\u0159\u00edzen\u00ed o digit\u00e1ln\u00edch slu\u017eb\u00e1ch, \u010d. 2022\/2065 (d\u00e1le jen \u201eDSA\u201c) za obdob\u00ed 1.7.2025-31.12.2025<\/strong><\/p>\n\n\n\n<p><a href=\"https:\/\/o-seznam.cz\/napoveda\/sauto\/wp-content\/uploads\/sites\/22\/2026\/02\/CS_Annex_I__Templates_for_Transparency_Reports_Sauto.cz-final.xlsx\">Zpr\u00e1va o moderaci &#8211; 1.7.2025 &#8211; 31.12.2025<\/a><\/p>\n\n\n\n<p><strong>Zpr\u00e1va o moderaci obsahu na slu\u017eb\u011b Sauto.cz podle \u010dl\u00e1nku 15 a 24 na\u0159\u00edzen\u00ed o digit\u00e1ln\u00edch slu\u017eb\u00e1ch, \u010d. 2022\/2065 (d\u00e1le jen \u201eDSA\u201c) za obdob\u00ed 1.1.2025-30.6.2025<\/strong><\/p>\n\n\n\n<ol class=\"wp-block-list\">\n<li>Po\u010det p\u0159\u00edkaz\u016f podle \u010dl\u00e1nk\u016f 9 a 10 DSA: 0<\/li>\n\n\n\n<li>Po\u010det ozn\u00e1men\u00ed podan\u00fdch v souladu s \u010dl\u00e1nkem 16: 0<\/li>\n\n\n\n<li>Po\u010det opat\u0159en\u00ed: 486 odstran\u011bn\u00ed obsahu na z\u00e1klad\u011b smluvn\u00edch podm\u00ednek.<\/li>\n\n\n\n<li>Moderace prob\u00edhala prost\u0159ednictv\u00edm manu\u00e1ln\u00edho p\u0159ezkumu, automatizovan\u00e9 n\u00e1stroje nebyly vyu\u017e\u00edv\u00e1ny. Osoby pov\u011b\u0159en\u00e9 moderov\u00e1n\u00edm obsahu maj\u00ed odbornou p\u0159\u00edpravu a ve slo\u017eit\u00fdch p\u0159\u00edpadech konzultuj\u00ed moderaci obsahu s\u00a0pr\u00e1vn\u00edm odd\u011blen\u00edm.<\/li>\n\n\n\n<li>Po\u010det st\u00ed\u017enost\u00ed proti rozhodnut\u00ed o moderaci obsahu: 0<\/li>\n\n\n\n<li>Po\u010det spor\u016f p\u0159edlo\u017een\u00fdch subjekt\u016fm pro mimosoudn\u00ed \u0159e\u0161en\u00ed spor\u016f podle \u010dl\u00e1nku 21 DSA: 0<\/li>\n\n\n\n<li>Po\u010det pozastaven\u00ed podle \u010dl\u00e1nku 23 DSA: 0<br><br><\/li>\n<\/ol>\n\n\n\n<p>Zve\u0159ejn\u011bno dne: 13.2.2026<\/p>\n\n<\/div><\/details>\n\n<\/div><\/div>\n\n<\/div>\n\n\n\n<p><\/p>\n","protected":false},"excerpt":{"rendered":"<p>Nej\u010dast\u011bj\u0161\u00ed dotazy N\u00e1pov\u011bda pro firemn\u00ed inzerci N\u00e1pov\u011bda pro jednor\u00e1zovou inzerci D\u016fle\u017eit\u00e9 pro v\u0161echny To nejnov\u011bj\u0161\u00ed z na\u0161eho Blogu Uk\u00e1zat v\u0161echny \u010dl\u00e1nky Mohlo by se hodit<\/p>\n","protected":false},"author":2,"featured_media":0,"parent":0,"menu_order":0,"comment_status":"closed","ping_status":"closed","template":"page-no-head","meta":{"_acf_changed":false,"_relevanssi_hide_post":"","_relevanssi_hide_content":"","_relevanssi_pin_for_all":"","_relevanssi_pin_keywords":"","_relevanssi_unpin_keywords":"","_relevanssi_related_keywords":"","_relevanssi_related_include_ids":"","_relevanssi_related_exclude_ids":"","_relevanssi_related_no_append":"","_relevanssi_related_not_related":"","_relevanssi_related_posts":"","_relevanssi_noindex_reason":"","footnotes":""},"page_category":[3],"page_tag":[],"service_status_category":[18,31],"class_list":["post-5","page","type-page","status-publish","hentry"],"acf":[],"_links":{"self":[{"href":"https:\/\/o-seznam.cz\/napoveda\/sauto\/wp-json\/wp\/v2\/pages\/5","targetHints":{"allow":["GET"]}}],"collection":[{"href":"https:\/\/o-seznam.cz\/napoveda\/sauto\/wp-json\/wp\/v2\/pages"}],"about":[{"href":"https:\/\/o-seznam.cz\/napoveda\/sauto\/wp-json\/wp\/v2\/types\/page"}],"author":[{"embeddable":true,"href":"https:\/\/o-seznam.cz\/napoveda\/sauto\/wp-json\/wp\/v2\/users\/2"}],"replies":[{"embeddable":true,"href":"https:\/\/o-seznam.cz\/napoveda\/sauto\/wp-json\/wp\/v2\/comments?post=5"}],"version-history":[{"count":35,"href":"https:\/\/o-seznam.cz\/napoveda\/sauto\/wp-json\/wp\/v2\/pages\/5\/revisions"}],"predecessor-version":[{"id":315,"href":"https:\/\/o-seznam.cz\/napoveda\/sauto\/wp-json\/wp\/v2\/pages\/5\/revisions\/315"}],"wp:attachment":[{"href":"https:\/\/o-seznam.cz\/napoveda\/sauto\/wp-json\/wp\/v2\/media?parent=5"}],"wp:term":[{"taxonomy":"page_category","embeddable":true,"href":"https:\/\/o-seznam.cz\/napoveda\/sauto\/wp-json\/wp\/v2\/page_category?post=5"},{"taxonomy":"page_tag","embeddable":true,"href":"https:\/\/o-seznam.cz\/napoveda\/sauto\/wp-json\/wp\/v2\/page_tag?post=5"},{"taxonomy":"service_status_category","embeddable":true,"href":"https:\/\/o-seznam.cz\/napoveda\/sauto\/wp-json\/wp\/v2\/service_status_category?post=5"}],"curies":[{"name":"wp","href":"https:\/\/api.w.org\/{rel}","templated":true}]}}