{"id":49,"date":"2024-12-01T01:42:42","date_gmt":"2024-12-01T00:42:42","guid":{"rendered":"https:\/\/o-seznam.cz\/napoveda\/sauto\/?page_id=49"},"modified":"2024-12-09T13:09:24","modified_gmt":"2024-12-09T12:09:24","slug":"prihlaseni-firemni-inzerce","status":"publish","type":"page","link":"https:\/\/o-seznam.cz\/napoveda\/sauto\/prihlaseni-firemni-inzerce\/","title":{"rendered":"Firemn\u00ed inzerce"},"content":{"rendered":"\n<div class=\"wp-block-group is-layout-constrained wp-block-group-is-layout-constrained\">\n<p class=\"is-style-link-external\">V p\u0159\u00edpad\u011b, \u017ee se chcete registrovat jako firemn\u00ed prodejce vozidel, kontaktujte n\u00e1s pros\u00edm na e-mailu podpora@sauto.cz. Cen\u00edk inzerce pro registrovan\u00e9 firemn\u00ed prodejce je <a href=\"https:\/\/www.seznam.cz\/reklama\/cz\/obsahovy-web\/ceniky\/\" data-type=\"link\" data-id=\"https:\/\/www.seznam.cz\/reklama\/cz\/obsahovy-web\/ceniky\/\" target=\"_blank\" rel=\"noreferrer noopener\">ZDE<\/a>.<\/p>\n\n\n\n<p>Pokud dosud inzerujete pomoc\u00ed jednor\u00e1zov\u00fdch inzer\u00e1t\u016f a rozhodli jste se p\u0159ej\u00edt na firemn\u00ed inzerci, m\u016f\u017ee doj\u00edt k duplicit\u011b VIN. Pokud budete cht\u00edt pod firemn\u00ed inzerc\u00ed inzerovat i vozidla, kter\u00e1 jste m\u011bli vyinzerov\u00e1na pomoc\u00ed jednor\u00e1zov\u00fdch inzer\u00e1t\u016f, je t\u0159eba nejprve jednor\u00e1zov\u00e9 inzer\u00e1ty smazat. N\u00e1sledn\u011b ji\u017e nic nebude br\u00e1nit vlo\u017een\u00ed inzer\u00e1t\u016f pod firemn\u00ed inzerci. Inzer\u00e1ty nelze p\u0159ev\u00e1d\u011bt ze soukrom\u00e9ho do firemn\u00edho \u00fa\u010dtu.<\/p>\n\n\n\n<p>Toto\u017en\u00fd u\u017eivatelsk\u00fd \u00fa\u010det nen\u00ed mo\u017en\u00e9 vyu\u017e\u00edvat sou\u010dasn\u011b pro soukromou a firemn\u00ed inzerci.<\/p>\n\n\n\n<p class=\"is-style-link-external\">Pro p\u0159ihl\u00e1\u0161en\u00ed do u\u017eivatelsk\u00e9ho \u00fa\u010dtu Sauto.cz klikn\u011bte na hlavn\u00ed str\u00e1nce na odkaz \u201e<a href=\"https:\/\/login.szn.cz\/\" data-type=\"link\" data-id=\"https:\/\/login.szn.cz\/\" target=\"_blank\" rel=\"noreferrer noopener\">P\u0159ihl\u00e1sit<\/a>\u201c nebo \u201e<a href=\"https:\/\/www.sauto.cz\/muj-inzerat\/prvni-krok\" data-type=\"link\" data-id=\"https:\/\/www.sauto.cz\/muj-inzerat\/prvni-krok\" target=\"_blank\" rel=\"noreferrer noopener\">Vlo\u017eit<\/a>\u201c.<\/p>\n\n\n\n<p>Po \u00fasp\u011b\u0161n\u00e9m p\u0159ihl\u00e1\u0161en\u00ed se v\u00e1m pod ikonou va\u0161eho p\u0159ihl\u00e1\u0161en\u00ed zobraz\u00ed sekce \u201eMoje inzer\u00e1ty \/ Vstup pro prodejce\u201c, kde se zobrazuj\u00ed v\u00e1mi vlo\u017een\u00e9 nab\u00eddky.<\/p>\n<\/div>\n","protected":false},"excerpt":{"rendered":"<p>V p\u0159\u00edpad\u011b, \u017ee se chcete registrovat jako firemn\u00ed prodejce vozidel, kontaktujte n\u00e1s pros\u00edm na e-mailu podpora@sauto.cz. Cen\u00edk inzerce pro registrovan\u00e9 firemn\u00ed prodejce je ZDE. Pokud dosud inzerujete pomoc\u00ed jednor\u00e1zov\u00fdch inzer\u00e1t\u016f a rozhodli jste se p\u0159ej\u00edt na firemn\u00ed inzerci, m\u016f\u017ee doj\u00edt k duplicit\u011b VIN. Pokud budete cht\u00edt pod firemn\u00ed inzerc\u00ed inzerovat i vozidla, kter\u00e1 jste m\u011bli [&hellip;]<\/p>\n","protected":false},"author":6,"featured_media":0,"parent":0,"menu_order":0,"comment_status":"closed","ping_status":"closed","template":"page-sidemenu","meta":{"_acf_changed":false,"_relevanssi_hide_post":"","_relevanssi_hide_content":"","_relevanssi_pin_for_all":"","_relevanssi_pin_keywords":"","_relevanssi_unpin_keywords":"","_relevanssi_related_keywords":"","_relevanssi_related_include_ids":"","_relevanssi_related_exclude_ids":"","_relevanssi_related_no_append":"","_relevanssi_related_not_related":"","_relevanssi_related_posts":"","_relevanssi_noindex_reason":"","footnotes":""},"page_category":[3],"page_tag":[],"service_status_category":[18],"class_list":["post-49","page","type-page","status-publish","hentry"],"acf":[],"_links":{"self":[{"href":"https:\/\/o-seznam.cz\/napoveda\/sauto\/wp-json\/wp\/v2\/pages\/49","targetHints":{"allow":["GET"]}}],"collection":[{"href":"https:\/\/o-seznam.cz\/napoveda\/sauto\/wp-json\/wp\/v2\/pages"}],"about":[{"href":"https:\/\/o-seznam.cz\/napoveda\/sauto\/wp-json\/wp\/v2\/types\/page"}],"author":[{"embeddable":true,"href":"https:\/\/o-seznam.cz\/napoveda\/sauto\/wp-json\/wp\/v2\/users\/6"}],"replies":[{"embeddable":true,"href":"https:\/\/o-seznam.cz\/napoveda\/sauto\/wp-json\/wp\/v2\/comments?post=49"}],"version-history":[{"count":4,"href":"https:\/\/o-seznam.cz\/napoveda\/sauto\/wp-json\/wp\/v2\/pages\/49\/revisions"}],"predecessor-version":[{"id":182,"href":"https:\/\/o-seznam.cz\/napoveda\/sauto\/wp-json\/wp\/v2\/pages\/49\/revisions\/182"}],"wp:attachment":[{"href":"https:\/\/o-seznam.cz\/napoveda\/sauto\/wp-json\/wp\/v2\/media?parent=49"}],"wp:term":[{"taxonomy":"page_category","embeddable":true,"href":"https:\/\/o-seznam.cz\/napoveda\/sauto\/wp-json\/wp\/v2\/page_category?post=49"},{"taxonomy":"page_tag","embeddable":true,"href":"https:\/\/o-seznam.cz\/napoveda\/sauto\/wp-json\/wp\/v2\/page_tag?post=49"},{"taxonomy":"service_status_category","embeddable":true,"href":"https:\/\/o-seznam.cz\/napoveda\/sauto\/wp-json\/wp\/v2\/service_status_category?post=49"}],"curies":[{"name":"wp","href":"https:\/\/api.w.org\/{rel}","templated":true}]}}