{"id":47,"date":"2024-12-01T01:42:06","date_gmt":"2024-12-01T00:42:06","guid":{"rendered":"https:\/\/o-seznam.cz\/napoveda\/sauto\/?page_id=47"},"modified":"2024-12-13T10:55:45","modified_gmt":"2024-12-13T09:55:45","slug":"prihlaseni-jednorazova-inzerce","status":"publish","type":"page","link":"https:\/\/o-seznam.cz\/napoveda\/sauto\/prihlaseni-jednorazova-inzerce\/","title":{"rendered":"Jednor\u00e1zov\u00e1 inzerce"},"content":{"rendered":"\n<div class=\"wp-block-group is-layout-constrained wp-block-group-is-layout-constrained\">\n<p class=\"is-style-link-external\">Pro zad\u00e1n\u00ed nab\u00eddky (vlo\u017een\u00ed jednor\u00e1zov\u00e9ho soukrom\u00e9ho inzer\u00e1tu) na server Sauto.cz se mus\u00edte zaregistrovat na Seznam.cz. Registrace nov\u00e9ho u\u017eivatele se prov\u00e1d\u00ed <a href=\"https:\/\/registrace.seznam.cz\/\" data-type=\"link\" data-id=\"https:\/\/registrace.seznam.cz\/\" target=\"_blank\" rel=\"noreferrer noopener\">ZDE<\/a>.<\/p>\n\n\n\n<p class=\"is-style-link-external\">Pro p\u0159ihl\u00e1\u0161en\u00ed do u\u017eivatelsk\u00e9ho \u00fa\u010dtu Sauto.cz klikn\u011bte na hlavn\u00ed str\u00e1nce na odkaz \u201e<a href=\"https:\/\/login.szn.cz\/\" data-type=\"link\" data-id=\"https:\/\/login.szn.cz\/\" target=\"_blank\" rel=\"noreferrer noopener\">P\u0159ihl\u00e1sit<\/a>\u201c nebo \u201e<a href=\"https:\/\/www.sauto.cz\/muj-inzerat\/prvni-krok\" data-type=\"link\" data-id=\"https:\/\/www.sauto.cz\/muj-inzerat\/prvni-krok\" target=\"_blank\" rel=\"noreferrer noopener\">Vlo\u017eit<\/a>\u201c.<\/p>\n\n\n\n<figure class=\"wp-block-image size-full\"><img loading=\"lazy\" decoding=\"async\" width=\"1400\" height=\"875\" src=\"https:\/\/o-seznam.cz\/napoveda\/sauto\/wp-content\/uploads\/sites\/22\/2024\/12\/sauto-nove-sauto-napoveda-login.jpg\" alt=\"\" class=\"wp-image-80\" srcset=\"https:\/\/o-seznam.cz\/napoveda\/sauto\/wp-content\/uploads\/sites\/22\/2024\/12\/sauto-nove-sauto-napoveda-login.jpg 1400w, https:\/\/o-seznam.cz\/napoveda\/sauto\/wp-content\/uploads\/sites\/22\/2024\/12\/sauto-nove-sauto-napoveda-login-992x620.jpg 992w, https:\/\/o-seznam.cz\/napoveda\/sauto\/wp-content\/uploads\/sites\/22\/2024\/12\/sauto-nove-sauto-napoveda-login-320x200.jpg 320w, https:\/\/o-seznam.cz\/napoveda\/sauto\/wp-content\/uploads\/sites\/22\/2024\/12\/sauto-nove-sauto-napoveda-login-768x480.jpg 768w\" sizes=\"auto, (max-width: 1400px) 100vw, 1400px\" \/><\/figure>\n\n\n\n<p>Po \u00fasp\u011b\u0161n\u00e9m p\u0159ihl\u00e1\u0161en\u00ed se v\u00e1m pod ikonou va\u0161eho p\u0159ihl\u00e1\u0161en\u00ed zobraz\u00ed sekce \u201eMoje inzer\u00e1ty \/ Vstup pro prodejce\u201c, kde se zobrazuj\u00ed v\u00e1mi vlo\u017een\u00e9 nab\u00eddky.<\/p>\n\n\n\n<figure class=\"wp-block-image size-full\"><img loading=\"lazy\" decoding=\"async\" width=\"1879\" height=\"827\" src=\"https:\/\/o-seznam.cz\/napoveda\/sauto\/wp-content\/uploads\/sites\/22\/2024\/12\/sauto-prihlaseni-1.png\" alt=\"\" class=\"wp-image-226\" srcset=\"https:\/\/o-seznam.cz\/napoveda\/sauto\/wp-content\/uploads\/sites\/22\/2024\/12\/sauto-prihlaseni-1.png 1879w, https:\/\/o-seznam.cz\/napoveda\/sauto\/wp-content\/uploads\/sites\/22\/2024\/12\/sauto-prihlaseni-1-992x437.png 992w, https:\/\/o-seznam.cz\/napoveda\/sauto\/wp-content\/uploads\/sites\/22\/2024\/12\/sauto-prihlaseni-1-320x141.png 320w, https:\/\/o-seznam.cz\/napoveda\/sauto\/wp-content\/uploads\/sites\/22\/2024\/12\/sauto-prihlaseni-1-768x338.png 768w, https:\/\/o-seznam.cz\/napoveda\/sauto\/wp-content\/uploads\/sites\/22\/2024\/12\/sauto-prihlaseni-1-1536x676.png 1536w\" sizes=\"auto, (max-width: 1879px) 100vw, 1879px\" \/><\/figure>\n\n\n\n<p>Jednor\u00e1zov\u00e1 inzerce je v\u017edy v\u00e1z\u00e1na k e-mailov\u00e9 adrese (\u00fa\u010dtu), ze kter\u00e9 prob\u011bhlo p\u0159ihl\u00e1\u0161en\u00ed a pod kterou byl inzer\u00e1t vlo\u017een. Tento e-mail nen\u00ed mo\u017en\u00e9 zm\u011bnit. E-mailov\u00e1 adresa se nikde nezobrazuje. Do inzer\u00e1tu m\u00e1te mo\u017enost vlo\u017eit jin\u00fd kontaktn\u00ed e-mail a na tento e-mail jsou pak odes\u00edl\u00e1ny odpov\u011bdi z\u00e1jemc\u016f z popt\u00e1vkov\u00e9ho formul\u00e1\u0159e v detailu inzer\u00e1tu.<\/p>\n\n\n\n<p>Pokud dosud inzerujete pomoc\u00ed jednor\u00e1zov\u00fdch inzer\u00e1t\u016f a rozhodli jste se p\u0159ej\u00edt na firemn\u00ed inzerci, m\u016f\u017ee doj\u00edt k duplicit\u011b VIN. Pokud budete cht\u00edt pod firemn\u00ed inzerc\u00ed inzerovat i vozidla, kter\u00e1 jste m\u011bli vyinzerov\u00e1na pomoc\u00ed jednor\u00e1zov\u00fdch inzer\u00e1t\u016f, je t\u0159eba nejprve jednor\u00e1zov\u00e9 inzer\u00e1ty smazat. N\u00e1sledn\u011b ji\u017e nic nebude br\u00e1nit vlo\u017een\u00ed inzer\u00e1t\u016f pod firemn\u00ed inzerci. Inzer\u00e1ty nelze p\u0159ev\u00e1d\u011bt ze soukrom\u00e9ho do firemn\u00edho \u00fa\u010dtu.<\/p>\n\n\n\n<p>Toto\u017en\u00fd u\u017eivatelsk\u00fd \u00fa\u010det nen\u00ed mo\u017en\u00e9 vyu\u017e\u00edvat sou\u010dasn\u011b pro soukromou a firemn\u00ed inzerci.<\/p>\n<\/div>\n","protected":false},"excerpt":{"rendered":"<p>Pro zad\u00e1n\u00ed nab\u00eddky (vlo\u017een\u00ed jednor\u00e1zov\u00e9ho soukrom\u00e9ho inzer\u00e1tu) na server Sauto.cz se mus\u00edte zaregistrovat na Seznam.cz. Registrace nov\u00e9ho u\u017eivatele se prov\u00e1d\u00ed ZDE. Pro p\u0159ihl\u00e1\u0161en\u00ed do u\u017eivatelsk\u00e9ho \u00fa\u010dtu Sauto.cz klikn\u011bte na hlavn\u00ed str\u00e1nce na odkaz \u201eP\u0159ihl\u00e1sit\u201c nebo \u201eVlo\u017eit\u201c. Po \u00fasp\u011b\u0161n\u00e9m p\u0159ihl\u00e1\u0161en\u00ed se v\u00e1m pod ikonou va\u0161eho p\u0159ihl\u00e1\u0161en\u00ed zobraz\u00ed sekce \u201eMoje inzer\u00e1ty \/ Vstup pro prodejce\u201c, kde se [&hellip;]<\/p>\n","protected":false},"author":6,"featured_media":0,"parent":0,"menu_order":0,"comment_status":"closed","ping_status":"closed","template":"page-sidemenu","meta":{"_acf_changed":false,"_relevanssi_hide_post":"","_relevanssi_hide_content":"","_relevanssi_pin_for_all":"","_relevanssi_pin_keywords":"","_relevanssi_unpin_keywords":"","_relevanssi_related_keywords":"","_relevanssi_related_include_ids":"","_relevanssi_related_exclude_ids":"","_relevanssi_related_no_append":"","_relevanssi_related_not_related":"","_relevanssi_related_posts":"","_relevanssi_noindex_reason":"","footnotes":""},"page_category":[3],"page_tag":[],"service_status_category":[18],"class_list":["post-47","page","type-page","status-publish","hentry"],"acf":[],"_links":{"self":[{"href":"https:\/\/o-seznam.cz\/napoveda\/sauto\/wp-json\/wp\/v2\/pages\/47","targetHints":{"allow":["GET"]}}],"collection":[{"href":"https:\/\/o-seznam.cz\/napoveda\/sauto\/wp-json\/wp\/v2\/pages"}],"about":[{"href":"https:\/\/o-seznam.cz\/napoveda\/sauto\/wp-json\/wp\/v2\/types\/page"}],"author":[{"embeddable":true,"href":"https:\/\/o-seznam.cz\/napoveda\/sauto\/wp-json\/wp\/v2\/users\/6"}],"replies":[{"embeddable":true,"href":"https:\/\/o-seznam.cz\/napoveda\/sauto\/wp-json\/wp\/v2\/comments?post=47"}],"version-history":[{"count":8,"href":"https:\/\/o-seznam.cz\/napoveda\/sauto\/wp-json\/wp\/v2\/pages\/47\/revisions"}],"predecessor-version":[{"id":227,"href":"https:\/\/o-seznam.cz\/napoveda\/sauto\/wp-json\/wp\/v2\/pages\/47\/revisions\/227"}],"wp:attachment":[{"href":"https:\/\/o-seznam.cz\/napoveda\/sauto\/wp-json\/wp\/v2\/media?parent=47"}],"wp:term":[{"taxonomy":"page_category","embeddable":true,"href":"https:\/\/o-seznam.cz\/napoveda\/sauto\/wp-json\/wp\/v2\/page_category?post=47"},{"taxonomy":"page_tag","embeddable":true,"href":"https:\/\/o-seznam.cz\/napoveda\/sauto\/wp-json\/wp\/v2\/page_tag?post=47"},{"taxonomy":"service_status_category","embeddable":true,"href":"https:\/\/o-seznam.cz\/napoveda\/sauto\/wp-json\/wp\/v2\/service_status_category?post=47"}],"curies":[{"name":"wp","href":"https:\/\/api.w.org\/{rel}","templated":true}]}}