{"id":43,"date":"2024-12-01T01:39:37","date_gmt":"2024-12-01T00:39:37","guid":{"rendered":"https:\/\/o-seznam.cz\/napoveda\/sauto\/?page_id=43"},"modified":"2024-12-12T14:49:03","modified_gmt":"2024-12-12T13:49:03","slug":"vytvoreni-uprava-inzeratu","status":"publish","type":"page","link":"https:\/\/o-seznam.cz\/napoveda\/sauto\/prihlaseni-jednorazova-inzerce\/vytvoreni-uprava-inzeratu\/","title":{"rendered":"Vytvo\u0159en\u00ed a \u00faprava inzer\u00e1tu"},"content":{"rendered":"\n<div class=\"wp-block-group is-layout-constrained wp-block-group-is-layout-constrained\">\n<p>Pro vlo\u017een\u00ed va\u0161\u00ed nab\u00eddky na prodej vozidla klikn\u011bte na medailonek v horn\u00ed li\u0161t\u011b Sauta. V z\u00e1lo\u017ece \u201eMoje inzer\u00e1ty \/ Vstup pro prodejce\u201c na odkaz \u201eVlo\u017eit inzer\u00e1t\u201c.<\/p>\n\n\n\n<p class=\"is-style-default\">Formul\u00e1\u0159 pro vlo\u017een\u00ed informac\u00ed o prod\u00e1van\u00e9m vozidle je p\u0159ehledn\u011b \u0159azen do n\u011bkolika krok\u016f. Povinn\u00e9 \u00fadaje jsou ozna\u010deny \u010dervenou hv\u011bzdi\u010dkou. Najet\u00edm na \u0161edivou ikonu \u201ei\u201c u jednotliv\u00fdch polo\u017eek se objev\u00ed vysv\u011btlivka. Mezi povinn\u00e9 \u00fadaje pat\u0159\u00ed i fotografie (v kategorii ojet\u00fdch vozidel po\u017eadujeme minim\u00e1ln\u011b 3 r\u016fzn\u00e9 fotografie. U nov\u00fdch voz\u016f po\u017eadujeme minim\u00e1ln\u011b jednu fotografii). V\u0161echny fotografie mus\u00ed b\u00fdt ve form\u00e1tu jpg, v minim\u00e1ln\u00edm rozli\u0161en\u00ed 1 024&#215;768 px nebo vy\u0161\u0161\u00edm p\u0159i zachov\u00e1n\u00ed form\u00e1tu stran, do velikosti 5 MB. Velikost videa m\u016f\u017ee b\u00fdt maxim\u00e1ln\u011b 1 GB. Fotografie a obsah inzer\u00e1tu mus\u00ed b\u00fdt v souladu s na\u0161imi <a href=\"https:\/\/o-seznam.cz\/napoveda\/sauto\/pravidla-inzerce\/\" data-type=\"page\" data-id=\"51\" target=\"_blank\" rel=\"noreferrer noopener\">Pravidly inzerce<\/a>.<\/p>\n\n\n\n<p class=\"is-style-default\">Platit m\u016f\u017eete p\u0159es SMS nebo Seznam Pen\u011b\u017eenku (d\u00e1le \u201ePen\u011b\u017eenka\u201c). V\u00edce informac\u00ed o Pen\u011b\u017eence naleznete <a href=\"https:\/\/o-seznam.cz\/napoveda\/klientska-zona\/smluvni-podminky-sluzby\/smluvni-podminky-sluzby-klientska-zona-a-penezenka-od-4-11-2024\/\" data-type=\"link\" data-id=\"https:\/\/o-seznam.cz\/napoveda\/klientska-zona\/smluvni-podminky-sluzby\/smluvni-podminky-sluzby-klientska-zona-a-penezenka-od-4-11-2024\/\" target=\"_blank\" rel=\"noreferrer noopener\">ZDE<\/a>.<\/p>\n<\/div>\n\n\n\n<div class=\"wp-block-group is-layout-constrained wp-block-group-is-layout-constrained\">\n<h2 class=\"wp-block-heading\">Ceny jednor\u00e1zov\u00e9 inzerce Sauto.cz<\/h2>\n\n\n\n<ul class=\"wp-block-list\">\n<li>Zve\u0159ejn\u011bn\u00ed inzer\u00e1tu na 14 dn\u00ed \u2013 119 K\u010d v\u010d. DPH p\u0159es \u00fa\u010det Pen\u011b\u017eenky<\/li>\n\n\n\n<li>Zve\u0159ejn\u011bn\u00ed inzer\u00e1tu na 7 dn\u00ed \u2013 99 K\u010d v\u010d. DPH p\u0159es SMS, 89 K\u010d v\u010d. DPH p\u0159es \u00fa\u010det Pen\u011b\u017eenky<\/li>\n\n\n\n<li>Topov\u00e1n\u00ed inzer\u00e1tu \u2013 1 topnut\u00ed \u2013 29 K\u010d v\u010d. DPH, bez \u010dasov\u00e9ho omezen\u00ed<\/li>\n<\/ul>\n<\/div>\n\n\n\n<div class=\"wp-block-group is-layout-constrained wp-block-group-is-layout-constrained\">\n<p>Inzer\u00e1t se na str\u00e1nk\u00e1ch Sauto.cz zobraz\u00ed do 15 minut od p\u0159ijet\u00ed platby do syst\u00e9mu Sauto.cz.<\/p>\n\n\n\n<p>Vlo\u017een\u00fd inzer\u00e1t m\u00e1te mo\u017enost v sekci &#8222;Moje inzer\u00e1ty&#8220; n\u00e1sledn\u011b editovat, prodlou\u017eit dobu jeho zve\u0159ejn\u011bn\u00ed, deaktivovat nebo smazat. Pokud chcete inzer\u00e1t upravovat \u010di prov\u00e9st jak\u00e9koli zm\u011bny, je t\u0159eba se na Sauto.cz p\u0159ihl\u00e1sit \u00fa\u010dtem, pod kter\u00fdm je vlo\u017een inzer\u00e1t. V sekci \u201eMoje inzer\u00e1ty\u201c se v\u00e1m zobraz\u00ed v\u00fdpis v\u0161ech va\u0161ich inzer\u00e1t\u016f. U inzer\u00e1tu, kter\u00fd chcete upravit, kliknete na ikonku \u201eMo\u017enosti\u201c a vyberte pot\u0159ebnou variantu z nab\u00eddky.<\/p>\n\n\n\n<figure class=\"wp-block-image size-full\"><img loading=\"lazy\" decoding=\"async\" width=\"605\" height=\"262\" src=\"https:\/\/o-seznam.cz\/napoveda\/sauto\/wp-content\/uploads\/sites\/22\/2024\/12\/sauto-nabidka.png\" alt=\"\" class=\"wp-image-86\" srcset=\"https:\/\/o-seznam.cz\/napoveda\/sauto\/wp-content\/uploads\/sites\/22\/2024\/12\/sauto-nabidka.png 605w, https:\/\/o-seznam.cz\/napoveda\/sauto\/wp-content\/uploads\/sites\/22\/2024\/12\/sauto-nabidka-320x139.png 320w\" sizes=\"auto, (max-width: 605px) 100vw, 605px\" \/><\/figure>\n\n\n\n<p>V den ukon\u010den\u00ed zve\u0159ejn\u011bn\u00ed inzer\u00e1tu v\u00e1m bude zasl\u00e1n e-mail s informac\u00ed o po\u010dtu zhl\u00e9dnut\u00ed va\u0161eho inzer\u00e1tu ostatn\u00edmi u\u017eivateli a nab\u00eddkou mo\u017enosti prodlou\u017een\u00ed zobrazen\u00ed inzer\u00e1tu. Pokud se rozhodnete inzer\u00e1t neprodlu\u017eovat, bude po 7 dnech od ukon\u010den\u00ed platnosti zcela vymaz\u00e1n z datab\u00e1ze.<\/p>\n\n\n\n<p class=\"is-style-link-external\">Pokud inzerujete pomoc\u00ed firemn\u00ed (p\u0159edplacen\u00e9) inzerce, ve\u0161ker\u00e9 informace se dozv\u00edte <a href=\"https:\/\/szno.cz\/cs\/b2b\/7i5k5v7k\/\" data-type=\"link\" data-id=\"https:\/\/szno.cz\/cs\/b2b\/7i5k5v7k\/\" target=\"_blank\" rel=\"noreferrer noopener\">ZDE<\/a>.<\/p>\n<\/div>\n","protected":false},"excerpt":{"rendered":"<p>Pro vlo\u017een\u00ed va\u0161\u00ed nab\u00eddky na prodej vozidla klikn\u011bte na medailonek v horn\u00ed li\u0161t\u011b Sauta. V z\u00e1lo\u017ece \u201eMoje inzer\u00e1ty \/ Vstup pro prodejce\u201c na odkaz \u201eVlo\u017eit inzer\u00e1t\u201c. Formul\u00e1\u0159 pro vlo\u017een\u00ed informac\u00ed o prod\u00e1van\u00e9m vozidle je p\u0159ehledn\u011b \u0159azen do n\u011bkolika krok\u016f. Povinn\u00e9 \u00fadaje jsou ozna\u010deny \u010dervenou hv\u011bzdi\u010dkou. Najet\u00edm na \u0161edivou ikonu \u201ei\u201c u jednotliv\u00fdch polo\u017eek se objev\u00ed [&hellip;]<\/p>\n","protected":false},"author":6,"featured_media":0,"parent":47,"menu_order":10,"comment_status":"closed","ping_status":"closed","template":"page-sidemenu","meta":{"_acf_changed":false,"_relevanssi_hide_post":"","_relevanssi_hide_content":"","_relevanssi_pin_for_all":"","_relevanssi_pin_keywords":"","_relevanssi_unpin_keywords":"","_relevanssi_related_keywords":"","_relevanssi_related_include_ids":"","_relevanssi_related_exclude_ids":"","_relevanssi_related_no_append":"","_relevanssi_related_not_related":"","_relevanssi_related_posts":"","_relevanssi_noindex_reason":"","footnotes":""},"page_category":[3],"page_tag":[],"service_status_category":[18],"class_list":["post-43","page","type-page","status-publish","hentry"],"acf":[],"_links":{"self":[{"href":"https:\/\/o-seznam.cz\/napoveda\/sauto\/wp-json\/wp\/v2\/pages\/43","targetHints":{"allow":["GET"]}}],"collection":[{"href":"https:\/\/o-seznam.cz\/napoveda\/sauto\/wp-json\/wp\/v2\/pages"}],"about":[{"href":"https:\/\/o-seznam.cz\/napoveda\/sauto\/wp-json\/wp\/v2\/types\/page"}],"author":[{"embeddable":true,"href":"https:\/\/o-seznam.cz\/napoveda\/sauto\/wp-json\/wp\/v2\/users\/6"}],"replies":[{"embeddable":true,"href":"https:\/\/o-seznam.cz\/napoveda\/sauto\/wp-json\/wp\/v2\/comments?post=43"}],"version-history":[{"count":6,"href":"https:\/\/o-seznam.cz\/napoveda\/sauto\/wp-json\/wp\/v2\/pages\/43\/revisions"}],"predecessor-version":[{"id":218,"href":"https:\/\/o-seznam.cz\/napoveda\/sauto\/wp-json\/wp\/v2\/pages\/43\/revisions\/218"}],"up":[{"embeddable":true,"href":"https:\/\/o-seznam.cz\/napoveda\/sauto\/wp-json\/wp\/v2\/pages\/47"}],"wp:attachment":[{"href":"https:\/\/o-seznam.cz\/napoveda\/sauto\/wp-json\/wp\/v2\/media?parent=43"}],"wp:term":[{"taxonomy":"page_category","embeddable":true,"href":"https:\/\/o-seznam.cz\/napoveda\/sauto\/wp-json\/wp\/v2\/page_category?post=43"},{"taxonomy":"page_tag","embeddable":true,"href":"https:\/\/o-seznam.cz\/napoveda\/sauto\/wp-json\/wp\/v2\/page_tag?post=43"},{"taxonomy":"service_status_category","embeddable":true,"href":"https:\/\/o-seznam.cz\/napoveda\/sauto\/wp-json\/wp\/v2\/service_status_category?post=43"}],"curies":[{"name":"wp","href":"https:\/\/api.w.org\/{rel}","templated":true}]}}