{"id":41,"date":"2024-12-01T01:38:01","date_gmt":"2024-12-01T00:38:01","guid":{"rendered":"https:\/\/o-seznam.cz\/napoveda\/sauto\/?page_id=41"},"modified":"2024-12-09T13:11:05","modified_gmt":"2024-12-09T12:11:05","slug":"zarizeni","status":"publish","type":"page","link":"https:\/\/o-seznam.cz\/napoveda\/sauto\/dulezite-pro-vsechny\/zarizeni\/","title":{"rendered":"Za\u0159\u00edzen\u00ed pro 360\u00b0 fotografie"},"content":{"rendered":"\n<div class=\"wp-block-group is-layout-constrained wp-block-group-is-layout-constrained\">\n<p>Kvalitn\u00ed 360\u00b0 fotografie umo\u017e\u0148uj\u00ed lidem prohl\u00e9dnout si automobil d\u0159\u00edve p\u0159ed n\u00e1v\u0161t\u011bvou prodejce. D\u00edky tomu u\u0161et\u0159\u00ed ob\u011b strany spoustu \u010dasu. Proto jsme roz\u0161\u00ed\u0159ili seznam podporovan\u00fdch 360\u00b0 kamer, aby byla tato funkce je\u0161t\u011b dostupn\u011bj\u0161\u00ed.<\/p>\n<\/div>\n\n\n\n<div class=\"wp-block-group is-layout-constrained wp-block-group-is-layout-constrained\">\n<h2 class=\"wp-block-heading\">N\u00e1mi podporovan\u00e9 kamery<\/h2>\n\n\n\n<ul class=\"wp-block-list\">\n<li>RICOH THETA S<\/li>\n\n\n\n<li>RICOH THETA V<\/li>\n\n\n\n<li>RICOH THETA 21<\/li>\n\n\n\n<li>Samsung Gear 360 2017<\/li>\n\n\n\n<li>Insta 360 One X<\/li>\n\n\n\n<li>Insta 360r<\/li>\n\n\n\n<li>GoPro Fusion<\/li>\n\n\n\n<li>Xiaomi mi sphere<\/li>\n<\/ul>\n<\/div>\n\n\n\n<div class=\"wp-block-group is-layout-constrained wp-block-group-is-layout-constrained\">\n<h2 class=\"wp-block-heading\">Podporovan\u00e9 form\u00e1ty fotografi\u00ed<\/h2>\n\n\n\n<ul class=\"wp-block-list\">\n<li>JPG<\/li>\n\n\n\n<li>PNG<\/li>\n<\/ul>\n<\/div>\n\n\n\n<div class=\"wp-block-group is-layout-constrained wp-block-group-is-layout-constrained\">\n<h3 class=\"wp-block-heading\">Parametry:<\/h3>\n\n\n\n<ul class=\"wp-block-list\">\n<li>Minim\u00e1ln\u00ed \u0161\u00ed\u0159ka \u2013 800 px<\/li>\n\n\n\n<li>Minim\u00e1ln\u00ed v\u00fd\u0161ka \u2013 600 px<\/li>\n\n\n\n<li>Maxim\u00e1ln\u00ed \u0161\u00ed\u0159ka \u2013 20 480 px<\/li>\n\n\n\n<li>Maxim\u00e1ln\u00ed v\u00fd\u0161ka \u2013 20 480 px<\/li>\n\n\n\n<li>Maxim\u00e1ln\u00ed velikost \u2013 10 MB<\/li>\n<\/ul>\n<\/div>\n\n\n\n<div class=\"wp-block-group is-layout-constrained wp-block-group-is-layout-constrained\">\n<p>Pokud jste svou kameru v seznamu nenalezli, nezoufejte a za\u0161lete na e-mail podpora@sauto.cz&nbsp; p\u0159esn\u00fd n\u00e1zev za\u0159\u00edzen\u00ed (zna\u010dka, typ) a p\u0159ilo\u017ete 3 fotografie po\u0159\u00edzen\u00e9 pr\u00e1v\u011b touto kamerou.<\/p>\n<\/div>\n","protected":false},"excerpt":{"rendered":"<p>Kvalitn\u00ed 360\u00b0 fotografie umo\u017e\u0148uj\u00ed lidem prohl\u00e9dnout si automobil d\u0159\u00edve p\u0159ed n\u00e1v\u0161t\u011bvou prodejce. D\u00edky tomu u\u0161et\u0159\u00ed ob\u011b strany spoustu \u010dasu. Proto jsme roz\u0161\u00ed\u0159ili seznam podporovan\u00fdch 360\u00b0 kamer, aby byla tato funkce je\u0161t\u011b dostupn\u011bj\u0161\u00ed. N\u00e1mi podporovan\u00e9 kamery Podporovan\u00e9 form\u00e1ty fotografi\u00ed Parametry: Pokud jste svou kameru v seznamu nenalezli, nezoufejte a za\u0161lete na e-mail podpora@sauto.cz&nbsp; p\u0159esn\u00fd n\u00e1zev za\u0159\u00edzen\u00ed [&hellip;]<\/p>\n","protected":false},"author":6,"featured_media":0,"parent":122,"menu_order":0,"comment_status":"closed","ping_status":"closed","template":"page-sidemenu","meta":{"_acf_changed":false,"_relevanssi_hide_post":"","_relevanssi_hide_content":"","_relevanssi_pin_for_all":"","_relevanssi_pin_keywords":"","_relevanssi_unpin_keywords":"","_relevanssi_related_keywords":"","_relevanssi_related_include_ids":"","_relevanssi_related_exclude_ids":"","_relevanssi_related_no_append":"","_relevanssi_related_not_related":"","_relevanssi_related_posts":"","_relevanssi_noindex_reason":"","footnotes":""},"page_category":[3],"page_tag":[],"service_status_category":[18],"class_list":["post-41","page","type-page","status-publish","hentry"],"acf":[],"_links":{"self":[{"href":"https:\/\/o-seznam.cz\/napoveda\/sauto\/wp-json\/wp\/v2\/pages\/41","targetHints":{"allow":["GET"]}}],"collection":[{"href":"https:\/\/o-seznam.cz\/napoveda\/sauto\/wp-json\/wp\/v2\/pages"}],"about":[{"href":"https:\/\/o-seznam.cz\/napoveda\/sauto\/wp-json\/wp\/v2\/types\/page"}],"author":[{"embeddable":true,"href":"https:\/\/o-seznam.cz\/napoveda\/sauto\/wp-json\/wp\/v2\/users\/6"}],"replies":[{"embeddable":true,"href":"https:\/\/o-seznam.cz\/napoveda\/sauto\/wp-json\/wp\/v2\/comments?post=41"}],"version-history":[{"count":2,"href":"https:\/\/o-seznam.cz\/napoveda\/sauto\/wp-json\/wp\/v2\/pages\/41\/revisions"}],"predecessor-version":[{"id":176,"href":"https:\/\/o-seznam.cz\/napoveda\/sauto\/wp-json\/wp\/v2\/pages\/41\/revisions\/176"}],"up":[{"embeddable":true,"href":"https:\/\/o-seznam.cz\/napoveda\/sauto\/wp-json\/wp\/v2\/pages\/122"}],"wp:attachment":[{"href":"https:\/\/o-seznam.cz\/napoveda\/sauto\/wp-json\/wp\/v2\/media?parent=41"}],"wp:term":[{"taxonomy":"page_category","embeddable":true,"href":"https:\/\/o-seznam.cz\/napoveda\/sauto\/wp-json\/wp\/v2\/page_category?post=41"},{"taxonomy":"page_tag","embeddable":true,"href":"https:\/\/o-seznam.cz\/napoveda\/sauto\/wp-json\/wp\/v2\/page_tag?post=41"},{"taxonomy":"service_status_category","embeddable":true,"href":"https:\/\/o-seznam.cz\/napoveda\/sauto\/wp-json\/wp\/v2\/service_status_category?post=41"}],"curies":[{"name":"wp","href":"https:\/\/api.w.org\/{rel}","templated":true}]}}