{"id":27,"date":"2024-12-01T01:25:34","date_gmt":"2024-12-01T00:25:34","guid":{"rendered":"https:\/\/o-seznam.cz\/napoveda\/sauto\/?page_id=27"},"modified":"2024-12-12T09:51:54","modified_gmt":"2024-12-12T08:51:54","slug":"soubory-ke-stazeni","status":"publish","type":"page","link":"https:\/\/o-seznam.cz\/napoveda\/sauto\/prihlaseni-firemni-inzerce\/soubory-ke-stazeni\/","title":{"rendered":"Soubory ke sta\u017een\u00ed"},"content":{"rendered":"\n<div class=\"wp-block-group is-layout-grid wp-container-core-group-is-layout-2994b392 wp-block-group-is-layout-grid\"><div class=\"block-boxlink\"><a class=\"boxlink boxlink--icon-arrow px-f8 py-f4\" href=\"https:\/\/szno.cz\/cs\/b2b\/uf417vbq\/\" target=\"_blank\"><div class=\"inner-blocks\">\n\n<p>17 tip\u016f, jak dostat z Sauto.cz maximum<\/p>\n\n<\/div><\/a><\/div>\n\n<div class=\"block-boxlink\"><a class=\"boxlink boxlink--icon-arrow px-f8 py-f4\" href=\"https:\/\/szno.cz\/cs\/b2b\/hlyyukqo\/\" target=\"_blank\"><div class=\"inner-blocks\">\n\n<p>8 d\u016fvod\u016f, pro\u010d b\u00fdt na Sauto.cz<\/p>\n\n<\/div><\/a><\/div>\n\n<div class=\"block-boxlink\"><a class=\"boxlink boxlink--icon-arrow px-f8 py-f4\" href=\"https:\/\/szno.cz\/cs\/b2b\/npvo62ut\/\" target=\"_blank\"><div class=\"inner-blocks\">\n\n<p>Podpo\u0159te sv\u00e9 inzer\u00e1ty d\u00edky Topov\u00e1n\u00ed<\/p>\n\n<\/div><\/a><\/div>\n\n<div class=\"block-boxlink\"><a class=\"boxlink boxlink--icon-arrow px-f8 py-f4\" href=\"https:\/\/szno.cz\/cs\/b2b\/fm6brk8u\/\" target=\"_blank\"><div class=\"inner-blocks\">\n\n<p>Prezentace o\u00a0p\u0159\u00ednosu Topov\u00e1n\u00ed<\/p>\n\n<\/div><\/a><\/div>\n\n<div class=\"block-boxlink\"><a class=\"boxlink boxlink--icon-arrow px-f8 py-f4\" href=\"https:\/\/szno.cz\/cs\/b2b\/brplox6r\/\" target=\"_blank\"><div class=\"inner-blocks\">\n\n<p>Prezentace o\u00a0p\u0159\u00ednosu Zrcadlen\u00ed<\/p>\n\n<\/div><\/a><\/div><\/div>\n","protected":false},"excerpt":{"rendered":"","protected":false},"author":6,"featured_media":0,"parent":49,"menu_order":0,"comment_status":"closed","ping_status":"closed","template":"page-sidemenu","meta":{"_acf_changed":false,"_relevanssi_hide_post":"","_relevanssi_hide_content":"","_relevanssi_pin_for_all":"","_relevanssi_pin_keywords":"","_relevanssi_unpin_keywords":"","_relevanssi_related_keywords":"","_relevanssi_related_include_ids":"","_relevanssi_related_exclude_ids":"","_relevanssi_related_no_append":"","_relevanssi_related_not_related":"","_relevanssi_related_posts":"","_relevanssi_noindex_reason":"","footnotes":""},"page_category":[3],"page_tag":[],"service_status_category":[18],"class_list":["post-27","page","type-page","status-publish","hentry"],"acf":[],"_links":{"self":[{"href":"https:\/\/o-seznam.cz\/napoveda\/sauto\/wp-json\/wp\/v2\/pages\/27","targetHints":{"allow":["GET"]}}],"collection":[{"href":"https:\/\/o-seznam.cz\/napoveda\/sauto\/wp-json\/wp\/v2\/pages"}],"about":[{"href":"https:\/\/o-seznam.cz\/napoveda\/sauto\/wp-json\/wp\/v2\/types\/page"}],"author":[{"embeddable":true,"href":"https:\/\/o-seznam.cz\/napoveda\/sauto\/wp-json\/wp\/v2\/users\/6"}],"replies":[{"embeddable":true,"href":"https:\/\/o-seznam.cz\/napoveda\/sauto\/wp-json\/wp\/v2\/comments?post=27"}],"version-history":[{"count":3,"href":"https:\/\/o-seznam.cz\/napoveda\/sauto\/wp-json\/wp\/v2\/pages\/27\/revisions"}],"predecessor-version":[{"id":203,"href":"https:\/\/o-seznam.cz\/napoveda\/sauto\/wp-json\/wp\/v2\/pages\/27\/revisions\/203"}],"up":[{"embeddable":true,"href":"https:\/\/o-seznam.cz\/napoveda\/sauto\/wp-json\/wp\/v2\/pages\/49"}],"wp:attachment":[{"href":"https:\/\/o-seznam.cz\/napoveda\/sauto\/wp-json\/wp\/v2\/media?parent=27"}],"wp:term":[{"taxonomy":"page_category","embeddable":true,"href":"https:\/\/o-seznam.cz\/napoveda\/sauto\/wp-json\/wp\/v2\/page_category?post=27"},{"taxonomy":"page_tag","embeddable":true,"href":"https:\/\/o-seznam.cz\/napoveda\/sauto\/wp-json\/wp\/v2\/page_tag?post=27"},{"taxonomy":"service_status_category","embeddable":true,"href":"https:\/\/o-seznam.cz\/napoveda\/sauto\/wp-json\/wp\/v2\/service_status_category?post=27"}],"curies":[{"name":"wp","href":"https:\/\/api.w.org\/{rel}","templated":true}]}}