{"id":22,"date":"2024-11-29T01:58:44","date_gmt":"2024-11-29T00:58:44","guid":{"rendered":"https:\/\/o-seznam.cz\/napoveda\/sauto\/?page_id=22"},"modified":"2024-12-09T13:06:08","modified_gmt":"2024-12-09T12:06:08","slug":"inzerce","status":"publish","type":"page","link":"https:\/\/o-seznam.cz\/napoveda\/sauto\/dulezite-pro-vsechny\/inzerce\/","title":{"rendered":"Inzerce"},"content":{"rendered":"\n<div class=\"wp-block-group is-layout-constrained wp-block-group-is-layout-constrained\">\n<p>Inzerce na serveru Sauto.cz je p\u0159ehledn\u011b rozd\u011blen\u00e1 podle kategori\u00ed voz\u016f (osobn\u00ed, n\u00e1kladn\u00ed&#8230;). Pokud si sami kategorii nezm\u011bn\u00edte, je nastavena kategorie osobn\u00edch voz\u016f.<\/p>\n\n\n\n<p>Na hlavn\u00ed str\u00e1nce Sauto.cz naleznete panel s jednotliv\u00fdmi kategoriemi vozidel s jejich ikonami. Pro ka\u017ed\u00fd druh nab\u00edz\u00edme d\u00e1le mo\u017enost v\u00fdb\u011bru stavu vozidla (nov\u00e9, ojet\u00e9, havarovan\u00e9 atd.) a seznam nejvyhled\u00e1van\u011bj\u0161\u00edch zna\u010dek. Dal\u0161\u00ed zna\u010dky naleznete pod linkem \u201eZobrazit v\u0161echny zna\u010dky\u201c. Pokud si vyberete zna\u010dku, m\u016f\u017eete si vybrat i konkr\u00e9tn\u00ed model, a to v boxu, kter\u00fd se zobraz\u00ed pod seznamem zna\u010dek. Po\u010det vybran\u00fdch zna\u010dek a model\u016f nen\u00ed omezen\u00fd.<\/p>\n\n\n\n<p>Do druh\u00e9ho kroku se dostanete p\u0159es tla\u010d\u00edtko \u201eZobrazit x inzer\u00e1t\u016f\u201c, kde x je po\u010det inzer\u00e1t\u016f, kter\u00e9 odpov\u00eddaj\u00ed va\u0161emu hled\u00e1n\u00ed. Na hlavn\u00ed stran\u011b nen\u00ed nutn\u00e9 nic vypl\u0148ovat, m\u016f\u017eete rovnou p\u0159ej\u00edt do druh\u00e9ho kroku. Tady najdete v\u00fdpis inzer\u00e1t\u016f a rozs\u00e1hl\u00fd dynamick\u00fd filtr v\u010detn\u011b \u201eRoz\u0161\u00ed\u0159en\u00e9ho hled\u00e1n\u00ed\u201c, pomoc\u00ed kter\u00e9ho si m\u016f\u017eete up\u0159esnit dal\u0161\u00ed po\u017eadavky pro vyhled\u00e1v\u00e1n\u00ed vozidla. \u010c\u00edslo u ka\u017ed\u00e9 polo\u017eky ve filtru ukazuje, kolik inzer\u00e1t\u016f odpov\u00edd\u00e1 dan\u00e9 polo\u017ece.<\/p>\n\n\n\n<p>V detailu inzer\u00e1tu naleznete podrobn\u00e9 informace o vozidle, dopln\u011bn\u00e9 fotografiemi, pop\u0159\u00edpad\u011b Cebia report.&nbsp; Ve spodn\u00ed \u010d\u00e1sti karty jsou uveden\u00e9 kontakty na prodejce, v\u010detn\u011b jeho recenz\u00ed, zku\u0161enosti majitel\u016f zadan\u00e9 zna\u010dky a modelu, dal\u0161\u00ed informace o modelu vozu, pop\u0159\u00edpad\u011b Cebia report.<\/p>\n\n\n\n<p>V horn\u00ed \u010dasti detailu inzer\u00e1tu, m\u00e1te mo\u017enost vlo\u017eit inzer\u00e1t do va\u0161ich obl\u00edben\u00fdch inzer\u00e1t\u016f, kter\u00e9 si m\u016f\u017eete prohl\u00e9dnout ve sv\u00e9m profilu v sekci \u201eObl\u00edben\u00e9 inzer\u00e1ty\u201c.<\/p>\n\n\n\n<p>Chcete-li vyhledat nab\u00eddku konkr\u00e9tn\u00edho prodejce, na hlavn\u00ed str\u00e1nce Sauto.cz ve spodn\u00ed \u010d\u00e1sti naleznete odkaz na Seznam prodejc\u016f inzeruj\u00edc\u00edch na na\u0161em serveru.<\/p>\n\n\n\n<p>Pokud m\u00e1te z\u00e1jem o odborn\u00e9 a historick\u00e9 informace k jednotliv\u00fdm zna\u010dk\u00e1m a model\u016fm vozidel, je zde k prohl\u00e9dnut\u00ed Katalog model\u016f.<\/p>\n<\/div>\n","protected":false},"excerpt":{"rendered":"<p>Inzerce na serveru Sauto.cz je p\u0159ehledn\u011b rozd\u011blen\u00e1 podle kategori\u00ed voz\u016f (osobn\u00ed, n\u00e1kladn\u00ed&#8230;). Pokud si sami kategorii nezm\u011bn\u00edte, je nastavena kategorie osobn\u00edch voz\u016f. Na hlavn\u00ed str\u00e1nce Sauto.cz naleznete panel s jednotliv\u00fdmi kategoriemi vozidel s jejich ikonami. Pro ka\u017ed\u00fd druh nab\u00edz\u00edme d\u00e1le mo\u017enost v\u00fdb\u011bru stavu vozidla (nov\u00e9, ojet\u00e9, havarovan\u00e9 atd.) a seznam nejvyhled\u00e1van\u011bj\u0161\u00edch zna\u010dek. Dal\u0161\u00ed zna\u010dky naleznete [&hellip;]<\/p>\n","protected":false},"author":6,"featured_media":0,"parent":122,"menu_order":0,"comment_status":"closed","ping_status":"closed","template":"page-sidemenu","meta":{"_acf_changed":false,"_relevanssi_hide_post":"","_relevanssi_hide_content":"","_relevanssi_pin_for_all":"","_relevanssi_pin_keywords":"","_relevanssi_unpin_keywords":"","_relevanssi_related_keywords":"","_relevanssi_related_include_ids":"","_relevanssi_related_exclude_ids":"","_relevanssi_related_no_append":"","_relevanssi_related_not_related":"","_relevanssi_related_posts":"","_relevanssi_noindex_reason":"","footnotes":""},"page_category":[3],"page_tag":[],"service_status_category":[18],"class_list":["post-22","page","type-page","status-publish","hentry"],"acf":[],"_links":{"self":[{"href":"https:\/\/o-seznam.cz\/napoveda\/sauto\/wp-json\/wp\/v2\/pages\/22","targetHints":{"allow":["GET"]}}],"collection":[{"href":"https:\/\/o-seznam.cz\/napoveda\/sauto\/wp-json\/wp\/v2\/pages"}],"about":[{"href":"https:\/\/o-seznam.cz\/napoveda\/sauto\/wp-json\/wp\/v2\/types\/page"}],"author":[{"embeddable":true,"href":"https:\/\/o-seznam.cz\/napoveda\/sauto\/wp-json\/wp\/v2\/users\/6"}],"replies":[{"embeddable":true,"href":"https:\/\/o-seznam.cz\/napoveda\/sauto\/wp-json\/wp\/v2\/comments?post=22"}],"version-history":[{"count":2,"href":"https:\/\/o-seznam.cz\/napoveda\/sauto\/wp-json\/wp\/v2\/pages\/22\/revisions"}],"predecessor-version":[{"id":39,"href":"https:\/\/o-seznam.cz\/napoveda\/sauto\/wp-json\/wp\/v2\/pages\/22\/revisions\/39"}],"up":[{"embeddable":true,"href":"https:\/\/o-seznam.cz\/napoveda\/sauto\/wp-json\/wp\/v2\/pages\/122"}],"wp:attachment":[{"href":"https:\/\/o-seznam.cz\/napoveda\/sauto\/wp-json\/wp\/v2\/media?parent=22"}],"wp:term":[{"taxonomy":"page_category","embeddable":true,"href":"https:\/\/o-seznam.cz\/napoveda\/sauto\/wp-json\/wp\/v2\/page_category?post=22"},{"taxonomy":"page_tag","embeddable":true,"href":"https:\/\/o-seznam.cz\/napoveda\/sauto\/wp-json\/wp\/v2\/page_tag?post=22"},{"taxonomy":"service_status_category","embeddable":true,"href":"https:\/\/o-seznam.cz\/napoveda\/sauto\/wp-json\/wp\/v2\/service_status_category?post=22"}],"curies":[{"name":"wp","href":"https:\/\/api.w.org\/{rel}","templated":true}]}}