{"id":208,"date":"2024-12-12T10:25:01","date_gmt":"2024-12-12T09:25:01","guid":{"rendered":"https:\/\/o-seznam.cz\/napoveda\/sauto\/?page_id=208"},"modified":"2025-01-14T12:51:30","modified_gmt":"2025-01-14T11:51:30","slug":"na-co-se-ptate","status":"publish","type":"page","link":"https:\/\/o-seznam.cz\/napoveda\/sauto\/mohlo-by-se-hodit\/na-co-se-ptate\/","title":{"rendered":"Na co se nejv\u00edce pt\u00e1te?"},"content":{"rendered":"\n<div class=\"wp-block-group is-layout-constrained wp-block-group-is-layout-constrained\">\n<h3 class=\"wp-block-heading\"><strong>Nemohu zadat nov\u00fd inzer\u00e1t,<\/strong> <strong>zobrazuje se mi chybov\u00e1 hl\u00e1\u0161ka \u201eTakov\u00fd inzer\u00e1t u\u017e m\u00e1me od n\u011bkoho jin\u00e9ho<\/strong><\/h3>\n\n\n\n<p>Pokud si mysl\u00edte, \u017ee neopr\u00e1vn\u011bn\u011b, po\u0161lete n\u00e1m fotografii k\u00f3du VIN z&nbsp;TP nebo z vozidla na <a href=\"mailto:sauto@sauto.cz\">sauto@sauto.cz<\/a> . N\u00e1sledn\u011b v\u00e1m VIN pro inzerci uvoln\u00edme.<\/p>\n\n\n\n<h3 class=\"wp-block-heading\"><strong>Vlo\u017een\u00fd inzer\u00e1t nemohu zaplatit p\u0159es SMS<\/strong><\/h3>\n\n\n\n<p>Kontaktujte sv\u00e9ho oper\u00e1tora. Je mo\u017en\u00e9, \u017ee v\u00e1\u0161 mobiln\u00ed tarif nepodporuje pr\u00e9miov\u00e9 SMS. Inzer\u00e1t lze zaplatit nebo autorizovat pouze telefonn\u00edm \u010d\u00edslem mobiln\u00edch oper\u00e1tor\u016f v \u010cR, tedy za\u010d\u00ednaj\u00edc\u00edm p\u0159ed\u010d\u00edsl\u00edm +420.<\/p>\n\n\n\n<h2 class=\"wp-block-heading\"><strong>Nep\u0159i\u0161el mi PIN k\u00f3d<\/strong>.<\/h2>\n\n\n\n<p>Obra\u0165te se na na\u0161i podporu, kter\u00e1 je v\u00e1m k dispozici od pond\u011bl\u00ed do p\u00e1tku 8.00\u201316.30 na telefonn\u00edm \u010d\u00edsle +420 234 694 430. Prov\u011b\u0159\u00edme, zda platba prob\u011bhla a p\u0159\u00edpadn\u011b v\u00e1m vygenerujeme nov\u00fd PIN.<\/p>\n\n\n\n<h2 class=\"wp-block-heading\"><strong>Zaplacen\u00fd inzer\u00e1t se nezobrazuje<\/strong><\/h2>\n\n\n\n<p>Po zaplacen\u00ed se inzer\u00e1t m\u016f\u017ee n\u011bkolik minut zobrazovat jako \u201eexspirovan\u00fd\u201c. To je stav, kter\u00fd zna\u010d\u00ed, \u017ee se inzer\u00e1t je\u0161t\u011b nezobrazuje ve vyhled\u00e1v\u00e1n\u00ed Sauto.cz. Pokud m\u00e1te zobrazenou ikonu \u201eAktivovat\u201c (zelen\u00e1 \u201efajfka\u201c), klikn\u011bte na ni a vy\u010dkejte. Inzer\u00e1t se objev\u00ed do 15 minut.<\/p>\n\n\n\n<h2 class=\"wp-block-heading\"><strong>Zak\u00e1zali jste mi inzer\u00e1t. Pro\u010d? Co m\u00e1m d\u011blat?<\/strong><\/h2>\n\n\n\n<p>Pokud je inzer\u00e1t v&nbsp;rozporu s&nbsp;na\u0161imi Smluvn\u00edmi podm\u00ednkami a Pravidly inzerce \u010di je nahl\u00e1\u0161en na\u0161imi u\u017eivateli jako klamav\u00fd, inzer\u00e1t m\u016f\u017eeme deaktivovat \u010di zablokovat. V\u017edy zas\u00edl\u00e1me na v\u00e1\u0161 kontaktn\u00ed e-mail ozn\u00e1men\u00ed s&nbsp;uveden\u00edm d\u016fvod\u016f a dal\u0161\u00edm postupem. Inzer\u00e1t je t\u0159eba opravit a po\u017e\u00e1dat v&nbsp;odpov\u011bdi na upozorn\u011bn\u00ed o zp\u011btnou aktivaci.<\/p>\n\n\n\n<h3 class=\"wp-block-heading\"><strong>Jsem registrovan\u00fd firemn\u00ed prodejce, nevypublikoval se mi inzer\u00e1t a m\u00e1 p\u0159\u00edznak \u201eOpakovan\u00e9 vkl\u00e1d\u00e1n\u00ed VIN\u201c<\/strong><\/h3>\n\n\n\n<p>Po smaz\u00e1n\u00ed inzer\u00e1t\u016f nelze n\u00e1sleduj\u00edc\u00edch 14 dn\u016f vlo\u017eit do inzerce v\u016fz se stejn\u00fdm VIN. Chceme tak p\u0159edch\u00e1zet spekulativn\u00edmu zad\u00e1v\u00e1n\u00ed inzer\u00e1t\u016f. Pokud se v\u00e1m takov\u00e1 situace stane, obra\u0165te se pros\u00edm na n\u00e1s na e-mail: <a href=\"mailto:podpora@sauto.cz\">podpora@sauto.cz<\/a>.<\/p>\n\n\n\n<h2 class=\"wp-block-heading\"><strong>Ve statistik\u00e1ch inzer\u00e1tu vid\u00edm odeslan\u00e9 popt\u00e1vky od z\u00e1jemc\u016f, ale nic mi do e-mailu nedo\u0161lo<\/strong><\/h2>\n\n\n\n<p>Zkontrolujte si v\u0161echny slo\u017eky doru\u010den\u00e9 po\u0161ty v kontaktn\u00edm e-mailu, v\u010detn\u011b slo\u017eky SPAM, nevy\u017e\u00e1dan\u00e1 a hromadn\u00e1 po\u0161ta. Zkontrolujte, zda nem\u00e1te nastavenou podm\u00ednku pro p\u0159esm\u011brov\u00e1n\u00ed po\u0161ty, \u010di jin\u00e9 omezen\u00ed. Pokud popt\u00e1vka v\u016fbec nen\u00ed odesl\u00e1na, je to proto, \u017ee byla detekov\u00e1na jako pokus o podvodn\u00e9 chov\u00e1n\u00ed a odesl\u00e1n\u00ed bylo z&nbsp;d\u016fvod\u016f ochrany na\u0161ich u\u017eivatel\u016f automaticky zablokov\u00e1no, av\u0161ak do statistik se to jako odpov\u011b\u010f zapo\u010d\u00edt\u00e1.<\/p>\n<\/div>\n","protected":false},"excerpt":{"rendered":"<p>Nemohu zadat nov\u00fd inzer\u00e1t, zobrazuje se mi chybov\u00e1 hl\u00e1\u0161ka \u201eTakov\u00fd inzer\u00e1t u\u017e m\u00e1me od n\u011bkoho jin\u00e9ho Pokud si mysl\u00edte, \u017ee neopr\u00e1vn\u011bn\u011b, po\u0161lete n\u00e1m fotografii k\u00f3du VIN z&nbsp;TP nebo z vozidla na sauto@sauto.cz . N\u00e1sledn\u011b v\u00e1m VIN pro inzerci uvoln\u00edme. Vlo\u017een\u00fd inzer\u00e1t nemohu zaplatit p\u0159es SMS Kontaktujte sv\u00e9ho oper\u00e1tora. Je mo\u017en\u00e9, \u017ee v\u00e1\u0161 mobiln\u00ed tarif nepodporuje [&hellip;]<\/p>\n","protected":false},"author":12,"featured_media":0,"parent":188,"menu_order":0,"comment_status":"closed","ping_status":"closed","template":"page-sidemenu","meta":{"_acf_changed":false,"_relevanssi_hide_post":"","_relevanssi_hide_content":"","_relevanssi_pin_for_all":"","_relevanssi_pin_keywords":"","_relevanssi_unpin_keywords":"","_relevanssi_related_keywords":"","_relevanssi_related_include_ids":"","_relevanssi_related_exclude_ids":"","_relevanssi_related_no_append":"","_relevanssi_related_not_related":"","_relevanssi_related_posts":"","_relevanssi_noindex_reason":"","footnotes":""},"page_category":[3],"page_tag":[],"service_status_category":[],"class_list":["post-208","page","type-page","status-publish","hentry"],"acf":[],"_links":{"self":[{"href":"https:\/\/o-seznam.cz\/napoveda\/sauto\/wp-json\/wp\/v2\/pages\/208","targetHints":{"allow":["GET"]}}],"collection":[{"href":"https:\/\/o-seznam.cz\/napoveda\/sauto\/wp-json\/wp\/v2\/pages"}],"about":[{"href":"https:\/\/o-seznam.cz\/napoveda\/sauto\/wp-json\/wp\/v2\/types\/page"}],"author":[{"embeddable":true,"href":"https:\/\/o-seznam.cz\/napoveda\/sauto\/wp-json\/wp\/v2\/users\/12"}],"replies":[{"embeddable":true,"href":"https:\/\/o-seznam.cz\/napoveda\/sauto\/wp-json\/wp\/v2\/comments?post=208"}],"version-history":[{"count":5,"href":"https:\/\/o-seznam.cz\/napoveda\/sauto\/wp-json\/wp\/v2\/pages\/208\/revisions"}],"predecessor-version":[{"id":248,"href":"https:\/\/o-seznam.cz\/napoveda\/sauto\/wp-json\/wp\/v2\/pages\/208\/revisions\/248"}],"up":[{"embeddable":true,"href":"https:\/\/o-seznam.cz\/napoveda\/sauto\/wp-json\/wp\/v2\/pages\/188"}],"wp:attachment":[{"href":"https:\/\/o-seznam.cz\/napoveda\/sauto\/wp-json\/wp\/v2\/media?parent=208"}],"wp:term":[{"taxonomy":"page_category","embeddable":true,"href":"https:\/\/o-seznam.cz\/napoveda\/sauto\/wp-json\/wp\/v2\/page_category?post=208"},{"taxonomy":"page_tag","embeddable":true,"href":"https:\/\/o-seznam.cz\/napoveda\/sauto\/wp-json\/wp\/v2\/page_tag?post=208"},{"taxonomy":"service_status_category","embeddable":true,"href":"https:\/\/o-seznam.cz\/napoveda\/sauto\/wp-json\/wp\/v2\/service_status_category?post=208"}],"curies":[{"name":"wp","href":"https:\/\/api.w.org\/{rel}","templated":true}]}}