{"id":20,"date":"2024-11-29T01:52:50","date_gmt":"2024-11-29T00:52:50","guid":{"rendered":"https:\/\/o-seznam.cz\/napoveda\/sauto\/?page_id=20"},"modified":"2024-12-09T13:04:37","modified_gmt":"2024-12-09T12:04:37","slug":"podporovane-prohlizece","status":"publish","type":"page","link":"https:\/\/o-seznam.cz\/napoveda\/sauto\/dulezite-pro-vsechny\/podporovane-prohlizece\/","title":{"rendered":"Podporovan\u00e9 prohl\u00ed\u017ee\u010de"},"content":{"rendered":"\n<div class=\"wp-block-group is-layout-constrained wp-block-group-is-layout-constrained\">\n<p>Podporov\u00e1ny jsou v\u017edy jen aktu\u00e1ln\u00ed a a\u017e dv\u011b p\u0159edchoz\u00ed verze posledn\u00ed vydan\u00e9 \u010d\u00edseln\u00e9 \u0159ady prohl\u00ed\u017ee\u010d\u016f:<\/p>\n\n\n\n<ul class=\"wp-block-list\">\n<li>Microsoft Edge<\/li>\n\n\n\n<li>Mozilla Firefox<\/li>\n\n\n\n<li>Opera Google<\/li>\n\n\n\n<li>Chrome Safari<\/li>\n\n\n\n<li>Seznam prohl\u00ed\u017ee\u010d<\/li>\n\n\n\n<li>Internet Explorer 11 &#8211; \u010d\u00e1ste\u010dn\u00e1 podpora, doporu\u010dujeme vyu\u017e\u00edvat jin\u00fd prohl\u00ed\u017ee\u010d<\/li>\n<\/ul>\n<\/div>\n","protected":false},"excerpt":{"rendered":"<p>Podporov\u00e1ny jsou v\u017edy jen aktu\u00e1ln\u00ed a a\u017e dv\u011b p\u0159edchoz\u00ed verze posledn\u00ed vydan\u00e9 \u010d\u00edseln\u00e9 \u0159ady prohl\u00ed\u017ee\u010d\u016f:<\/p>\n","protected":false},"author":6,"featured_media":0,"parent":122,"menu_order":0,"comment_status":"closed","ping_status":"closed","template":"page-sidemenu","meta":{"_acf_changed":false,"_relevanssi_hide_post":"","_relevanssi_hide_content":"","_relevanssi_pin_for_all":"","_relevanssi_pin_keywords":"","_relevanssi_unpin_keywords":"","_relevanssi_related_keywords":"","_relevanssi_related_include_ids":"","_relevanssi_related_exclude_ids":"","_relevanssi_related_no_append":"","_relevanssi_related_not_related":"","_relevanssi_related_posts":"","_relevanssi_noindex_reason":"","footnotes":""},"page_category":[3],"page_tag":[],"service_status_category":[18],"class_list":["post-20","page","type-page","status-publish","hentry"],"acf":[],"_links":{"self":[{"href":"https:\/\/o-seznam.cz\/napoveda\/sauto\/wp-json\/wp\/v2\/pages\/20","targetHints":{"allow":["GET"]}}],"collection":[{"href":"https:\/\/o-seznam.cz\/napoveda\/sauto\/wp-json\/wp\/v2\/pages"}],"about":[{"href":"https:\/\/o-seznam.cz\/napoveda\/sauto\/wp-json\/wp\/v2\/types\/page"}],"author":[{"embeddable":true,"href":"https:\/\/o-seznam.cz\/napoveda\/sauto\/wp-json\/wp\/v2\/users\/6"}],"replies":[{"embeddable":true,"href":"https:\/\/o-seznam.cz\/napoveda\/sauto\/wp-json\/wp\/v2\/comments?post=20"}],"version-history":[{"count":1,"href":"https:\/\/o-seznam.cz\/napoveda\/sauto\/wp-json\/wp\/v2\/pages\/20\/revisions"}],"predecessor-version":[{"id":21,"href":"https:\/\/o-seznam.cz\/napoveda\/sauto\/wp-json\/wp\/v2\/pages\/20\/revisions\/21"}],"up":[{"embeddable":true,"href":"https:\/\/o-seznam.cz\/napoveda\/sauto\/wp-json\/wp\/v2\/pages\/122"}],"wp:attachment":[{"href":"https:\/\/o-seznam.cz\/napoveda\/sauto\/wp-json\/wp\/v2\/media?parent=20"}],"wp:term":[{"taxonomy":"page_category","embeddable":true,"href":"https:\/\/o-seznam.cz\/napoveda\/sauto\/wp-json\/wp\/v2\/page_category?post=20"},{"taxonomy":"page_tag","embeddable":true,"href":"https:\/\/o-seznam.cz\/napoveda\/sauto\/wp-json\/wp\/v2\/page_tag?post=20"},{"taxonomy":"service_status_category","embeddable":true,"href":"https:\/\/o-seznam.cz\/napoveda\/sauto\/wp-json\/wp\/v2\/service_status_category?post=20"}],"curies":[{"name":"wp","href":"https:\/\/api.w.org\/{rel}","templated":true}]}}