{"id":912,"date":"2024-11-22T12:23:43","date_gmt":"2024-11-22T11:23:43","guid":{"rendered":"https:\/\/o-seznam.cz\/napoveda\/prohlizece\/?page_id=912"},"modified":"2025-02-05T13:36:19","modified_gmt":"2025-02-05T12:36:19","slug":"smluvni-podminky","status":"publish","type":"page","link":"https:\/\/o-seznam.cz\/napoveda\/prohlizece\/doplnky\/smluvni-podminky\/","title":{"rendered":"Smluvn\u00ed podm\u00ednky"},"content":{"rendered":"\n<h2 class=\"wp-block-heading\">Seznam Dopl\u0148ky<\/h2>\n\n\n\n<p><strong>1.&nbsp;&nbsp; &nbsp;\u00davod<\/strong><br><br>1.&nbsp;&nbsp; &nbsp;Spole\u010dnost Seznam.cz, a. s., se s\u00eddlem na adrese Praha 5, Radlick\u00e1 3294\/10, PS\u010c: 150 00, I\u010cO: 26168685, zapsan\u00e1 v obchodn\u00edm rejst\u0159\u00edku veden\u00e9m M\u011bstsk\u00fdm soudem v Praze, odd\u00edl B, vlo\u017eka 6493 (d\u00e1le jen Seznam.cz) je \u0161i\u0159itelem Softwar\u016f Seznam Dopl\u0148ky pro prohl\u00ed\u017ee\u010de Chrome a Firefox (souhrnn\u011b Seznam Dopl\u0148ky nebo tak\u00e9 Software) a vykon\u00e1v\u00e1 k n\u011bmu p\u0159\u00edslu\u0161n\u00e1 autorsk\u00e1 majetkov\u00e1 pr\u00e1va. Software si mohou u\u017eivatel\u00e9 bezplatn\u011b nainstalovat do sv\u00e9ho prohl\u00ed\u017ee\u010de na internetov\u00e9 adrese (URL): <a href=\"http:\/\/www.seznam.cz\/doplnky\">www.seznam.cz\/doplnky<\/a>. Instalace a n\u00e1sledn\u00e9 u\u017eit\u00ed Softwaru se \u0159\u00edd\u00ed t\u011bmito smluvn\u00edmi podm\u00ednkami. Instalac\u00ed Softwaru vyjad\u0159ujete souhlas se smluvn\u00edmi podm\u00ednkami a jste povinni je dodr\u017eovat.<br><br><strong>2.&nbsp;&nbsp; &nbsp;Poskytnut\u00ed licence<\/strong><br><br>1.&nbsp;&nbsp; &nbsp;Odsouhlasen\u00edm t\u011bchto smluvn\u00edch podm\u00ednek poskytuje Seznam.cz ka\u017ed\u00e9mu u\u017eivateli, kter\u00fd si do sv\u00e9ho po\u010d\u00edta\u010de naistaluje Software, pr\u00e1vo u\u017e\u00edt nainstalovanou kopii Softwaru a p\u0159idru\u017een\u00fdch soubor\u016f dokumentace (d\u00e1le jen Licence). Licence se poskytuje jako:<\/p>\n\n\n\n<ol class=\"wp-block-list\">\n<li>\u00fazemn\u011b neomezen\u00e1,<\/li>\n\n\n\n<li>mno\u017estevn\u011b neomezen\u00e1, pro neomezen\u00fd po\u010det u\u017eit\u00ed,<\/li>\n\n\n\n<li>nev\u00fdhradn\u00ed,<\/li>\n\n\n\n<li>na dobu trv\u00e1n\u00ed autorsk\u00fdch majetkov\u00fdch pr\u00e1v,<\/li>\n\n\n\n<li>bez\u00faplatn\u00e1.<\/li>\n<\/ol>\n\n\n\n<p>2.\u00a0\u00a0 \u00a0U\u017eivatel m\u016f\u017ee u\u017e\u00edvat a \u0161\u00ed\u0159it Software, kter\u00fd je p\u0159edm\u011btem Licence, pouze v souladu s t\u011bmito smluvn\u00edmi podm\u00ednkami a v rozsahu ud\u011blen\u00e9 Licence.<br><br>3.\u00a0\u00a0 \u00a0Spole\u010dnost Seznam.cz si vyhrazuje v\u0161echna pr\u00e1va, kter\u00e1 U\u017eivateli nebyla v\u00fdslovn\u011b poskytnuta. U\u017eivatel Softwaru nen\u00ed opr\u00e1vn\u011bn Software zp\u011btn\u011b p\u0159ekl\u00e1dat, dekompilovat, rozeb\u00edrat a analyzovat. U\u017eivatel d\u00e1le nen\u00ed opr\u00e1vn\u011bn Software jakkoli upravovat a modifikovat. U\u017eivatel d\u00e1le nen\u00ed opr\u00e1vn\u011bn Software rozmno\u017eovat, s v\u00fdjimkou dle ustanoven\u00ed \u00a7 66 autorsk\u00e9ho z\u00e1kona, roz\u0161i\u0159ovat, pronaj\u00edmat \u010di sd\u011blovat ve\u0159ejnosti.<br><br>4.\u00a0\u00a0 \u00a0Software je ur\u010den pouze k nekomer\u010dn\u00edmu pou\u017eit\u00ed. Software ani informace a slu\u017eby se Softwarem spojen\u00e9 nesm\u00ed U\u017eivatel prod\u00e1vat \u010di jinak poskytovat za \u00fa\u010delem obohacen\u00ed sebe \u010di t\u0159et\u00edch osob.<br><br><strong>3.\u00a0\u00a0 \u00a0Dal\u0161\u00ed ujedn\u00e1n\u00ed<\/strong><br><br>1.\u00a0\u00a0 \u00a0Software a jeho jednotliv\u00e9 dopl\u0148ky se u\u017eivatel\u016fm poskytuj\u00ed tak, jak jsou, v\u010detn\u011b v\u0161ech p\u0159\u00edpadn\u00fdch vad. Licence a kopie Softwaru jsou poskytov\u00e1ny bez jak\u00fdchkoliv z\u00e1ruk, Seznam.cz \u017e\u00e1dn\u00fdm zp\u016fsobem neodpov\u00edd\u00e1 za vady Softwaru ani za \u0161kody, kter\u00e9 by u\u017eivatel\u016fm v d\u016fsledku t\u011bchto vad mohly vzniknout. V\u016f\u010di spole\u010dnosti Seznam.cz nelze uplat\u0148ovat \u017e\u00e1dn\u00e9 n\u00e1roky na n\u00e1hradu \u0161kody, nemajetkov\u00e9 \u00fajmy, nebo uplatn\u011bn\u00ed jin\u00fdch n\u00e1rok\u016f vznikl\u00fdch v souvislosti se Softwarem nebo v souvislosti s u\u017eit\u00edm Softwaru. Seznam.cz nenese \u017e\u00e1dnou odpov\u011bdnost za Software, jeho instalaci a dal\u0161\u00ed u\u017eit\u00ed u\u017eivateli.<br><br>2.\u00a0\u00a0 \u00a0Seznam.cz nenese odpov\u011bdnost za zneu\u017eit\u00ed hesla u\u017eivatele, pokud u\u017eivatel sd\u011blil sv\u00e9 heslo t\u0159et\u00ed osob\u011b nebo takov\u00e9 t\u0159et\u00ed osob\u011b umo\u017enil ke sv\u00e9mu heslu p\u0159\u00edstup. U\u017eivatel nese odpov\u011bdnost za to, \u017ee jeho heslo bude dostate\u010dn\u011b siln\u00e9.<br><br>3.\u00a0\u00a0 \u00a0Ve v\u0161ech kopi\u00edch Softwaru nebo jeho podstatn\u00fdch \u010d\u00e1stech, kter\u00e9 jsou p\u0159edm\u011btem Licence, mus\u00ed b\u00fdt uvedeno prohl\u00e1\u0161en\u00ed obsa\u017een\u00e9 v \u010dl\u00e1nku 3 odst. 1 smluvn\u00edch podm\u00ednek a v\u00fdhrada autorsk\u00e9ho pr\u00e1va spole\u010dnosti Seznam.cz.<br><br><strong>4.\u00a0\u00a0 \u00a0Ochrana soukrom\u00ed<\/strong><br><br>1.\u00a0\u00a0 \u00a0Spole\u010dnost Seznam.cz shroma\u017e\u010fuje statistick\u00e9 \u00fadaje o zp\u016fsobu a \u010detnosti vyu\u017e\u00edv\u00e1n\u00ed Software a jeho jednotliv\u00fdch funkc\u00ed, nav\u0161t\u00edven\u00fdch str\u00e1nk\u00e1ch a hledan\u00fdch v\u00fdrazech. D\u00e1le shroma\u017e\u010fuje technick\u00e9 \u00fadaje o tom, jak\u00e9 u\u017eivatel pou\u017e\u00edv\u00e1 za\u0159\u00edzen\u00ed a opera\u010dn\u00ed syst\u00e9m.<br>Takto shrom\u00e1\u017ed\u011bn\u00e9 \u00fadaje Seznam.cz pou\u017e\u00edv\u00e1 pro intern\u00ed analytick\u00e9 \u00fa\u010dely a dal\u0161\u00ed zlep\u0161ov\u00e1n\u00ed slu\u017eeb. Uchov\u00e1v\u00e1 je v anonymizovan\u00e9 podob\u011b, ve kter\u00e9 nen\u00ed mo\u017en\u00e9 je propojit s konkr\u00e9tn\u00ed osobou.\u00a0<br><br>2.\u00a0\u00a0 \u00a0N\u011bkter\u00e9 slu\u017eby Softwaru pro svoje fungov\u00e1n\u00ed vy\u017eaduj\u00ed p\u0159ipojen\u00ed se na servery spole\u010dnosti Seznam.cz. U\u017eivatel souhlas\u00ed, \u017ee p\u0159i pou\u017e\u00edv\u00e1n\u00ed dan\u00e9 slu\u017eby (p\u0159ipojen\u00ed na server) bude spole\u010dnosti Seznam.cz poskytnuta informace o skute\u010dnosti, \u017ee U\u017eivatel pou\u017eil danou slu\u017ebu a s jak\u00fdmi parametry. Bez p\u0159ipojen\u00ed na server se n\u011bkter\u00e1 slu\u017eba ani realizovat ned\u00e1.<br><br>Mezi funkce Softwaru a informace, kter\u00e9 jsou p\u0159i jejich pou\u017e\u00edvan\u00ed odes\u00edlan\u00e9 na servery spole\u010dnosti Seznam.cz, pat\u0159\u00ed:<\/p>\n\n\n\n<ol class=\"wp-block-list\">\n<li><strong>E-mail<\/strong>: Umo\u017e\u0148uje zapamatovat si p\u0159ihl\u00e1\u0161en\u00ed do v\u00edce Seznam \u00fa\u010dt\u016f z\u00e1rove\u0148, upozor\u0148uje na nov\u011b p\u0159\u00edchoz\u00ed e-maily, ikona v li\u0161t\u011b slou\u017e\u00ed jako zkratka do e-mailov\u00e9 schr\u00e1nky. Slu\u017eba se pravideln\u011b p\u0159ipojuje na po\u0161tovn\u00ed server a stahuje si informace o nov\u00fdch doru\u010den\u00fdch e-mailech. Funkci upozor\u0148ov\u00e1n\u00ed na p\u0159\u00edchoz\u00ed e-maily lze vypnout v nastaven\u00ed dopl\u0148ku.<\/li>\n\n\n\n<li><strong>eSko<\/strong>: P\u0159i kliknut\u00ed na ikonu Softwaru je u\u017eivatel p\u0159esm\u011brov\u00e1n na Seznam.cz.<\/li>\n\n\n\n<li><strong>Vyhled\u00e1va\u010d<\/strong>: U nov\u00fdch instalac\u00ed Softwaru je v\u00fdchoz\u00ed vyhled\u00e1va\u010d prohl\u00ed\u017ee\u010de nastaven na Seznam.cz.<\/li>\n<\/ol>\n\n\n\n<p>N\u011bkter\u00e9 funkce Softwaru, kter\u00e9 odes\u00edlaj\u00ed informace na server spole\u010dnosti Seznam.cz, lze vypnout v nastaven\u00ed Software. Vypnut\u00e9 slu\u017eby se stanou neaktivn\u00edmi a nebudou data odes\u00edlat.<br><br><strong>5.\u00a0\u00a0 \u00a0Osobn\u00ed \u00fadaje<\/strong><br><br>1.\u00a0\u00a0 \u00a0Pokud p\u0159i u\u017e\u00edv\u00e1n\u00ed Prohl\u00ed\u017ee\u010de doch\u00e1z\u00ed ke zpracov\u00e1n\u00ed osobn\u00edch \u00fadaj\u016f u\u017eivatele, pak se na toto zpracov\u00e1n\u00ed osobn\u00edch \u00fadaj\u016f pou\u017eije na\u0159\u00edzen\u00ed Evropsk\u00e9ho parlamentu a Rady (EU) \u010d. 2016\/679 o ochran\u011b fyzick\u00fdch osob v souvislosti se zpracov\u00e1n\u00edm osobn\u00edch \u00fadaj\u016f a o voln\u00e9m pohybu t\u011bchto \u00fadaj\u016f (obecn\u00e9 na\u0159\u00edzen\u00ed o ochran\u011b osobn\u00edch \u00fadaj\u016f, d\u00e1le jen \u201ena\u0159\u00edzen\u00ed\u201c), z\u00e1kon \u010d. 110\/2019 Sb., o zpracov\u00e1n\u00ed osobn\u00edch \u00fadaj\u016f, z\u00e1kon \u010d. 111\/2019 Sb., kter\u00fdm se m\u011bn\u00ed n\u011bkter\u00e9 z\u00e1kony s p\u0159ijet\u00edm z\u00e1kona o zpracov\u00e1n\u00ed osobn\u00edch \u00fadaj\u016f, z\u00e1kon \u010d. 480\/2004 Sb., o n\u011bkter\u00fdch slu\u017eb\u00e1ch informa\u010dn\u00ed spole\u010dnosti, z\u00e1kon \u010d. 127\/2005 Sb., o elektronick\u00fdch komunikac\u00edch a dal\u0161\u00ed pr\u00e1vn\u00ed p\u0159edpisy upravuj\u00edc\u00ed ochranu osobn\u00edch \u00fadaj\u016f.<br><br>2.\u00a0\u00a0 \u00a0Pro \u00fa\u010dely u\u017e\u00edv\u00e1n\u00ed sv\u00fdch slu\u017eeb, v\u010detn\u011b Software, je Seznam.cz opr\u00e1vn\u011bn zpracov\u00e1vat osobn\u00ed \u00fadaje u\u017eivatele nebo osobn\u00ed \u00fadaje poskytnut\u00e9 \u010di zadan\u00e9 u\u017eivatelem p\u0159i u\u017e\u00edv\u00e1n\u00ed slu\u017eby (zejm\u00e9na adresn\u00e9 a popisn\u00e9 \u00fadaje).<br><br>3.\u00a0\u00a0 \u00a0Takov\u00e9 zpracov\u00e1n\u00ed osobn\u00edch \u00fadaj\u016f je z\u00e1konn\u00e9, jeliko\u017e je nezbytn\u00e9 pro pln\u011bn\u00ed smlouvy, jej\u00ed\u017e smluvn\u00ed stranou je u\u017eivatel, jako subjekt osobn\u00edch \u00fadaj\u016f.<br><br>4.\u00a0\u00a0 \u00a0U\u017eivatel ve smyslu z\u00e1kona \u010d. 480\/2004 Sb., o n\u011bkter\u00fdch slu\u017eb\u00e1ch informa\u010dn\u00ed spole\u010dnosti ud\u011bluje spole\u010dnosti Seznam.cz souhlas se zas\u00edl\u00e1n\u00edm obchodn\u00edch sd\u011blen\u00ed s informacemi o slu\u017eb\u00e1ch a produktech spole\u010dnosti Seznam.cz, a to na u\u017eivatelem poskytnut\u00e9 e-mailov\u00e9 adresy.<br><br>5.\u00a0\u00a0 \u00a0Pokud u\u017eivatel p\u0159edal \u010di p\u0159ed\u00e1 Seznam.cz osobn\u00ed \u00fadaje jin\u00fdch fyzick\u00fdch osob, je u\u017eivatel povinen tyto fyzick\u00e9 osoby informovat o zpracov\u00e1n\u00ed osobn\u00edch \u00fadaj\u016f a zas\u00edl\u00e1n\u00ed obchodn\u00edch sd\u011blen\u00ed spole\u010dnosti Seznam.cz v rozsahu zde uveden\u00e9m a zajistit tak z\u00e1konnost zpracov\u00e1n\u00ed osobn\u00edch \u00fadaj\u016f. V opa\u010dn\u00e9m p\u0159\u00edpad\u011b u\u017eivatel odpov\u00edd\u00e1 Seznam.cz za zp\u016fsobenou \u0161kodu.<br><br>6.\u00a0\u00a0 \u00a0Podrobn\u011bj\u0161\u00ed informace o nakl\u00e1d\u00e1n\u00ed s osobn\u00edmi \u00fadaji jsou uvedeny na internetov\u00fdch str\u00e1nk\u00e1ch spole\u010dnosti Seznam.cz, a to v p\u0159\u00edslu\u0161n\u00e9 sekci.<br><br><strong>6.\u00a0\u00a0 \u00a0Z\u00e1v\u011bre\u010dn\u00e1 ustanoven\u00ed<\/strong><br><br>1.\u00a0\u00a0 \u00a0Smluvn\u00ed vztah zalo\u017een\u00fd t\u011bmito podm\u00ednkami se \u0159\u00edd\u00ed z\u00e1konem \u010d. 89\/2012 Sb., ob\u010dansk\u00fd z\u00e1kon\u00edk, v platn\u00e9m zn\u011bn\u00ed a z\u00e1konem \u010d. 121\/2000 Sb., autorsk\u00fd z\u00e1kon, v platn\u00e9m zn\u011bn\u00ed.<br><br>2.\u00a0\u00a0 \u00a0Seznam.cz si vyhrazuje pr\u00e1vo v p\u0159im\u011b\u0159en\u00e9m rozsahu jednostrann\u011b tyto smluvn\u00ed podm\u00ednky m\u011bnit s t\u00edm, \u017ee nov\u00e9 a \u00fapln\u00e9 zn\u011bn\u00ed smluvn\u00edch podm\u00ednek Seznam.cz zve\u0159ejn\u00ed na internetov\u00e9 adrese: <a href=\"https:\/\/www.seznam.cz\/doplnky\/licence\">www.seznam.cz\/doplnky\/licence<\/a>.<br><br>3.\u00a0\u00a0 \u00a0Seznam.cz si vyhrazuje pr\u00e1vo poskytov\u00e1n\u00ed softwaru kdykoliv ukon\u010dit, v\u010detn\u011b poskytov\u00e1n\u00ed samotn\u00ed licence k u\u017e\u00edv\u00e1n\u00ed softwaru.<br><br>4.\u00a0\u00a0 \u00a0Tyto smluvn\u00ed podm\u00ednky nab\u00fdvaj\u00ed platnosti a \u00fa\u010dinnosti dne 1. 8. 2021.<\/p>\n","protected":false},"excerpt":{"rendered":"<p>Seznam Dopl\u0148ky 1.&nbsp;&nbsp; &nbsp;\u00davod 1.&nbsp;&nbsp; &nbsp;Spole\u010dnost Seznam.cz, a. s., se s\u00eddlem na adrese Praha 5, Radlick\u00e1 3294\/10, PS\u010c: 150 00, I\u010cO: 26168685, zapsan\u00e1 v obchodn\u00edm rejst\u0159\u00edku veden\u00e9m M\u011bstsk\u00fdm soudem v Praze, odd\u00edl B, vlo\u017eka 6493 (d\u00e1le jen Seznam.cz) je \u0161i\u0159itelem Softwar\u016f Seznam Dopl\u0148ky pro prohl\u00ed\u017ee\u010de Chrome a Firefox (souhrnn\u011b Seznam Dopl\u0148ky nebo tak\u00e9 Software) a [&hellip;]<\/p>\n","protected":false},"author":12,"featured_media":0,"parent":604,"menu_order":4,"comment_status":"closed","ping_status":"closed","template":"page-sidemenu","meta":{"_acf_changed":false,"_relevanssi_hide_post":"","_relevanssi_hide_content":"","_relevanssi_pin_for_all":"","_relevanssi_pin_keywords":"","_relevanssi_unpin_keywords":"","_relevanssi_related_keywords":"","_relevanssi_related_include_ids":"","_relevanssi_related_exclude_ids":"","_relevanssi_related_no_append":"","_relevanssi_related_not_related":"","_relevanssi_related_posts":"","_relevanssi_noindex_reason":"","footnotes":""},"page_category":[19],"page_tag":[],"service_status_category":[],"class_list":["post-912","page","type-page","status-publish","hentry"],"acf":[],"_links":{"self":[{"href":"https:\/\/o-seznam.cz\/napoveda\/prohlizece\/wp-json\/wp\/v2\/pages\/912","targetHints":{"allow":["GET"]}}],"collection":[{"href":"https:\/\/o-seznam.cz\/napoveda\/prohlizece\/wp-json\/wp\/v2\/pages"}],"about":[{"href":"https:\/\/o-seznam.cz\/napoveda\/prohlizece\/wp-json\/wp\/v2\/types\/page"}],"author":[{"embeddable":true,"href":"https:\/\/o-seznam.cz\/napoveda\/prohlizece\/wp-json\/wp\/v2\/users\/12"}],"replies":[{"embeddable":true,"href":"https:\/\/o-seznam.cz\/napoveda\/prohlizece\/wp-json\/wp\/v2\/comments?post=912"}],"version-history":[{"count":2,"href":"https:\/\/o-seznam.cz\/napoveda\/prohlizece\/wp-json\/wp\/v2\/pages\/912\/revisions"}],"predecessor-version":[{"id":1170,"href":"https:\/\/o-seznam.cz\/napoveda\/prohlizece\/wp-json\/wp\/v2\/pages\/912\/revisions\/1170"}],"up":[{"embeddable":true,"href":"https:\/\/o-seznam.cz\/napoveda\/prohlizece\/wp-json\/wp\/v2\/pages\/604"}],"wp:attachment":[{"href":"https:\/\/o-seznam.cz\/napoveda\/prohlizece\/wp-json\/wp\/v2\/media?parent=912"}],"wp:term":[{"taxonomy":"page_category","embeddable":true,"href":"https:\/\/o-seznam.cz\/napoveda\/prohlizece\/wp-json\/wp\/v2\/page_category?post=912"},{"taxonomy":"page_tag","embeddable":true,"href":"https:\/\/o-seznam.cz\/napoveda\/prohlizece\/wp-json\/wp\/v2\/page_tag?post=912"},{"taxonomy":"service_status_category","embeddable":true,"href":"https:\/\/o-seznam.cz\/napoveda\/prohlizece\/wp-json\/wp\/v2\/service_status_category?post=912"}],"curies":[{"name":"wp","href":"https:\/\/api.w.org\/{rel}","templated":true}]}}