{"id":91,"date":"2024-10-23T14:03:13","date_gmt":"2024-10-23T12:03:13","guid":{"rendered":"https:\/\/o-seznam.cz\/napoveda\/prohlizece\/?page_id=91"},"modified":"2024-12-15T22:42:35","modified_gmt":"2024-12-15T21:42:35","slug":"odstraneni-hesla","status":"publish","type":"page","link":"https:\/\/o-seznam.cz\/napoveda\/prohlizece\/microsoft-edge\/odstraneni-hesla\/","title":{"rendered":"Odstran\u011bn\u00ed automaticky vypl\u0148ovan\u00e9ho hesla"},"content":{"rendered":"\n<div class=\"wp-block-group is-layout-constrained wp-block-group-is-layout-constrained\"><nav class=\"menu-anchors\">\n<ul>\n\t<li><a href=\"#Odstran\u011bn\u00ed\">Odstran\u011bn\u00ed automaticky vypl\u0148ovan\u00e9ho hesla<\/a><\/li>\n<li><a href=\"#Smazani\">Smaz\u00e1n\u00ed v\u0161ech ulo\u017een\u00fdch hesel v Edge<\/a><\/li>\n<li><a href=\"#Vypinani\">Jak vypnout ukl\u00e1d\u00e1n\u00ed hesel<\/a><\/li>\n<\/ul>\n\n<\/nav>\n\n\n\n<h2 class=\"wp-block-heading\" id=\"Odstran\u011bn\u00ed\">Odstran\u011bn\u00ed automaticky vypl\u0148ovan\u00e9ho hesla<\/h2>\n\n\n<div class=\"mediaText is-position-left is-orientation-portrait\">\n\t\n\t<div class=\"mediaText__media\">\n\t\t<img loading=\"lazy\" decoding=\"async\" width=\"337\" height=\"643\" src=\"https:\/\/o-seznam.cz\/napoveda\/prohlizece\/wp-content\/uploads\/sites\/17\/2024\/10\/edge-nastaveni.png\" class=\"border border-neutral-20 border-solid\" alt=\"\" srcset=\"https:\/\/o-seznam.cz\/napoveda\/prohlizece\/wp-content\/uploads\/sites\/17\/2024\/10\/edge-nastaveni.png 337w, https:\/\/o-seznam.cz\/napoveda\/prohlizece\/wp-content\/uploads\/sites\/17\/2024\/10\/edge-nastaveni-168x320.png 168w\" sizes=\"auto, (max-width: 337px) 100vw, 337px\" \/>\t<\/div>\n\n\t<div class=\"mediaText__content is-layout-flow\">\n\n<div class=\"wp-block-group is-layout-constrained wp-container-core-group-is-layout-beff7c7e wp-block-group-is-layout-constrained\">\n<ol class=\"wp-block-list is-style-circle\">\n<li>V prav\u00e9 horn\u00ed \u010d\u00e1sti okna klikn\u011bte na tla\u010d\u00edtko <img loading=\"lazy\" decoding=\"async\" width=\"41\" height=\"28\" class=\"inline-image wp-image-241\" src=\"https:\/\/o-seznam.cz\/napoveda\/prohlizece\/wp-content\/uploads\/sites\/17\/2024\/10\/edge-menu.png\" alt=\"\">&nbsp;(t\u0159i te\u010dky) a v menu klikn\u011bte na polo\u017eku <strong>Nastaven\u00ed<\/strong>.<\/li>\n<\/ol>\n<\/div>\n\n<\/div>\t\n<\/div>\n\n\n<div class=\"mediaText is-position-right is-orientation-landscape\">\n\t\n\t<div class=\"mediaText__media\">\n\t\t<img loading=\"lazy\" decoding=\"async\" width=\"1183\" height=\"922\" src=\"https:\/\/o-seznam.cz\/napoveda\/prohlizece\/wp-content\/uploads\/sites\/17\/2024\/10\/edge-hesla1.png\" class=\"border border-neutral-20 border-solid\" alt=\"\" srcset=\"https:\/\/o-seznam.cz\/napoveda\/prohlizece\/wp-content\/uploads\/sites\/17\/2024\/10\/edge-hesla1.png 1183w, https:\/\/o-seznam.cz\/napoveda\/prohlizece\/wp-content\/uploads\/sites\/17\/2024\/10\/edge-hesla1-992x773.png 992w, https:\/\/o-seznam.cz\/napoveda\/prohlizece\/wp-content\/uploads\/sites\/17\/2024\/10\/edge-hesla1-320x249.png 320w, https:\/\/o-seznam.cz\/napoveda\/prohlizece\/wp-content\/uploads\/sites\/17\/2024\/10\/edge-hesla1-768x599.png 768w\" sizes=\"auto, (max-width: 1183px) 100vw, 1183px\" \/>\t<\/div>\n\n\t<div class=\"mediaText__content is-layout-flow\">\n\n<div class=\"wp-block-group is-layout-constrained wp-container-core-group-is-layout-beff7c7e wp-block-group-is-layout-constrained\">\n<ol start=\"2\" class=\"wp-block-list is-style-circle\">\n<li>V \u010d\u00e1sti <strong>Profily<\/strong> klikn\u011bte na <strong>Hesla<\/strong>.<\/li>\n<\/ol>\n<\/div>\n\n<\/div>\t\n<\/div>\n\n\n<div class=\"mediaText is-position-left is-orientation-landscape\">\n\t\n\t<div class=\"mediaText__media\">\n\t\t<img loading=\"lazy\" decoding=\"async\" width=\"1138\" height=\"551\" src=\"https:\/\/o-seznam.cz\/napoveda\/prohlizece\/wp-content\/uploads\/sites\/17\/2024\/10\/edge-hesla2.png\" class=\"border border-neutral-20 border-solid\" alt=\"\" srcset=\"https:\/\/o-seznam.cz\/napoveda\/prohlizece\/wp-content\/uploads\/sites\/17\/2024\/10\/edge-hesla2.png 1138w, https:\/\/o-seznam.cz\/napoveda\/prohlizece\/wp-content\/uploads\/sites\/17\/2024\/10\/edge-hesla2-992x480.png 992w, https:\/\/o-seznam.cz\/napoveda\/prohlizece\/wp-content\/uploads\/sites\/17\/2024\/10\/edge-hesla2-320x155.png 320w, https:\/\/o-seznam.cz\/napoveda\/prohlizece\/wp-content\/uploads\/sites\/17\/2024\/10\/edge-hesla2-768x372.png 768w\" sizes=\"auto, (max-width: 1138px) 100vw, 1138px\" \/>\t<\/div>\n\n\t<div class=\"mediaText__content is-layout-flow\">\n\n<div class=\"wp-block-group is-layout-constrained wp-container-core-group-is-layout-beff7c7e wp-block-group-is-layout-constrained\">\n<ol start=\"3\" class=\"wp-block-list is-style-circle\">\n<li>V sekci&nbsp;<strong>Hesla<\/strong>&nbsp;vyhledejte str\u00e1nky u kter\u00fdch chcete heslo odstranit a klikn\u011bte na n\u011b<\/li>\n\n\n\n<li>Pokud to syst\u00e9m Windows vy\u017eaduje budete vyzv\u00e1ni k p\u0159ihl\u00e1\u0161en\u00ed stejn\u011b jako se p\u0159ihla\u0161ujete do PC.<\/li>\n<\/ol>\n<\/div>\n\n<\/div>\t\n<\/div>\n\n\n<div class=\"mediaText is-position-right is-orientation-landscape\">\n\t\n\t<div class=\"mediaText__media\">\n\t\t<img loading=\"lazy\" decoding=\"async\" width=\"505\" height=\"346\" src=\"https:\/\/o-seznam.cz\/napoveda\/prohlizece\/wp-content\/uploads\/sites\/17\/2024\/10\/me-odstraneni-hesla4.png\" class=\"border border-neutral-20 border-solid\" alt=\"\" srcset=\"https:\/\/o-seznam.cz\/napoveda\/prohlizece\/wp-content\/uploads\/sites\/17\/2024\/10\/me-odstraneni-hesla4.png 505w, https:\/\/o-seznam.cz\/napoveda\/prohlizece\/wp-content\/uploads\/sites\/17\/2024\/10\/me-odstraneni-hesla4-320x219.png 320w\" sizes=\"auto, (max-width: 505px) 100vw, 505px\" \/>\t<\/div>\n\n\t<div class=\"mediaText__content is-layout-flow\">\n\n<div class=\"wp-block-group is-layout-constrained wp-container-core-group-is-layout-beff7c7e wp-block-group-is-layout-constrained\">\n<ol start=\"5\" class=\"wp-block-list is-style-circle\">\n<li>Objev\u00ed se ulo\u017een\u00e9 heslo ke str\u00e1nce a dole pomoc\u00ed tla\u010d\u00edtka Odstranit jej sma\u017eete<\/li>\n<\/ol>\n<\/div>\n\n<\/div>\t\n<\/div>\n<\/div>\n\n\n\n<div class=\"wp-block-group is-layout-constrained wp-block-group-is-layout-constrained\">\n<h2 class=\"wp-block-heading\" id=\"Smazani\">Smaz\u00e1n\u00ed v\u0161ech ulo\u017een\u00fdch hesel v Edge<\/h2>\n\n\n\n<p>Odstran\u011bn\u00ed automaticky vypl\u0148ovan\u00fdch d\u0159\u00edve ulo\u017een\u00fdch hesel z prohl\u00ed\u017ee\u010de doc\u00edl\u00edte n\u00e1sleduj\u00edc\u00edm postupem:<\/p>\n\n\n<div class=\"mediaText is-position-left is-orientation-portrait\">\n\t\n\t<div class=\"mediaText__media\">\n\t\t<img loading=\"lazy\" decoding=\"async\" width=\"332\" height=\"662\" src=\"https:\/\/o-seznam.cz\/napoveda\/prohlizece\/wp-content\/uploads\/sites\/17\/2024\/10\/edge-hitorie1.png\" class=\"border border-neutral-20 border-solid\" alt=\"\" srcset=\"https:\/\/o-seznam.cz\/napoveda\/prohlizece\/wp-content\/uploads\/sites\/17\/2024\/10\/edge-hitorie1.png 332w, https:\/\/o-seznam.cz\/napoveda\/prohlizece\/wp-content\/uploads\/sites\/17\/2024\/10\/edge-hitorie1-160x320.png 160w\" sizes=\"auto, (max-width: 332px) 100vw, 332px\" \/>\t<\/div>\n\n\t<div class=\"mediaText__content is-layout-flow\">\n\n<div class=\"wp-block-group is-layout-constrained wp-container-core-group-is-layout-beff7c7e wp-block-group-is-layout-constrained\">\n<ol class=\"wp-block-list is-style-circle\">\n<li>V prav\u00e9 horn\u00ed \u010d\u00e1sti okna klikn\u011bte na tla\u010d\u00edtko <img loading=\"lazy\" decoding=\"async\" width=\"41\" height=\"28\" class=\"inline-image wp-image-241\" src=\"https:\/\/o-seznam.cz\/napoveda\/prohlizece\/wp-content\/uploads\/sites\/17\/2024\/10\/edge-menu.png\" alt=\"\">&nbsp;(t\u0159i te\u010dky) a v menu klikn\u011bte na polo\u017eku <strong>Nastaven\u00ed<\/strong>.<\/li>\n\n\n\n<li>Z nab\u00eddky vejd\u011bte do&nbsp;<strong>Historie<\/strong>.<\/li>\n<\/ol>\n<\/div>\n\n<\/div>\t\n<\/div>\n\n\n<div class=\"mediaText is-position-right is-orientation-landscape\">\n\t\n\t<div class=\"mediaText__media\">\n\t\t<img loading=\"lazy\" decoding=\"async\" width=\"401\" height=\"293\" src=\"https:\/\/o-seznam.cz\/napoveda\/prohlizece\/wp-content\/uploads\/sites\/17\/2024\/10\/edge-historie2.png\" class=\"border border-neutral-20 border-solid\" alt=\"\" srcset=\"https:\/\/o-seznam.cz\/napoveda\/prohlizece\/wp-content\/uploads\/sites\/17\/2024\/10\/edge-historie2.png 401w, https:\/\/o-seznam.cz\/napoveda\/prohlizece\/wp-content\/uploads\/sites\/17\/2024\/10\/edge-historie2-320x234.png 320w\" sizes=\"auto, (max-width: 401px) 100vw, 401px\" \/>\t<\/div>\n\n\t<div class=\"mediaText__content is-layout-flow\">\n\n<div class=\"wp-block-group is-layout-constrained wp-container-core-group-is-layout-beff7c7e wp-block-group-is-layout-constrained\">\n<ol start=\"3\" class=\"wp-block-list is-style-circle\">\n<li>V otev\u0159en\u00e9m okn\u011b klikn\u011bte na ikonu popelnice<strong>.<\/strong><\/li>\n<\/ol>\n<\/div>\n\n<\/div>\t\n<\/div>\n\n\n<div class=\"mediaText is-position-left is-orientation-portrait\">\n\t\n\t<div class=\"mediaText__media\">\n\t\t<img loading=\"lazy\" decoding=\"async\" width=\"393\" height=\"411\" src=\"https:\/\/o-seznam.cz\/napoveda\/prohlizece\/wp-content\/uploads\/sites\/17\/2024\/10\/edge-historie3.png\" class=\"border border-neutral-20 border-solid\" alt=\"\" srcset=\"https:\/\/o-seznam.cz\/napoveda\/prohlizece\/wp-content\/uploads\/sites\/17\/2024\/10\/edge-historie3.png 393w, https:\/\/o-seznam.cz\/napoveda\/prohlizece\/wp-content\/uploads\/sites\/17\/2024\/10\/edge-historie3-306x320.png 306w\" sizes=\"auto, (max-width: 393px) 100vw, 393px\" \/>\t<\/div>\n\n\t<div class=\"mediaText__content is-layout-flow\">\n\n<div class=\"wp-block-group is-layout-constrained wp-container-core-group-is-layout-beff7c7e wp-block-group-is-layout-constrained\">\n<ol start=\"4\" class=\"wp-block-list is-style-circle\">\n<li>V horn\u00ed \u010d\u00e1sti okna nastavte <strong>\u010casov\u00fd rozsah<\/strong> na <strong>Za celou dobu<\/strong>.<\/li>\n\n\n\n<li>V nab\u00edde obsahu, kter\u00fd je mo\u017en\u00e9 smazat, zatrhn\u011bte&nbsp;<strong>Hesla.<\/strong><\/li>\n\n\n\n<li>Volbu potvr\u010fte tla\u010d\u00edtkem <strong>Vymazat<\/strong>.<\/li>\n<\/ol>\n<\/div>\n\n<\/div>\t\n<\/div>\n<\/div>\n\n\n\n<div class=\"wp-block-group is-layout-constrained wp-block-group-is-layout-constrained\">\n<h2 class=\"wp-block-heading\" id=\"Vypinani\">Jak vypnout ukl\u00e1d\u00e1n\u00ed hesel<\/h2>\n\n\n\n<p>Pokud nechcete, aby si prohl\u00ed\u017ee\u010d ukl\u00e1dal v\u00e1mi pou\u017eit\u00e1 hesla a p\u0159i p\u0159ih\u00e1\u0161en\u00ed je automaticky vypl\u0148oval, postupujte n\u00e1sledovn\u011b:<\/p>\n\n\n<div class=\"mediaText is-position-left is-orientation-portrait\">\n\t\n\t<div class=\"mediaText__media\">\n\t\t<img loading=\"lazy\" decoding=\"async\" width=\"337\" height=\"643\" src=\"https:\/\/o-seznam.cz\/napoveda\/prohlizece\/wp-content\/uploads\/sites\/17\/2024\/10\/edge-nastaveni.png\" class=\"border border-neutral-20 border-solid\" alt=\"\" srcset=\"https:\/\/o-seznam.cz\/napoveda\/prohlizece\/wp-content\/uploads\/sites\/17\/2024\/10\/edge-nastaveni.png 337w, https:\/\/o-seznam.cz\/napoveda\/prohlizece\/wp-content\/uploads\/sites\/17\/2024\/10\/edge-nastaveni-168x320.png 168w\" sizes=\"auto, (max-width: 337px) 100vw, 337px\" \/>\t<\/div>\n\n\t<div class=\"mediaText__content is-layout-flow\">\n\n<div class=\"wp-block-group is-layout-constrained wp-container-core-group-is-layout-beff7c7e wp-block-group-is-layout-constrained\">\n<ol class=\"wp-block-list is-style-circle\">\n<li>V&nbsp;prav\u00e9 horn\u00ed \u010d\u00e1sti okna klikn\u011bte na tla\u010d\u00edtko <img loading=\"lazy\" decoding=\"async\" width=\"41\" height=\"28\" class=\"inline-image wp-image-241\" src=\"https:\/\/o-seznam.cz\/napoveda\/prohlizece\/wp-content\/uploads\/sites\/17\/2024\/10\/edge-menu.png\" alt=\"\">&nbsp;(t\u0159i te\u010dky) a v menu klikn\u011bte na polo\u017eku <strong>Nastaven\u00ed<\/strong>.<\/li>\n<\/ol>\n<\/div>\n\n<\/div>\t\n<\/div>\n\n\n<div class=\"mediaText is-position-right is-orientation-landscape\">\n\t\n\t<div class=\"mediaText__media\">\n\t\t<img loading=\"lazy\" decoding=\"async\" width=\"1138\" height=\"551\" src=\"https:\/\/o-seznam.cz\/napoveda\/prohlizece\/wp-content\/uploads\/sites\/17\/2024\/10\/edge-hesla2.png\" class=\"border border-neutral-20 border-solid\" alt=\"\" srcset=\"https:\/\/o-seznam.cz\/napoveda\/prohlizece\/wp-content\/uploads\/sites\/17\/2024\/10\/edge-hesla2.png 1138w, https:\/\/o-seznam.cz\/napoveda\/prohlizece\/wp-content\/uploads\/sites\/17\/2024\/10\/edge-hesla2-992x480.png 992w, https:\/\/o-seznam.cz\/napoveda\/prohlizece\/wp-content\/uploads\/sites\/17\/2024\/10\/edge-hesla2-320x155.png 320w, https:\/\/o-seznam.cz\/napoveda\/prohlizece\/wp-content\/uploads\/sites\/17\/2024\/10\/edge-hesla2-768x372.png 768w\" sizes=\"auto, (max-width: 1138px) 100vw, 1138px\" \/>\t<\/div>\n\n\t<div class=\"mediaText__content is-layout-flow\">\n\n<div class=\"wp-block-group is-layout-constrained wp-container-core-group-is-layout-beff7c7e wp-block-group-is-layout-constrained\">\n<ol start=\"2\" class=\"wp-block-list is-style-circle\">\n<li>V \u010d\u00e1sti <strong>Profily<\/strong> klikn\u011bte na <strong>Hesla<\/strong> a zde na ikonu ozuben\u00e9ho kola &#8222;Nastaven\u00ed&#8220;<\/li>\n<\/ol>\n<\/div>\n\n<\/div>\t\n<\/div>\n\n\n<div class=\"mediaText is-position-left is-orientation-landscape\">\n\t\n\t<div class=\"mediaText__media\">\n\t\t<img loading=\"lazy\" decoding=\"async\" width=\"877\" height=\"234\" src=\"https:\/\/o-seznam.cz\/napoveda\/prohlizece\/wp-content\/uploads\/sites\/17\/2024\/10\/edge-hesla5.png\" class=\"border border-neutral-20 border-solid\" alt=\"\" srcset=\"https:\/\/o-seznam.cz\/napoveda\/prohlizece\/wp-content\/uploads\/sites\/17\/2024\/10\/edge-hesla5.png 877w, https:\/\/o-seznam.cz\/napoveda\/prohlizece\/wp-content\/uploads\/sites\/17\/2024\/10\/edge-hesla5-320x85.png 320w, https:\/\/o-seznam.cz\/napoveda\/prohlizece\/wp-content\/uploads\/sites\/17\/2024\/10\/edge-hesla5-768x205.png 768w\" sizes=\"auto, (max-width: 877px) 100vw, 877px\" \/>\t<\/div>\n\n\t<div class=\"mediaText__content is-layout-flow\">\n\n<div class=\"wp-block-group is-layout-constrained wp-container-core-group-is-layout-beff7c7e wp-block-group-is-layout-constrained\">\n<ol start=\"3\" class=\"wp-block-list is-style-circle\">\n<li>Volbu&nbsp;<strong>Nab\u00edzet mo\u017enost ulo\u017een\u00ed hesla<\/strong>&nbsp;p\u0159epn\u011bte do stavu&nbsp;<strong>Vypnuto<\/strong>.<\/li>\n<\/ol>\n<\/div>\n\n<\/div>\t\n<\/div>\n<\/div>\n","protected":false},"excerpt":{"rendered":"<p>Odstran\u011bn\u00ed automaticky vypl\u0148ovan\u00e9ho hesla Smaz\u00e1n\u00ed v\u0161ech ulo\u017een\u00fdch hesel v Edge Odstran\u011bn\u00ed automaticky vypl\u0148ovan\u00fdch d\u0159\u00edve ulo\u017een\u00fdch hesel z prohl\u00ed\u017ee\u010de doc\u00edl\u00edte n\u00e1sleduj\u00edc\u00edm postupem: Jak vypnout ukl\u00e1d\u00e1n\u00ed hesel Pokud nechcete, aby si prohl\u00ed\u017ee\u010d ukl\u00e1dal v\u00e1mi pou\u017eit\u00e1 hesla a p\u0159i p\u0159ih\u00e1\u0161en\u00ed je automaticky vypl\u0148oval, postupujte n\u00e1sledovn\u011b:<\/p>\n","protected":false},"author":12,"featured_media":0,"parent":563,"menu_order":5,"comment_status":"closed","ping_status":"closed","template":"page-sidemenu","meta":{"_acf_changed":false,"_relevanssi_hide_post":"","_relevanssi_hide_content":"","_relevanssi_pin_for_all":"","_relevanssi_pin_keywords":"","_relevanssi_unpin_keywords":"","_relevanssi_related_keywords":"","_relevanssi_related_include_ids":"","_relevanssi_related_exclude_ids":"","_relevanssi_related_no_append":"","_relevanssi_related_not_related":"","_relevanssi_related_posts":"","_relevanssi_noindex_reason":"","footnotes":""},"page_category":[21],"page_tag":[],"service_status_category":[],"class_list":["post-91","page","type-page","status-publish","hentry"],"acf":[],"_links":{"self":[{"href":"https:\/\/o-seznam.cz\/napoveda\/prohlizece\/wp-json\/wp\/v2\/pages\/91","targetHints":{"allow":["GET"]}}],"collection":[{"href":"https:\/\/o-seznam.cz\/napoveda\/prohlizece\/wp-json\/wp\/v2\/pages"}],"about":[{"href":"https:\/\/o-seznam.cz\/napoveda\/prohlizece\/wp-json\/wp\/v2\/types\/page"}],"author":[{"embeddable":true,"href":"https:\/\/o-seznam.cz\/napoveda\/prohlizece\/wp-json\/wp\/v2\/users\/12"}],"replies":[{"embeddable":true,"href":"https:\/\/o-seznam.cz\/napoveda\/prohlizece\/wp-json\/wp\/v2\/comments?post=91"}],"version-history":[{"count":15,"href":"https:\/\/o-seznam.cz\/napoveda\/prohlizece\/wp-json\/wp\/v2\/pages\/91\/revisions"}],"predecessor-version":[{"id":1098,"href":"https:\/\/o-seznam.cz\/napoveda\/prohlizece\/wp-json\/wp\/v2\/pages\/91\/revisions\/1098"}],"up":[{"embeddable":true,"href":"https:\/\/o-seznam.cz\/napoveda\/prohlizece\/wp-json\/wp\/v2\/pages\/563"}],"wp:attachment":[{"href":"https:\/\/o-seznam.cz\/napoveda\/prohlizece\/wp-json\/wp\/v2\/media?parent=91"}],"wp:term":[{"taxonomy":"page_category","embeddable":true,"href":"https:\/\/o-seznam.cz\/napoveda\/prohlizece\/wp-json\/wp\/v2\/page_category?post=91"},{"taxonomy":"page_tag","embeddable":true,"href":"https:\/\/o-seznam.cz\/napoveda\/prohlizece\/wp-json\/wp\/v2\/page_tag?post=91"},{"taxonomy":"service_status_category","embeddable":true,"href":"https:\/\/o-seznam.cz\/napoveda\/prohlizece\/wp-json\/wp\/v2\/service_status_category?post=91"}],"curies":[{"name":"wp","href":"https:\/\/api.w.org\/{rel}","templated":true}]}}