{"id":87,"date":"2024-10-23T13:59:37","date_gmt":"2024-10-23T11:59:37","guid":{"rendered":"https:\/\/o-seznam.cz\/napoveda\/prohlizece\/?page_id=87"},"modified":"2024-12-15T22:33:51","modified_gmt":"2024-12-15T21:33:51","slug":"povoleni-cookies","status":"publish","type":"page","link":"https:\/\/o-seznam.cz\/napoveda\/prohlizece\/microsoft-edge\/povoleni-cookies\/","title":{"rendered":"Povolen\u00ed soubor\u016f cookies"},"content":{"rendered":"\n<p>Povolen\u00ed p\u0159\u00edjmu soubor\u016f cookies v prohl\u00ed\u017ee\u010di Microsoft Edge nastav\u00edte pomoc\u00ed n\u00e1sleduj\u00edc\u00edho postupu:<\/p>\n\n\n<div class=\"mediaText is-position-left is-orientation-portrait\">\n\t\n\t<div class=\"mediaText__media\">\n\t\t<img loading=\"lazy\" decoding=\"async\" width=\"442\" height=\"852\" src=\"https:\/\/o-seznam.cz\/napoveda\/prohlizece\/wp-content\/uploads\/sites\/17\/2024\/10\/me-povoleni-cookies1.png\" class=\"border border-neutral-20 border-solid\" alt=\"\" srcset=\"https:\/\/o-seznam.cz\/napoveda\/prohlizece\/wp-content\/uploads\/sites\/17\/2024\/10\/me-povoleni-cookies1.png 442w, https:\/\/o-seznam.cz\/napoveda\/prohlizece\/wp-content\/uploads\/sites\/17\/2024\/10\/me-povoleni-cookies1-166x320.png 166w\" sizes=\"auto, (max-width: 442px) 100vw, 442px\" \/>\t<\/div>\n\n\t<div class=\"mediaText__content is-layout-flow\">\n\n<div class=\"wp-block-group is-layout-constrained wp-container-core-group-is-layout-beff7c7e wp-block-group-is-layout-constrained\">\n<ol class=\"wp-block-list is-style-circle\">\n<li>V prav\u00e9 horn\u00ed \u010d\u00e1sti okna klikn\u011bte na tla\u010d\u00edtko <img loading=\"lazy\" decoding=\"async\" width=\"41\" height=\"28\" class=\"inline-image wp-image-241\" src=\"https:\/\/o-seznam.cz\/napoveda\/prohlizece\/wp-content\/uploads\/sites\/17\/2024\/10\/edge-menu.png\" alt=\"\">&nbsp;(t\u0159i te\u010dky) a v menu klikn\u011bte na polo\u017eku <strong>Nastaven\u00ed<\/strong>.<\/li>\n<\/ol>\n<\/div>\n\n<\/div>\t\n<\/div>\n\n\n<div class=\"mediaText is-position-right is-orientation-portrait\">\n\t\n\t<div class=\"mediaText__media\">\n\t\t<img loading=\"lazy\" decoding=\"async\" width=\"421\" height=\"601\" src=\"https:\/\/o-seznam.cz\/napoveda\/prohlizece\/wp-content\/uploads\/sites\/17\/2024\/10\/me-povoleni-cookies2.png\" class=\"\" alt=\"\" srcset=\"https:\/\/o-seznam.cz\/napoveda\/prohlizece\/wp-content\/uploads\/sites\/17\/2024\/10\/me-povoleni-cookies2.png 421w, https:\/\/o-seznam.cz\/napoveda\/prohlizece\/wp-content\/uploads\/sites\/17\/2024\/10\/me-povoleni-cookies2-224x320.png 224w\" sizes=\"auto, (max-width: 421px) 100vw, 421px\" \/>\t<\/div>\n\n\t<div class=\"mediaText__content is-layout-flow\">\n\n<div class=\"wp-block-group is-layout-constrained wp-container-core-group-is-layout-beff7c7e wp-block-group-is-layout-constrained\">\n<ol start=\"2\" class=\"wp-block-list is-style-circle\">\n<li>V nab\u00eddce klikn\u011bte na <strong>Opr\u00e1vn\u011bn\u00ed pro soubory cookie a weby.<\/strong><\/li>\n<\/ol>\n<\/div>\n\n<\/div>\t\n<\/div>\n\n\n<div class=\"mediaText is-position-left is-orientation-landscape\">\n\t\n\t<div class=\"mediaText__media\">\n\t\t<img loading=\"lazy\" decoding=\"async\" width=\"1082\" height=\"192\" src=\"https:\/\/o-seznam.cz\/napoveda\/prohlizece\/wp-content\/uploads\/sites\/17\/2024\/10\/me-povoleni-cookies3.png\" class=\"border border-neutral-20 border-solid\" alt=\"\" srcset=\"https:\/\/o-seznam.cz\/napoveda\/prohlizece\/wp-content\/uploads\/sites\/17\/2024\/10\/me-povoleni-cookies3.png 1082w, https:\/\/o-seznam.cz\/napoveda\/prohlizece\/wp-content\/uploads\/sites\/17\/2024\/10\/me-povoleni-cookies3-992x176.png 992w, https:\/\/o-seznam.cz\/napoveda\/prohlizece\/wp-content\/uploads\/sites\/17\/2024\/10\/me-povoleni-cookies3-320x57.png 320w, https:\/\/o-seznam.cz\/napoveda\/prohlizece\/wp-content\/uploads\/sites\/17\/2024\/10\/me-povoleni-cookies3-768x136.png 768w\" sizes=\"auto, (max-width: 1082px) 100vw, 1082px\" \/>\t<\/div>\n\n\t<div class=\"mediaText__content is-layout-flow\">\n\n<div class=\"wp-block-group is-layout-constrained wp-container-core-group-is-layout-beff7c7e wp-block-group-is-layout-constrained\">\n<ol start=\"3\" class=\"wp-block-list is-style-circle\">\n<li>N\u00e1sledn\u011b v \u010d\u00e1sti <strong>Ulo\u017een\u00e9 soubory cookie a data<\/strong>&nbsp;klikn\u011bte na \u0161ipku vpravo, otev\u0159e se dal\u0161\u00ed&nbsp;nastaven\u00ed.<\/li>\n<\/ol>\n<\/div>\n\n<\/div>\t\n<\/div>\n\n\n<div class=\"mediaText is-position-right is-orientation-landscape\">\n\t\n\t<div class=\"mediaText__media\">\n\t\t<img loading=\"lazy\" decoding=\"async\" width=\"1096\" height=\"131\" src=\"https:\/\/o-seznam.cz\/napoveda\/prohlizece\/wp-content\/uploads\/sites\/17\/2024\/10\/me-povoleni-cookies4.png\" class=\"border border-neutral-20 border-solid\" alt=\"\" srcset=\"https:\/\/o-seznam.cz\/napoveda\/prohlizece\/wp-content\/uploads\/sites\/17\/2024\/10\/me-povoleni-cookies4.png 1096w, https:\/\/o-seznam.cz\/napoveda\/prohlizece\/wp-content\/uploads\/sites\/17\/2024\/10\/me-povoleni-cookies4-992x119.png 992w, https:\/\/o-seznam.cz\/napoveda\/prohlizece\/wp-content\/uploads\/sites\/17\/2024\/10\/me-povoleni-cookies4-320x38.png 320w, https:\/\/o-seznam.cz\/napoveda\/prohlizece\/wp-content\/uploads\/sites\/17\/2024\/10\/me-povoleni-cookies4-768x92.png 768w\" sizes=\"auto, (max-width: 1096px) 100vw, 1096px\" \/>\t<\/div>\n\n\t<div class=\"mediaText__content is-layout-flow\">\n\n<div class=\"wp-block-group is-layout-constrained wp-container-core-group-is-layout-beff7c7e wp-block-group-is-layout-constrained\">\n<ol start=\"4\" class=\"wp-block-list is-style-circle\">\n<li>Prvn\u00ed mo\u017enost v nastaven\u00ed, <strong>Povolit web\u016fm ukl\u00e1dat a \u010d\u00edst data soubor\u016f cookies<\/strong>, p\u0159epn\u011bte do stavu <strong>Zapnuto<\/strong>.<\/li>\n<\/ol>\n<\/div>\n\n<\/div>\t\n<\/div>\n\n\n\n<p>V\u00fdb\u011brem t\u00e9to mo\u017enosti je nastaven\u00ed dokon\u010deno. Zkontrolovat tak\u00e9 m\u016f\u017ete zbytek nastaven\u00ed na str\u00e1nce, zejm\u00e9na funkci <strong>Do Not Track<\/strong> a dal\u0161\u00ed funkce <strong>blokov\u00e1n\u00ed cookies<\/strong>. Aby v\u0161echny slu\u017eby fungovaly v po\u0159\u00e1dku, je doporu\u010deno blokov\u00e1n\u00ed cookies <strong>nepou\u017e\u00edvat<\/strong>.<\/p>\n","protected":false},"excerpt":{"rendered":"<p>Povolen\u00ed p\u0159\u00edjmu soubor\u016f cookies v prohl\u00ed\u017ee\u010di Microsoft Edge nastav\u00edte pomoc\u00ed n\u00e1sleduj\u00edc\u00edho postupu: V\u00fdb\u011brem t\u00e9to mo\u017enosti je nastaven\u00ed dokon\u010deno. Zkontrolovat tak\u00e9 m\u016f\u017ete zbytek nastaven\u00ed na str\u00e1nce, zejm\u00e9na funkci Do Not Track a dal\u0161\u00ed funkce blokov\u00e1n\u00ed cookies. Aby v\u0161echny slu\u017eby fungovaly v po\u0159\u00e1dku, je doporu\u010deno blokov\u00e1n\u00ed cookies nepou\u017e\u00edvat.<\/p>\n","protected":false},"author":12,"featured_media":0,"parent":563,"menu_order":0,"comment_status":"closed","ping_status":"closed","template":"page-sidemenu","meta":{"_acf_changed":false,"_relevanssi_hide_post":"","_relevanssi_hide_content":"","_relevanssi_pin_for_all":"","_relevanssi_pin_keywords":"","_relevanssi_unpin_keywords":"","_relevanssi_related_keywords":"","_relevanssi_related_include_ids":"","_relevanssi_related_exclude_ids":"","_relevanssi_related_no_append":"","_relevanssi_related_not_related":"","_relevanssi_related_posts":"","_relevanssi_noindex_reason":"","footnotes":""},"page_category":[21],"page_tag":[],"service_status_category":[],"class_list":["post-87","page","type-page","status-publish","hentry"],"acf":[],"_links":{"self":[{"href":"https:\/\/o-seznam.cz\/napoveda\/prohlizece\/wp-json\/wp\/v2\/pages\/87","targetHints":{"allow":["GET"]}}],"collection":[{"href":"https:\/\/o-seznam.cz\/napoveda\/prohlizece\/wp-json\/wp\/v2\/pages"}],"about":[{"href":"https:\/\/o-seznam.cz\/napoveda\/prohlizece\/wp-json\/wp\/v2\/types\/page"}],"author":[{"embeddable":true,"href":"https:\/\/o-seznam.cz\/napoveda\/prohlizece\/wp-json\/wp\/v2\/users\/12"}],"replies":[{"embeddable":true,"href":"https:\/\/o-seznam.cz\/napoveda\/prohlizece\/wp-json\/wp\/v2\/comments?post=87"}],"version-history":[{"count":9,"href":"https:\/\/o-seznam.cz\/napoveda\/prohlizece\/wp-json\/wp\/v2\/pages\/87\/revisions"}],"predecessor-version":[{"id":1086,"href":"https:\/\/o-seznam.cz\/napoveda\/prohlizece\/wp-json\/wp\/v2\/pages\/87\/revisions\/1086"}],"up":[{"embeddable":true,"href":"https:\/\/o-seznam.cz\/napoveda\/prohlizece\/wp-json\/wp\/v2\/pages\/563"}],"wp:attachment":[{"href":"https:\/\/o-seznam.cz\/napoveda\/prohlizece\/wp-json\/wp\/v2\/media?parent=87"}],"wp:term":[{"taxonomy":"page_category","embeddable":true,"href":"https:\/\/o-seznam.cz\/napoveda\/prohlizece\/wp-json\/wp\/v2\/page_category?post=87"},{"taxonomy":"page_tag","embeddable":true,"href":"https:\/\/o-seznam.cz\/napoveda\/prohlizece\/wp-json\/wp\/v2\/page_tag?post=87"},{"taxonomy":"service_status_category","embeddable":true,"href":"https:\/\/o-seznam.cz\/napoveda\/prohlizece\/wp-json\/wp\/v2\/service_status_category?post=87"}],"curies":[{"name":"wp","href":"https:\/\/api.w.org\/{rel}","templated":true}]}}