{"id":797,"date":"2024-11-11T11:50:25","date_gmt":"2024-11-11T10:50:25","guid":{"rendered":"https:\/\/o-seznam.cz\/napoveda\/prohlizece\/?page_id=797"},"modified":"2024-12-18T09:59:53","modified_gmt":"2024-12-18T08:59:53","slug":"nastaveni-vychoziho-vyhledavace","status":"publish","type":"page","link":"https:\/\/o-seznam.cz\/napoveda\/prohlizece\/google-chrome\/nastaveni-vychoziho-vyhledavace\/","title":{"rendered":"Nastaven\u00ed v\u00fdchoz\u00edho vyhled\u00e1va\u010de &#8211; Google Chrome"},"content":{"rendered":"\n<p>Postup, pro nastaven\u00ed Seznamu jako hlavn\u00edho vyhled\u00e1va\u010de v prohl\u00ed\u017ee\u010di Google Chrome:<\/p>\n\n\n<nav class=\"menu-anchors\">\n<ul>\n\t<li><a href=\"#desktop\">Deskotopov\u00e1 verze<\/a><\/li>\n<li><a href=\"#mobil\">Mobiln\u00ed verze<\/a><\/li>\n<\/ul>\n\n<\/nav>\n\n\n\n<div class=\"wp-block-seznam-box is-layout-flow wp-block-seznam-box-is-layout-flow\">\n<h2 class=\"wp-block-heading\">Tip<\/h2>\n\n\n\n<p class=\"is-style-link-external\">Nejjednodu\u0161\u0161\u00ed zp\u016fsob, jak v Chromu nastavit Seznam jako v\u00fdchoz\u00ed vyhled\u00e1va\u010d, je pomoc\u00ed dopl\u0148ku <a href=\"https:\/\/chrome.google.com\/webstore\/detail\/seznam-dopln%C4%9Bk-%E2%80%93-vyhled%C3%A1v\/nofhadmjldbdiopcknbeklamhhggncfh\">Seznam Dopln\u011bk \u2013 Vyhled\u00e1va\u010d<\/a>, kter\u00fd si m\u016f\u017eete zdarma st\u00e1hnout v <a>Internetov\u00e9m obchod\u011b Google Chrome<\/a>.<\/p>\n<\/div>\n\n\n\n<h2 class=\"wp-block-heading\" id=\"desktop\">Deskotopov\u00e1 verze<\/h2>\n\n\n\n<ul class=\"wp-block-list is-style-circle\">\n<li>Otev\u0159ete prohl\u00ed\u017ee\u010d <strong>Google Chrome<\/strong> na va\u0161em desktopov\u00e9m za\u0159\u00edzen\u00ed.<\/li>\n\n\n\n<li>Otev\u0159ete <strong>menu<\/strong> (t\u0159i te\u010dky vpravo naho\u0159e) a zvolte <strong>Nastaven\u00ed<\/strong>.<\/li>\n\n\n\n<li>V lev\u00e9m postrann\u00edm panelu vyberte <strong>Vyhled\u00e1va\u010d<\/strong>.<\/li>\n\n\n\n<li>Po kliknut\u00ed na tla\u010d\u00edtko <strong>Zm\u011bnit<\/strong> m\u016f\u017eete zvolit <strong>Seznam.cz<\/strong> jako v\u00e1\u0161 v\u00fdchoz\u00ed vyhled\u00e1va\u010d.<\/li>\n<\/ul>\n\n\n\n<h3 class=\"wp-block-heading\">Postup nastaven\u00ed<\/h3>\n\n\n\n<div class=\"wp-block-columns is-layout-flex wp-container-core-columns-is-layout-28f84493 wp-block-columns-is-layout-flex\">\n<div class=\"wp-block-column is-layout-flow wp-block-column-is-layout-flow\" style=\"flex-basis:100%\">\n<figure class=\"wp-block-image aligncenter size-medium\"><a href=\"https:\/\/o-seznam.cz\/napoveda\/prohlizece\/wp-content\/uploads\/sites\/17\/2024\/11\/chrome-desktop-dots.png\"><img loading=\"lazy\" decoding=\"async\" width=\"527\" height=\"992\" src=\"https:\/\/o-seznam.cz\/napoveda\/prohlizece\/wp-content\/uploads\/sites\/17\/2024\/11\/chrome-desktop-dots-527x992.png\" alt=\"\" class=\"wp-image-835\" srcset=\"https:\/\/o-seznam.cz\/napoveda\/prohlizece\/wp-content\/uploads\/sites\/17\/2024\/11\/chrome-desktop-dots-527x992.png 527w, https:\/\/o-seznam.cz\/napoveda\/prohlizece\/wp-content\/uploads\/sites\/17\/2024\/11\/chrome-desktop-dots-170x320.png 170w, https:\/\/o-seznam.cz\/napoveda\/prohlizece\/wp-content\/uploads\/sites\/17\/2024\/11\/chrome-desktop-dots.png 576w\" sizes=\"auto, (max-width: 527px) 100vw, 527px\" \/><\/a><figcaption class=\"wp-element-caption\">Podoba dialogov\u00e9ho okna po kliknut\u00ed na <strong>menu<\/strong> (t\u0159i te\u010dky). Volba <strong>Nastaven\u00ed<\/strong> je p\u0159edposledn\u00ed.<\/figcaption><\/figure>\n<\/div>\n<\/div>\n\n\n\n<figure class=\"wp-block-image aligncenter size-medium\"><img loading=\"lazy\" decoding=\"async\" width=\"992\" height=\"726\" src=\"https:\/\/o-seznam.cz\/napoveda\/prohlizece\/wp-content\/uploads\/sites\/17\/2024\/11\/chrome-desktop-settings-992x726.png\" alt=\"\" class=\"wp-image-836\" srcset=\"https:\/\/o-seznam.cz\/napoveda\/prohlizece\/wp-content\/uploads\/sites\/17\/2024\/11\/chrome-desktop-settings-992x726.png 992w, https:\/\/o-seznam.cz\/napoveda\/prohlizece\/wp-content\/uploads\/sites\/17\/2024\/11\/chrome-desktop-settings-320x234.png 320w, https:\/\/o-seznam.cz\/napoveda\/prohlizece\/wp-content\/uploads\/sites\/17\/2024\/11\/chrome-desktop-settings-768x562.png 768w, https:\/\/o-seznam.cz\/napoveda\/prohlizece\/wp-content\/uploads\/sites\/17\/2024\/11\/chrome-desktop-settings-1536x1124.png 1536w, https:\/\/o-seznam.cz\/napoveda\/prohlizece\/wp-content\/uploads\/sites\/17\/2024\/11\/chrome-desktop-settings.png 1554w\" sizes=\"auto, (max-width: 992px) 100vw, 992px\" \/><figcaption class=\"wp-element-caption\">V\u00fdb\u011br panelu <strong>Vyhled\u00e1va\u010d<\/strong><\/figcaption><\/figure>\n\n\n\n<figure class=\"wp-block-image aligncenter size-full\"><img loading=\"lazy\" decoding=\"async\" width=\"1061\" height=\"379\" src=\"https:\/\/o-seznam.cz\/napoveda\/prohlizece\/wp-content\/uploads\/sites\/17\/2024\/11\/chrome-desktop-vyhledavac.png\" alt=\"\" class=\"wp-image-837\" srcset=\"https:\/\/o-seznam.cz\/napoveda\/prohlizece\/wp-content\/uploads\/sites\/17\/2024\/11\/chrome-desktop-vyhledavac.png 1061w, https:\/\/o-seznam.cz\/napoveda\/prohlizece\/wp-content\/uploads\/sites\/17\/2024\/11\/chrome-desktop-vyhledavac-992x354.png 992w, https:\/\/o-seznam.cz\/napoveda\/prohlizece\/wp-content\/uploads\/sites\/17\/2024\/11\/chrome-desktop-vyhledavac-320x114.png 320w, https:\/\/o-seznam.cz\/napoveda\/prohlizece\/wp-content\/uploads\/sites\/17\/2024\/11\/chrome-desktop-vyhledavac-768x274.png 768w\" sizes=\"auto, (max-width: 1061px) 100vw, 1061px\" \/><figcaption class=\"wp-element-caption\">Zobrazen\u00ed aktu\u00e1ln\u011b nastaven\u00e9ho vyhled\u00e1va\u010de s mo\u017enost\u00ed jeho zm\u011bny<\/figcaption><\/figure>\n\n\n\n<figure class=\"wp-block-image aligncenter size-medium\"><img loading=\"lazy\" decoding=\"async\" width=\"992\" height=\"840\" src=\"https:\/\/o-seznam.cz\/napoveda\/prohlizece\/wp-content\/uploads\/sites\/17\/2024\/11\/chrome-desktop-vyhledavac-change-992x840.png\" alt=\"\" class=\"wp-image-838\" srcset=\"https:\/\/o-seznam.cz\/napoveda\/prohlizece\/wp-content\/uploads\/sites\/17\/2024\/11\/chrome-desktop-vyhledavac-change-992x840.png 992w, https:\/\/o-seznam.cz\/napoveda\/prohlizece\/wp-content\/uploads\/sites\/17\/2024\/11\/chrome-desktop-vyhledavac-change-320x271.png 320w, https:\/\/o-seznam.cz\/napoveda\/prohlizece\/wp-content\/uploads\/sites\/17\/2024\/11\/chrome-desktop-vyhledavac-change-768x651.png 768w, https:\/\/o-seznam.cz\/napoveda\/prohlizece\/wp-content\/uploads\/sites\/17\/2024\/11\/chrome-desktop-vyhledavac-change.png 1066w\" sizes=\"auto, (max-width: 992px) 100vw, 992px\" \/><figcaption class=\"wp-element-caption\">Dialog pro v\u00fdb\u011br defaultn\u00edho vyhled\u00e1va\u010de<\/figcaption><\/figure>\n\n\n\n<h2 class=\"wp-block-heading\" id=\"mobil\">Mobiln\u00ed verze<\/h2>\n\n\n\n<ul class=\"wp-block-list is-style-circle\">\n<li>Otev\u0159ete aplikaci Chrome na va\u0161em mobiln\u00edm za\u0159\u00edzen\u00ed.<\/li>\n\n\n\n<li>Otev\u0159ete <strong>menu<\/strong> (t\u0159i te\u010dky vpravo naho\u0159e) a zvolte <strong>Nastaven\u00ed<\/strong>.<\/li>\n\n\n\n<li>Po kliknut\u00ed na <strong>Vyhled\u00e1va\u010d<\/strong> m\u016f\u017eete zvolit <strong>Seznam.cz<\/strong> jako v\u00e1\u0161 v\u00fdchoz\u00ed vyhled\u00e1va\u010d.<\/li>\n<\/ul>\n\n\n\n<h3 class=\"wp-block-heading\">Postup nastaven\u00ed<\/h3>\n\n\n\n<div class=\"wp-block-columns is-layout-flex wp-container-core-columns-is-layout-28f84493 wp-block-columns-is-layout-flex\">\n<div class=\"wp-block-column is-layout-flow wp-block-column-is-layout-flow\" style=\"flex-basis:33.34%\">\n<figure class=\"wp-block-image aligncenter size-medium\"><img loading=\"lazy\" decoding=\"async\" width=\"458\" height=\"992\" src=\"https:\/\/o-seznam.cz\/napoveda\/prohlizece\/wp-content\/uploads\/sites\/17\/2024\/11\/chrome-mobile-dots-458x992.png\" alt=\"\" class=\"wp-image-839\" srcset=\"https:\/\/o-seznam.cz\/napoveda\/prohlizece\/wp-content\/uploads\/sites\/17\/2024\/11\/chrome-mobile-dots-458x992.png 458w, https:\/\/o-seznam.cz\/napoveda\/prohlizece\/wp-content\/uploads\/sites\/17\/2024\/11\/chrome-mobile-dots-916x1984.png 916w, https:\/\/o-seznam.cz\/napoveda\/prohlizece\/wp-content\/uploads\/sites\/17\/2024\/11\/chrome-mobile-dots-148x320.png 148w, https:\/\/o-seznam.cz\/napoveda\/prohlizece\/wp-content\/uploads\/sites\/17\/2024\/11\/chrome-mobile-dots-768x1664.png 768w, https:\/\/o-seznam.cz\/napoveda\/prohlizece\/wp-content\/uploads\/sites\/17\/2024\/11\/chrome-mobile-dots-709x1536.png 709w, https:\/\/o-seznam.cz\/napoveda\/prohlizece\/wp-content\/uploads\/sites\/17\/2024\/11\/chrome-mobile-dots-945x2048.png 945w, https:\/\/o-seznam.cz\/napoveda\/prohlizece\/wp-content\/uploads\/sites\/17\/2024\/11\/chrome-mobile-dots.png 1080w\" sizes=\"auto, (max-width: 458px) 100vw, 458px\" \/><figcaption class=\"wp-element-caption\">Podoba menu po kliknut\u00ed na t\u0159i te\u010dky<\/figcaption><\/figure>\n<\/div>\n\n\n\n<div class=\"wp-block-column is-layout-flow wp-block-column-is-layout-flow\" style=\"flex-basis:33.34%\">\n<figure class=\"wp-block-image aligncenter size-medium\"><img loading=\"lazy\" decoding=\"async\" width=\"458\" height=\"992\" src=\"https:\/\/o-seznam.cz\/napoveda\/prohlizece\/wp-content\/uploads\/sites\/17\/2024\/11\/chrome-mobile-settings-458x992.png\" alt=\"\" class=\"wp-image-840\" srcset=\"https:\/\/o-seznam.cz\/napoveda\/prohlizece\/wp-content\/uploads\/sites\/17\/2024\/11\/chrome-mobile-settings-458x992.png 458w, https:\/\/o-seznam.cz\/napoveda\/prohlizece\/wp-content\/uploads\/sites\/17\/2024\/11\/chrome-mobile-settings-916x1984.png 916w, https:\/\/o-seznam.cz\/napoveda\/prohlizece\/wp-content\/uploads\/sites\/17\/2024\/11\/chrome-mobile-settings-148x320.png 148w, https:\/\/o-seznam.cz\/napoveda\/prohlizece\/wp-content\/uploads\/sites\/17\/2024\/11\/chrome-mobile-settings-768x1664.png 768w, https:\/\/o-seznam.cz\/napoveda\/prohlizece\/wp-content\/uploads\/sites\/17\/2024\/11\/chrome-mobile-settings-709x1536.png 709w, https:\/\/o-seznam.cz\/napoveda\/prohlizece\/wp-content\/uploads\/sites\/17\/2024\/11\/chrome-mobile-settings-945x2048.png 945w, https:\/\/o-seznam.cz\/napoveda\/prohlizece\/wp-content\/uploads\/sites\/17\/2024\/11\/chrome-mobile-settings.png 1080w\" sizes=\"auto, (max-width: 458px) 100vw, 458px\" \/><figcaption class=\"wp-element-caption\">Podoba menu Vyhled\u00e1va\u010d<\/figcaption><\/figure>\n<\/div>\n\n\n\n<div class=\"wp-block-column is-layout-flow wp-block-column-is-layout-flow\" style=\"flex-basis:33.33%\">\n<figure class=\"wp-block-image aligncenter size-medium\"><img loading=\"lazy\" decoding=\"async\" width=\"458\" height=\"992\" src=\"https:\/\/o-seznam.cz\/napoveda\/prohlizece\/wp-content\/uploads\/sites\/17\/2024\/11\/chrome-mobile-vyhledavac-change-458x992.png\" alt=\"\" class=\"wp-image-841\" srcset=\"https:\/\/o-seznam.cz\/napoveda\/prohlizece\/wp-content\/uploads\/sites\/17\/2024\/11\/chrome-mobile-vyhledavac-change-458x992.png 458w, https:\/\/o-seznam.cz\/napoveda\/prohlizece\/wp-content\/uploads\/sites\/17\/2024\/11\/chrome-mobile-vyhledavac-change-916x1984.png 916w, https:\/\/o-seznam.cz\/napoveda\/prohlizece\/wp-content\/uploads\/sites\/17\/2024\/11\/chrome-mobile-vyhledavac-change-148x320.png 148w, https:\/\/o-seznam.cz\/napoveda\/prohlizece\/wp-content\/uploads\/sites\/17\/2024\/11\/chrome-mobile-vyhledavac-change-768x1664.png 768w, https:\/\/o-seznam.cz\/napoveda\/prohlizece\/wp-content\/uploads\/sites\/17\/2024\/11\/chrome-mobile-vyhledavac-change-709x1536.png 709w, https:\/\/o-seznam.cz\/napoveda\/prohlizece\/wp-content\/uploads\/sites\/17\/2024\/11\/chrome-mobile-vyhledavac-change-945x2048.png 945w, https:\/\/o-seznam.cz\/napoveda\/prohlizece\/wp-content\/uploads\/sites\/17\/2024\/11\/chrome-mobile-vyhledavac-change.png 1080w\" sizes=\"auto, (max-width: 458px) 100vw, 458px\" \/><figcaption class=\"wp-element-caption\">V\u00fdb\u011br defauln\u00edho vyhled\u00e1va\u010de<\/figcaption><\/figure>\n<\/div>\n<\/div>\n","protected":false},"excerpt":{"rendered":"<p>Postup, pro nastaven\u00ed Seznamu jako hlavn\u00edho vyhled\u00e1va\u010de v prohl\u00ed\u017ee\u010di Google Chrome: Deskotopov\u00e1 verze Postup nastaven\u00ed Mobiln\u00ed verze Postup nastaven\u00ed<\/p>\n","protected":false},"author":22,"featured_media":0,"parent":16,"menu_order":0,"comment_status":"closed","ping_status":"closed","template":"page-sidemenu","meta":{"_acf_changed":false,"_relevanssi_hide_post":"","_relevanssi_hide_content":"","_relevanssi_pin_for_all":"","_relevanssi_pin_keywords":"","_relevanssi_unpin_keywords":"","_relevanssi_related_keywords":"","_relevanssi_related_include_ids":"","_relevanssi_related_exclude_ids":"","_relevanssi_related_no_append":"","_relevanssi_related_not_related":"","_relevanssi_related_posts":"","_relevanssi_noindex_reason":"","footnotes":""},"page_category":[20],"page_tag":[],"service_status_category":[],"class_list":["post-797","page","type-page","status-publish","hentry"],"acf":[],"_links":{"self":[{"href":"https:\/\/o-seznam.cz\/napoveda\/prohlizece\/wp-json\/wp\/v2\/pages\/797","targetHints":{"allow":["GET"]}}],"collection":[{"href":"https:\/\/o-seznam.cz\/napoveda\/prohlizece\/wp-json\/wp\/v2\/pages"}],"about":[{"href":"https:\/\/o-seznam.cz\/napoveda\/prohlizece\/wp-json\/wp\/v2\/types\/page"}],"author":[{"embeddable":true,"href":"https:\/\/o-seznam.cz\/napoveda\/prohlizece\/wp-json\/wp\/v2\/users\/22"}],"replies":[{"embeddable":true,"href":"https:\/\/o-seznam.cz\/napoveda\/prohlizece\/wp-json\/wp\/v2\/comments?post=797"}],"version-history":[{"count":18,"href":"https:\/\/o-seznam.cz\/napoveda\/prohlizece\/wp-json\/wp\/v2\/pages\/797\/revisions"}],"predecessor-version":[{"id":1131,"href":"https:\/\/o-seznam.cz\/napoveda\/prohlizece\/wp-json\/wp\/v2\/pages\/797\/revisions\/1131"}],"up":[{"embeddable":true,"href":"https:\/\/o-seznam.cz\/napoveda\/prohlizece\/wp-json\/wp\/v2\/pages\/16"}],"wp:attachment":[{"href":"https:\/\/o-seznam.cz\/napoveda\/prohlizece\/wp-json\/wp\/v2\/media?parent=797"}],"wp:term":[{"taxonomy":"page_category","embeddable":true,"href":"https:\/\/o-seznam.cz\/napoveda\/prohlizece\/wp-json\/wp\/v2\/page_category?post=797"},{"taxonomy":"page_tag","embeddable":true,"href":"https:\/\/o-seznam.cz\/napoveda\/prohlizece\/wp-json\/wp\/v2\/page_tag?post=797"},{"taxonomy":"service_status_category","embeddable":true,"href":"https:\/\/o-seznam.cz\/napoveda\/prohlizece\/wp-json\/wp\/v2\/service_status_category?post=797"}],"curies":[{"name":"wp","href":"https:\/\/api.w.org\/{rel}","templated":true}]}}