{"id":796,"date":"2024-11-11T11:43:27","date_gmt":"2024-11-11T10:43:27","guid":{"rendered":"https:\/\/o-seznam.cz\/napoveda\/prohlizece\/?page_id=796"},"modified":"2024-12-15T22:41:52","modified_gmt":"2024-12-15T21:41:52","slug":"nastaveni-vychoziho-vyhledavace","status":"publish","type":"page","link":"https:\/\/o-seznam.cz\/napoveda\/prohlizece\/microsoft-edge\/nastaveni-vychoziho-vyhledavace\/","title":{"rendered":"Nastaven\u00ed v\u00fdchoz\u00edho vyhled\u00e1va\u010de"},"content":{"rendered":"\n<p>Postup, pro nastaven\u00ed Seznamu jako hlavn\u00edho vyhled\u00e1va\u010de v prohl\u00ed\u017ee\u010di Microsoft Edge:<\/p>\n\n\n<nav class=\"menu-anchors\">\n<ul>\n\t<li><a href=\"#desktop\">Deskotopov\u00e1 verze<\/a><\/li>\n<li><a href=\"#mobil\">Mobiln\u00ed verze<\/a><\/li>\n<\/ul>\n\n<\/nav>\n\n\n\n<h2 class=\"wp-block-heading\" id=\"desktop\">Deskotopov\u00e1 verze<\/h2>\n\n\n\n<ul class=\"wp-block-list is-style-circle\">\n<li>Otev\u0159ete prohl\u00ed\u017ee\u010d <strong>Microsoft Edge<\/strong> na va\u0161em desktopov\u00e9m za\u0159\u00edzen\u00ed.<\/li>\n\n\n\n<li>Otev\u0159ete <strong>menu<\/strong> (t\u0159i te\u010dky vpravo naho\u0159e) a zvolte <strong>Nastaven\u00ed<\/strong>.<\/li>\n\n\n\n<li>V lev\u00e9m postrann\u00edm panelu vyberte <strong>Ochrana osobn\u00edch \u00fadaj\u016f, vyhled\u00e1v\u00e1n\u00ed a slu\u017eby<\/strong>.<\/li>\n\n\n\n<li>V sekci <strong>Slu\u017eby<\/strong> klikn\u011bte na <strong>Adresn\u00ed \u0159\u00e1dek a vyhled\u00e1v\u00e1n\u00ed<\/strong>.<\/li>\n\n\n\n<li>Po kliknut\u00ed na rozbalovac\u00ed menu v \u0159\u00e1dku <strong>Vyhled\u00e1vac\u00ed web pou\u017e\u00edvan\u00fd na adresn\u00edm \u0159\u00e1dku<\/strong> m\u016f\u017eete zvolit <strong>Seznam.cz<\/strong>.<\/li>\n<\/ul>\n\n\n\n<h4 class=\"wp-block-heading\">Postup nastaven\u00ed<\/h4>\n\n\n\n<figure class=\"wp-block-image aligncenter size-full\"><img loading=\"lazy\" decoding=\"async\" width=\"475\" height=\"1025\" src=\"https:\/\/o-seznam.cz\/napoveda\/prohlizece\/wp-content\/uploads\/sites\/17\/2024\/11\/edge-desktop-dots.png\" alt=\"\" class=\"wp-image-829\" srcset=\"https:\/\/o-seznam.cz\/napoveda\/prohlizece\/wp-content\/uploads\/sites\/17\/2024\/11\/edge-desktop-dots.png 475w, https:\/\/o-seznam.cz\/napoveda\/prohlizece\/wp-content\/uploads\/sites\/17\/2024\/11\/edge-desktop-dots-460x992.png 460w, https:\/\/o-seznam.cz\/napoveda\/prohlizece\/wp-content\/uploads\/sites\/17\/2024\/11\/edge-desktop-dots-148x320.png 148w\" sizes=\"auto, (max-width: 475px) 100vw, 475px\" \/><figcaption class=\"wp-element-caption\">Podoba dialogov\u00e9ho okna po kliknut\u00ed na <strong>menu<\/strong> (t\u0159i te\u010dky). Volba <strong>Nastaven\u00ed<\/strong> je p\u0159edposledn\u00ed.<\/figcaption><\/figure>\n\n\n\n<figure class=\"wp-block-image aligncenter size-full\"><img loading=\"lazy\" decoding=\"async\" width=\"768\" height=\"426\" src=\"https:\/\/o-seznam.cz\/napoveda\/prohlizece\/wp-content\/uploads\/sites\/17\/2024\/11\/edge-desktop-settings.png\" alt=\"\" class=\"wp-image-830\" srcset=\"https:\/\/o-seznam.cz\/napoveda\/prohlizece\/wp-content\/uploads\/sites\/17\/2024\/11\/edge-desktop-settings.png 768w, https:\/\/o-seznam.cz\/napoveda\/prohlizece\/wp-content\/uploads\/sites\/17\/2024\/11\/edge-desktop-settings-320x178.png 320w\" sizes=\"auto, (max-width: 768px) 100vw, 768px\" \/><figcaption class=\"wp-element-caption\">V\u00fdb\u011br panelu <strong>Ochrana osobn\u00edch \u00fadajl, vyhled\u00e1v\u00e1n\u00ed a slu\u017eby<\/strong><\/figcaption><\/figure>\n\n\n\n<figure class=\"wp-block-image aligncenter size-medium\"><img loading=\"lazy\" decoding=\"async\" width=\"992\" height=\"525\" src=\"https:\/\/o-seznam.cz\/napoveda\/prohlizece\/wp-content\/uploads\/sites\/17\/2024\/11\/edge-desktop-vyhledavani-change-992x525.png\" alt=\"\" class=\"wp-image-832\" srcset=\"https:\/\/o-seznam.cz\/napoveda\/prohlizece\/wp-content\/uploads\/sites\/17\/2024\/11\/edge-desktop-vyhledavani-change-992x525.png 992w, https:\/\/o-seznam.cz\/napoveda\/prohlizece\/wp-content\/uploads\/sites\/17\/2024\/11\/edge-desktop-vyhledavani-change-320x169.png 320w, https:\/\/o-seznam.cz\/napoveda\/prohlizece\/wp-content\/uploads\/sites\/17\/2024\/11\/edge-desktop-vyhledavani-change-768x406.png 768w, https:\/\/o-seznam.cz\/napoveda\/prohlizece\/wp-content\/uploads\/sites\/17\/2024\/11\/edge-desktop-vyhledavani-change.png 1316w\" sizes=\"auto, (max-width: 992px) 100vw, 992px\" \/><figcaption class=\"wp-element-caption\">Zobrazen\u00ed aktu\u00e1ln\u011b nastaven\u00e9ho vyhled\u00e1va\u010de s mo\u017enost\u00ed jeho zm\u011bny<\/figcaption><\/figure>\n\n\n\n<figure class=\"wp-block-image aligncenter size-full\"><img loading=\"lazy\" decoding=\"async\" width=\"1255\" height=\"340\" src=\"https:\/\/o-seznam.cz\/napoveda\/prohlizece\/wp-content\/uploads\/sites\/17\/2024\/11\/edge-desktop-vyhledavani-change-choice.png\" alt=\"\" class=\"wp-image-833\" srcset=\"https:\/\/o-seznam.cz\/napoveda\/prohlizece\/wp-content\/uploads\/sites\/17\/2024\/11\/edge-desktop-vyhledavani-change-choice.png 1255w, https:\/\/o-seznam.cz\/napoveda\/prohlizece\/wp-content\/uploads\/sites\/17\/2024\/11\/edge-desktop-vyhledavani-change-choice-992x269.png 992w, https:\/\/o-seznam.cz\/napoveda\/prohlizece\/wp-content\/uploads\/sites\/17\/2024\/11\/edge-desktop-vyhledavani-change-choice-320x87.png 320w, https:\/\/o-seznam.cz\/napoveda\/prohlizece\/wp-content\/uploads\/sites\/17\/2024\/11\/edge-desktop-vyhledavani-change-choice-768x208.png 768w\" sizes=\"auto, (max-width: 1255px) 100vw, 1255px\" \/><figcaption class=\"wp-element-caption\">Dialog pro v\u00fdb\u011br defaultn\u00edho vyhled\u00e1va\u010de<\/figcaption><\/figure>\n\n\n\n<h2 class=\"wp-block-heading\" id=\"mobil\">Mobiln\u00ed verze<\/h2>\n\n\n\n<ul class=\"wp-block-list is-style-circle\">\n<li>Otev\u0159ete aplikaci Microsoft Edge na va\u0161em mobiln\u00edm za\u0159\u00edzen\u00ed.<\/li>\n\n\n\n<li>Otev\u0159ete <strong>menu<\/strong> (t\u0159i \u010d\u00e1rky vpravo dole) a zvolte <strong>Nastaven\u00ed<\/strong>.<\/li>\n\n\n\n<li>P\u0159ejd\u011bte do sekce <strong>Obecn\u00e9<\/strong>.<\/li>\n\n\n\n<li>Po kliknut\u00ed na <strong>Vybrat vyhled\u00e1vac\u00ed web<\/strong> m\u016f\u017eete zvolit <strong>Seznam.cz<\/strong> jako v\u00e1\u0161 v\u00fdchoz\u00ed vyhled\u00e1va\u010d.<\/li>\n<\/ul>\n\n\n\n<h4 class=\"wp-block-heading\">Postup nastaven\u00ed<\/h4>\n\n\n\n<div class=\"wp-block-columns is-layout-flex wp-container-core-columns-is-layout-28f84493 wp-block-columns-is-layout-flex\">\n<div class=\"wp-block-column is-layout-flow wp-block-column-is-layout-flow\" style=\"flex-basis:50%\">\n<figure class=\"wp-block-image aligncenter size-medium\"><img loading=\"lazy\" decoding=\"async\" width=\"458\" height=\"992\" src=\"https:\/\/o-seznam.cz\/napoveda\/prohlizece\/wp-content\/uploads\/sites\/17\/2024\/11\/edge-mobile-dots-458x992.png\" alt=\"\" class=\"wp-image-823\" srcset=\"https:\/\/o-seznam.cz\/napoveda\/prohlizece\/wp-content\/uploads\/sites\/17\/2024\/11\/edge-mobile-dots-458x992.png 458w, https:\/\/o-seznam.cz\/napoveda\/prohlizece\/wp-content\/uploads\/sites\/17\/2024\/11\/edge-mobile-dots-916x1984.png 916w, https:\/\/o-seznam.cz\/napoveda\/prohlizece\/wp-content\/uploads\/sites\/17\/2024\/11\/edge-mobile-dots-148x320.png 148w, https:\/\/o-seznam.cz\/napoveda\/prohlizece\/wp-content\/uploads\/sites\/17\/2024\/11\/edge-mobile-dots-768x1664.png 768w, https:\/\/o-seznam.cz\/napoveda\/prohlizece\/wp-content\/uploads\/sites\/17\/2024\/11\/edge-mobile-dots-709x1536.png 709w, https:\/\/o-seznam.cz\/napoveda\/prohlizece\/wp-content\/uploads\/sites\/17\/2024\/11\/edge-mobile-dots-945x2048.png 945w, https:\/\/o-seznam.cz\/napoveda\/prohlizece\/wp-content\/uploads\/sites\/17\/2024\/11\/edge-mobile-dots.png 1080w\" sizes=\"auto, (max-width: 458px) 100vw, 458px\" \/><figcaption class=\"wp-element-caption\">Podoba menu po kliknut\u00ed na t\u0159i te\u010dky<\/figcaption><\/figure>\n<\/div>\n\n\n\n<div class=\"wp-block-column is-layout-flow wp-block-column-is-layout-flow\" style=\"flex-basis:50%\">\n<figure class=\"wp-block-image aligncenter size-medium\"><img loading=\"lazy\" decoding=\"async\" width=\"458\" height=\"992\" src=\"https:\/\/o-seznam.cz\/napoveda\/prohlizece\/wp-content\/uploads\/sites\/17\/2024\/11\/edge-mobile-settings-458x992.png\" alt=\"\" class=\"wp-image-824\" srcset=\"https:\/\/o-seznam.cz\/napoveda\/prohlizece\/wp-content\/uploads\/sites\/17\/2024\/11\/edge-mobile-settings-458x992.png 458w, https:\/\/o-seznam.cz\/napoveda\/prohlizece\/wp-content\/uploads\/sites\/17\/2024\/11\/edge-mobile-settings-916x1984.png 916w, https:\/\/o-seznam.cz\/napoveda\/prohlizece\/wp-content\/uploads\/sites\/17\/2024\/11\/edge-mobile-settings-148x320.png 148w, https:\/\/o-seznam.cz\/napoveda\/prohlizece\/wp-content\/uploads\/sites\/17\/2024\/11\/edge-mobile-settings-768x1664.png 768w, https:\/\/o-seznam.cz\/napoveda\/prohlizece\/wp-content\/uploads\/sites\/17\/2024\/11\/edge-mobile-settings-709x1536.png 709w, https:\/\/o-seznam.cz\/napoveda\/prohlizece\/wp-content\/uploads\/sites\/17\/2024\/11\/edge-mobile-settings-945x2048.png 945w, https:\/\/o-seznam.cz\/napoveda\/prohlizece\/wp-content\/uploads\/sites\/17\/2024\/11\/edge-mobile-settings.png 1080w\" sizes=\"auto, (max-width: 458px) 100vw, 458px\" \/><figcaption class=\"wp-element-caption\">V\u00fdb\u011br polo\u017eky <strong>Obecn\u00e9<\/strong><\/figcaption><\/figure>\n<\/div>\n<\/div>\n\n\n\n<div class=\"wp-block-columns is-layout-flex wp-container-core-columns-is-layout-28f84493 wp-block-columns-is-layout-flex\">\n<div class=\"wp-block-column is-layout-flow wp-block-column-is-layout-flow\" style=\"flex-basis:50%\">\n<figure class=\"wp-block-image aligncenter size-medium\"><img loading=\"lazy\" decoding=\"async\" width=\"458\" height=\"992\" src=\"https:\/\/o-seznam.cz\/napoveda\/prohlizece\/wp-content\/uploads\/sites\/17\/2024\/11\/edge-mobile-vyhledavac-458x992.png\" alt=\"\" class=\"wp-image-826\" srcset=\"https:\/\/o-seznam.cz\/napoveda\/prohlizece\/wp-content\/uploads\/sites\/17\/2024\/11\/edge-mobile-vyhledavac-458x992.png 458w, https:\/\/o-seznam.cz\/napoveda\/prohlizece\/wp-content\/uploads\/sites\/17\/2024\/11\/edge-mobile-vyhledavac-916x1984.png 916w, https:\/\/o-seznam.cz\/napoveda\/prohlizece\/wp-content\/uploads\/sites\/17\/2024\/11\/edge-mobile-vyhledavac-148x320.png 148w, https:\/\/o-seznam.cz\/napoveda\/prohlizece\/wp-content\/uploads\/sites\/17\/2024\/11\/edge-mobile-vyhledavac-768x1664.png 768w, https:\/\/o-seznam.cz\/napoveda\/prohlizece\/wp-content\/uploads\/sites\/17\/2024\/11\/edge-mobile-vyhledavac-709x1536.png 709w, https:\/\/o-seznam.cz\/napoveda\/prohlizece\/wp-content\/uploads\/sites\/17\/2024\/11\/edge-mobile-vyhledavac-945x2048.png 945w, https:\/\/o-seznam.cz\/napoveda\/prohlizece\/wp-content\/uploads\/sites\/17\/2024\/11\/edge-mobile-vyhledavac.png 1080w\" sizes=\"auto, (max-width: 458px) 100vw, 458px\" \/><figcaption class=\"wp-element-caption\">Volba mo\u017enosti <strong>Vybrat vyhled\u00e1vac\u00ed web<\/strong><\/figcaption><\/figure>\n<\/div>\n\n\n\n<div class=\"wp-block-column is-layout-flow wp-block-column-is-layout-flow\" style=\"flex-basis:50%\">\n<figure class=\"wp-block-image aligncenter size-medium\"><img loading=\"lazy\" decoding=\"async\" width=\"458\" height=\"992\" src=\"https:\/\/o-seznam.cz\/napoveda\/prohlizece\/wp-content\/uploads\/sites\/17\/2024\/11\/edge-mobile-vyhledavac-change-458x992.png\" alt=\"\" class=\"wp-image-827\" srcset=\"https:\/\/o-seznam.cz\/napoveda\/prohlizece\/wp-content\/uploads\/sites\/17\/2024\/11\/edge-mobile-vyhledavac-change-458x992.png 458w, https:\/\/o-seznam.cz\/napoveda\/prohlizece\/wp-content\/uploads\/sites\/17\/2024\/11\/edge-mobile-vyhledavac-change-916x1984.png 916w, https:\/\/o-seznam.cz\/napoveda\/prohlizece\/wp-content\/uploads\/sites\/17\/2024\/11\/edge-mobile-vyhledavac-change-148x320.png 148w, https:\/\/o-seznam.cz\/napoveda\/prohlizece\/wp-content\/uploads\/sites\/17\/2024\/11\/edge-mobile-vyhledavac-change-768x1664.png 768w, https:\/\/o-seznam.cz\/napoveda\/prohlizece\/wp-content\/uploads\/sites\/17\/2024\/11\/edge-mobile-vyhledavac-change-709x1536.png 709w, https:\/\/o-seznam.cz\/napoveda\/prohlizece\/wp-content\/uploads\/sites\/17\/2024\/11\/edge-mobile-vyhledavac-change-945x2048.png 945w, https:\/\/o-seznam.cz\/napoveda\/prohlizece\/wp-content\/uploads\/sites\/17\/2024\/11\/edge-mobile-vyhledavac-change.png 1080w\" sizes=\"auto, (max-width: 458px) 100vw, 458px\" \/><figcaption class=\"wp-element-caption\">V\u00fdb\u011br defauln\u00edho vyhled\u00e1va\u010de<\/figcaption><\/figure>\n<\/div>\n<\/div>\n","protected":false},"excerpt":{"rendered":"<p>Postup, pro nastaven\u00ed Seznamu jako hlavn\u00edho vyhled\u00e1va\u010de v prohl\u00ed\u017ee\u010di Microsoft Edge: Deskotopov\u00e1 verze Postup nastaven\u00ed Mobiln\u00ed verze Postup nastaven\u00ed<\/p>\n","protected":false},"author":22,"featured_media":0,"parent":563,"menu_order":0,"comment_status":"closed","ping_status":"closed","template":"page-sidemenu","meta":{"_acf_changed":false,"_relevanssi_hide_post":"","_relevanssi_hide_content":"","_relevanssi_pin_for_all":"","_relevanssi_pin_keywords":"","_relevanssi_unpin_keywords":"","_relevanssi_related_keywords":"","_relevanssi_related_include_ids":"","_relevanssi_related_exclude_ids":"","_relevanssi_related_no_append":"","_relevanssi_related_not_related":"","_relevanssi_related_posts":"","_relevanssi_noindex_reason":"","footnotes":""},"page_category":[21],"page_tag":[],"service_status_category":[],"class_list":["post-796","page","type-page","status-publish","hentry"],"acf":[],"_links":{"self":[{"href":"https:\/\/o-seznam.cz\/napoveda\/prohlizece\/wp-json\/wp\/v2\/pages\/796","targetHints":{"allow":["GET"]}}],"collection":[{"href":"https:\/\/o-seznam.cz\/napoveda\/prohlizece\/wp-json\/wp\/v2\/pages"}],"about":[{"href":"https:\/\/o-seznam.cz\/napoveda\/prohlizece\/wp-json\/wp\/v2\/types\/page"}],"author":[{"embeddable":true,"href":"https:\/\/o-seznam.cz\/napoveda\/prohlizece\/wp-json\/wp\/v2\/users\/22"}],"replies":[{"embeddable":true,"href":"https:\/\/o-seznam.cz\/napoveda\/prohlizece\/wp-json\/wp\/v2\/comments?post=796"}],"version-history":[{"count":10,"href":"https:\/\/o-seznam.cz\/napoveda\/prohlizece\/wp-json\/wp\/v2\/pages\/796\/revisions"}],"predecessor-version":[{"id":1096,"href":"https:\/\/o-seznam.cz\/napoveda\/prohlizece\/wp-json\/wp\/v2\/pages\/796\/revisions\/1096"}],"up":[{"embeddable":true,"href":"https:\/\/o-seznam.cz\/napoveda\/prohlizece\/wp-json\/wp\/v2\/pages\/563"}],"wp:attachment":[{"href":"https:\/\/o-seznam.cz\/napoveda\/prohlizece\/wp-json\/wp\/v2\/media?parent=796"}],"wp:term":[{"taxonomy":"page_category","embeddable":true,"href":"https:\/\/o-seznam.cz\/napoveda\/prohlizece\/wp-json\/wp\/v2\/page_category?post=796"},{"taxonomy":"page_tag","embeddable":true,"href":"https:\/\/o-seznam.cz\/napoveda\/prohlizece\/wp-json\/wp\/v2\/page_tag?post=796"},{"taxonomy":"service_status_category","embeddable":true,"href":"https:\/\/o-seznam.cz\/napoveda\/prohlizece\/wp-json\/wp\/v2\/service_status_category?post=796"}],"curies":[{"name":"wp","href":"https:\/\/api.w.org\/{rel}","templated":true}]}}