{"id":794,"date":"2024-11-11T11:08:13","date_gmt":"2024-11-11T10:08:13","guid":{"rendered":"https:\/\/o-seznam.cz\/napoveda\/prohlizece\/?page_id=794"},"modified":"2024-12-15T22:46:54","modified_gmt":"2024-12-15T21:46:54","slug":"nastaveni-vychoziho-vyhledavace","status":"publish","type":"page","link":"https:\/\/o-seznam.cz\/napoveda\/prohlizece\/opera\/nastaveni-vychoziho-vyhledavace\/","title":{"rendered":"Nastaven\u00ed v\u00fdchoz\u00edho vyhled\u00e1va\u010de"},"content":{"rendered":"\n<p>Postup, pro nastaven\u00ed Seznamu jako hlavn\u00edho vyhled\u00e1va\u010de v prohl\u00ed\u017ee\u010di Opera:<\/p>\n\n\n\n<ul class=\"wp-block-list is-style-circle\">\n<li>Otev\u0159ete prohl\u00ed\u017ee\u010d <strong>Opera<\/strong> va\u0161em desktopov\u00e9m za\u0159\u00edzen\u00ed.<\/li>\n\n\n\n<li>Otev\u0159ete <strong>menu<\/strong> (logo Opery vlevo naho\u0159e) a zvolte <strong>Nastaven\u00ed<\/strong>.<\/li>\n\n\n\n<li>V lev\u00e9m postrann\u00edm panelu vyberte <strong>Z\u00e1kladn\u00ed<\/strong>.<\/li>\n\n\n\n<li>V sekci<strong> Vyhled\u00e1va\u010d<\/strong>, po kliknut\u00ed na rozbalovac\u00ed menu v \u0159\u00e1dku <strong>Vyhled\u00e1va\u010d pou\u017e\u00edvan\u00fd v adresn\u00edm \u0159\u00e1dku<\/strong>, m\u016f\u017eete zvolit <strong>Seznam<\/strong> jako v\u00e1\u0161 v\u00fdchoz\u00ed vyhled\u00e1va\u010d.<\/li>\n<\/ul>\n\n\n\n<h4 class=\"wp-block-heading\">Postup nastaven\u00ed<\/h4>\n\n\n\n<figure class=\"wp-block-image aligncenter size-medium\"><img loading=\"lazy\" decoding=\"async\" width=\"480\" height=\"992\" src=\"https:\/\/o-seznam.cz\/napoveda\/prohlizece\/wp-content\/uploads\/sites\/17\/2024\/11\/opera-dots-settings-480x992.png\" alt=\"\" class=\"wp-image-808\" srcset=\"https:\/\/o-seznam.cz\/napoveda\/prohlizece\/wp-content\/uploads\/sites\/17\/2024\/11\/opera-dots-settings-480x992.png 480w, https:\/\/o-seznam.cz\/napoveda\/prohlizece\/wp-content\/uploads\/sites\/17\/2024\/11\/opera-dots-settings-155x320.png 155w, https:\/\/o-seznam.cz\/napoveda\/prohlizece\/wp-content\/uploads\/sites\/17\/2024\/11\/opera-dots-settings.png 551w\" sizes=\"auto, (max-width: 480px) 100vw, 480px\" \/><figcaption class=\"wp-element-caption\">Podoba dialogov\u00e9ho okna po kliknut\u00ed na <strong>menu<\/strong> (logo Opery). Volba <strong>Nastaven\u00ed<\/strong> je p\u0159edposledn\u00ed.<\/figcaption><\/figure>\n\n\n\n<figure class=\"wp-block-image aligncenter size-full\"><img loading=\"lazy\" decoding=\"async\" width=\"918\" height=\"701\" src=\"https:\/\/o-seznam.cz\/napoveda\/prohlizece\/wp-content\/uploads\/sites\/17\/2024\/11\/opera-settings.png\" alt=\"\" class=\"wp-image-809\" srcset=\"https:\/\/o-seznam.cz\/napoveda\/prohlizece\/wp-content\/uploads\/sites\/17\/2024\/11\/opera-settings.png 918w, https:\/\/o-seznam.cz\/napoveda\/prohlizece\/wp-content\/uploads\/sites\/17\/2024\/11\/opera-settings-320x244.png 320w, https:\/\/o-seznam.cz\/napoveda\/prohlizece\/wp-content\/uploads\/sites\/17\/2024\/11\/opera-settings-768x586.png 768w\" sizes=\"auto, (max-width: 918px) 100vw, 918px\" \/><figcaption class=\"wp-element-caption\">Volba polo\u017eky <strong>Z\u00e1kladn\u00ed<\/strong><\/figcaption><\/figure>\n\n\n\n<figure class=\"wp-block-image aligncenter size-medium\"><img loading=\"lazy\" decoding=\"async\" width=\"992\" height=\"422\" src=\"https:\/\/o-seznam.cz\/napoveda\/prohlizece\/wp-content\/uploads\/sites\/17\/2024\/11\/opera-vyhledavac-select-992x422.png\" alt=\"\" class=\"wp-image-810\" srcset=\"https:\/\/o-seznam.cz\/napoveda\/prohlizece\/wp-content\/uploads\/sites\/17\/2024\/11\/opera-vyhledavac-select-992x422.png 992w, https:\/\/o-seznam.cz\/napoveda\/prohlizece\/wp-content\/uploads\/sites\/17\/2024\/11\/opera-vyhledavac-select-320x136.png 320w, https:\/\/o-seznam.cz\/napoveda\/prohlizece\/wp-content\/uploads\/sites\/17\/2024\/11\/opera-vyhledavac-select-768x327.png 768w, https:\/\/o-seznam.cz\/napoveda\/prohlizece\/wp-content\/uploads\/sites\/17\/2024\/11\/opera-vyhledavac-select.png 1036w\" sizes=\"auto, (max-width: 992px) 100vw, 992px\" \/><figcaption class=\"wp-element-caption\">Volba defaultn\u00edho vyhled\u00e1va\u010de v sekci <strong>Vyhled\u00e1va\u010d<\/strong><\/figcaption><\/figure>\n","protected":false},"excerpt":{"rendered":"<p>Postup, pro nastaven\u00ed Seznamu jako hlavn\u00edho vyhled\u00e1va\u010de v prohl\u00ed\u017ee\u010di Opera: Postup nastaven\u00ed<\/p>\n","protected":false},"author":22,"featured_media":0,"parent":23,"menu_order":0,"comment_status":"closed","ping_status":"closed","template":"page-sidemenu","meta":{"_acf_changed":false,"_relevanssi_hide_post":"","_relevanssi_hide_content":"","_relevanssi_pin_for_all":"","_relevanssi_pin_keywords":"","_relevanssi_unpin_keywords":"","_relevanssi_related_keywords":"","_relevanssi_related_include_ids":"","_relevanssi_related_exclude_ids":"","_relevanssi_related_no_append":"","_relevanssi_related_not_related":"","_relevanssi_related_posts":"","_relevanssi_noindex_reason":"","footnotes":""},"page_category":[23],"page_tag":[],"service_status_category":[],"class_list":["post-794","page","type-page","status-publish","hentry"],"acf":[],"_links":{"self":[{"href":"https:\/\/o-seznam.cz\/napoveda\/prohlizece\/wp-json\/wp\/v2\/pages\/794","targetHints":{"allow":["GET"]}}],"collection":[{"href":"https:\/\/o-seznam.cz\/napoveda\/prohlizece\/wp-json\/wp\/v2\/pages"}],"about":[{"href":"https:\/\/o-seznam.cz\/napoveda\/prohlizece\/wp-json\/wp\/v2\/types\/page"}],"author":[{"embeddable":true,"href":"https:\/\/o-seznam.cz\/napoveda\/prohlizece\/wp-json\/wp\/v2\/users\/22"}],"replies":[{"embeddable":true,"href":"https:\/\/o-seznam.cz\/napoveda\/prohlizece\/wp-json\/wp\/v2\/comments?post=794"}],"version-history":[{"count":6,"href":"https:\/\/o-seznam.cz\/napoveda\/prohlizece\/wp-json\/wp\/v2\/pages\/794\/revisions"}],"predecessor-version":[{"id":1101,"href":"https:\/\/o-seznam.cz\/napoveda\/prohlizece\/wp-json\/wp\/v2\/pages\/794\/revisions\/1101"}],"up":[{"embeddable":true,"href":"https:\/\/o-seznam.cz\/napoveda\/prohlizece\/wp-json\/wp\/v2\/pages\/23"}],"wp:attachment":[{"href":"https:\/\/o-seznam.cz\/napoveda\/prohlizece\/wp-json\/wp\/v2\/media?parent=794"}],"wp:term":[{"taxonomy":"page_category","embeddable":true,"href":"https:\/\/o-seznam.cz\/napoveda\/prohlizece\/wp-json\/wp\/v2\/page_category?post=794"},{"taxonomy":"page_tag","embeddable":true,"href":"https:\/\/o-seznam.cz\/napoveda\/prohlizece\/wp-json\/wp\/v2\/page_tag?post=794"},{"taxonomy":"service_status_category","embeddable":true,"href":"https:\/\/o-seznam.cz\/napoveda\/prohlizece\/wp-json\/wp\/v2\/service_status_category?post=794"}],"curies":[{"name":"wp","href":"https:\/\/api.w.org\/{rel}","templated":true}]}}