{"id":79,"date":"2024-10-23T13:47:27","date_gmt":"2024-10-23T11:47:27","guid":{"rendered":"https:\/\/o-seznam.cz\/napoveda\/prohlizece\/?page_id=79"},"modified":"2024-12-18T08:09:35","modified_gmt":"2024-12-18T07:09:35","slug":"anonymni-prohlizeni-chrome","status":"publish","type":"page","link":"https:\/\/o-seznam.cz\/napoveda\/prohlizece\/google-chrome\/anonymni-prohlizeni-chrome\/","title":{"rendered":"Anonymn\u00ed prohl\u00ed\u017een\u00ed &#8211; Google Chrome"},"content":{"rendered":"\n<p>Funkce anonymn\u00edho prohl\u00ed\u017een\u00ed je v prohl\u00ed\u017ee\u010di Google Chrome nazv\u00e1na &#8222;<strong>Anonymn\u00ed okno<\/strong>&#8220; a aktivujete ji t\u00edmto zp\u016fsobem:<\/p>\n\n\n<div class=\"mediaText is-position-left is-orientation-landscape\">\n\t\n\t<div class=\"mediaText__media\">\n\t\t<img loading=\"lazy\" decoding=\"async\" width=\"417\" height=\"189\" src=\"https:\/\/o-seznam.cz\/napoveda\/prohlizece\/wp-content\/uploads\/sites\/17\/2024\/10\/ch-anonymni-okno1new.png\" class=\"\" alt=\"\" srcset=\"https:\/\/o-seznam.cz\/napoveda\/prohlizece\/wp-content\/uploads\/sites\/17\/2024\/10\/ch-anonymni-okno1new.png 417w, https:\/\/o-seznam.cz\/napoveda\/prohlizece\/wp-content\/uploads\/sites\/17\/2024\/10\/ch-anonymni-okno1new-320x145.png 320w\" sizes=\"auto, (max-width: 417px) 100vw, 417px\" \/>\t<\/div>\n\n\t<div class=\"mediaText__content is-layout-flow\">\n\n<ol start=\"1\" class=\"wp-block-list is-style-circle\">\n<li>Spus\u0165te prohl\u00ed\u017ee\u010d, v prav\u00e9 horn\u00ed \u010d\u00e1sti prohl\u00ed\u017ee\u010de klikn\u011bte na ikonku <img loading=\"lazy\" decoding=\"async\" width=\"36\" height=\"27\" class=\"inline-image wp-image-194\" src=\"https:\/\/o-seznam.cz\/napoveda\/prohlizece\/wp-content\/uploads\/sites\/17\/2024\/10\/chrome-nastroje-logo.png\" alt=\"\"> a z menu vyberte &#8222;<strong>Nov\u00e9 anonymn\u00ed okno<\/strong>&#8222;.<\/li>\n<\/ol>\n\n<\/div>\t\n<\/div>\n\n\n<div class=\"mediaText is-position-right is-orientation-landscape\">\n\t\n\t<div class=\"mediaText__media\">\n\t\t<img loading=\"lazy\" decoding=\"async\" width=\"934\" height=\"774\" src=\"https:\/\/o-seznam.cz\/napoveda\/prohlizece\/wp-content\/uploads\/sites\/17\/2024\/10\/ch-anonymni-okno2new.png\" class=\"\" alt=\"\" srcset=\"https:\/\/o-seznam.cz\/napoveda\/prohlizece\/wp-content\/uploads\/sites\/17\/2024\/10\/ch-anonymni-okno2new.png 934w, https:\/\/o-seznam.cz\/napoveda\/prohlizece\/wp-content\/uploads\/sites\/17\/2024\/10\/ch-anonymni-okno2new-320x265.png 320w, https:\/\/o-seznam.cz\/napoveda\/prohlizece\/wp-content\/uploads\/sites\/17\/2024\/10\/ch-anonymni-okno2new-768x636.png 768w\" sizes=\"auto, (max-width: 934px) 100vw, 934px\" \/>\t<\/div>\n\n\t<div class=\"mediaText__content is-layout-flow\">\n\n<ol start=\"2\" class=\"wp-block-list is-style-circle\">\n<li>Otev\u0159e se nov\u00e9 okno prohl\u00ed\u017ee\u010de ji\u017e v anonymn\u00edm re\u017eimu a s vysv\u011btluj\u00edc\u00edmi popisky<\/li>\n<\/ol>\n\n<\/div>\t\n<\/div>\n\n\n<div class=\"mediaText is-position-left is-orientation-landscape\">\n\t\n\t<div class=\"mediaText__media\">\n\t\t<img loading=\"lazy\" decoding=\"async\" width=\"366\" height=\"82\" src=\"https:\/\/o-seznam.cz\/napoveda\/prohlizece\/wp-content\/uploads\/sites\/17\/2024\/10\/ch-anonymni-okno3new.png\" class=\"\" alt=\"\" srcset=\"https:\/\/o-seznam.cz\/napoveda\/prohlizece\/wp-content\/uploads\/sites\/17\/2024\/10\/ch-anonymni-okno3new.png 366w, https:\/\/o-seznam.cz\/napoveda\/prohlizece\/wp-content\/uploads\/sites\/17\/2024\/10\/ch-anonymni-okno3new-320x72.png 320w\" sizes=\"auto, (max-width: 366px) 100vw, 366px\" \/>\t<\/div>\n\n\t<div class=\"mediaText__content is-layout-flow\">\n\n<ol start=\"3\" class=\"wp-block-list is-style-circle\">\n<li>Anonymn\u00ed okno je v\u017edy ozna\u010deno v lev\u00e9m horn\u00edm rohu obr\u00e1zkem anonymn\u00edho re\u017eimu<\/li>\n\n\n\n<li>Re\u017eim Anonymn\u00edho okna ukon\u010d\u00edte zav\u0159en\u00edm tohoto okna prohl\u00ed\u017ee\u010de<\/li>\n<\/ol>\n\n<\/div>\t\n<\/div>\n\n\n\n<p>V anonymn\u00edm re\u017eimu je mo\u017en\u00e9 m\u00edt spu\u0161t\u011bnou pouze jedno okno prohl\u00ed\u017ee\u010de. V jednu chv\u00edli tedy m\u016f\u017eete b\u00fdt p\u0159ihl\u00e1\u0161en\u00ed v jednom prohl\u00ed\u017ee\u010di pouze ke dv\u011b r\u016fzn\u00fdm \u00fa\u010dt\u016fm na Seznamu. <em>Ukon\u010den\u00edm anonymn\u00edho re\u017eimu prohl\u00ed\u017een\u00ed se ve\u0161ker\u00e9 do\u010dasn\u011b zapamatovan\u00e9 informace o p\u0159ihl\u00e1\u0161en\u00ed odstran\u00ed. Z tohoto d\u016fvodu nen\u00ed mo\u017en\u00e9 vyu\u017e\u00edt p\u0159i anonymn\u00edm prohl\u00ed\u017een\u00ed nap\u0159. funkci trval\u00e9ho p\u0159ihl\u00e1\u0161en\u00ed ke schr\u00e1nce!<\/em><\/p>\n","protected":false},"excerpt":{"rendered":"<p>Funkce anonymn\u00edho prohl\u00ed\u017een\u00ed je v prohl\u00ed\u017ee\u010di Google Chrome nazv\u00e1na &#8222;Anonymn\u00ed okno&#8220; a aktivujete ji t\u00edmto zp\u016fsobem: V anonymn\u00edm re\u017eimu je mo\u017en\u00e9 m\u00edt spu\u0161t\u011bnou pouze jedno okno prohl\u00ed\u017ee\u010de. V jednu chv\u00edli tedy m\u016f\u017eete b\u00fdt p\u0159ihl\u00e1\u0161en\u00ed v jednom prohl\u00ed\u017ee\u010di pouze ke dv\u011b r\u016fzn\u00fdm \u00fa\u010dt\u016fm na Seznamu. Ukon\u010den\u00edm anonymn\u00edho re\u017eimu prohl\u00ed\u017een\u00ed se ve\u0161ker\u00e9 do\u010dasn\u011b zapamatovan\u00e9 informace o p\u0159ihl\u00e1\u0161en\u00ed [&hellip;]<\/p>\n","protected":false},"author":12,"featured_media":0,"parent":16,"menu_order":0,"comment_status":"closed","ping_status":"closed","template":"page-sidemenu","meta":{"_acf_changed":false,"_relevanssi_hide_post":"","_relevanssi_hide_content":"","_relevanssi_pin_for_all":"","_relevanssi_pin_keywords":"","_relevanssi_unpin_keywords":"","_relevanssi_related_keywords":"","_relevanssi_related_include_ids":"","_relevanssi_related_exclude_ids":"","_relevanssi_related_no_append":"","_relevanssi_related_not_related":"","_relevanssi_related_posts":"","_relevanssi_noindex_reason":"","footnotes":""},"page_category":[20],"page_tag":[],"service_status_category":[],"class_list":["post-79","page","type-page","status-publish","hentry"],"acf":[],"_links":{"self":[{"href":"https:\/\/o-seznam.cz\/napoveda\/prohlizece\/wp-json\/wp\/v2\/pages\/79","targetHints":{"allow":["GET"]}}],"collection":[{"href":"https:\/\/o-seznam.cz\/napoveda\/prohlizece\/wp-json\/wp\/v2\/pages"}],"about":[{"href":"https:\/\/o-seznam.cz\/napoveda\/prohlizece\/wp-json\/wp\/v2\/types\/page"}],"author":[{"embeddable":true,"href":"https:\/\/o-seznam.cz\/napoveda\/prohlizece\/wp-json\/wp\/v2\/users\/12"}],"replies":[{"embeddable":true,"href":"https:\/\/o-seznam.cz\/napoveda\/prohlizece\/wp-json\/wp\/v2\/comments?post=79"}],"version-history":[{"count":16,"href":"https:\/\/o-seznam.cz\/napoveda\/prohlizece\/wp-json\/wp\/v2\/pages\/79\/revisions"}],"predecessor-version":[{"id":1123,"href":"https:\/\/o-seznam.cz\/napoveda\/prohlizece\/wp-json\/wp\/v2\/pages\/79\/revisions\/1123"}],"up":[{"embeddable":true,"href":"https:\/\/o-seznam.cz\/napoveda\/prohlizece\/wp-json\/wp\/v2\/pages\/16"}],"wp:attachment":[{"href":"https:\/\/o-seznam.cz\/napoveda\/prohlizece\/wp-json\/wp\/v2\/media?parent=79"}],"wp:term":[{"taxonomy":"page_category","embeddable":true,"href":"https:\/\/o-seznam.cz\/napoveda\/prohlizece\/wp-json\/wp\/v2\/page_category?post=79"},{"taxonomy":"page_tag","embeddable":true,"href":"https:\/\/o-seznam.cz\/napoveda\/prohlizece\/wp-json\/wp\/v2\/page_tag?post=79"},{"taxonomy":"service_status_category","embeddable":true,"href":"https:\/\/o-seznam.cz\/napoveda\/prohlizece\/wp-json\/wp\/v2\/service_status_category?post=79"}],"curies":[{"name":"wp","href":"https:\/\/api.w.org\/{rel}","templated":true}]}}