{"id":788,"date":"2024-11-08T13:41:37","date_gmt":"2024-11-08T12:41:37","guid":{"rendered":"https:\/\/o-seznam.cz\/napoveda\/prohlizece\/?page_id=788"},"modified":"2025-01-14T13:21:25","modified_gmt":"2025-01-14T12:21:25","slug":"zobrazeni-ulozeneho-hesla","status":"publish","type":"page","link":"https:\/\/o-seznam.cz\/napoveda\/prohlizece\/napoveda-prohlizece\/zobrazeni-ulozeneho-hesla\/","title":{"rendered":"Zobrazen\u00ed ulo\u017een\u00e9ho hesla"},"content":{"rendered":"\n<div class=\"wp-block-seznam-tiles has-columns-3\" style=\"--seznam-tiles--columns:3\"><div class=\"inner-blocks\"><div class=\"block-boxlink\"><a class=\"boxlink boxlink--icon-arrow px-f8 py-f4\" href=\"https:\/\/o-seznam.cz\/napoveda\/prohlizece\/google-chrome\/jak-zobrazit-heslo\/\"><div class=\"inner-blocks\">\n\n<p> Google Chrome<\/p>\n\n<\/div><\/a><\/div>\n\n<div class=\"block-boxlink\"><a class=\"boxlink boxlink--icon-arrow px-f8 py-f4\" href=\"https:\/\/o-seznam.cz\/napoveda\/prohlizece\/microsoft-edge\/jak-zobrazit-heslo\/\"><div class=\"inner-blocks\">\n\n<p><img decoding=\"async\" class=\"inline-image wp-image-691\" src=\"https:\/\/o-seznam.cz\/napoveda\/prohlizece\/wp-content\/uploads\/sites\/17\/2024\/11\/Logo_Edge.svg\" alt=\"\"> Microsoft Edge<\/p>\n\n<\/div><\/a><\/div>\n\n<div class=\"block-boxlink\"><a class=\"boxlink boxlink--icon-arrow px-f8 py-f4\" href=\"https:\/\/o-seznam.cz\/napoveda\/prohlizece\/mozilla-firefox\/jak-zobrazit-heslo\/\"><div class=\"inner-blocks\">\n\n<p> Mozilla Firefox<strong> <\/strong><\/p>\n\n<\/div><\/a><\/div>\n\n<div class=\"block-boxlink\"><a class=\"boxlink boxlink--icon-arrow px-f8 py-f4\" href=\"https:\/\/o-seznam.cz\/napoveda\/prohlizece\/opera\/jak-zobrazit-heslo\/\"><div class=\"inner-blocks\">\n\n<p><img decoding=\"async\" class=\"inline-image wp-image-694\" src=\"https:\/\/o-seznam.cz\/napoveda\/prohlizece\/wp-content\/uploads\/sites\/17\/2024\/11\/Logo_Opera.svg\" alt=\"\"> Opera<\/p>\n\n<\/div><\/a><\/div>\n\n<div class=\"block-boxlink\"><a class=\"boxlink boxlink--icon-arrow px-f8 py-f4\" href=\"https:\/\/o-seznam.cz\/napoveda\/prohlizece\/safari-pro-macos\/jak-zobrazit-heslo\/\"><div class=\"inner-blocks\">\n\n<p> Safari pro macOS<\/p>\n\n<\/div><\/a><\/div><\/div><\/div>\n\n\n\n<p><\/p>\n","protected":false},"excerpt":{"rendered":"","protected":false},"author":12,"featured_media":0,"parent":6,"menu_order":40,"comment_status":"closed","ping_status":"closed","template":"page-sidemenu","meta":{"_acf_changed":false,"_relevanssi_hide_post":"","_relevanssi_hide_content":"","_relevanssi_pin_for_all":"","_relevanssi_pin_keywords":"","_relevanssi_unpin_keywords":"","_relevanssi_related_keywords":"","_relevanssi_related_include_ids":"","_relevanssi_related_exclude_ids":"","_relevanssi_related_no_append":"","_relevanssi_related_not_related":"","_relevanssi_related_posts":"","_relevanssi_noindex_reason":"","footnotes":""},"page_category":[3],"page_tag":[],"service_status_category":[],"class_list":["post-788","page","type-page","status-publish","hentry"],"acf":[],"_links":{"self":[{"href":"https:\/\/o-seznam.cz\/napoveda\/prohlizece\/wp-json\/wp\/v2\/pages\/788","targetHints":{"allow":["GET"]}}],"collection":[{"href":"https:\/\/o-seznam.cz\/napoveda\/prohlizece\/wp-json\/wp\/v2\/pages"}],"about":[{"href":"https:\/\/o-seznam.cz\/napoveda\/prohlizece\/wp-json\/wp\/v2\/types\/page"}],"author":[{"embeddable":true,"href":"https:\/\/o-seznam.cz\/napoveda\/prohlizece\/wp-json\/wp\/v2\/users\/12"}],"replies":[{"embeddable":true,"href":"https:\/\/o-seznam.cz\/napoveda\/prohlizece\/wp-json\/wp\/v2\/comments?post=788"}],"version-history":[{"count":3,"href":"https:\/\/o-seznam.cz\/napoveda\/prohlizece\/wp-json\/wp\/v2\/pages\/788\/revisions"}],"predecessor-version":[{"id":1057,"href":"https:\/\/o-seznam.cz\/napoveda\/prohlizece\/wp-json\/wp\/v2\/pages\/788\/revisions\/1057"}],"up":[{"embeddable":true,"href":"https:\/\/o-seznam.cz\/napoveda\/prohlizece\/wp-json\/wp\/v2\/pages\/6"}],"wp:attachment":[{"href":"https:\/\/o-seznam.cz\/napoveda\/prohlizece\/wp-json\/wp\/v2\/media?parent=788"}],"wp:term":[{"taxonomy":"page_category","embeddable":true,"href":"https:\/\/o-seznam.cz\/napoveda\/prohlizece\/wp-json\/wp\/v2\/page_category?post=788"},{"taxonomy":"page_tag","embeddable":true,"href":"https:\/\/o-seznam.cz\/napoveda\/prohlizece\/wp-json\/wp\/v2\/page_tag?post=788"},{"taxonomy":"service_status_category","embeddable":true,"href":"https:\/\/o-seznam.cz\/napoveda\/prohlizece\/wp-json\/wp\/v2\/service_status_category?post=788"}],"curies":[{"name":"wp","href":"https:\/\/api.w.org\/{rel}","templated":true}]}}