{"id":77,"date":"2024-10-23T13:46:11","date_gmt":"2024-10-23T11:46:11","guid":{"rendered":"https:\/\/o-seznam.cz\/napoveda\/prohlizece\/?page_id=77"},"modified":"2025-03-20T12:32:05","modified_gmt":"2025-03-20T11:32:05","slug":"obnoveni-vychoziho-nastaveni","status":"publish","type":"page","link":"https:\/\/o-seznam.cz\/napoveda\/prohlizece\/google-chrome\/obnoveni-vychoziho-nastaveni\/","title":{"rendered":"Obnoven\u00ed v\u00fdchoz\u00edho nastaven\u00ed &#8211; Google Chrome"},"content":{"rendered":"\n<p>Vr\u00e1tit prohl\u00ed\u017ee\u010d Google Chrome do p\u016fvodn\u00edho nastaven\u00ed m\u016f\u017eete podle n\u00e1sleduj\u00edc\u00edho postupu:<\/p>\n\n\n\n<div class=\"wp-block-group is-layout-constrained wp-block-group-is-layout-constrained\"><div class=\"mediaText is-position-left is-orientation-portrait\">\n\t\n\t<div class=\"mediaText__media\">\n\t\t<img loading=\"lazy\" decoding=\"async\" width=\"422\" height=\"760\" src=\"https:\/\/o-seznam.cz\/napoveda\/prohlizece\/wp-content\/uploads\/sites\/17\/2024\/10\/ch-heslo1.png\" class=\"\" alt=\"\" srcset=\"https:\/\/o-seznam.cz\/napoveda\/prohlizece\/wp-content\/uploads\/sites\/17\/2024\/10\/ch-heslo1.png 422w, https:\/\/o-seznam.cz\/napoveda\/prohlizece\/wp-content\/uploads\/sites\/17\/2024\/10\/ch-heslo1-178x320.png 178w\" sizes=\"auto, (max-width: 422px) 100vw, 422px\" \/>\t<\/div>\n\n\t<div class=\"mediaText__content is-layout-flow\">\n\n<ol class=\"wp-block-list is-style-circle\">\n<li>V prav\u00e9 horn\u00ed \u010d\u00e1sti okna klikn\u011bte na tla\u010d\u00edtko<img loading=\"lazy\" decoding=\"async\" width=\"36\" height=\"27\" class=\"inline-image wp-image-194\" src=\"https:\/\/o-seznam.cz\/napoveda\/prohlizece\/wp-content\/uploads\/sites\/17\/2024\/10\/chrome-nastroje-logo.png\" alt=\"\"> a v menu klikn\u011bte na ikonku &#8222;<strong>Nastaven\u00ed<\/strong>&#8222;.<\/li>\n<\/ol>\n\n<\/div>\t\n<\/div>\n\n\n<div class=\"mediaText is-position-right is-orientation-landscape\">\n\t\n\t<div class=\"mediaText__media\">\n\t\t<img loading=\"lazy\" decoding=\"async\" width=\"1217\" height=\"1014\" src=\"https:\/\/o-seznam.cz\/napoveda\/prohlizece\/wp-content\/uploads\/sites\/17\/2024\/10\/ch-reset1.png\" class=\"\" alt=\"\" srcset=\"https:\/\/o-seznam.cz\/napoveda\/prohlizece\/wp-content\/uploads\/sites\/17\/2024\/10\/ch-reset1.png 1217w, https:\/\/o-seznam.cz\/napoveda\/prohlizece\/wp-content\/uploads\/sites\/17\/2024\/10\/ch-reset1-992x827.png 992w, https:\/\/o-seznam.cz\/napoveda\/prohlizece\/wp-content\/uploads\/sites\/17\/2024\/10\/ch-reset1-320x267.png 320w, https:\/\/o-seznam.cz\/napoveda\/prohlizece\/wp-content\/uploads\/sites\/17\/2024\/10\/ch-reset1-768x640.png 768w\" sizes=\"auto, (max-width: 1217px) 100vw, 1217px\" \/>\t<\/div>\n\n\t<div class=\"mediaText__content is-layout-flow\">\n\n<ol start=\"2\" class=\"wp-block-list is-style-circle\">\n<li>Na konci str\u00e1nky s nastaven\u00edm klikn\u011bte na odkaz &#8222;R<strong>esetova<\/strong>t nastaven\u00ed&#8220;.<\/li>\n\n\n\n<li>Zde klikn\u011bte na polo\u017eku &#8222;<strong>Obnovit nastaven\u00ed na p\u016fvodn\u00ed v\u00fdchoz\u00ed hodnoty<\/strong>&#8222;.<\/li>\n<\/ol>\n\n<\/div>\t\n<\/div>\n\n\n<div class=\"mediaText is-position-left is-orientation-landscape\">\n\t\n\t<div class=\"mediaText__media\">\n\t\t<img loading=\"lazy\" decoding=\"async\" width=\"511\" height=\"334\" src=\"https:\/\/o-seznam.cz\/napoveda\/prohlizece\/wp-content\/uploads\/sites\/17\/2024\/10\/ch-reset2.png\" class=\"\" alt=\"\" srcset=\"https:\/\/o-seznam.cz\/napoveda\/prohlizece\/wp-content\/uploads\/sites\/17\/2024\/10\/ch-reset2.png 511w, https:\/\/o-seznam.cz\/napoveda\/prohlizece\/wp-content\/uploads\/sites\/17\/2024\/10\/ch-reset2-320x209.png 320w\" sizes=\"auto, (max-width: 511px) 100vw, 511px\" \/>\t<\/div>\n\n\t<div class=\"mediaText__content is-layout-flow\">\n\n<ol start=\"4\" class=\"wp-block-list is-style-circle\">\n<li>V zobrazen\u00e9m dialogu klikn\u011bte na tla\u010d\u00edtko &#8222;<strong>Resetovat nastaven\u00ed<\/strong>&#8222;<\/li>\n<\/ol>\n\n<\/div>\t\n<\/div>\n<\/div>\n\n\n\n<p>N\u00e1sledn\u011b dojde k obnoven\u00ed nastaven\u00ed prohl\u00ed\u017ee\u010de. Prohl\u00ed\u017ee\u010d po obnoven\u00ed z\u016fstane otev\u0159en\u00fd a m\u016f\u017eete s n\u00edm ihned znovu pracovat.<\/p>\n","protected":false},"excerpt":{"rendered":"<p>Vr\u00e1tit prohl\u00ed\u017ee\u010d Google Chrome do p\u016fvodn\u00edho nastaven\u00ed m\u016f\u017eete podle n\u00e1sleduj\u00edc\u00edho postupu: N\u00e1sledn\u011b dojde k obnoven\u00ed nastaven\u00ed prohl\u00ed\u017ee\u010de. Prohl\u00ed\u017ee\u010d po obnoven\u00ed z\u016fstane otev\u0159en\u00fd a m\u016f\u017eete s n\u00edm ihned znovu pracovat.<\/p>\n","protected":false},"author":12,"featured_media":0,"parent":16,"menu_order":4,"comment_status":"closed","ping_status":"closed","template":"page-sidemenu","meta":{"_acf_changed":false,"_relevanssi_hide_post":"","_relevanssi_hide_content":"","_relevanssi_pin_for_all":"","_relevanssi_pin_keywords":"","_relevanssi_unpin_keywords":"","_relevanssi_related_keywords":"","_relevanssi_related_include_ids":"","_relevanssi_related_exclude_ids":"","_relevanssi_related_no_append":"","_relevanssi_related_not_related":"","_relevanssi_related_posts":"","_relevanssi_noindex_reason":"","footnotes":""},"page_category":[20],"page_tag":[],"service_status_category":[],"class_list":["post-77","page","type-page","status-publish","hentry"],"acf":[],"_links":{"self":[{"href":"https:\/\/o-seznam.cz\/napoveda\/prohlizece\/wp-json\/wp\/v2\/pages\/77","targetHints":{"allow":["GET"]}}],"collection":[{"href":"https:\/\/o-seznam.cz\/napoveda\/prohlizece\/wp-json\/wp\/v2\/pages"}],"about":[{"href":"https:\/\/o-seznam.cz\/napoveda\/prohlizece\/wp-json\/wp\/v2\/types\/page"}],"author":[{"embeddable":true,"href":"https:\/\/o-seznam.cz\/napoveda\/prohlizece\/wp-json\/wp\/v2\/users\/12"}],"replies":[{"embeddable":true,"href":"https:\/\/o-seznam.cz\/napoveda\/prohlizece\/wp-json\/wp\/v2\/comments?post=77"}],"version-history":[{"count":10,"href":"https:\/\/o-seznam.cz\/napoveda\/prohlizece\/wp-json\/wp\/v2\/pages\/77\/revisions"}],"predecessor-version":[{"id":1183,"href":"https:\/\/o-seznam.cz\/napoveda\/prohlizece\/wp-json\/wp\/v2\/pages\/77\/revisions\/1183"}],"up":[{"embeddable":true,"href":"https:\/\/o-seznam.cz\/napoveda\/prohlizece\/wp-json\/wp\/v2\/pages\/16"}],"wp:attachment":[{"href":"https:\/\/o-seznam.cz\/napoveda\/prohlizece\/wp-json\/wp\/v2\/media?parent=77"}],"wp:term":[{"taxonomy":"page_category","embeddable":true,"href":"https:\/\/o-seznam.cz\/napoveda\/prohlizece\/wp-json\/wp\/v2\/page_category?post=77"},{"taxonomy":"page_tag","embeddable":true,"href":"https:\/\/o-seznam.cz\/napoveda\/prohlizece\/wp-json\/wp\/v2\/page_tag?post=77"},{"taxonomy":"service_status_category","embeddable":true,"href":"https:\/\/o-seznam.cz\/napoveda\/prohlizece\/wp-json\/wp\/v2\/service_status_category?post=77"}],"curies":[{"name":"wp","href":"https:\/\/api.w.org\/{rel}","templated":true}]}}