{"id":769,"date":"2024-11-06T15:43:25","date_gmt":"2024-11-06T14:43:25","guid":{"rendered":"https:\/\/o-seznam.cz\/napoveda\/prohlizece\/?page_id=769"},"modified":"2025-01-16T12:45:03","modified_gmt":"2025-01-16T11:45:03","slug":"co-tyto-navody-delaji","status":"publish","type":"page","link":"https:\/\/o-seznam.cz\/napoveda\/prohlizece\/napoveda-prohlizece\/co-tyto-navody-delaji\/","title":{"rendered":"Co tyto n\u00e1vody d\u011blaj\u00ed?"},"content":{"rendered":"<nav class=\"menu-anchors\">\n<ul>\n\t<li><a href=\"#Odstraneni-cookies\">Odstran\u011bn\u00ed do\u010dasn\u00fdch soubor\u016f cookies<\/a><\/li>\n<li><a href=\"#Anonymni-prohlizeni\">Anonymn\u00ed prohl\u00ed\u017een\u00ed<\/a><\/li>\n<li><a href=\"#Jak-na-odhlasovani\">Jak na automatick\u00e9 odhla\u0161ov\u00e1n\u00ed<\/a><\/li>\n<li><a href=\"#jak-zobrazit-heslo\">Jak zobrazit heslo<\/a><\/li>\n<li><a href=\"#povoleni-cookies\">Povolen\u00ed soubor\u016f cookies<\/a><\/li>\n<li><a href=\"#doplnky\">Jak odstranit dopl\u0148ky<\/a><\/li>\n<li><a href=\"#odstraneni-hesla\">Odstran\u011bn\u00ed automaticky vypl\u0148ovan\u00e9ho hesla<\/a><\/li>\n<li><a href=\"#odstraneni-jmena\">Odstran\u011bn\u00ed automaticky vypl\u0148ovan\u00e9ho jm\u00e9na<\/a><\/li>\n<li><a href=\"#vychozi-nastaveni\">Obnoven\u00ed v\u00fdchoz\u00edho nastaven\u00ed<\/a><\/li>\n<li><a href=\"#vychozi-vyhledavac\">Nastaven\u00ed v\u00fdchoz\u00edho vyhled\u00e1va\u010de<\/a><\/li>\n<\/ul>\n\n<\/nav>\n\n\n\n<div class=\"wp-block-group is-layout-constrained wp-block-group-is-layout-constrained\">\n<h2 class=\"wp-block-heading\" id=\"Odstraneni-cookies\">Odstran\u011bn\u00ed do\u010dasn\u00fdch soubor\u016f cookies<\/h2>\n\n\n\n<div class=\"wp-block-seznam-tiles has-columns-3\" style=\"--seznam-tiles--columns:3\"><div class=\"inner-blocks\"><div class=\"block-boxlink\"><a class=\"boxlink boxlink--icon-none px-f8 py-f4\" href=\"https:\/\/o-seznam.cz\/napoveda\/prohlizece\/google-chrome\/smazani-cookies\/\"><div class=\"inner-blocks\">\n\n<p> Google Chrome<\/p>\n\n<\/div><\/a><\/div>\n\n<div class=\"block-boxlink\"><a class=\"boxlink boxlink--icon-none px-f8 py-f4\" href=\"https:\/\/o-seznam.cz\/napoveda\/prohlizece\/microsoft-edge\/smazani-cookies\/\"><div class=\"inner-blocks\">\n\n<p><img decoding=\"async\" class=\"inline-image wp-image-691\" src=\"https:\/\/o-seznam.cz\/napoveda\/prohlizece\/wp-content\/uploads\/sites\/17\/2024\/11\/Logo_Edge.svg\" alt=\"\"> Microsoft Edge<\/p>\n\n<\/div><\/a><\/div>\n\n<div class=\"block-boxlink\"><a class=\"boxlink boxlink--icon-none px-f8 py-f4\" href=\"https:\/\/o-seznam.cz\/napoveda\/prohlizece\/mozilla-firefox\/smazani-cookies\/\"><div class=\"inner-blocks\">\n\n<p> Mozilla Firefox<strong> <\/strong><\/p>\n\n<\/div><\/a><\/div>\n\n<div class=\"block-boxlink\"><a class=\"boxlink boxlink--icon-none px-f8 py-f4\" href=\"https:\/\/o-seznam.cz\/napoveda\/prohlizece\/opera\/smazani-cookies\/\"><div class=\"inner-blocks\">\n\n<p><img decoding=\"async\" class=\"inline-image wp-image-694\" src=\"https:\/\/o-seznam.cz\/napoveda\/prohlizece\/wp-content\/uploads\/sites\/17\/2024\/11\/Logo_Opera.svg\" alt=\"\"> Opera<\/p>\n\n<\/div><\/a><\/div>\n\n<div class=\"block-boxlink\"><a class=\"boxlink boxlink--icon-none px-f8 py-f4\" href=\"https:\/\/o-seznam.cz\/napoveda\/prohlizece\/safari-pro-macos\/smazani-cookies\/\"><div class=\"inner-blocks\">\n\n<p> Safari pro macOS<\/p>\n\n<\/div><\/a><\/div>\n\n<div class=\"block-boxlink\"><a class=\"boxlink boxlink--icon-none px-f8 py-f4\" href=\"https:\/\/o-seznam.cz\/napoveda\/prohlizece\/seznam-prohlizec\/smazani-cookies\/\"><div class=\"inner-blocks\">\n\n<p> Seznam.cz prohl\u00ed\u017ee\u010d<\/p>\n\n<\/div><\/a><\/div><\/div><\/div>\n<\/div>\n\n\n\n<div class=\"wp-block-group is-layout-constrained wp-block-group-is-layout-constrained\">\n<h2 class=\"wp-block-heading\" id=\"Anonymni-prohlizeni\">Anonymn\u00ed prohl\u00ed\u017een\u00ed<\/h2>\n\n\n\n<div class=\"wp-block-seznam-tiles has-columns-3\" style=\"--seznam-tiles--columns:3\"><div class=\"inner-blocks\"><div class=\"block-boxlink\"><a class=\"boxlink boxlink--icon-none px-f8 py-f4\" href=\"https:\/\/o-seznam.cz\/napoveda\/prohlizece\/google-chrome\/anonymni-prohlizeni\/\"><div class=\"inner-blocks\">\n\n<p> Google Chrome<\/p>\n\n<\/div><\/a><\/div>\n\n<div class=\"block-boxlink\"><a class=\"boxlink boxlink--icon-none px-f8 py-f4\" href=\"https:\/\/o-seznam.cz\/napoveda\/prohlizece\/microsoft-edge\/anonymni-prohlizeni\/\"><div class=\"inner-blocks\">\n\n<p><img decoding=\"async\" class=\"inline-image wp-image-691\" src=\"https:\/\/o-seznam.cz\/napoveda\/prohlizece\/wp-content\/uploads\/sites\/17\/2024\/11\/Logo_Edge.svg\" alt=\"\"> Microsoft Edge<\/p>\n\n<\/div><\/a><\/div>\n\n<div class=\"block-boxlink\"><a class=\"boxlink boxlink--icon-none px-f8 py-f4\" href=\"https:\/\/o-seznam.cz\/napoveda\/prohlizece\/mozilla-firefox\/anonymni-prohlizeni\/\"><div class=\"inner-blocks\">\n\n<p> Mozilla Firefox<strong> <\/strong><\/p>\n\n<\/div><\/a><\/div>\n\n<div class=\"block-boxlink\"><a class=\"boxlink boxlink--icon-none px-f8 py-f4\" href=\"https:\/\/o-seznam.cz\/napoveda\/prohlizece\/opera\/anonymni-prohlizeni\/\"><div class=\"inner-blocks\">\n\n<p><img decoding=\"async\" class=\"inline-image wp-image-694\" src=\"https:\/\/o-seznam.cz\/napoveda\/prohlizece\/wp-content\/uploads\/sites\/17\/2024\/11\/Logo_Opera.svg\" alt=\"\"> Opera<\/p>\n\n<\/div><\/a><\/div>\n\n<div class=\"block-boxlink\"><a class=\"boxlink boxlink--icon-none px-f8 py-f4\" href=\"https:\/\/o-seznam.cz\/napoveda\/prohlizece\/safari-pro-macos\/anonymni-prohlizeni\/\"><div class=\"inner-blocks\">\n\n<p> Safari pro macOS<\/p>\n\n<\/div><\/a><\/div>\n\n<div class=\"block-boxlink\"><a class=\"boxlink boxlink--icon-none px-f8 py-f4\" href=\"https:\/\/o-seznam.cz\/napoveda\/prohlizece\/seznam-prohlizec\/anonymni-prohlizeni\/\"><div class=\"inner-blocks\">\n\n<p> Seznam.cz prohl\u00ed\u017ee\u010d<\/p>\n\n<\/div><\/a><\/div><\/div><\/div>\n<\/div>\n\n\n\n<div class=\"wp-block-group is-layout-constrained wp-block-group-is-layout-constrained\">\n<h2 class=\"wp-block-heading\" id=\"Jak-na-odhlasovani\">Jak na automatick\u00e9 odhla\u0161ov\u00e1n\u00ed<\/h2>\n\n\n\n<div class=\"wp-block-seznam-tiles has-columns-3\" style=\"--seznam-tiles--columns:3\"><div class=\"inner-blocks\"><div class=\"block-boxlink\"><a class=\"boxlink boxlink--icon-none px-f8 py-f4\" href=\"https:\/\/o-seznam.cz\/napoveda\/prohlizece\/google-chrome\/automaticke-odhlasovani\/\"><div class=\"inner-blocks\">\n\n<p> Google Chrome<\/p>\n\n<\/div><\/a><\/div>\n\n<div class=\"block-boxlink\"><a class=\"boxlink boxlink--icon-none px-f8 py-f4\" href=\"https:\/\/o-seznam.cz\/napoveda\/prohlizece\/microsoft-edge\/automaticke-odhlasovani\/\"><div class=\"inner-blocks\">\n\n<p><img decoding=\"async\" class=\"inline-image wp-image-691\" src=\"https:\/\/o-seznam.cz\/napoveda\/prohlizece\/wp-content\/uploads\/sites\/17\/2024\/11\/Logo_Edge.svg\" alt=\"\"> Microsoft Edge<\/p>\n\n<\/div><\/a><\/div>\n\n<div class=\"block-boxlink\"><a class=\"boxlink boxlink--icon-none px-f8 py-f4\" href=\"https:\/\/o-seznam.cz\/napoveda\/prohlizece\/mozilla-firefox\/automaticke-odhlasovani\/\"><div class=\"inner-blocks\">\n\n<p> Mozilla Firefox<strong> <\/strong><\/p>\n\n<\/div><\/a><\/div>\n\n<div class=\"block-boxlink\"><a class=\"boxlink boxlink--icon-none px-f8 py-f4\" href=\"https:\/\/o-seznam.cz\/napoveda\/prohlizece\/opera\/automaticke-odhlaseni\/\"><div class=\"inner-blocks\">\n\n<p><img decoding=\"async\" class=\"inline-image wp-image-694\" src=\"https:\/\/o-seznam.cz\/napoveda\/prohlizece\/wp-content\/uploads\/sites\/17\/2024\/11\/Logo_Opera.svg\" alt=\"\"> Opera<\/p>\n\n<\/div><\/a><\/div><\/div><\/div>\n<\/div>\n\n\n\n<div class=\"wp-block-group is-layout-constrained wp-block-group-is-layout-constrained\">\n<h2 class=\"wp-block-heading\" id=\"jak-zobrazit-heslo\">Jak zobrazit heslo<\/h2>\n\n\n\n<div class=\"wp-block-seznam-tiles has-columns-3\" style=\"--seznam-tiles--columns:3\"><div class=\"inner-blocks\"><div class=\"block-boxlink\"><a class=\"boxlink boxlink--icon-arrow px-f8 py-f4\" href=\"https:\/\/o-seznam.cz\/napoveda\/prohlizece\/google-chrome\/jak-zobrazit-heslo\/\"><div class=\"inner-blocks\">\n\n<p> Google Chrome<\/p>\n\n<\/div><\/a><\/div>\n\n<div class=\"block-boxlink\"><a class=\"boxlink boxlink--icon-arrow px-f8 py-f4\" href=\"https:\/\/o-seznam.cz\/napoveda\/prohlizece\/microsoft-edge\/jak-zobrazit-heslo\/\"><div class=\"inner-blocks\">\n\n<p><img decoding=\"async\" class=\"inline-image wp-image-691\" src=\"https:\/\/o-seznam.cz\/napoveda\/prohlizece\/wp-content\/uploads\/sites\/17\/2024\/11\/Logo_Edge.svg\" alt=\"\"> Microsoft Edge<\/p>\n\n<\/div><\/a><\/div>\n\n<div class=\"block-boxlink\"><a class=\"boxlink boxlink--icon-arrow px-f8 py-f4\" href=\"https:\/\/o-seznam.cz\/napoveda\/prohlizece\/mozilla-firefox\/jak-zobrazit-heslo\/\"><div class=\"inner-blocks\">\n\n<p> Mozilla Firefox<strong> <\/strong><\/p>\n\n<\/div><\/a><\/div>\n\n<div class=\"block-boxlink\"><a class=\"boxlink boxlink--icon-arrow px-f8 py-f4\" href=\"https:\/\/o-seznam.cz\/napoveda\/prohlizece\/opera\/jak-zobrazit-heslo\/\"><div class=\"inner-blocks\">\n\n<p><img decoding=\"async\" class=\"inline-image wp-image-694\" src=\"https:\/\/o-seznam.cz\/napoveda\/prohlizece\/wp-content\/uploads\/sites\/17\/2024\/11\/Logo_Opera.svg\" alt=\"\"> Opera<\/p>\n\n<\/div><\/a><\/div>\n\n<div class=\"block-boxlink\"><a class=\"boxlink boxlink--icon-arrow px-f8 py-f4\" href=\"https:\/\/o-seznam.cz\/napoveda\/prohlizece\/safari-pro-macos\/jak-zobrazit-heslo\/\"><div class=\"inner-blocks\">\n\n<p> Safari pro macOS<\/p>\n\n<\/div><\/a><\/div><\/div><\/div>\n<\/div>\n\n\n\n<div class=\"wp-block-group is-layout-constrained wp-block-group-is-layout-constrained\">\n<h2 class=\"wp-block-heading\" id=\"povoleni-cookies\">Povolen\u00ed soubor\u016f cookies<\/h2>\n\n\n\n<div class=\"wp-block-seznam-tiles has-columns-3\" style=\"--seznam-tiles--columns:3\"><div class=\"inner-blocks\"><div class=\"block-boxlink\"><a class=\"boxlink boxlink--icon-arrow px-f8 py-f4\" href=\"https:\/\/o-seznam.cz\/napoveda\/prohlizece\/google-chrome\/povoleni-souboru-cookies\/\"><div class=\"inner-blocks\">\n\n<p> Google Chrome<\/p>\n\n<\/div><\/a><\/div>\n\n<div class=\"block-boxlink\"><a class=\"boxlink boxlink--icon-arrow px-f8 py-f4\" href=\"https:\/\/o-seznam.cz\/napoveda\/prohlizece\/microsoft-edge\/povoleni-cookies\/\"><div class=\"inner-blocks\">\n\n<p><img decoding=\"async\" class=\"inline-image wp-image-691\" src=\"https:\/\/o-seznam.cz\/napoveda\/prohlizece\/wp-content\/uploads\/sites\/17\/2024\/11\/Logo_Edge.svg\" alt=\"\"> Microsoft Edge<\/p>\n\n<\/div><\/a><\/div>\n\n<div class=\"block-boxlink\"><a class=\"boxlink boxlink--icon-arrow px-f8 py-f4\" href=\"https:\/\/o-seznam.cz\/napoveda\/prohlizece\/mozilla-firefox\/povoleni-cookies\/\"><div class=\"inner-blocks\">\n\n<p> Mozilla Firefox<strong> <\/strong><\/p>\n\n<\/div><\/a><\/div>\n\n<div class=\"block-boxlink\"><a class=\"boxlink boxlink--icon-arrow px-f8 py-f4\" href=\"https:\/\/o-seznam.cz\/napoveda\/prohlizece\/opera\/povoleni-cookies\/\"><div class=\"inner-blocks\">\n\n<p><img decoding=\"async\" class=\"inline-image wp-image-694\" src=\"https:\/\/o-seznam.cz\/napoveda\/prohlizece\/wp-content\/uploads\/sites\/17\/2024\/11\/Logo_Opera.svg\" alt=\"\"> Opera<\/p>\n\n<\/div><\/a><\/div>\n\n<div class=\"block-boxlink\"><a class=\"boxlink boxlink--icon-arrow px-f8 py-f4\" href=\"https:\/\/o-seznam.cz\/napoveda\/prohlizece\/safari-pro-macos\/povoleni-cookies\/\"><div class=\"inner-blocks\">\n\n<p> Safari pro macOS<\/p>\n\n<\/div><\/a><\/div><\/div><\/div>\n<\/div>\n\n\n\n<div class=\"wp-block-group is-layout-constrained wp-block-group-is-layout-constrained\">\n<h2 class=\"wp-block-heading\" id=\"doplnky\">Jak odstranit dopl\u0148ky<\/h2>\n\n\n\n<div class=\"wp-block-seznam-tiles has-columns-3\" style=\"--seznam-tiles--columns:3\"><div class=\"inner-blocks\"><div class=\"block-boxlink\"><a class=\"boxlink boxlink--icon-none px-f8 py-f4\" href=\"https:\/\/o-seznam.cz\/napoveda\/prohlizece\/google-chrome\/doplnky\/\"><div class=\"inner-blocks\">\n\n<p> Google Chrome<\/p>\n\n<\/div><\/a><\/div>\n\n<div class=\"block-boxlink\"><a class=\"boxlink boxlink--icon-none px-f8 py-f4\" href=\"https:\/\/o-seznam.cz\/napoveda\/prohlizece\/microsoft-edge\/jak-odstranit-doplnky\/\"><div class=\"inner-blocks\">\n\n<p><img decoding=\"async\" class=\"inline-image wp-image-691\" src=\"https:\/\/o-seznam.cz\/napoveda\/prohlizece\/wp-content\/uploads\/sites\/17\/2024\/11\/Logo_Edge.svg\" alt=\"\"> Microsoft Edge<\/p>\n\n<\/div><\/a><\/div>\n\n<div class=\"block-boxlink\"><a class=\"boxlink boxlink--icon-none px-f8 py-f4\" href=\"https:\/\/o-seznam.cz\/napoveda\/prohlizece\/mozilla-firefox\/jak-odstranit-doplnky\/\"><div class=\"inner-blocks\">\n\n<p> Mozilla Firefox<strong> <\/strong><\/p>\n\n<\/div><\/a><\/div>\n\n<div class=\"block-boxlink\"><a class=\"boxlink boxlink--icon-none px-f8 py-f4\" href=\"https:\/\/o-seznam.cz\/napoveda\/prohlizece\/opera\/jak-odstranit-doplnky\/\"><div class=\"inner-blocks\">\n\n<p><img decoding=\"async\" class=\"inline-image wp-image-694\" src=\"https:\/\/o-seznam.cz\/napoveda\/prohlizece\/wp-content\/uploads\/sites\/17\/2024\/11\/Logo_Opera.svg\" alt=\"\"> Opera<\/p>\n\n<\/div><\/a><\/div><\/div><\/div>\n<\/div>\n\n\n\n<div class=\"wp-block-group is-layout-constrained wp-block-group-is-layout-constrained\">\n<h2 class=\"wp-block-heading\" id=\"odstraneni-hesla\">Odstran\u011bn\u00ed automaticky vypl\u0148ovan\u00e9ho hesla<\/h2>\n\n\n\n<div class=\"wp-block-seznam-tiles has-columns-3\" style=\"--seznam-tiles--columns:3\"><div class=\"inner-blocks\"><div class=\"block-boxlink\"><a class=\"boxlink boxlink--icon-arrow px-f8 py-f4\" href=\"https:\/\/o-seznam.cz\/napoveda\/prohlizece\/google-chrome\/odstraneni-hesla\/\"><div class=\"inner-blocks\">\n\n<p> Google Chrome<\/p>\n\n<\/div><\/a><\/div>\n\n<div class=\"block-boxlink\"><a class=\"boxlink boxlink--icon-arrow px-f8 py-f4\" href=\"https:\/\/o-seznam.cz\/napoveda\/prohlizece\/microsoft-edge\/odstraneni-hesla\/\"><div class=\"inner-blocks\">\n\n<p><img decoding=\"async\" class=\"inline-image wp-image-691\" src=\"https:\/\/o-seznam.cz\/napoveda\/prohlizece\/wp-content\/uploads\/sites\/17\/2024\/11\/Logo_Edge.svg\" alt=\"\"> Microsoft Edge<\/p>\n\n<\/div><\/a><\/div>\n\n<div class=\"block-boxlink\"><a class=\"boxlink boxlink--icon-arrow px-f8 py-f4\" href=\"https:\/\/o-seznam.cz\/napoveda\/prohlizece\/mozilla-firefox\/odstraneni-hesla\/\"><div class=\"inner-blocks\">\n\n<p> Mozilla Firefox<strong> <\/strong><\/p>\n\n<\/div><\/a><\/div>\n\n<div class=\"block-boxlink\"><a class=\"boxlink boxlink--icon-arrow px-f8 py-f4\" href=\"https:\/\/o-seznam.cz\/napoveda\/prohlizece\/opera\/odstraneni-jmena\/\"><div class=\"inner-blocks\">\n\n<p><img decoding=\"async\" class=\"inline-image wp-image-694\" src=\"https:\/\/o-seznam.cz\/napoveda\/prohlizece\/wp-content\/uploads\/sites\/17\/2024\/11\/Logo_Opera.svg\" alt=\"\"> Opera<\/p>\n\n<\/div><\/a><\/div>\n\n<div class=\"block-boxlink\"><a class=\"boxlink boxlink--icon-arrow px-f8 py-f4\" href=\"https:\/\/o-seznam.cz\/napoveda\/prohlizece\/safari-pro-macos\/odstraneni-jmena\/\"><div class=\"inner-blocks\">\n\n<p> Safari pro macOS<\/p>\n\n<\/div><\/a><\/div>\n\n<div class=\"block-boxlink\"><a class=\"boxlink boxlink--icon-arrow px-f8 py-f4\" href=\"https:\/\/o-seznam.cz\/napoveda\/prohlizece\/seznam-prohlizec\/odstraneni-hesla\/\"><div class=\"inner-blocks\">\n\n<p> Seznam.cz prohl\u00ed\u017ee\u010d<\/p>\n\n<\/div><\/a><\/div><\/div><\/div>\n<\/div>\n\n\n\n<div class=\"wp-block-group is-layout-constrained wp-block-group-is-layout-constrained\">\n<h2 class=\"wp-block-heading\" id=\"odstraneni-jmena\">Odstran\u011bn\u00ed automaticky vypl\u0148ovan\u00e9ho jm\u00e9na<\/h2>\n\n\n\n<div class=\"wp-block-seznam-tiles has-columns-3\" style=\"--seznam-tiles--columns:3\"><div class=\"inner-blocks\"><div class=\"block-boxlink\"><a class=\"boxlink boxlink--icon-arrow px-f8 py-f4\" href=\"https:\/\/o-seznam.cz\/napoveda\/prohlizece\/google-chrome\/odstraneni-jmena\/\"><div class=\"inner-blocks\">\n\n<p> Google Chrome<\/p>\n\n<\/div><\/a><\/div>\n\n<div class=\"block-boxlink\"><a class=\"boxlink boxlink--icon-arrow px-f8 py-f4\" href=\"https:\/\/o-seznam.cz\/napoveda\/prohlizece\/microsoft-edge\/odstraneni-jmena\/\"><div class=\"inner-blocks\">\n\n<p><img decoding=\"async\" class=\"inline-image wp-image-691\" src=\"https:\/\/o-seznam.cz\/napoveda\/prohlizece\/wp-content\/uploads\/sites\/17\/2024\/11\/Logo_Edge.svg\" alt=\"\"> Microsoft Edge<\/p>\n\n<\/div><\/a><\/div>\n\n<div class=\"block-boxlink\"><a class=\"boxlink boxlink--icon-arrow px-f8 py-f4\" href=\"https:\/\/o-seznam.cz\/napoveda\/prohlizece\/mozilla-firefox\/odstraneni-jmena\/\"><div class=\"inner-blocks\">\n\n<p> Mozilla Firefox<strong> <\/strong><\/p>\n\n<\/div><\/a><\/div>\n\n<div class=\"block-boxlink\"><a class=\"boxlink boxlink--icon-arrow px-f8 py-f4\" href=\"https:\/\/o-seznam.cz\/napoveda\/prohlizece\/opera\/odstraneni-jmena-2\/\"><div class=\"inner-blocks\">\n\n<p><img decoding=\"async\" class=\"inline-image wp-image-694\" src=\"https:\/\/o-seznam.cz\/napoveda\/prohlizece\/wp-content\/uploads\/sites\/17\/2024\/11\/Logo_Opera.svg\" alt=\"\"> Opera<\/p>\n\n<\/div><\/a><\/div>\n\n<div class=\"block-boxlink\"><a class=\"boxlink boxlink--icon-arrow px-f8 py-f4\" href=\"https:\/\/o-seznam.cz\/napoveda\/prohlizece\/safari-pro-macos\/odstraneni-jmena\/\"><div class=\"inner-blocks\">\n\n<p> Safari pro macOS<\/p>\n\n<\/div><\/a><\/div>\n\n<div class=\"block-boxlink\"><a class=\"boxlink boxlink--icon-arrow px-f8 py-f4\" href=\"https:\/\/o-seznam.cz\/napoveda\/prohlizece\/seznam-prohlizec\/odstraneni-jmena\/\"><div class=\"inner-blocks\">\n\n<p> Seznam.cz prohl\u00ed\u017ee\u010d<\/p>\n\n<\/div><\/a><\/div><\/div><\/div>\n<\/div>\n\n\n\n<div class=\"wp-block-group is-layout-constrained wp-block-group-is-layout-constrained\">\n<h2 class=\"wp-block-heading\" id=\"vychozi-nastaveni\">Obnoven\u00ed v\u00fdchoz\u00edho nastaven\u00ed<\/h2>\n\n\n\n<div class=\"wp-block-seznam-tiles has-columns-3\" style=\"--seznam-tiles--columns:3\"><div class=\"inner-blocks\"><div class=\"block-boxlink\"><a class=\"boxlink boxlink--icon-arrow px-f8 py-f4\" href=\"https:\/\/o-seznam.cz\/napoveda\/prohlizece\/google-chrome\/obnoveni-vychoziho-nastaveni\/\"><div class=\"inner-blocks\">\n\n<p> Google Chrome<\/p>\n\n<\/div><\/a><\/div>\n\n<div class=\"block-boxlink\"><a class=\"boxlink boxlink--icon-arrow px-f8 py-f4\" href=\"https:\/\/o-seznam.cz\/napoveda\/prohlizece\/microsoft-edge\/obnoveni-vychoziho-nastaveni\/\"><div class=\"inner-blocks\">\n\n<p><img decoding=\"async\" class=\"inline-image wp-image-691\" src=\"https:\/\/o-seznam.cz\/napoveda\/prohlizece\/wp-content\/uploads\/sites\/17\/2024\/11\/Logo_Edge.svg\" alt=\"\"> Microsoft Edge<\/p>\n\n<\/div><\/a><\/div>\n\n<div class=\"block-boxlink\"><a class=\"boxlink boxlink--icon-arrow px-f8 py-f4\" href=\"https:\/\/o-seznam.cz\/napoveda\/prohlizece\/mozilla-firefox\/obnoveni-nastaveni\/\"><div class=\"inner-blocks\">\n\n<p> Mozilla Firefox<strong> <\/strong><\/p>\n\n<\/div><\/a><\/div>\n\n<div class=\"block-boxlink\"><a class=\"boxlink boxlink--icon-arrow px-f8 py-f4\" href=\"https:\/\/o-seznam.cz\/napoveda\/prohlizece\/opera\/obnoveni-vychoziho-nastaveni\/\"><div class=\"inner-blocks\">\n\n<p><img decoding=\"async\" class=\"inline-image wp-image-694\" src=\"https:\/\/o-seznam.cz\/napoveda\/prohlizece\/wp-content\/uploads\/sites\/17\/2024\/11\/Logo_Opera.svg\" alt=\"\"> Opera<\/p>\n\n<\/div><\/a><\/div>\n\n<div class=\"block-boxlink\"><a class=\"boxlink boxlink--icon-arrow px-f8 py-f4\" href=\"https:\/\/o-seznam.cz\/napoveda\/prohlizece\/safari-pro-macos\/obnoveni-vychoziho-nastaveni\/\"><div class=\"inner-blocks\">\n\n<p> Safari pro macOS<\/p>\n\n<\/div><\/a><\/div><\/div><\/div>\n<\/div>\n\n\n\n<div class=\"wp-block-group is-layout-constrained wp-block-group-is-layout-constrained\">\n<h2 class=\"wp-block-heading\" id=\"vychozi-vyhledavac\">Nastaven\u00ed v\u00fdchoz\u00edho vyhled\u00e1va\u010de<\/h2>\n\n\n\n<div class=\"wp-block-seznam-tiles has-columns-3\" style=\"--seznam-tiles--columns:3\"><div class=\"inner-blocks\"><div class=\"block-boxlink\"><a class=\"boxlink boxlink--icon-arrow px-f8 py-f4\" href=\"https:\/\/o-seznam.cz\/napoveda\/prohlizece\/google-chrome\/nastaveni-vychoziho-vyhledavace\/\"><div class=\"inner-blocks\">\n\n<p> Google Chrome<\/p>\n\n<\/div><\/a><\/div>\n\n<div class=\"block-boxlink\"><a class=\"boxlink boxlink--icon-arrow px-f8 py-f4\" href=\"https:\/\/o-seznam.cz\/napoveda\/prohlizece\/microsoft-edge\/nastaveni-vychoziho-vyhledavace\/\"><div class=\"inner-blocks\">\n\n<p><img decoding=\"async\" class=\"inline-image wp-image-691\" src=\"https:\/\/o-seznam.cz\/napoveda\/prohlizece\/wp-content\/uploads\/sites\/17\/2024\/11\/Logo_Edge.svg\" alt=\"\"> Microsoft Edge<\/p>\n\n<\/div><\/a><\/div>\n\n<div class=\"block-boxlink\"><a class=\"boxlink boxlink--icon-arrow px-f8 py-f4\" href=\"https:\/\/o-seznam.cz\/napoveda\/prohlizece\/mozilla-firefox\/nastaveni-vychoziho-vyhledavace\/\"><div class=\"inner-blocks\">\n\n<p> Mozilla Firefox<strong> <\/strong><\/p>\n\n<\/div><\/a><\/div>\n\n<div class=\"block-boxlink\"><a class=\"boxlink boxlink--icon-arrow px-f8 py-f4\" href=\"https:\/\/o-seznam.cz\/napoveda\/prohlizece\/opera\/nastaveni-vychoziho-vyhledavace\/\"><div class=\"inner-blocks\">\n\n<p><img decoding=\"async\" class=\"inline-image wp-image-694\" src=\"https:\/\/o-seznam.cz\/napoveda\/prohlizece\/wp-content\/uploads\/sites\/17\/2024\/11\/Logo_Opera.svg\" alt=\"\"> Opera<\/p>\n\n<\/div><\/a><\/div><\/div><\/div>\n<\/div>\n\n\n\n<p><\/p>\n","protected":false},"excerpt":{"rendered":"<p>Odstran\u011bn\u00ed do\u010dasn\u00fdch soubor\u016f cookies Anonymn\u00ed prohl\u00ed\u017een\u00ed Jak na automatick\u00e9 odhla\u0161ov\u00e1n\u00ed Jak zobrazit heslo Povolen\u00ed soubor\u016f cookies Jak odstranit dopl\u0148ky Odstran\u011bn\u00ed automaticky vypl\u0148ovan\u00e9ho hesla Odstran\u011bn\u00ed automaticky vypl\u0148ovan\u00e9ho jm\u00e9na Obnoven\u00ed v\u00fdchoz\u00edho nastaven\u00ed Nastaven\u00ed v\u00fdchoz\u00edho vyhled\u00e1va\u010de<\/p>\n","protected":false},"author":12,"featured_media":0,"parent":6,"menu_order":10,"comment_status":"closed","ping_status":"closed","template":"page-sidemenu","meta":{"_acf_changed":false,"_relevanssi_hide_post":"","_relevanssi_hide_content":"","_relevanssi_pin_for_all":"","_relevanssi_pin_keywords":"","_relevanssi_unpin_keywords":"","_relevanssi_related_keywords":"","_relevanssi_related_include_ids":"","_relevanssi_related_exclude_ids":"","_relevanssi_related_no_append":"","_relevanssi_related_not_related":"","_relevanssi_related_posts":"","_relevanssi_noindex_reason":"","footnotes":""},"page_category":[3],"page_tag":[],"service_status_category":[],"class_list":["post-769","page","type-page","status-publish","hentry"],"acf":[],"_links":{"self":[{"href":"https:\/\/o-seznam.cz\/napoveda\/prohlizece\/wp-json\/wp\/v2\/pages\/769","targetHints":{"allow":["GET"]}}],"collection":[{"href":"https:\/\/o-seznam.cz\/napoveda\/prohlizece\/wp-json\/wp\/v2\/pages"}],"about":[{"href":"https:\/\/o-seznam.cz\/napoveda\/prohlizece\/wp-json\/wp\/v2\/types\/page"}],"author":[{"embeddable":true,"href":"https:\/\/o-seznam.cz\/napoveda\/prohlizece\/wp-json\/wp\/v2\/users\/12"}],"replies":[{"embeddable":true,"href":"https:\/\/o-seznam.cz\/napoveda\/prohlizece\/wp-json\/wp\/v2\/comments?post=769"}],"version-history":[{"count":22,"href":"https:\/\/o-seznam.cz\/napoveda\/prohlizece\/wp-json\/wp\/v2\/pages\/769\/revisions"}],"predecessor-version":[{"id":1144,"href":"https:\/\/o-seznam.cz\/napoveda\/prohlizece\/wp-json\/wp\/v2\/pages\/769\/revisions\/1144"}],"up":[{"embeddable":true,"href":"https:\/\/o-seznam.cz\/napoveda\/prohlizece\/wp-json\/wp\/v2\/pages\/6"}],"wp:attachment":[{"href":"https:\/\/o-seznam.cz\/napoveda\/prohlizece\/wp-json\/wp\/v2\/media?parent=769"}],"wp:term":[{"taxonomy":"page_category","embeddable":true,"href":"https:\/\/o-seznam.cz\/napoveda\/prohlizece\/wp-json\/wp\/v2\/page_category?post=769"},{"taxonomy":"page_tag","embeddable":true,"href":"https:\/\/o-seznam.cz\/napoveda\/prohlizece\/wp-json\/wp\/v2\/page_tag?post=769"},{"taxonomy":"service_status_category","embeddable":true,"href":"https:\/\/o-seznam.cz\/napoveda\/prohlizece\/wp-json\/wp\/v2\/service_status_category?post=769"}],"curies":[{"name":"wp","href":"https:\/\/api.w.org\/{rel}","templated":true}]}}