{"id":73,"date":"2024-10-23T13:43:44","date_gmt":"2024-10-23T11:43:44","guid":{"rendered":"https:\/\/o-seznam.cz\/napoveda\/prohlizece\/?page_id=73"},"modified":"2024-12-18T08:32:46","modified_gmt":"2024-12-18T07:32:46","slug":"doplnky","status":"publish","type":"page","link":"https:\/\/o-seznam.cz\/napoveda\/prohlizece\/google-chrome\/doplnky\/","title":{"rendered":"Jak odstranit dopl\u0148ky &#8211; Google Chrome"},"content":{"rendered":"\n<p>Roz\u0161\u00ed\u0159en\u00ed a dopl\u0148ky pro prohl\u00ed\u017ee\u010d Google chrome m\u016f\u017eete vypnout \u010di odstranit podle n\u00e1sleduj\u00edc\u00edho n\u00e1vodu.<\/p>\n\n\n\n<div class=\"wp-block-group is-layout-constrained wp-block-group-is-layout-constrained\"><div class=\"mediaText is-position-left is-orientation-landscape\">\n\t\n\t<div class=\"mediaText__media\">\n\t\t<img loading=\"lazy\" decoding=\"async\" width=\"741\" height=\"733\" src=\"https:\/\/o-seznam.cz\/napoveda\/prohlizece\/wp-content\/uploads\/sites\/17\/2024\/10\/ch-doplnky1.png\" class=\"\" alt=\"\" srcset=\"https:\/\/o-seznam.cz\/napoveda\/prohlizece\/wp-content\/uploads\/sites\/17\/2024\/10\/ch-doplnky1.png 741w, https:\/\/o-seznam.cz\/napoveda\/prohlizece\/wp-content\/uploads\/sites\/17\/2024\/10\/ch-doplnky1-320x317.png 320w\" sizes=\"auto, (max-width: 741px) 100vw, 741px\" \/>\t<\/div>\n\n\t<div class=\"mediaText__content is-layout-flow\">\n\n<ol class=\"wp-block-list is-style-circle\">\n<li>V prav\u00e9 horn\u00ed \u010d\u00e1sti prohl\u00ed\u017ee\u010de klikn\u011bte na ikonku <img loading=\"lazy\" decoding=\"async\" width=\"36\" height=\"27\" class=\"inline-image wp-image-194\" src=\"https:\/\/o-seznam.cz\/napoveda\/prohlizece\/wp-content\/uploads\/sites\/17\/2024\/10\/chrome-nastroje-logo.png\" alt=\"\">\u00a0z menu vyberte &#8222;<strong>Roz\u0161\u00ed\u0159en\u00ed<\/strong>&#8220; a pot\u00e9 &#8222;<strong>Spravovat<\/strong> <strong>roz\u0161\u00ed\u0159en\u00ed<\/strong>&#8222;.<\/li>\n<\/ol>\n\n<\/div>\t\n<\/div>\n\n\n<div class=\"mediaText is-position-right is-orientation-landscape\">\n\t\n\t<div class=\"mediaText__media\">\n\t\t<img loading=\"lazy\" decoding=\"async\" width=\"1220\" height=\"446\" src=\"https:\/\/o-seznam.cz\/napoveda\/prohlizece\/wp-content\/uploads\/sites\/17\/2024\/10\/ch-doplnky2.png\" class=\"\" alt=\"\" srcset=\"https:\/\/o-seznam.cz\/napoveda\/prohlizece\/wp-content\/uploads\/sites\/17\/2024\/10\/ch-doplnky2.png 1220w, https:\/\/o-seznam.cz\/napoveda\/prohlizece\/wp-content\/uploads\/sites\/17\/2024\/10\/ch-doplnky2-992x363.png 992w, https:\/\/o-seznam.cz\/napoveda\/prohlizece\/wp-content\/uploads\/sites\/17\/2024\/10\/ch-doplnky2-320x117.png 320w, https:\/\/o-seznam.cz\/napoveda\/prohlizece\/wp-content\/uploads\/sites\/17\/2024\/10\/ch-doplnky2-768x281.png 768w\" sizes=\"auto, (max-width: 1220px) 100vw, 1220px\" \/>\t<\/div>\n\n\t<div class=\"mediaText__content is-layout-flow\">\n\n<ol start=\"2\" class=\"wp-block-list is-style-circle\">\n<li>Na n\u00e1sleduj\u00edc\u00ed str\u00e1nce pot\u00e9 u zvolen\u00e9ho roz\u0161\u00ed\u0159en\u00ed vpravo p\u0159epn\u011bte p\u0159ep\u00edna\u010d z barevn\u00e9 polohy na \u0161edou\u00a0(p\u0159\u00edpadn\u011b klikn\u011bte na&#8220;<strong>Odebrat<\/strong>&#8220; pro \u00fapln\u00e9 odstran\u011bn\u00ed roz\u0161\u00ed\u0159en\u00ed).<\/li>\n<\/ol>\n\n<\/div>\t\n<\/div>\n<\/div>\n\n\n\n<p>Zm\u011bny nastaven\u00ed se v\u011bt\u0161inou projev\u00ed ihned, v p\u0159\u00edpad\u011b n\u011bkter\u00fdch roz\u0161\u00ed\u0159en\u00ed se ale mohou projevit a\u017e po restartu prohl\u00ed\u017ee\u010de.<\/p>\n","protected":false},"excerpt":{"rendered":"<p>Roz\u0161\u00ed\u0159en\u00ed a dopl\u0148ky pro prohl\u00ed\u017ee\u010d Google chrome m\u016f\u017eete vypnout \u010di odstranit podle n\u00e1sleduj\u00edc\u00edho n\u00e1vodu. Zm\u011bny nastaven\u00ed se v\u011bt\u0161inou projev\u00ed ihned, v p\u0159\u00edpad\u011b n\u011bkter\u00fdch roz\u0161\u00ed\u0159en\u00ed se ale mohou projevit a\u017e po restartu prohl\u00ed\u017ee\u010de.<\/p>\n","protected":false},"author":12,"featured_media":0,"parent":16,"menu_order":3,"comment_status":"closed","ping_status":"closed","template":"page-sidemenu","meta":{"_acf_changed":false,"_relevanssi_hide_post":"","_relevanssi_hide_content":"","_relevanssi_pin_for_all":"","_relevanssi_pin_keywords":"","_relevanssi_unpin_keywords":"","_relevanssi_related_keywords":"","_relevanssi_related_include_ids":"","_relevanssi_related_exclude_ids":"","_relevanssi_related_no_append":"","_relevanssi_related_not_related":"","_relevanssi_related_posts":"","_relevanssi_noindex_reason":"","footnotes":""},"page_category":[20],"page_tag":[],"service_status_category":[],"class_list":["post-73","page","type-page","status-publish","hentry"],"acf":[],"_links":{"self":[{"href":"https:\/\/o-seznam.cz\/napoveda\/prohlizece\/wp-json\/wp\/v2\/pages\/73","targetHints":{"allow":["GET"]}}],"collection":[{"href":"https:\/\/o-seznam.cz\/napoveda\/prohlizece\/wp-json\/wp\/v2\/pages"}],"about":[{"href":"https:\/\/o-seznam.cz\/napoveda\/prohlizece\/wp-json\/wp\/v2\/types\/page"}],"author":[{"embeddable":true,"href":"https:\/\/o-seznam.cz\/napoveda\/prohlizece\/wp-json\/wp\/v2\/users\/12"}],"replies":[{"embeddable":true,"href":"https:\/\/o-seznam.cz\/napoveda\/prohlizece\/wp-json\/wp\/v2\/comments?post=73"}],"version-history":[{"count":11,"href":"https:\/\/o-seznam.cz\/napoveda\/prohlizece\/wp-json\/wp\/v2\/pages\/73\/revisions"}],"predecessor-version":[{"id":1125,"href":"https:\/\/o-seznam.cz\/napoveda\/prohlizece\/wp-json\/wp\/v2\/pages\/73\/revisions\/1125"}],"up":[{"embeddable":true,"href":"https:\/\/o-seznam.cz\/napoveda\/prohlizece\/wp-json\/wp\/v2\/pages\/16"}],"wp:attachment":[{"href":"https:\/\/o-seznam.cz\/napoveda\/prohlizece\/wp-json\/wp\/v2\/media?parent=73"}],"wp:term":[{"taxonomy":"page_category","embeddable":true,"href":"https:\/\/o-seznam.cz\/napoveda\/prohlizece\/wp-json\/wp\/v2\/page_category?post=73"},{"taxonomy":"page_tag","embeddable":true,"href":"https:\/\/o-seznam.cz\/napoveda\/prohlizece\/wp-json\/wp\/v2\/page_tag?post=73"},{"taxonomy":"service_status_category","embeddable":true,"href":"https:\/\/o-seznam.cz\/napoveda\/prohlizece\/wp-json\/wp\/v2\/service_status_category?post=73"}],"curies":[{"name":"wp","href":"https:\/\/api.w.org\/{rel}","templated":true}]}}