{"id":71,"date":"2024-10-23T13:39:36","date_gmt":"2024-10-23T11:39:36","guid":{"rendered":"https:\/\/o-seznam.cz\/napoveda\/prohlizece\/?page_id=71"},"modified":"2024-12-18T08:43:27","modified_gmt":"2024-12-18T07:43:27","slug":"odstraneni-hesla","status":"publish","type":"page","link":"https:\/\/o-seznam.cz\/napoveda\/prohlizece\/google-chrome\/odstraneni-hesla\/","title":{"rendered":"Odstran\u011bn\u00ed automaticky vypl\u0148ovan\u00e9ho hesla &#8211; Google Chrome"},"content":{"rendered":"\n<p>Konkr\u00e9tn\u00ed ulo\u017een\u00e9 heslo odstran\u00edte z Google Chrome n\u00e1sleduj\u00edc\u00edm zp\u016fsobem:<\/p>\n\n\n\n<div class=\"wp-block-group is-layout-constrained wp-block-group-is-layout-constrained\"><div class=\"mediaText is-position-left is-orientation-portrait\">\n\t\n\t<div class=\"mediaText__media\">\n\t\t<img loading=\"lazy\" decoding=\"async\" width=\"525\" height=\"976\" src=\"https:\/\/o-seznam.cz\/napoveda\/prohlizece\/wp-content\/uploads\/sites\/17\/2024\/11\/chrome-povoleni-cookies1.png\" class=\"\" alt=\"\" srcset=\"https:\/\/o-seznam.cz\/napoveda\/prohlizece\/wp-content\/uploads\/sites\/17\/2024\/11\/chrome-povoleni-cookies1.png 525w, https:\/\/o-seznam.cz\/napoveda\/prohlizece\/wp-content\/uploads\/sites\/17\/2024\/11\/chrome-povoleni-cookies1-172x320.png 172w\" sizes=\"auto, (max-width: 525px) 100vw, 525px\" \/>\t<\/div>\n\n\t<div class=\"mediaText__content is-layout-flow\">\n\n<ol class=\"wp-block-list is-style-circle\">\n<li>V prav\u00e9 horn\u00ed \u010d\u00e1sti prohl\u00ed\u017ee\u010de klikn\u011bte na ikonku <img loading=\"lazy\" decoding=\"async\" width=\"36\" height=\"27\" class=\"inline-image wp-image-194\" src=\"https:\/\/o-seznam.cz\/napoveda\/prohlizece\/wp-content\/uploads\/sites\/17\/2024\/10\/chrome-nastroje-logo.png\" alt=\"\">\u00a0a ze spodn\u00ed \u010d\u00e1sti menu vyberte &#8222;<strong>Nastaven\u00ed<\/strong>&#8220; a n\u00e1sledn\u011b v sekci <strong>Automatick\u00e9 vypl\u0148ov\u00e1n\u00ed a\u00a0hesla<\/strong> kliknete na &#8222;<strong>Spr\u00e1vce hesel Google.<\/strong>&#8222;.<\/li>\n<\/ol>\n\n<\/div>\t\n<\/div>\n\n\n<div class=\"mediaText is-position-right is-orientation-landscape\">\n\t\n\t<div class=\"mediaText__media\">\n\t\t<img loading=\"lazy\" decoding=\"async\" width=\"1223\" height=\"512\" src=\"https:\/\/o-seznam.cz\/napoveda\/prohlizece\/wp-content\/uploads\/sites\/17\/2024\/10\/ch-heslo3.png\" class=\"\" alt=\"\" srcset=\"https:\/\/o-seznam.cz\/napoveda\/prohlizece\/wp-content\/uploads\/sites\/17\/2024\/10\/ch-heslo3.png 1223w, https:\/\/o-seznam.cz\/napoveda\/prohlizece\/wp-content\/uploads\/sites\/17\/2024\/10\/ch-heslo3-992x415.png 992w, https:\/\/o-seznam.cz\/napoveda\/prohlizece\/wp-content\/uploads\/sites\/17\/2024\/10\/ch-heslo3-320x134.png 320w, https:\/\/o-seznam.cz\/napoveda\/prohlizece\/wp-content\/uploads\/sites\/17\/2024\/10\/ch-heslo3-768x322.png 768w\" sizes=\"auto, (max-width: 1223px) 100vw, 1223px\" \/>\t<\/div>\n\n\t<div class=\"mediaText__content is-layout-flow\">\n\n<ol start=\"2\" class=\"wp-block-list is-style-circle\">\n<li>Na str\u00e1nce se spr\u00e1vou hesel v \u010d\u00e1sti <strong>Hesla <\/strong>m\u016f\u017eete vybrat heslo, kter\u00e9 si p\u0159ejete odstranit, otev\u0159\u00edt jej. Pokud syst\u00e9m Windows vy\u017eaduje p\u0159ihl\u00e1\u0161en\u00ed je pot\u0159eba se p\u0159ihl\u00e1sit stejn\u011b jako se p\u0159ihla\u0161ujete do PC.<\/li>\n<\/ol>\n\n<\/div>\t\n<\/div>\n\n\n<div class=\"mediaText is-position-left is-orientation-landscape\">\n\t\n\t<div class=\"mediaText__media\">\n\t\t<img loading=\"lazy\" decoding=\"async\" width=\"774\" height=\"429\" src=\"https:\/\/o-seznam.cz\/napoveda\/prohlizece\/wp-content\/uploads\/sites\/17\/2024\/10\/ch-heslo5-1.png\" class=\"\" alt=\"\" srcset=\"https:\/\/o-seznam.cz\/napoveda\/prohlizece\/wp-content\/uploads\/sites\/17\/2024\/10\/ch-heslo5-1.png 774w, https:\/\/o-seznam.cz\/napoveda\/prohlizece\/wp-content\/uploads\/sites\/17\/2024\/10\/ch-heslo5-1-320x177.png 320w, https:\/\/o-seznam.cz\/napoveda\/prohlizece\/wp-content\/uploads\/sites\/17\/2024\/10\/ch-heslo5-1-768x426.png 768w\" sizes=\"auto, (max-width: 774px) 100vw, 774px\" \/>\t<\/div>\n\n\t<div class=\"mediaText__content is-layout-flow\">\n\n<ol start=\"3\" class=\"wp-block-list is-style-circle\">\n<li>Po p\u0159ihl\u00e1\u0161en\u00ed se otev\u0159e okno, kde budou vypln\u011bn\u00e9 p\u0159ihla\u0161ovac\u00ed \u00fadaje. Po kliknut\u00ed na Smazat je odstran\u00edte.<\/li>\n<\/ol>\n\n<\/div>\t\n<\/div>\n<\/div>\n\n\n\n<div class=\"wp-block-group is-layout-constrained wp-block-group-is-layout-constrained\">\n<h2 class=\"wp-block-heading\">Smaz\u00e1n\u00ed v\u0161ech ulo\u017een\u00fdch hesel v Google Chrome<\/h2>\n\n\n\n<p>Jednodu\u0161e v prohl\u00ed\u017ee\u010di Google Chrome odstran\u00edte tak\u00e9 v\u0161echna ulo\u017een\u00e1 hesla pro webov\u00e9 str\u00e1nky najednou, a to pomoc\u00ed n\u00e1sleduj\u00edc\u00edho postupu:<\/p>\n\n\n<div class=\"mediaText is-position-left is-orientation-portrait\">\n\t\n\t<div class=\"mediaText__media\">\n\t\t<img loading=\"lazy\" decoding=\"async\" width=\"425\" height=\"713\" src=\"https:\/\/o-seznam.cz\/napoveda\/prohlizece\/wp-content\/uploads\/sites\/17\/2024\/10\/ch-vymazat1new.png\" class=\"\" alt=\"\" srcset=\"https:\/\/o-seznam.cz\/napoveda\/prohlizece\/wp-content\/uploads\/sites\/17\/2024\/10\/ch-vymazat1new.png 425w, https:\/\/o-seznam.cz\/napoveda\/prohlizece\/wp-content\/uploads\/sites\/17\/2024\/10\/ch-vymazat1new-191x320.png 191w\" sizes=\"auto, (max-width: 425px) 100vw, 425px\" \/>\t<\/div>\n\n\t<div class=\"mediaText__content is-layout-flow\">\n\n<ol class=\"wp-block-list is-style-circle\">\n<li>V prav\u00e9 horn\u00ed \u010d\u00e1sti prohl\u00ed\u017ee\u010de klikn\u011bte na ikonku <img loading=\"lazy\" decoding=\"async\" width=\"36\" height=\"27\" class=\"inline-image wp-image-194\" src=\"https:\/\/o-seznam.cz\/napoveda\/prohlizece\/wp-content\/uploads\/sites\/17\/2024\/10\/chrome-nastroje-logo.png\" alt=\"\">\u00a0a vyberte &#8222;<strong>Vymazat \u00fadaje o prohl\u00ed\u017een\u00ed&#8230;<\/strong>&#8222;.<\/li>\n<\/ol>\n\n<\/div>\t\n<\/div>\n\n\n<div class=\"mediaText is-position-right is-orientation-landscape\">\n\t\n\t<div class=\"mediaText__media\">\n\t\t<img loading=\"lazy\" decoding=\"async\" width=\"508\" height=\"471\" src=\"https:\/\/o-seznam.cz\/napoveda\/prohlizece\/wp-content\/uploads\/sites\/17\/2024\/10\/ch-vymazat2.png\" class=\"\" alt=\"\" srcset=\"https:\/\/o-seznam.cz\/napoveda\/prohlizece\/wp-content\/uploads\/sites\/17\/2024\/10\/ch-vymazat2.png 508w, https:\/\/o-seznam.cz\/napoveda\/prohlizece\/wp-content\/uploads\/sites\/17\/2024\/10\/ch-vymazat2-320x297.png 320w\" sizes=\"auto, (max-width: 508px) 100vw, 508px\" \/>\t<\/div>\n\n\t<div class=\"mediaText__content is-layout-flow\">\n\n<ol start=\"2\" class=\"wp-block-list is-style-circle\">\n<li>V \u010d\u00e1sti &#8222;<strong>Roz\u0161\u00ed\u0159en\u00e1 nastaven\u00ed<\/strong>&#8220; nastavte \u010dasov\u00e9 obdob\u00ed na &#8222;<strong>Od po\u010d\u00e1tku v\u011bk\u016f<\/strong>&#8222;.<\/li>\n\n\n\n<li>D\u00e1le zatrhn\u011bte volbu &#8222;<strong>Hesla<\/strong> a dal\u0161\u00ed p\u0159ihla\u0161ovac\u00ed \u00fadaje&#8220;.<\/li>\n\n\n\n<li>Pot\u00e9 klikn\u011bte na tla\u010d\u00edtko &#8222;<strong>Vymazat data<\/strong>&#8222;.<\/li>\n<\/ol>\n\n<\/div>\t\n<\/div>\n<\/div>\n\n\n\n<p><\/p>\n","protected":false},"excerpt":{"rendered":"<p>Konkr\u00e9tn\u00ed ulo\u017een\u00e9 heslo odstran\u00edte z Google Chrome n\u00e1sleduj\u00edc\u00edm zp\u016fsobem: Smaz\u00e1n\u00ed v\u0161ech ulo\u017een\u00fdch hesel v Google Chrome Jednodu\u0161e v prohl\u00ed\u017ee\u010di Google Chrome odstran\u00edte tak\u00e9 v\u0161echna ulo\u017een\u00e1 hesla pro webov\u00e9 str\u00e1nky najednou, a to pomoc\u00ed n\u00e1sleduj\u00edc\u00edho postupu:<\/p>\n","protected":false},"author":12,"featured_media":0,"parent":16,"menu_order":6,"comment_status":"closed","ping_status":"closed","template":"page-sidemenu","meta":{"_acf_changed":false,"_relevanssi_hide_post":"","_relevanssi_hide_content":"","_relevanssi_pin_for_all":"","_relevanssi_pin_keywords":"","_relevanssi_unpin_keywords":"","_relevanssi_related_keywords":"","_relevanssi_related_include_ids":"","_relevanssi_related_exclude_ids":"","_relevanssi_related_no_append":"","_relevanssi_related_not_related":"","_relevanssi_related_posts":"","_relevanssi_noindex_reason":"","footnotes":""},"page_category":[20],"page_tag":[],"service_status_category":[],"class_list":["post-71","page","type-page","status-publish","hentry"],"acf":[],"_links":{"self":[{"href":"https:\/\/o-seznam.cz\/napoveda\/prohlizece\/wp-json\/wp\/v2\/pages\/71","targetHints":{"allow":["GET"]}}],"collection":[{"href":"https:\/\/o-seznam.cz\/napoveda\/prohlizece\/wp-json\/wp\/v2\/pages"}],"about":[{"href":"https:\/\/o-seznam.cz\/napoveda\/prohlizece\/wp-json\/wp\/v2\/types\/page"}],"author":[{"embeddable":true,"href":"https:\/\/o-seznam.cz\/napoveda\/prohlizece\/wp-json\/wp\/v2\/users\/12"}],"replies":[{"embeddable":true,"href":"https:\/\/o-seznam.cz\/napoveda\/prohlizece\/wp-json\/wp\/v2\/comments?post=71"}],"version-history":[{"count":9,"href":"https:\/\/o-seznam.cz\/napoveda\/prohlizece\/wp-json\/wp\/v2\/pages\/71\/revisions"}],"predecessor-version":[{"id":1126,"href":"https:\/\/o-seznam.cz\/napoveda\/prohlizece\/wp-json\/wp\/v2\/pages\/71\/revisions\/1126"}],"up":[{"embeddable":true,"href":"https:\/\/o-seznam.cz\/napoveda\/prohlizece\/wp-json\/wp\/v2\/pages\/16"}],"wp:attachment":[{"href":"https:\/\/o-seznam.cz\/napoveda\/prohlizece\/wp-json\/wp\/v2\/media?parent=71"}],"wp:term":[{"taxonomy":"page_category","embeddable":true,"href":"https:\/\/o-seznam.cz\/napoveda\/prohlizece\/wp-json\/wp\/v2\/page_category?post=71"},{"taxonomy":"page_tag","embeddable":true,"href":"https:\/\/o-seznam.cz\/napoveda\/prohlizece\/wp-json\/wp\/v2\/page_tag?post=71"},{"taxonomy":"service_status_category","embeddable":true,"href":"https:\/\/o-seznam.cz\/napoveda\/prohlizece\/wp-json\/wp\/v2\/service_status_category?post=71"}],"curies":[{"name":"wp","href":"https:\/\/api.w.org\/{rel}","templated":true}]}}