{"id":616,"date":"2024-11-05T12:53:10","date_gmt":"2024-11-05T11:53:10","guid":{"rendered":"https:\/\/o-seznam.cz\/napoveda\/prohlizece\/?page_id=616"},"modified":"2025-02-05T13:28:27","modified_gmt":"2025-02-05T12:28:27","slug":"microsoft-edge","status":"publish","type":"page","link":"https:\/\/o-seznam.cz\/napoveda\/prohlizece\/doplnky\/microsoft-edge\/","title":{"rendered":"Microsoft Edge"},"content":{"rendered":"\n<h2 class=\"wp-block-heading\">Esko<\/h2>\n\n\n\n<p>Jedn\u00edm kliknut\u00edm na ikonku \u010derven\u00e9ho \u201eeSka\u201c v prav\u00e9m horn\u00edm rohu prohl\u00ed\u017ee\u010de se dostanete p\u0159\u00edmo na domovskou str\u00e1nku Seznam.cz. Tato funkce v\u00e1m u\u0161et\u0159\u00ed \u010das, proto\u017ee se rychle dostanete ke sv\u00fdm obl\u00edben\u00fdm slu\u017eb\u00e1m, jako jsou Seznam Email, Seznam Zpr\u00e1vy, Mapy.cz nebo Sreality.cz, bez zbyte\u010dn\u00e9ho hled\u00e1n\u00ed. Po instalaci dopl\u0148ku je v\u0161e nastaveno tak, abyste jej mohli okam\u017eit\u011b za\u010d\u00edt pou\u017e\u00edvat bez slo\u017eit\u00e9 konfigurace.\u00a0<\/p>\n\n\n\n<figure class=\"wp-block-image aligncenter size-full\"><img loading=\"lazy\" decoding=\"async\" width=\"600\" height=\"115\" src=\"https:\/\/o-seznam.cz\/napoveda\/prohlizece\/wp-content\/uploads\/sites\/17\/2024\/11\/edge-esko-ikona.png\" alt=\"\" class=\"wp-image-619\" srcset=\"https:\/\/o-seznam.cz\/napoveda\/prohlizece\/wp-content\/uploads\/sites\/17\/2024\/11\/edge-esko-ikona.png 600w, https:\/\/o-seznam.cz\/napoveda\/prohlizece\/wp-content\/uploads\/sites\/17\/2024\/11\/edge-esko-ikona-320x61.png 320w\" sizes=\"auto, (max-width: 600px) 100vw, 600px\" \/><\/figure>\n\n\n\n<p>D\u00edky dopl\u0148ku si m\u016f\u017eete jednodu\u0161e nastavit, aby se Seznam.cz otev\u0159el automaticky p\u0159i ka\u017ed\u00e9m otev\u0159en\u00ed nov\u00e9ho okna.&nbsp;&nbsp;<\/p>\n\n\n\n<ol start=\"1\" class=\"wp-block-list\">\n<li><strong>Klikn\u011bte<\/strong> prav\u00fdm tla\u010d\u00edtkem na ikonku \u201eeSka\u201c v prav\u00e9m horn\u00edm rohu prohl\u00ed\u017ee\u010de.<\/li>\n\n\n\n<li><strong>Zvolte<\/strong> mo\u017enost \u201eMo\u017enosti roz\u0161\u00ed\u0159en\u00ed\u201c.<\/li>\n\n\n\n<li><strong>P\u0159epn\u011bte<\/strong> posuvn\u00edk vedle volby \u201eNa nov\u00e9m panelu otev\u0159\u00edt Seznam.cz\u201d na \u010dervenou barvu.\u00a0<\/li>\n<\/ol>\n\n\n\n<figure class=\"wp-block-image aligncenter size-full\"><img loading=\"lazy\" decoding=\"async\" width=\"1000\" height=\"225\" src=\"https:\/\/o-seznam.cz\/napoveda\/prohlizece\/wp-content\/uploads\/sites\/17\/2024\/11\/firefox-esko-nastaveni.png\" alt=\"\" class=\"wp-image-635\" srcset=\"https:\/\/o-seznam.cz\/napoveda\/prohlizece\/wp-content\/uploads\/sites\/17\/2024\/11\/firefox-esko-nastaveni.png 1000w, https:\/\/o-seznam.cz\/napoveda\/prohlizece\/wp-content\/uploads\/sites\/17\/2024\/11\/firefox-esko-nastaveni-992x223.png 992w, https:\/\/o-seznam.cz\/napoveda\/prohlizece\/wp-content\/uploads\/sites\/17\/2024\/11\/firefox-esko-nastaveni-320x72.png 320w, https:\/\/o-seznam.cz\/napoveda\/prohlizece\/wp-content\/uploads\/sites\/17\/2024\/11\/firefox-esko-nastaveni-768x173.png 768w\" sizes=\"auto, (max-width: 1000px) 100vw, 1000px\" \/><\/figure>\n\n\n\n<p>Dal\u0161\u00ed kl\u00ed\u010dovou funkc\u00ed je automatick\u00e9 nastaven\u00ed vyhled\u00e1va\u010de od Seznamu jako v\u00fdchoz\u00edho. V\u0161echny va\u0161e dotazy z adresn\u00edho \u0159\u00e1dku tak budou ihned vyhled\u00e1v\u00e1ny na Seznam.cz.\u00a0<\/p>\n\n\n\n<figure class=\"wp-block-image aligncenter size-full\"><img loading=\"lazy\" decoding=\"async\" width=\"750\" height=\"200\" src=\"https:\/\/o-seznam.cz\/napoveda\/prohlizece\/wp-content\/uploads\/sites\/17\/2024\/11\/edge-nekonecny-seznam.png\" alt=\"\" class=\"wp-image-621\" srcset=\"https:\/\/o-seznam.cz\/napoveda\/prohlizece\/wp-content\/uploads\/sites\/17\/2024\/11\/edge-nekonecny-seznam.png 750w, https:\/\/o-seznam.cz\/napoveda\/prohlizece\/wp-content\/uploads\/sites\/17\/2024\/11\/edge-nekonecny-seznam-320x85.png 320w\" sizes=\"auto, (max-width: 750px) 100vw, 750px\" \/><\/figure>\n\n\n\n<p>Dopln\u011bk v\u00e1s tak\u00e9 chr\u00e1n\u00ed p\u0159ed podvodn\u00fdmi str\u00e1nkami. Analyzuje webov\u00e9 str\u00e1nky na z\u00e1klad\u011b zn\u00e1m\u00fdch bezpe\u010dnostn\u00edch datab\u00e1z\u00ed a podez\u0159el\u00fdch vzorc\u016f chov\u00e1n\u00ed. Pokud identifikuje potenci\u00e1ln\u011b nebezpe\u010dn\u00fd web, zobraz\u00ed varovn\u00e9 upozorn\u011bn\u00ed, kter\u00e9 v\u00e1s informuje o riziku a doporu\u010d\u00ed, abyste str\u00e1nku nenav\u0161t\u011bvovali. Pokud se dostanete na nebezpe\u010dn\u00fd web nebo e-shop, upozorn\u00ed v\u00e1s v\u010das, abyste byli v bezpe\u010d\u00ed.\u00a0<\/p>\n\n\n\n<div class=\"wp-block-buttons is-content-justification-center is-layout-flex wp-container-core-buttons-is-layout-a89b3969 wp-block-buttons-is-layout-flex\">\n<div class=\"wp-block-button\"><a class=\"wp-block-button__link wp-element-button\" href=\"https:\/\/microsoftedge.microsoft.com\/addons\/detail\/seznam-dopln%C4%9Bk-%E2%80%93-esko\/glaccjfecoolnmcmhbnibebaobeekooh\">Stahujte Edge eSko<\/a><\/div>\n<\/div>\n\n\n\n<h2 class=\"wp-block-heading\">Email<\/h2>\n\n\n\n<p>Jedn\u00edm kliknut\u00edm na ikonu \u201e oran\u017eov\u00e9 ob\u00e1lky\u201d v prav\u00e9m horn\u00edm rohu prohl\u00ed\u017ee\u010de se dostanete p\u0159\u00edmo do sv\u00e9 e-mailov\u00e9 schr\u00e1nky na Seznamu. Nemus\u00edte nic slo\u017eit\u011b nastavovat, v\u0161e je p\u0159ipraveno k pou\u017eit\u00ed ihned po instalaci dopl\u0148ku.&nbsp;<\/p>\n\n\n\n<p>D\u00edky dopl\u0148ku budete m\u00edt p\u0159ehled o nov\u00fdch e-mailech, ani\u017e byste museli neust\u00e1le kontrolovat svou schr\u00e1nku. Jakmile v\u00e1m p\u0159ijde nov\u00fd e-mail, dopln\u011bk v\u00e1s okam\u017eit\u011b upozorn\u00ed formou notifikace v prav\u00e9m doln\u00edm rohu obrazovky. Ikonka oran\u017eov\u00e9 ob\u00e1lky nav\u00edc zobrazuje po\u010det nep\u0159e\u010dten\u00fdch e-mail\u016f.&nbsp;<\/p>\n\n\n\n<figure class=\"wp-block-image aligncenter size-full\"><img loading=\"lazy\" decoding=\"async\" width=\"600\" height=\"115\" src=\"https:\/\/o-seznam.cz\/napoveda\/prohlizece\/wp-content\/uploads\/sites\/17\/2024\/11\/edge-email-ikona.png\" alt=\"\" class=\"wp-image-622\" srcset=\"https:\/\/o-seznam.cz\/napoveda\/prohlizece\/wp-content\/uploads\/sites\/17\/2024\/11\/edge-email-ikona.png 600w, https:\/\/o-seznam.cz\/napoveda\/prohlizece\/wp-content\/uploads\/sites\/17\/2024\/11\/edge-email-ikona-320x61.png 320w\" sizes=\"auto, (max-width: 600px) 100vw, 600px\" \/><\/figure>\n\n\n\n<p>Pou\u017e\u00edv\u00e1te v\u00edce \u00fa\u010dt\u016f? Po kliknut\u00ed na ikonu:&nbsp;<\/p>\n\n\n\n<ul class=\"wp-block-list\">\n<li>Zobraz\u00ed se nab\u00eddka v\u0161ech \u00fa\u010dt\u016f.<\/li>\n\n\n\n<li>Mezi \u00fa\u010dty m\u016f\u017eete snadno p\u0159ep\u00ednat.<\/li>\n\n\n\n<li>Sta\u010d\u00ed kliknout na po\u017eadovan\u00fd \u00fa\u010det a okam\u017eit\u011b se p\u0159ihl\u00e1s\u00edte.\u00a0<\/li>\n<\/ul>\n\n\n\n<figure class=\"wp-block-image aligncenter size-full\"><img loading=\"lazy\" decoding=\"async\" width=\"500\" height=\"450\" src=\"https:\/\/o-seznam.cz\/napoveda\/prohlizece\/wp-content\/uploads\/sites\/17\/2024\/11\/edge-email-nastaveni.png\" alt=\"\" class=\"wp-image-623\" srcset=\"https:\/\/o-seznam.cz\/napoveda\/prohlizece\/wp-content\/uploads\/sites\/17\/2024\/11\/edge-email-nastaveni.png 500w, https:\/\/o-seznam.cz\/napoveda\/prohlizece\/wp-content\/uploads\/sites\/17\/2024\/11\/edge-email-nastaveni-320x288.png 320w\" sizes=\"auto, (max-width: 500px) 100vw, 500px\" \/><\/figure>\n\n\n\n<p>TT\u00edmto zp\u016fsobem m\u00e1te rychl\u00fd p\u0159\u00edstup ke v\u0161em sv\u00fdm schr\u00e1nk\u00e1m na jednom m\u00edst\u011b. Dopln\u011bk si tak\u00e9 automaticky pamatuje va\u0161e p\u0159ihla\u0161ovac\u00ed \u00fadaje, co\u017e \u0161et\u0159\u00ed \u010das a usnad\u0148uje p\u0159\u00edstup ke schr\u00e1nk\u00e1m.&nbsp;<\/p>\n\n\n\n<p><em>P\u0159id\u00e1n\u00ed e-mailov\u00e9ho \u00fa\u010dtu je snadn\u00e9:<\/em>&nbsp;<\/p>\n\n\n\n<ol start=\"1\" class=\"wp-block-list\">\n<li><strong>Klikn\u011bte<\/strong> prav\u00fdm tla\u010d\u00edtkem na ikonku \u201eob\u00e1lky\u201c v prav\u00e9m horn\u00edm rohu prohl\u00ed\u017ee\u010de.<\/li>\n\n\n\n<li><strong>Zvolte<\/strong> mo\u017enost \u201eMo\u017enosti roz\u0161\u00ed\u0159en\u00ed \u201c.<\/li>\n\n\n\n<li><strong>Vyberte <\/strong>\u201eP\u0159idat \u00fa\u010det\u201c a zadejte p\u0159ihla\u0161ovac\u00ed \u00fadaje.<\/li>\n\n\n\n<li>Po p\u0159ihl\u00e1\u0161en\u00ed se \u00fa\u010det <strong>zobraz\u00ed <\/strong>v nastaven\u00ed.<\/li>\n<\/ol>\n\n\n\n<p>Chcete-li \u00fa\u010det odebrat, sta\u010d\u00ed kliknout na ikonu odpadkov\u00e9ho ko\u0161e vedle \u00fa\u010dtu. Odebr\u00e1n\u00ed \u00fa\u010dtu z dopl\u0148ku neznamen\u00e1 smaz\u00e1n\u00ed samotn\u00e9 schr\u00e1nky.&nbsp;<\/p>\n\n\n\n<h2 class=\"wp-block-heading\"><strong>Nastaven\u00ed notifikac\u00ed a zvukov\u00fdch upozorn\u011bn\u00ed<\/strong><\/h2>\n\n\n\n<ol class=\"wp-block-list\">\n<li><strong>Klikn\u011bte<\/strong> prav\u00fdm tla\u010d\u00edtkem na ikonku \u201eob\u00e1lky\u201c v prav\u00e9m horn\u00edm rohu prohl\u00ed\u017ee\u010de.\u00a0<\/li>\n\n\n\n<li><strong>Zvolte<\/strong> mo\u017enost \u201eMo\u017enosti roz\u0161\u00ed\u0159en\u00ed \u201c.\u00a0<\/li>\n\n\n\n<li><strong>Nastavte<\/strong> si zobrazen\u00ed notifikac\u00ed a zvukov\u00fdch upozorn\u011bn\u00ed podle sv\u00fdch preferenc\u00ed.\u00a0\u00a0<\/li>\n<\/ol>\n\n\n\n<figure class=\"wp-block-image aligncenter size-full\"><img loading=\"lazy\" decoding=\"async\" width=\"1000\" height=\"450\" src=\"https:\/\/o-seznam.cz\/napoveda\/prohlizece\/wp-content\/uploads\/sites\/17\/2024\/11\/chrome-email-nataveni.png\" alt=\"\" class=\"wp-image-634\" srcset=\"https:\/\/o-seznam.cz\/napoveda\/prohlizece\/wp-content\/uploads\/sites\/17\/2024\/11\/chrome-email-nataveni.png 1000w, https:\/\/o-seznam.cz\/napoveda\/prohlizece\/wp-content\/uploads\/sites\/17\/2024\/11\/chrome-email-nataveni-992x446.png 992w, https:\/\/o-seznam.cz\/napoveda\/prohlizece\/wp-content\/uploads\/sites\/17\/2024\/11\/chrome-email-nataveni-320x144.png 320w, https:\/\/o-seznam.cz\/napoveda\/prohlizece\/wp-content\/uploads\/sites\/17\/2024\/11\/chrome-email-nataveni-768x346.png 768w\" sizes=\"auto, (max-width: 1000px) 100vw, 1000px\" \/><\/figure>\n\n\n\n<p>T\u00edmto zp\u016fsobem si jednodu\u0161e p\u0159izp\u016fsob\u00edte, jak\u00fdm zp\u016fsobem budete informov\u00e1ni o nov\u00fdch e-mailech.\u00a0<\/p>\n\n\n\n<div class=\"wp-block-buttons is-content-justification-center is-layout-flex wp-container-core-buttons-is-layout-a89b3969 wp-block-buttons-is-layout-flex\">\n<div class=\"wp-block-button\"><a class=\"wp-block-button__link wp-element-button\" href=\"https:\/\/microsoftedge.microsoft.com\/addons\/detail\/seznam-dopln%C4%9Bk-%E2%80%93-email\/kmcdpiiklcmhiplfofoocmconcimmmmn\">Stahujte Edge Email<\/a><\/div>\n<\/div>\n\n\n\n<h2 class=\"wp-block-heading\">Vyhled\u00e1va\u010d<\/h2>\n\n\n\n<p>Jedn\u00edm kliknut\u00edm na adresn\u00ed \u0159\u00e1dek m\u016f\u017eete okam\u017eit\u011b vyhled\u00e1vat na Seznam.cz, co\u017e v\u00e1m u\u0161et\u0159\u00ed \u010das a usnadn\u00ed p\u0159\u00edstup k pot\u0159ebn\u00fdm informac\u00edm bez zbyte\u010dn\u00fdch krok\u016f. Nemus\u00edte nic slo\u017eit\u011b nastavovat, v\u0161e je p\u0159ipraveno k pou\u017eit\u00ed ihned po instalaci dopl\u0148ku.&nbsp;<\/p>\n\n\n\n<p>D\u00edky dopl\u0148ku je Seznam.cz nastaven jako v\u00fdchoz\u00ed vyhled\u00e1va\u010d. Sta\u010d\u00ed zadat dotaz do adresn\u00edho \u0159\u00e1dku a zobraz\u00ed se v\u00e1m relevantn\u00ed v\u00fdsledky. K dispozici jsou tak\u00e9 filtry, kter\u00e9 v\u00e1m umo\u017en\u00ed v\u00fdsledky up\u0159esnit podle kategori\u00ed, jako jsou obr\u00e1zky, videa, zpr\u00e1vy nebo mapy, co\u017e usnad\u0148uje nalezen\u00ed p\u0159esn\u011b toho, co hled\u00e1te. Z\u00edskejte rychl\u00fd p\u0159\u00edstup ke v\u0161em informac\u00edm, kter\u00e9 pot\u0159ebujete, bez zbyte\u010dn\u00e9ho klik\u00e1n\u00ed.&nbsp;<\/p>\n\n\n\n<div class=\"wp-block-buttons is-content-justification-center is-layout-flex wp-container-core-buttons-is-layout-a89b3969 wp-block-buttons-is-layout-flex\">\n<div class=\"wp-block-button\"><a class=\"wp-block-button__link wp-element-button\" href=\"https:\/\/microsoftedge.microsoft.com\/addons\/detail\/seznam-dopln%C4%9Bk-%E2%80%93-vyhled%C3%A1v\/cfhobknobjojifeioodhmlllocfacpaj\">Stahujte Edge Vyhled\u00e1va\u010d<\/a><\/div>\n<\/div>\n","protected":false},"excerpt":{"rendered":"<p>Esko Jedn\u00edm kliknut\u00edm na ikonku \u010derven\u00e9ho \u201eeSka\u201c v prav\u00e9m horn\u00edm rohu prohl\u00ed\u017ee\u010de se dostanete p\u0159\u00edmo na domovskou str\u00e1nku Seznam.cz. Tato funkce v\u00e1m u\u0161et\u0159\u00ed \u010das, proto\u017ee se rychle dostanete ke sv\u00fdm obl\u00edben\u00fdm slu\u017eb\u00e1m, jako jsou Seznam Email, Seznam Zpr\u00e1vy, Mapy.cz nebo Sreality.cz, bez zbyte\u010dn\u00e9ho hled\u00e1n\u00ed. Po instalaci dopl\u0148ku je v\u0161e nastaveno tak, abyste jej mohli okam\u017eit\u011b [&hellip;]<\/p>\n","protected":false},"author":22,"featured_media":0,"parent":604,"menu_order":2,"comment_status":"closed","ping_status":"closed","template":"page-sidemenu","meta":{"_acf_changed":false,"_relevanssi_hide_post":"","_relevanssi_hide_content":"","_relevanssi_pin_for_all":"","_relevanssi_pin_keywords":"","_relevanssi_unpin_keywords":"","_relevanssi_related_keywords":"","_relevanssi_related_include_ids":"","_relevanssi_related_exclude_ids":"","_relevanssi_related_no_append":"","_relevanssi_related_not_related":"","_relevanssi_related_posts":"","_relevanssi_noindex_reason":"","footnotes":""},"page_category":[19],"page_tag":[],"service_status_category":[],"class_list":["post-616","page","type-page","status-publish","hentry"],"acf":[],"_links":{"self":[{"href":"https:\/\/o-seznam.cz\/napoveda\/prohlizece\/wp-json\/wp\/v2\/pages\/616","targetHints":{"allow":["GET"]}}],"collection":[{"href":"https:\/\/o-seznam.cz\/napoveda\/prohlizece\/wp-json\/wp\/v2\/pages"}],"about":[{"href":"https:\/\/o-seznam.cz\/napoveda\/prohlizece\/wp-json\/wp\/v2\/types\/page"}],"author":[{"embeddable":true,"href":"https:\/\/o-seznam.cz\/napoveda\/prohlizece\/wp-json\/wp\/v2\/users\/22"}],"replies":[{"embeddable":true,"href":"https:\/\/o-seznam.cz\/napoveda\/prohlizece\/wp-json\/wp\/v2\/comments?post=616"}],"version-history":[{"count":12,"href":"https:\/\/o-seznam.cz\/napoveda\/prohlizece\/wp-json\/wp\/v2\/pages\/616\/revisions"}],"predecessor-version":[{"id":1166,"href":"https:\/\/o-seznam.cz\/napoveda\/prohlizece\/wp-json\/wp\/v2\/pages\/616\/revisions\/1166"}],"up":[{"embeddable":true,"href":"https:\/\/o-seznam.cz\/napoveda\/prohlizece\/wp-json\/wp\/v2\/pages\/604"}],"wp:attachment":[{"href":"https:\/\/o-seznam.cz\/napoveda\/prohlizece\/wp-json\/wp\/v2\/media?parent=616"}],"wp:term":[{"taxonomy":"page_category","embeddable":true,"href":"https:\/\/o-seznam.cz\/napoveda\/prohlizece\/wp-json\/wp\/v2\/page_category?post=616"},{"taxonomy":"page_tag","embeddable":true,"href":"https:\/\/o-seznam.cz\/napoveda\/prohlizece\/wp-json\/wp\/v2\/page_tag?post=616"},{"taxonomy":"service_status_category","embeddable":true,"href":"https:\/\/o-seznam.cz\/napoveda\/prohlizece\/wp-json\/wp\/v2\/service_status_category?post=616"}],"curies":[{"name":"wp","href":"https:\/\/api.w.org\/{rel}","templated":true}]}}