{"id":604,"date":"2024-11-05T12:42:30","date_gmt":"2024-11-05T11:42:30","guid":{"rendered":"https:\/\/o-seznam.cz\/napoveda\/prohlizece\/?page_id=604"},"modified":"2025-02-05T11:16:11","modified_gmt":"2025-02-05T10:16:11","slug":"doplnky","status":"publish","type":"page","link":"https:\/\/o-seznam.cz\/napoveda\/prohlizece\/doplnky\/","title":{"rendered":"Dopl\u0148ky do internetov\u00fdch prohl\u00ed\u017ee\u010d\u016f"},"content":{"rendered":"\n<p>Dopl\u0148ky od Seznamu v\u00e1m <strong>usnadn\u00ed ka\u017edodenn\u00ed pr\u00e1ci na internetu<\/strong>. Rychl\u00fd p\u0159\u00edstup na domovskou str\u00e1nku Seznam.cz, pohodln\u00e9 vyhled\u00e1v\u00e1n\u00ed p\u0159\u00edmo z adresn\u00edho \u0159\u00e1dku a automatick\u00e9 upozorn\u011bn\u00ed na nov\u00e9 e-maily v\u00e1m zajist\u00ed vy\u0161\u0161\u00ed efektivitu. Z\u00e1rove\u0148 v\u00e1s chr\u00e1n\u00ed p\u0159ed nebezpe\u010dn\u00fdmi str\u00e1nkami, tak\u017ee <strong>m\u016f\u017eete surfovat bez starost\u00ed<\/strong>.<\/p>\n\n\n\n<figure class=\"wp-block-image aligncenter size-full\"><img loading=\"lazy\" decoding=\"async\" width=\"425\" height=\"150\" src=\"https:\/\/o-seznam.cz\/napoveda\/prohlizece\/wp-content\/uploads\/sites\/17\/2024\/11\/uvod-ikony.png\" alt=\"\" class=\"wp-image-625\" srcset=\"https:\/\/o-seznam.cz\/napoveda\/prohlizece\/wp-content\/uploads\/sites\/17\/2024\/11\/uvod-ikony.png 425w, https:\/\/o-seznam.cz\/napoveda\/prohlizece\/wp-content\/uploads\/sites\/17\/2024\/11\/uvod-ikony-320x113.png 320w\" sizes=\"auto, (max-width: 425px) 100vw, 425px\" \/><\/figure>\n\n\n\n<h2 class=\"wp-block-heading\">Dostupnost<\/h2>\n\n\n\n<p><strong>Aktu\u00e1ln\u011b jsou dostupn\u00e9 tyto dopl\u0148ky:<\/strong><\/p>\n\n\n\n<ul class=\"wp-block-list\">\n<li><a href=\"https:\/\/o-seznam.cz\/napoveda\/prohlizece\/doplnky\/google-chrome\/\" data-type=\"page\" data-id=\"613\">Seznam dopln\u011bk pro Chrome<\/a> (pro verze prohl\u00ed\u017ee\u010de Google Chrome 42 a vy\u0161\u0161\u00ed)<\/li>\n\n\n\n<li><a href=\"https:\/\/o-seznam.cz\/napoveda\/prohlizece\/doplnky\/mozilla-firefox\/\" data-type=\"page\" data-id=\"607\">Seznam dopln\u011bk pro Firefox<\/a> (pro verze prohl\u00ed\u017ee\u010de Mozilla Firefox 55 a vy\u0161\u0161\u00ed)<\/li>\n\n\n\n<li><a href=\"https:\/\/o-seznam.cz\/napoveda\/prohlizece\/doplnky\/microsoft-edge\/\" data-type=\"page\" data-id=\"616\">Seznam dopln\u011bk pro Edge<\/a> (pro verze prohl\u00ed\u017ee\u010de Microsoft Edge verze 79 a vy\u0161\u0161\u00ed)<\/li>\n<\/ul>\n\n\n\n<p><strong>Minim\u00e1ln\u00ed po\u017eadavky na instalaci dopl\u0148k\u016f Seznam&nbsp;<\/strong><\/p>\n\n\n\n<ul class=\"wp-block-list\">\n<li>Windows 7, Windows 8 a vy\u0161\u0161\u00ed nebo Windows 10<\/li>\n\n\n\n<li>Mac OS X 10.9 nebo nov\u011bj\u0161\u00ed<\/li>\n<\/ul>\n","protected":false},"excerpt":{"rendered":"<p>Dopl\u0148ky od Seznamu v\u00e1m usnadn\u00ed ka\u017edodenn\u00ed pr\u00e1ci na internetu. Rychl\u00fd p\u0159\u00edstup na domovskou str\u00e1nku Seznam.cz, pohodln\u00e9 vyhled\u00e1v\u00e1n\u00ed p\u0159\u00edmo z adresn\u00edho \u0159\u00e1dku a automatick\u00e9 upozorn\u011bn\u00ed na nov\u00e9 e-maily v\u00e1m zajist\u00ed vy\u0161\u0161\u00ed efektivitu. Z\u00e1rove\u0148 v\u00e1s chr\u00e1n\u00ed p\u0159ed nebezpe\u010dn\u00fdmi str\u00e1nkami, tak\u017ee m\u016f\u017eete surfovat bez starost\u00ed. Dostupnost Aktu\u00e1ln\u011b jsou dostupn\u00e9 tyto dopl\u0148ky: Minim\u00e1ln\u00ed po\u017eadavky na instalaci dopl\u0148k\u016f Seznam&nbsp;<\/p>\n","protected":false},"author":22,"featured_media":0,"parent":0,"menu_order":0,"comment_status":"closed","ping_status":"closed","template":"page-sidemenu","meta":{"_acf_changed":false,"_relevanssi_hide_post":"","_relevanssi_hide_content":"","_relevanssi_pin_for_all":"","_relevanssi_pin_keywords":"","_relevanssi_unpin_keywords":"","_relevanssi_related_keywords":"","_relevanssi_related_include_ids":"","_relevanssi_related_exclude_ids":"","_relevanssi_related_no_append":"","_relevanssi_related_not_related":"","_relevanssi_related_posts":"","_relevanssi_noindex_reason":"","footnotes":""},"page_category":[19],"page_tag":[],"service_status_category":[],"class_list":["post-604","page","type-page","status-publish","hentry"],"acf":[],"_links":{"self":[{"href":"https:\/\/o-seznam.cz\/napoveda\/prohlizece\/wp-json\/wp\/v2\/pages\/604","targetHints":{"allow":["GET"]}}],"collection":[{"href":"https:\/\/o-seznam.cz\/napoveda\/prohlizece\/wp-json\/wp\/v2\/pages"}],"about":[{"href":"https:\/\/o-seznam.cz\/napoveda\/prohlizece\/wp-json\/wp\/v2\/types\/page"}],"author":[{"embeddable":true,"href":"https:\/\/o-seznam.cz\/napoveda\/prohlizece\/wp-json\/wp\/v2\/users\/22"}],"replies":[{"embeddable":true,"href":"https:\/\/o-seznam.cz\/napoveda\/prohlizece\/wp-json\/wp\/v2\/comments?post=604"}],"version-history":[{"count":10,"href":"https:\/\/o-seznam.cz\/napoveda\/prohlizece\/wp-json\/wp\/v2\/pages\/604\/revisions"}],"predecessor-version":[{"id":1152,"href":"https:\/\/o-seznam.cz\/napoveda\/prohlizece\/wp-json\/wp\/v2\/pages\/604\/revisions\/1152"}],"wp:attachment":[{"href":"https:\/\/o-seznam.cz\/napoveda\/prohlizece\/wp-json\/wp\/v2\/media?parent=604"}],"wp:term":[{"taxonomy":"page_category","embeddable":true,"href":"https:\/\/o-seznam.cz\/napoveda\/prohlizece\/wp-json\/wp\/v2\/page_category?post=604"},{"taxonomy":"page_tag","embeddable":true,"href":"https:\/\/o-seznam.cz\/napoveda\/prohlizece\/wp-json\/wp\/v2\/page_tag?post=604"},{"taxonomy":"service_status_category","embeddable":true,"href":"https:\/\/o-seznam.cz\/napoveda\/prohlizece\/wp-json\/wp\/v2\/service_status_category?post=604"}],"curies":[{"name":"wp","href":"https:\/\/api.w.org\/{rel}","templated":true}]}}